{"id":9920,"date":"2024-05-30T12:26:00","date_gmt":"2024-05-30T12:26:00","guid":{"rendered":"https:\/\/green-giraffe-671934.hostingersite.com\/?post_type=product&#038;p=9920"},"modified":"2024-12-05T08:46:00","modified_gmt":"2024-12-05T08:46:00","slug":"duct-hardwares-profile-cfa-customized-dimension","status":"publish","type":"product","link":"https:\/\/chinafore.com\/es\/producto\/duct-hardwares-profile-cfa-dimension-personalizada\/","title":{"rendered":"Duct Hardwares Perfil-Cfa Dimensi\u00f3n personalizada"},"content":{"rendered":"<div class=\"container-text\">\n<div style=\"text-align: center;\">\t<strong><span style=\"font-size:36px;\">Perfil-CFA<\/span><\/strong><\/p>\n<p>\t<img decoding=\"async\" alt=\"\" src=\"\/wp-content\/uploads\/2024\/05\/2-20031ZU50X37.jpg\" \/><\/p>\n<table id=\"biaoge\" align=\"center\" border=\"1\" cellpadding=\"1\" cellspacing=\"1\">\n<tbody>\n<tr>\n<td style=\"text-align: left;\">\t\t\t\t\t<strong><span style=\"font-size:14px;\">Datos t\u00e9cnicos:<\/span><\/strong><\/td>\n<\/tr>\n<tr>\n<td style=\"text-align: left;\">\t\t\t\t\tRevestimiento superficial: zincado<\/td>\n<\/tr>\n<\/tbody>\n<\/table>\n<p>\t<\/p>\n<table id=\"biaoge\" align=\"center\" border=\"1\" cellpadding=\"1\" cellspacing=\"1\">\n<tbody>\n<tr>\n<td>\t\t\t\t\t<strong><span style=\"font-size:14px;\">Nombre<\/span><\/strong><\/td>\n<td>\t\t\t\t\t<strong><span style=\"font-size:14px;\">Longitud (mm)<\/span><\/strong><\/td>\n<td>\t\t\t\t\t<strong><span style=\"font-size:14px;\">Tipo<\/span><\/strong><\/td>\n<td>\t\t\t\t\t<strong><span style=\"font-size:14px;\">Espesor (mm)<\/span><\/strong><\/td>\n<\/tr>\n<tr>\n<td>\t\t\t\t\tCFA 41\/21 2000 mm 1,5<\/td>\n<td>\t\t\t\t\t2000<\/td>\n<td>\t\t\t\t\t41\/21<\/td>\n<td>\t\t\t\t\t1.5<\/td>\n<\/tr>\n<tr>\n<td>\t\t\t\t\tCFA 41\/21 3000 mm 1,5<\/td>\n<td>\t\t\t\t\t3000<\/td>\n<td>\t\t\t\t\t41\/21<\/td>\n<td>\t\t\t\t\t1.5<\/td>\n<\/tr>\n<tr>\n<td>\t\t\t\t\tCFA 41\/21 6000 mm 1,5<\/td>\n<td>\t\t\t\t\t6000<\/td>\n<td>\t\t\t\t\t41\/21<\/td>\n<td>\t\t\t\t\t1.5<\/td>\n<\/tr>\n<tr>\n<td>\t\t\t\t\tCFA 41\/21 2000 mm 2,5<\/td>\n<td>\t\t\t\t\t2000<\/td>\n<td>\t\t\t\t\t41\/21<\/td>\n<td>\t\t\t\t\t2.5<\/td>\n<\/tr>\n<tr>\n<td>\t\t\t\t\tCFA 41\/21 3000 mm 2,5<\/td>\n<td>\t\t\t\t\t3000<\/td>\n<td>\t\t\t\t\t41\/21<\/td>\n<td>\t\t\t\t\t2.5<\/td>\n<\/tr>\n<tr>\n<td>\t\t\t\t\tCFA 41\/21 6000 mm 2,5<\/td>\n<td>\t\t\t\t\t6000<\/td>\n<td>\t\t\t\t\t41\/21<\/td>\n<td>\t\t\t\t\t2.5<\/td>\n<\/tr>\n<tr>\n<td>\t\t\t\t\tCFA 41\/41 2000 mm 2<\/td>\n<td>\t\t\t\t\t2000<\/td>\n<td>\t\t\t\t\t41\/41<\/td>\n<td>\t\t\t\t\t2<\/td>\n<\/tr>\n<tr>\n<td>\t\t\t\t\tCFA 41\/41 3000 mm 2<\/td>\n<td>\t\t\t\t\t3000<\/td>\n<td>\t\t\t\t\t41\/41<\/td>\n<td>\t\t\t\t\t2<\/td>\n<\/tr>\n<tr>\n<td>\t\t\t\t\tCFA 41\/41 6000 mm 2<\/td>\n<td>\t\t\t\t\t6000<\/td>\n<td>\t\t\t\t\t41\/41<\/td>\n<td>\t\t\t\t\t2<\/td>\n<\/tr>\n<tr>\n<td>\t\t\t\t\tCFA 41\/41 2000 mm 2,5<\/td>\n<td>\t\t\t\t\t2000<\/td>\n<td>\t\t\t\t\t41\/41<\/td>\n<td>\t\t\t\t\t2.5<\/td>\n<\/tr>\n<tr>\n<td>\t\t\t\t\tCFA 41\/41 3000 mm 2,5<\/td>\n<td>\t\t\t\t\t3000<\/td>\n<td>\t\t\t\t\t41\/41<\/td>\n<td>\t\t\t\t\t2.5<\/td>\n<\/tr>\n<tr>\n<td>\t\t\t\t\tCFA 41\/41 6000 mm 2,5<\/td>\n<td>\t\t\t\t\t6000<\/td>\n<td>\t\t\t\t\t41\/41<\/td>\n<td>\t\t\t\t\t2.5<\/td>\n<\/tr>\n<tr>\n<td>\t\t\t\t\tCFA 41\/62 2000 mm 2,5<\/td>\n<td>\t\t\t\t\t2000<\/td>\n<td>\t\t\t\t\t41\/62<\/td>\n<td>\t\t\t\t\t2.5<\/td>\n<\/tr>\n<tr>\n<td>\t\t\t\t\tCFA 41\/62 3000 mm 2,5<\/td>\n<td>\t\t\t\t\t3000<\/td>\n<td>\t\t\t\t\t41\/62<\/td>\n<td>\t\t\t\t\t2.5<\/td>\n<\/tr>\n<tr>\n<td>\t\t\t\t\tCFA 41\/62 6000 mm 2,5<\/td>\n<td>\t\t\t\t\t6000<\/td>\n<td>\t\t\t\t\t41\/62<\/td>\n<td>\t\t\t\t\t2.5<\/td>\n<\/tr>\n<tr>\n<td>\t\t\t\t\tCFA 41\/82 6000mm 2,0, (2*41\/41) (atornillado)<\/td>\n<td>\t\t\t\t\t6000<\/td>\n<td>\t\t\t\t\t2*41\/41<\/td>\n<td>\t\t\t\t\t2.5<\/td>\n<\/tr>\n<tr>\n<td>\t\t\t\t\tCFA 41\/82 6000mm 2,5, (2*41\/41) (atornillado)<\/td>\n<td>\t\t\t\t\t6000<\/td>\n<td>\t\t\t\t\t2*41\/41<\/td>\n<td>\t\t\t\t\t2<\/td>\n<\/tr>\n<tr>\n<td>\t\t\t\t\tCFA ST 41\/82 2000mm 2,5<\/td>\n<td>\t\t\t\t\t2000<\/td>\n<td>\t\t\t\t\t41\/82<\/td>\n<td>\t\t\t\t\t2.5<\/td>\n<\/tr>\n<tr>\n<td>\t\t\t\t\tCFA ST 41\/82 3000mm 2,5<\/td>\n<td>\t\t\t\t\t3000<\/td>\n<td>\t\t\t\t\t41\/82<\/td>\n<td>\t\t\t\t\t2.5<\/td>\n<\/tr>\n<tr>\n<td>\t\t\t\t\tCFA ST 41\/82 6000mm 2,5<\/td>\n<td>\t\t\t\t\t6000<\/td>\n<td>\t\t\t\t\t41\/82<\/td>\n<td>\t\t\t\t\t2.5<\/td>\n<\/tr>\n<\/tbody>\n<\/table>\n<p>\t<\/p>\n<table id=\"biaoge\" align=\"center\" border=\"0\" cellpadding=\"1\" cellspacing=\"1\">\n<tbody>\n<tr>\n<td>\n<div style=\"text-align: left;\">\t\t\t\t\t\t<span style=\"font-size:14px;\">Los ra\u00edles de fijaci\u00f3n se utilizan para la instalaci\u00f3n de tuber\u00edas, conductos de ventilaci\u00f3n y&nbsp;<\/span><span style=\"font-size: 14px;\">cableado. Los ra\u00edles de fijaci\u00f3n est\u00e1n dise\u00f1ados para su instalaci\u00f3n en interiores.<\/span><\/div>\n<div style=\"text-align: left;\">\t\t\t\t\t\t<span style=\"font-size:14px;\">Para la instalaci\u00f3n en exteriores, es necesario elegir un acabado superficial&nbsp;<\/span><span style=\"font-size: 14px;\">de galvanizado en caliente o acero inoxidable.Debido a la diferente geometr\u00eda&nbsp;<\/span><span style=\"font-size: 14px;\">de los orificios, la viga puede fijarse de muchas maneras a la pared,<\/span><span style=\"font-size: 14px;\">Disponemos de una amplia gama de accesorios para la fijaci\u00f3n&nbsp;<\/span><span style=\"font-size: 14px;\">rieles de fijaci\u00f3n.<\/span><\/div>\n<div style=\"text-align: left;\">\t\t\t\t\t\t<span style=\"font-size:14px;\">El riel de fijaci\u00f3n se diferencia por la incurvaci\u00f3n del perfil y los bordes dentados que&nbsp;<\/span><span style=\"font-size: 14px;\">permitir una mayor carga del carril.<\/span><\/div>\n<\/td>\n<\/tr>\n<\/tbody>\n<\/table>\n<p>\t<img decoding=\"async\" alt=\"\" src=\"\/wp-content\/uploads\/2024\/05\/2-20031Z9321U04.jpg\" style=\"width: 570px; height: 300px;\" \/><\/p>\n<\/div>","protected":false},"excerpt":{"rendered":"<p>Duct Hardwares Perfil-Cfa Dimensi\u00f3n personalizada<\/p>","protected":false},"featured_media":9922,"comment_status":"closed","ping_status":"closed","template":"","meta":[],"etheme_brands":[],"product_brand":[],"product_cat":[54],"product_tag":[],"class_list":{"0":"post-9920","1":"product","2":"type-product","3":"status-publish","4":"has-post-thumbnail","6":"product_cat-duct-hardware","8":"first","9":"instock","10":"shipping-taxable","11":"product-type-simple"},"_links":{"self":[{"href":"https:\/\/chinafore.com\/es\/wp-json\/wp\/v2\/product\/9920","targetHints":{"allow":["GET"]}}],"collection":[{"href":"https:\/\/chinafore.com\/es\/wp-json\/wp\/v2\/product"}],"about":[{"href":"https:\/\/chinafore.com\/es\/wp-json\/wp\/v2\/types\/product"}],"replies":[{"embeddable":true,"href":"https:\/\/chinafore.com\/es\/wp-json\/wp\/v2\/comments?post=9920"}],"version-history":[{"count":1,"href":"https:\/\/chinafore.com\/es\/wp-json\/wp\/v2\/product\/9920\/revisions"}],"predecessor-version":[{"id":11274,"href":"https:\/\/chinafore.com\/es\/wp-json\/wp\/v2\/product\/9920\/revisions\/11274"}],"wp:featuredmedia":[{"embeddable":true,"href":"https:\/\/chinafore.com\/es\/wp-json\/wp\/v2\/media\/9922"}],"wp:attachment":[{"href":"https:\/\/chinafore.com\/es\/wp-json\/wp\/v2\/media?parent=9920"}],"wp:term":[{"taxonomy":"brand","embeddable":true,"href":"https:\/\/chinafore.com\/es\/wp-json\/wp\/v2\/etheme_brands?post=9920"},{"taxonomy":"product_brand","embeddable":true,"href":"https:\/\/chinafore.com\/es\/wp-json\/wp\/v2\/product_brand?post=9920"},{"taxonomy":"product_cat","embeddable":true,"href":"https:\/\/chinafore.com\/es\/wp-json\/wp\/v2\/product_cat?post=9920"},{"taxonomy":"product_tag","embeddable":true,"href":"https:\/\/chinafore.com\/es\/wp-json\/wp\/v2\/product_tag?post=9920"}],"curies":[{"name":"wp","href":"https:\/\/api.w.org\/{rel}","templated":true}]}}