{"id":9912,"date":"2024-05-30T12:26:00","date_gmt":"2024-05-30T12:26:00","guid":{"rendered":"https:\/\/green-giraffe-671934.hostingersite.com\/?post_type=product&#038;p=9912"},"modified":"2024-12-05T08:45:59","modified_gmt":"2024-12-05T08:45:59","slug":"profile-cfd","status":"publish","type":"product","link":"https:\/\/chinafore.com\/es\/producto\/perfil-cfd\/","title":{"rendered":"Perfil-CFD"},"content":{"rendered":"<div class=\"container-text\">\n<div style=\"text-align: center;\">\t<strong><span style=\"font-size:36px;\">Perfil-CFD<\/span><\/strong><\/p>\n<p>\t<img decoding=\"async\" alt=\"\" src=\"\/wp-content\/uploads\/2024\/05\/2-200319132U2943.jpg\" \/><\/p>\n<table id=\"biaoge\" align=\"center\" border=\"1\" cellpadding=\"1\" cellspacing=\"1\">\n<tbody>\n<tr>\n<td style=\"text-align: left;\">\t\t\t\t\t<strong><span style=\"font-size:14px;\">Datos t\u00e9cnicos:<\/span><\/strong><\/td>\n<\/tr>\n<tr>\n<td style=\"text-align: left;\">\t\t\t\t\tMaterial: acero clase 5.6<\/td>\n<\/tr>\n<tr>\n<td style=\"text-align: left;\">\t\t\t\t\tRevestimiento superficial: zincado<\/td>\n<\/tr>\n<\/tbody>\n<\/table>\n<p>\t<\/p>\n<table id=\"biaoge\" align=\"center\" border=\"1\" cellpadding=\"1\" cellspacing=\"1\">\n<tbody>\n<tr>\n<td>\t\t\t\t\t<strong><span style=\"font-size:14px;\">Nombre<\/span><\/strong><\/td>\n<td>\t\t\t\t\t<strong><span style=\"font-size:14px;\">Adecuado para el perfil<\/span><\/strong><\/td>\n<\/tr>\n<tr>\n<td>\t\t\t\t\tCFD 100\/100<\/td>\n<td>\t\t\t\t\t38\/40, 40\/60, ST41\/21, 41, 62, 82, 124<\/td>\n<\/tr>\n<tr>\n<td>\t\t\t\t\tCFD 200\/200<\/td>\n<td>\t\t\t\t\t38\/40, 40\/60, ST41\/21, 41, 62, 82, 124<\/td>\n<\/tr>\n<tr>\n<td>\t\t\t\t\tCFD 200\/200, ajustable<\/td>\n<td>\t\t\t\t\t38\/40, 40\/60, ST41\/21, 41, 62, 82, 124<\/td>\n<\/tr>\n<\/tbody>\n<\/table>\n<p>\t<\/p>\n<table id=\"biaoge\" align=\"center\" border=\"0\" cellpadding=\"1\" cellspacing=\"1\">\n<tbody>\n<tr>\n<td>\n<div style=\"text-align: left;\">\t\t\t\t\t\t<span style=\"font-size:14px;\">El soporte angular se puede utilizar de forma miscel\u00e1nea para el anclaje a techos&nbsp;<\/span><span style=\"font-size: 14px;\">y paredes.<\/span><\/div>\n<div style=\"text-align: left;\">\t\t\t\t\t\t<span style=\"font-size:14px;\">En combinaci\u00f3n con rieles de fijaci\u00f3n puede funcionar, por ejemplo, como \u00e1ngulo para la fijaci\u00f3n de tuber\u00edas,<\/span><span style=\"font-size: 14px;\">\u00c1ngulo de soporte para fijar carriles o conectar componentes. \u00c1ngulos de soporte&nbsp;<\/span><span style=\"font-size: 14px;\">tambi\u00e9n pueden atornillarse entre s\u00ed, lo que proporciona valores considerablemente m\u00e1s altos&nbsp;<\/span><span style=\"font-size: 14px;\">con carga y flexi\u00f3n.<\/span><\/div>\n<\/td>\n<\/tr>\n<\/tbody>\n<\/table>\n<p>\t<img decoding=\"async\" alt=\"\" src=\"\/wp-content\/uploads\/2024\/05\/2-200319134022428.jpg\" style=\"width: 570px; height: 300px;\" \/><\/p>\n<\/div>","protected":false},"excerpt":{"rendered":"<p>Perfil-CFD<\/p>","protected":false},"featured_media":9914,"comment_status":"closed","ping_status":"closed","template":"","meta":[],"etheme_brands":[],"product_brand":[],"product_cat":[54],"product_tag":[],"class_list":{"0":"post-9912","1":"product","2":"type-product","3":"status-publish","4":"has-post-thumbnail","6":"product_cat-duct-hardware","8":"first","9":"instock","10":"shipping-taxable","11":"product-type-simple"},"_links":{"self":[{"href":"https:\/\/chinafore.com\/es\/wp-json\/wp\/v2\/product\/9912","targetHints":{"allow":["GET"]}}],"collection":[{"href":"https:\/\/chinafore.com\/es\/wp-json\/wp\/v2\/product"}],"about":[{"href":"https:\/\/chinafore.com\/es\/wp-json\/wp\/v2\/types\/product"}],"replies":[{"embeddable":true,"href":"https:\/\/chinafore.com\/es\/wp-json\/wp\/v2\/comments?post=9912"}],"version-history":[{"count":1,"href":"https:\/\/chinafore.com\/es\/wp-json\/wp\/v2\/product\/9912\/revisions"}],"predecessor-version":[{"id":11266,"href":"https:\/\/chinafore.com\/es\/wp-json\/wp\/v2\/product\/9912\/revisions\/11266"}],"wp:featuredmedia":[{"embeddable":true,"href":"https:\/\/chinafore.com\/es\/wp-json\/wp\/v2\/media\/9914"}],"wp:attachment":[{"href":"https:\/\/chinafore.com\/es\/wp-json\/wp\/v2\/media?parent=9912"}],"wp:term":[{"taxonomy":"brand","embeddable":true,"href":"https:\/\/chinafore.com\/es\/wp-json\/wp\/v2\/etheme_brands?post=9912"},{"taxonomy":"product_brand","embeddable":true,"href":"https:\/\/chinafore.com\/es\/wp-json\/wp\/v2\/product_brand?post=9912"},{"taxonomy":"product_cat","embeddable":true,"href":"https:\/\/chinafore.com\/es\/wp-json\/wp\/v2\/product_cat?post=9912"},{"taxonomy":"product_tag","embeddable":true,"href":"https:\/\/chinafore.com\/es\/wp-json\/wp\/v2\/product_tag?post=9912"}],"curies":[{"name":"wp","href":"https:\/\/api.w.org\/{rel}","templated":true}]}}