{"id":9908,"date":"2024-05-30T12:26:00","date_gmt":"2024-05-30T12:26:00","guid":{"rendered":"https:\/\/green-giraffe-671934.hostingersite.com\/?post_type=product&#038;p=9908"},"modified":"2024-12-05T08:45:59","modified_gmt":"2024-12-05T08:45:59","slug":"duct-hardware-profile-cff","status":"publish","type":"product","link":"https:\/\/chinafore.com\/es\/producto\/perfil-de-herrajes-para-conductos-cff\/","title":{"rendered":"Perfil de herraje para conductos-Cff"},"content":{"rendered":"<div class=\"container-text\">\n<div style=\"text-align: center;\">\t<strong><span style=\"font-size:36px;\">Perfil-CFF<\/span><\/strong><\/p>\n<p>\t<img decoding=\"async\" alt=\"\" src=\"\/wp-content\/uploads\/2024\/05\/2-200319154524Q0.jpg\" \/>\t<\/p>\n<div style=\"text-align: left;\">\t\t&nbsp;<\/div>\n<table id=\"biaoge\" align=\"center\" border=\"1\" cellpadding=\"1\" cellspacing=\"1\">\n<tbody>\n<tr>\n<td style=\"text-align: left;\">\t\t\t\t\t<strong><span style=\"font-size:14px;\">Datos t\u00e9cnicos:<\/span><\/strong><\/td>\n<\/tr>\n<tr>\n<td style=\"text-align: left;\">\t\t\t\t\tMaterial: acero clase 5.6<\/td>\n<\/tr>\n<tr>\n<td style=\"text-align: left;\">\t\t\t\t\tRevestimiento superficial: zincado<\/td>\n<\/tr>\n<\/tbody>\n<\/table>\n<p>\t<\/p>\n<table id=\"biaoge\" align=\"center\" border=\"1\" cellpadding=\"1\" cellspacing=\"1\">\n<tbody>\n<tr>\n<td>\t\t\t\t\t<strong><span style=\"font-size:14px;\">Nombre<\/span><\/strong><\/td>\n<td>\t\t\t\t\t<strong><span style=\"font-size:14px;\">Gama deslizante<\/span><\/strong><\/td>\n<td>\t\t\t\t\t<strong><span style=\"font-size:14px;\">Hilo<\/span><\/strong><\/td>\n<td>\t\t\t\t\t<strong><span style=\"font-size:14px;\">Carga m\u00e1xima<\/span><\/strong><\/td>\n<\/tr>\n<tr>\n<td>\t\t\t\t\tCFF M8<\/td>\n<td>\t\t\t\t\t60<\/td>\n<td>\t\t\t\t\tM8<\/td>\n<td>\t\t\t\t\t1500<\/td>\n<\/tr>\n<tr>\n<td>\t\t\t\t\tCFF M10<\/td>\n<td>\t\t\t\t\t55<\/td>\n<td>\t\t\t\t\tM10<\/td>\n<td>\t\t\t\t\t1500<\/td>\n<\/tr>\n<\/tbody>\n<\/table>\n<div style=\"text-align: left;\">\t\t&nbsp;<\/div>\n<table id=\"biaoge\" align=\"center\" border=\"0\" cellpadding=\"1\" cellspacing=\"1\">\n<tbody>\n<tr>\n<td>\n<div style=\"text-align: left;\">\t\t\t\t\t\t<span style=\"font-size:14px;\">El trineo deslizante es adecuado para la fijaci\u00f3n de tubos suspendidos, tendidos y verticales en la pared o en un carril de fijaci\u00f3n. Este componente evita la acci\u00f3n de fuerzas sobre las abrazaderas de las tuber\u00edas y los puntos fijos.<\/span><\/div>\n<\/td>\n<\/tr>\n<\/tbody>\n<\/table>\n<p>\t<img decoding=\"async\" alt=\"\" src=\"\/wp-content\/uploads\/2024\/05\/2-20031916010RS.jpg\" style=\"width: 570px; height: 300px;\" \/><\/div>\n<p><\/div>","protected":false},"excerpt":{"rendered":"<p>Perfil de herraje para conductos-Cff<\/p>","protected":false},"featured_media":9910,"comment_status":"closed","ping_status":"closed","template":"","meta":[],"etheme_brands":[],"product_brand":[],"product_cat":[54],"product_tag":[],"class_list":{"0":"post-9908","1":"product","2":"type-product","3":"status-publish","4":"has-post-thumbnail","6":"product_cat-duct-hardware","8":"first","9":"instock","10":"shipping-taxable","11":"product-type-simple"},"_links":{"self":[{"href":"https:\/\/chinafore.com\/es\/wp-json\/wp\/v2\/product\/9908","targetHints":{"allow":["GET"]}}],"collection":[{"href":"https:\/\/chinafore.com\/es\/wp-json\/wp\/v2\/product"}],"about":[{"href":"https:\/\/chinafore.com\/es\/wp-json\/wp\/v2\/types\/product"}],"replies":[{"embeddable":true,"href":"https:\/\/chinafore.com\/es\/wp-json\/wp\/v2\/comments?post=9908"}],"version-history":[{"count":1,"href":"https:\/\/chinafore.com\/es\/wp-json\/wp\/v2\/product\/9908\/revisions"}],"predecessor-version":[{"id":11262,"href":"https:\/\/chinafore.com\/es\/wp-json\/wp\/v2\/product\/9908\/revisions\/11262"}],"wp:featuredmedia":[{"embeddable":true,"href":"https:\/\/chinafore.com\/es\/wp-json\/wp\/v2\/media\/9910"}],"wp:attachment":[{"href":"https:\/\/chinafore.com\/es\/wp-json\/wp\/v2\/media?parent=9908"}],"wp:term":[{"taxonomy":"brand","embeddable":true,"href":"https:\/\/chinafore.com\/es\/wp-json\/wp\/v2\/etheme_brands?post=9908"},{"taxonomy":"product_brand","embeddable":true,"href":"https:\/\/chinafore.com\/es\/wp-json\/wp\/v2\/product_brand?post=9908"},{"taxonomy":"product_cat","embeddable":true,"href":"https:\/\/chinafore.com\/es\/wp-json\/wp\/v2\/product_cat?post=9908"},{"taxonomy":"product_tag","embeddable":true,"href":"https:\/\/chinafore.com\/es\/wp-json\/wp\/v2\/product_tag?post=9908"}],"curies":[{"name":"wp","href":"https:\/\/api.w.org\/{rel}","templated":true}]}}