{"id":9902,"date":"2024-05-30T12:26:00","date_gmt":"2024-05-30T12:26:00","guid":{"rendered":"https:\/\/green-giraffe-671934.hostingersite.com\/?post_type=product&#038;p=9902"},"modified":"2024-12-05T08:45:57","modified_gmt":"2024-12-05T08:45:57","slug":"duct-hardware-self-adhesive-pins-diameter-2-7mm","status":"publish","type":"product","link":"https:\/\/chinafore.com\/es\/producto\/pasadores-autoadhesivos-para-conductos-diametro-2-7mm\/","title":{"rendered":"Pasadores autoadhesivos para conductos Di\u00e1metro 2,7 mm"},"content":{"rendered":"<div class=\"container-text\">\n<div style=\"text-align: center;\">\t<strong><span style=\"font-size:36px;\">Chinchetas autoadhesivas<\/span><\/strong><\/p>\n<p>\t<strong><span style=\"font-size:26px;\">SAP<\/span><\/strong><\/p>\n<p>\t<img decoding=\"async\" alt=\"\" src=\"\/wp-content\/uploads\/2024\/05\/2-2003191FI9448.jpg\" \/><\/p>\n<p>\t<strong><span style=\"font-size:26px;\">SAP-R<\/span><\/strong><\/p>\n<p>\t<img decoding=\"async\" alt=\"\" src=\"\/wp-content\/uploads\/2024\/05\/2-2003191FZI53.jpg\" \/><\/p>\n<table id=\"biaoge\" align=\"center\" border=\"1\" cellpadding=\"1\" cellspacing=\"1\">\n<tbody>\n<tr>\n<td>\t\t\t\t\t<strong><span style=\"font-size:14px;\">Tipo<\/span><\/strong><\/td>\n<td>\t\t\t\t\t<strong><span style=\"font-size:14px;\">L (mm)<\/span><\/strong><\/td>\n<td>\t\t\t\t\t<strong><span style=\"font-size:14px;\">D (mm)<\/span><\/strong><\/td>\n<td>\t\t\t\t\t<strong><span style=\"font-size:14px;\">A (mm)<\/span><\/strong><\/td>\n<\/tr>\n<tr>\n<td>\t\t\t\t\tSAP-25<\/td>\n<td>\t\t\t\t\t25<\/td>\n<td>\t\t\t\t\t2.7<\/td>\n<td>\t\t\t\t\t50<\/td>\n<\/tr>\n<tr>\n<td>\t\t\t\t\tSAP-33<\/td>\n<td>\t\t\t\t\t33<\/td>\n<td>\t\t\t\t\t2.7<\/td>\n<td>\t\t\t\t\t50<\/td>\n<\/tr>\n<tr>\n<td>\t\t\t\t\tSAP-43<\/td>\n<td>\t\t\t\t\t43<\/td>\n<td>\t\t\t\t\t2.7<\/td>\n<td>\t\t\t\t\t50<\/td>\n<\/tr>\n<tr>\n<td>\t\t\t\t\tSAP-53<\/td>\n<td>\t\t\t\t\t53<\/td>\n<td>\t\t\t\t\t2.7<\/td>\n<td>\t\t\t\t\t50<\/td>\n<\/tr>\n<tr>\n<td>\t\t\t\t\tSAP-63<\/td>\n<td>\t\t\t\t\t63<\/td>\n<td>\t\t\t\t\t2.7<\/td>\n<td>\t\t\t\t\t50<\/td>\n<\/tr>\n<tr>\n<td>\t\t\t\t\tSAP-76<\/td>\n<td>\t\t\t\t\t76<\/td>\n<td>\t\t\t\t\t2.7<\/td>\n<td>\t\t\t\t\t50<\/td>\n<\/tr>\n<tr>\n<td>\t\t\t\t\tSAP-103<\/td>\n<td>\t\t\t\t\t103<\/td>\n<td>\t\t\t\t\t2.7<\/td>\n<td>\t\t\t\t\t50<\/td>\n<\/tr>\n<tr>\n<td>\t\t\t\t\tSAP-115<\/td>\n<td>\t\t\t\t\t115<\/td>\n<td>\t\t\t\t\t2.7<\/td>\n<td>\t\t\t\t\t50<\/td>\n<\/tr>\n<\/tbody>\n<\/table>\n<div style=\"text-align: left;\">\t\t&nbsp;<\/div>\n<table id=\"biaoge\" align=\"center\" border=\"0\" cellpadding=\"1\" cellspacing=\"1\">\n<tbody>\n<tr>\n<td>\n<div style=\"text-align: left;\">\t\t\t\t\t\t<strong><span style=\"font-size:16px;\">Datos t\u00e9cnicos<\/span><\/strong><\/div>\n<div style=\"text-align: left;\">\t\t\t\t\t\t<span style=\"font-size:14px;\">Clavo autoadhesivo SAH<\/span><\/div>\n<div style=\"text-align: left;\">\t\t\t\t\t\t<span style=\"font-size:14px;\">-pasadores de acero,diametro 2.7mm<\/span><\/div>\n<div style=\"text-align: left;\">\t\t\t\t\t\t<span style=\"font-size:14px;\">-autoadhesivo,base de acero galvanizado(50\/50mm)<\/span><\/div>\n<div style=\"text-align: left;\">\t\t\t\t\t\t<span style=\"font-size:14px;\">-s\u00f3lido,cola de caucho de resina sint\u00e9tica compacta<\/span><\/div>\n<div style=\"text-align: left;\">\t\t\t\t\t\t<span style=\"font-size:14px;\">celdas rellenas de espuma de poliuretano<\/span><\/div>\n<div style=\"text-align: left;\">\t\t\t\t\t\t<span style=\"font-size:14px;\">-longitud 19-165mm<\/span><\/div>\n<div style=\"text-align: left;\">\t\t\t\t\t\t<span style=\"font-size:14px;\">-la superficie de la u\u00f1a est\u00e1 moleteada, lo que impide que la cuchilla<\/span><\/div>\n<div style=\"text-align: left;\">\t\t\t\t\t\t<span style=\"font-size:14px;\">forma deslizante<\/span><\/div>\n<div style=\"text-align: left;\">\t\t\t\t\t\t<span style=\"font-size:14px;\">-Cuchillas de prensado CE<\/span><\/div>\n<div style=\"text-align: left;\">\t\t\t\t\t\t<span style=\"font-size:14px;\">-cuchillas el\u00e1sticas de acero galvanizado<\/span><\/div>\n<div style=\"text-align: left;\">\t\t\t\t\t\t<span style=\"font-size:14px;\">-di\u00e1metro exterior 30 o 40 mm.EP de protecci\u00f3n<\/span><\/div>\n<div style=\"text-align: left;\">\t\t\t\t\t\t<span style=\"font-size:14px;\">capucha de nylon<\/span><\/div>\n<div style=\"text-align: left;\">\t\t\t\t\t\t<span style=\"font-size:14px;\">-capucha de pl\u00e1stico que protege la punta de la u\u00f1a<\/span><\/div>\n<div style=\"text-align: left;\">\t\t\t\t\t\t<strong><span style=\"font-size:16px;\">Utilice<\/span><\/strong><\/div>\n<div style=\"text-align: left;\">\t\t\t\t\t\t<span style=\"font-size:14px;\">Los clavos autoadhesivos se utilizan para la fijaci\u00f3n mec\u00e1nica del aislamiento<\/span><\/div>\n<div style=\"text-align: left;\">\t\t\t\t\t\t<span style=\"font-size:14px;\">en las superficies lisas de los conductos de ventilaci\u00f3n.<\/span><\/div>\n<div style=\"text-align: left;\">\t\t\t\t\t\t<span style=\"font-size:14px;\">rango de temperatura de -40\u2103 a +80\u2103(por poco tiempo hasta 100\u2103)<\/span><\/div>\n<\/td>\n<\/tr>\n<\/tbody>\n<\/table>\n<p>\t<img decoding=\"async\" alt=\"\" src=\"\/wp-content\/uploads\/2024\/05\/2-2003191G551137.jpg\" style=\"width: 570px; height: 179px;\" \/><\/p>\n<p>\t<strong><span style=\"font-size:26px;\">SAPS<\/span><\/strong><\/p>\n<p>\t<img decoding=\"async\" alt=\"\" src=\"\/wp-content\/uploads\/2024\/05\/2-2003191GFS49.jpg\" \/><\/p>\n<table id=\"biaoge\" align=\"center\" border=\"1\" cellpadding=\"1\" cellspacing=\"1\">\n<tbody>\n<tr>\n<td>\t\t\t\t\t<strong><span style=\"font-size:14px;\">tipo<\/span><\/strong><\/td>\n<td>\t\t\t\t\t<strong><span style=\"font-size:14px;\">L (mm)<\/span><\/strong><\/td>\n<td>\t\t\t\t\t<strong><span style=\"font-size:14px;\">d (mm)<\/span><\/strong><\/td>\n<\/tr>\n<tr>\n<td>\t\t\t\t\tSAZ-25<\/td>\n<td>\t\t\t\t\t25<\/td>\n<td>\t\t\t\t\t2.2<\/td>\n<\/tr>\n<tr>\n<td>\t\t\t\t\tSAZ-33<\/td>\n<td>\t\t\t\t\t33<\/td>\n<td>\t\t\t\t\t2.2<\/td>\n<\/tr>\n<tr>\n<td>\t\t\t\t\tSAZ-43<\/td>\n<td>\t\t\t\t\t43<\/td>\n<td>\t\t\t\t\t2.2<\/td>\n<\/tr>\n<tr>\n<td>\t\t\t\t\tSAZ-53<\/td>\n<td>\t\t\t\t\t53<\/td>\n<td>\t\t\t\t\t2.2<\/td>\n<\/tr>\n<tr>\n<td>\t\t\t\t\tSAZ-63<\/td>\n<td>\t\t\t\t\t63<\/td>\n<td>\t\t\t\t\t2.2<\/td>\n<\/tr>\n<\/tbody>\n<\/table>\n<p>\t<\/p>\n<table id=\"biaoge\" align=\"center\" border=\"0\" cellpadding=\"1\" cellspacing=\"1\">\n<tbody>\n<tr>\n<td>\n<div style=\"text-align: left;\">\t\t\t\t\t\t<span style=\"font-size:14px;\">Se utilizan para fijar el aislamiento t\u00e9rmico&nbsp;<\/span><span style=\"font-size: 14px;\">a un conducto de ventilaci\u00f3n de superficie.<\/span><\/div>\n<div style=\"text-align: left;\">\t\t\t\t\t\t<span style=\"font-size:14px;\">Est\u00e1 equipado con clip y tap\u00f3n met\u00e1licos de PVC.<\/span><\/div>\n<\/td>\n<\/tr>\n<\/tbody>\n<\/table>\n<p>\t<img decoding=\"async\" alt=\"\" src=\"\/wp-content\/uploads\/2024\/05\/2-2003191H221E5.jpg\" style=\"width: 570px; height: 300px;\" \/><\/p>\n<p>\t<strong><span style=\"font-size:26px;\">SAPD<\/span><\/strong><\/p>\n<p>\t<img decoding=\"async\" alt=\"\" src=\"\/wp-content\/uploads\/2024\/05\/2-2003191H330M7.jpg\" \/><\/p>\n<\/div>","protected":false},"excerpt":{"rendered":"<p>Pasadores autoadhesivos para conductos Di\u00e1metro 2,7 mm<\/p>","protected":false},"featured_media":0,"comment_status":"closed","ping_status":"closed","template":"","meta":[],"etheme_brands":[],"product_brand":[],"product_cat":[54],"product_tag":[],"class_list":{"0":"post-9902","1":"product","2":"type-product","3":"status-publish","5":"product_cat-duct-hardware","7":"first","8":"instock","9":"shipping-taxable","10":"product-type-simple"},"_links":{"self":[{"href":"https:\/\/chinafore.com\/es\/wp-json\/wp\/v2\/product\/9902","targetHints":{"allow":["GET"]}}],"collection":[{"href":"https:\/\/chinafore.com\/es\/wp-json\/wp\/v2\/product"}],"about":[{"href":"https:\/\/chinafore.com\/es\/wp-json\/wp\/v2\/types\/product"}],"replies":[{"embeddable":true,"href":"https:\/\/chinafore.com\/es\/wp-json\/wp\/v2\/comments?post=9902"}],"version-history":[{"count":1,"href":"https:\/\/chinafore.com\/es\/wp-json\/wp\/v2\/product\/9902\/revisions"}],"predecessor-version":[{"id":11256,"href":"https:\/\/chinafore.com\/es\/wp-json\/wp\/v2\/product\/9902\/revisions\/11256"}],"wp:attachment":[{"href":"https:\/\/chinafore.com\/es\/wp-json\/wp\/v2\/media?parent=9902"}],"wp:term":[{"taxonomy":"brand","embeddable":true,"href":"https:\/\/chinafore.com\/es\/wp-json\/wp\/v2\/etheme_brands?post=9902"},{"taxonomy":"product_brand","embeddable":true,"href":"https:\/\/chinafore.com\/es\/wp-json\/wp\/v2\/product_brand?post=9902"},{"taxonomy":"product_cat","embeddable":true,"href":"https:\/\/chinafore.com\/es\/wp-json\/wp\/v2\/product_cat?post=9902"},{"taxonomy":"product_tag","embeddable":true,"href":"https:\/\/chinafore.com\/es\/wp-json\/wp\/v2\/product_tag?post=9902"}],"curies":[{"name":"wp","href":"https:\/\/api.w.org\/{rel}","templated":true}]}}