{"id":9855,"date":"2024-05-30T12:26:00","date_gmt":"2024-05-30T12:26:00","guid":{"rendered":"https:\/\/green-giraffe-671934.hostingersite.com\/?post_type=product&#038;p=9855"},"modified":"2024-12-05T08:45:51","modified_gmt":"2024-12-05T08:45:51","slug":"gdf-series-circular-pipe-fan","status":"publish","type":"product","link":"https:\/\/chinafore.com\/es\/producto\/ventilador-de-tubo-circular-serie-gdf\/","title":{"rendered":"Ventilador de tubo circular serie Gdf"},"content":{"rendered":"<div class=\"container-text\">\n<div style=\"text-align: center;\">\t<strong><span style=\"font-size:36px;\">Ventilador de tubo circular serie GDF<\/span><\/strong><\/p>\n<p>\t<img decoding=\"async\" alt=\"\" src=\"\/wp-content\/uploads\/2024\/05\/2-200325162039153.jpg\" \/><\/p>\n<table id=\"biaoge\" align=\"center\" border=\"1\" cellpadding=\"1\" cellspacing=\"1\">\n<tbody>\n<tr>\n<td>\t\t\t\t\t<strong><span style=\"font-size:14px;\">Modelo<\/span><\/strong><\/td>\n<td>\t\t\t\t\t<strong><span style=\"font-size:14px;\">D(mm)<\/span><\/strong><\/td>\n<td>\t\t\t\t\t<strong><span style=\"font-size:14px;\">D1(mm)<\/span><\/strong><\/td>\n<td>\t\t\t\t\t<strong><span style=\"font-size:14px;\">L(mm)<\/span><\/strong><\/td>\n<td>\t\t\t\t\t<strong><span style=\"font-size:14px;\">L1(mm)<\/span><\/strong><\/td>\n<td>\t\t\t\t\t<strong><span style=\"font-size:14px;\">L2(mm)<\/span><\/strong><\/td>\n<td>\t\t\t\t\t<strong><span style=\"font-size:14px;\">F(mm)<\/span><\/strong><\/td>\n<\/tr>\n<tr>\n<td>\t\t\t\t\tGDF100<\/td>\n<td>\t\t\t\t\t100<\/td>\n<td>\t\t\t\t\t237<\/td>\n<td>\t\t\t\t\t204<\/td>\n<td>\t\t\t\t\t25<\/td>\n<td>\t\t\t\t\t25<\/td>\n<td>\t\t\t\t\t42<\/td>\n<\/tr>\n<tr>\n<td>\t\t\t\t\tGDF125<\/td>\n<td>\t\t\t\t\t125<\/td>\n<td>\t\t\t\t\t237<\/td>\n<td>\t\t\t\t\t193<\/td>\n<td>\t\t\t\t\t25<\/td>\n<td>\t\t\t\t\t31<\/td>\n<td>\t\t\t\t\t42<\/td>\n<\/tr>\n<tr>\n<td>\t\t\t\t\tGDF150<\/td>\n<td>\t\t\t\t\t150<\/td>\n<td>\t\t\t\t\t278<\/td>\n<td>\n<div>\t\t\t\t\t\t195<\/div>\n<\/td>\n<td>\t\t\t\t\t25<\/td>\n<td>\t\t\t\t\t25<\/td>\n<td>\t\t\t\t\t42<\/td>\n<\/tr>\n<tr>\n<td>\t\t\t\t\tGDF160<\/td>\n<td>\t\t\t\t\t160<\/td>\n<td>\t\t\t\t\t278<\/td>\n<td>\t\t\t\t\t195<\/td>\n<td>\t\t\t\t\t25<\/td>\n<td>\t\t\t\t\t25<\/td>\n<td>\t\t\t\t\t42<\/td>\n<\/tr>\n<tr>\n<td>\t\t\t\t\tGDF200<\/td>\n<td>\t\t\t\t\t200<\/td>\n<td>\t\t\t\t\t333<\/td>\n<td>\t\t\t\t\t210<\/td>\n<td>\t\t\t\t\t25<\/td>\n<td>\t\t\t\t\t25<\/td>\n<td>\t\t\t\t\t42<\/td>\n<\/tr>\n<tr>\n<td>\t\t\t\t\tGDF250<\/td>\n<td>\t\t\t\t\t250<\/td>\n<td>\t\t\t\t\t333<\/td>\n<td>\t\t\t\t\t210<\/td>\n<td>\t\t\t\t\t29<\/td>\n<td>\t\t\t\t\t29<\/td>\n<td>\t\t\t\t\t42<\/td>\n<\/tr>\n<tr>\n<td>\t\t\t\t\tGDF315<\/td>\n<td>\t\t\t\t\t315<\/td>\n<td>\t\t\t\t\t402<\/td>\n<td>\t\t\t\t\t265<\/td>\n<td>\t\t\t\t\t30<\/td>\n<td>\t\t\t\t\t25<\/td>\n<td>\t\t\t\t\t42<\/td>\n<\/tr>\n<\/tbody>\n<\/table>\n<p>\t<\/p>\n<table id=\"biaoge\" align=\"center\" border=\"1\" cellpadding=\"1\" cellspacing=\"1\">\n<caption style=\"text-align: left;\">\t\t\t<strong><span style=\"font-size:16px;\">Par\u00e1metros t\u00e9cnicos<\/span><\/strong><\/caption>\n<tbody>\n<tr>\n<td>\t\t\t\t\t<strong><span style=\"font-size:14px;\">Modelo<\/span><\/strong><\/td>\n<td>\n<div>\t\t\t\t\t\t<strong><span style=\"font-size:14px;\">Tensi\u00f3n<\/span><\/strong><\/div>\n<div>\t\t\t\t\t\t<strong><span style=\"font-size:14px;\">V\/Hz<\/span><\/strong><\/div>\n<\/td>\n<td>\n<div>\t\t\t\t\t\t<strong><span style=\"font-size:14px;\">Potencia<\/span><\/strong><\/div>\n<div>\t\t\t\t\t\t<strong><span style=\"font-size:14px;\">W<\/span><\/strong><\/div>\n<\/td>\n<td>\n<div>\t\t\t\t\t\t<strong><span style=\"font-size:14px;\">Actual<\/span><\/strong><\/div>\n<div>\t\t\t\t\t\t<strong><span style=\"font-size:14px;\">A<\/span><\/strong><\/div>\n<\/td>\n<td>\n<div>\t\t\t\t\t\t<strong><span style=\"font-size:14px;\">Flujo<\/span><\/strong><\/div>\n<div>\t\t\t\t\t\t<strong><span style=\"font-size:14px;\">m3\/h<\/span><\/strong><\/div>\n<\/td>\n<td>\n<div>\t\t\t\t\t\t<strong><span style=\"font-size:14px;\">Velocidad<\/span><\/strong><\/div>\n<div>\t\t\t\t\t\t<strong><span style=\"font-size:14px;\">rpm<\/span><\/strong><\/div>\n<\/td>\n<td>\n<div>\t\t\t\t\t\t<strong><span style=\"font-size:14px;\">Presi\u00f3n<\/span><\/strong><\/div>\n<div>\t\t\t\t\t\t<strong><span style=\"font-size:14px;\">Pa<\/span><\/strong><\/div>\n<\/td>\n<td>\n<div>\t\t\t\t\t\t<strong><span style=\"font-size:14px;\">Ruido<\/span><\/strong><\/div>\n<div>\t\t\t\t\t\t<strong><span style=\"font-size:14px;\">dB(A)<\/span><\/strong><\/div>\n<\/td>\n<td>\n<div>\t\t\t\t\t\t<strong><span style=\"font-size:14px;\">Internacional<\/span><\/strong><\/div>\n<div>\t\t\t\t\t\t<strong><span style=\"font-size:14px;\">Protecci\u00f3n<\/span><\/strong><\/div>\n<div>\t\t\t\t\t\t<strong><span style=\"font-size:14px;\">IP<\/span><\/strong><\/div>\n<\/td>\n<td>\n<div>\t\t\t\t\t\t<strong><span style=\"font-size:14px;\">Aislamiento<\/span><\/strong><\/div>\n<div>\t\t\t\t\t\t<strong><span style=\"font-size:14px;\">Grado<\/span><\/strong><\/div>\n<\/td>\n<td>\n<div>\t\t\t\t\t\t<strong><span style=\"font-size:14px;\">Max<\/span><\/strong><\/div>\n<div>\t\t\t\t\t\t<strong><span style=\"font-size:14px;\">Temperatura<\/span><\/strong><\/div>\n<div>\t\t\t\t\t\t<strong><span style=\"font-size:14px;\">\u2103<\/span><\/strong><\/div>\n<\/td>\n<td>\n<div>\t\t\t\t\t\t<strong><span style=\"font-size:14px;\">Peso<\/span><\/strong><\/div>\n<div>\t\t\t\t\t\t<strong><span style=\"font-size:14px;\">kg<\/span><\/strong><\/div>\n<\/td>\n<\/tr>\n<tr>\n<td>\t\t\t\t\tGDF100A<\/td>\n<td>\t\t\t\t\t230\/50<\/td>\n<td>\t\t\t\t\t60<\/td>\n<td>\t\t\t\t\t0.18<\/td>\n<td>\t\t\t\t\t170-40<\/td>\n<td>\t\t\t\t\t2550<\/td>\n<td>\t\t\t\t\t72-251<\/td>\n<td>\t\t\t\t\t48<\/td>\n<td>\t\t\t\t\t44<\/td>\n<td>\t\t\t\t\tF<\/td>\n<td>\t\t\t\t\t85<\/td>\n<td>\t\t\t\t\t3<\/td>\n<\/tr>\n<tr>\n<td>\t\t\t\t\tGDF100B<\/td>\n<td>\t\t\t\t\t230\/50<\/td>\n<td>\t\t\t\t\t67<\/td>\n<td>\t\t\t\t\t0.27<\/td>\n<td>\t\t\t\t\t210-75<\/td>\n<td>\t\t\t\t\t2650<\/td>\n<td>\t\t\t\t\t87-252<\/td>\n<td>\t\t\t\t\t50<\/td>\n<td>\t\t\t\t\t44<\/td>\n<td>\t\t\t\t\tF<\/td>\n<td>\t\t\t\t\t85<\/td>\n<td>\t\t\t\t\t3<\/td>\n<\/tr>\n<tr>\n<td>\t\t\t\t\tGDF125A<\/td>\n<td>\t\t\t\t\t230\/50<\/td>\n<td>\t\t\t\t\t62<\/td>\n<td>\t\t\t\t\t0.25<\/td>\n<td>\t\t\t\t\t200-75<\/td>\n<td>\t\t\t\t\t2550<\/td>\n<td>\t\t\t\t\t72-227<\/td>\n<td>\t\t\t\t\t48<\/td>\n<td>\t\t\t\t\t44<\/td>\n<td>\t\t\t\t\tF<\/td>\n<td>\t\t\t\t\t85<\/td>\n<td>\t\t\t\t\t3<\/td>\n<\/tr>\n<tr>\n<td>\t\t\t\t\tGDF125B<\/td>\n<td>\t\t\t\t\t230\/50<\/td>\n<td>\t\t\t\t\t70<\/td>\n<td>\t\t\t\t\t0.17<\/td>\n<td>\t\t\t\t\t275-80<\/td>\n<td>\t\t\t\t\t2650<\/td>\n<td>\t\t\t\t\t98-272<\/td>\n<td>\t\t\t\t\t50<\/td>\n<td>\t\t\t\t\t44<\/td>\n<td>\t\t\t\t\tF<\/td>\n<td>\t\t\t\t\t85<\/td>\n<td>\t\t\t\t\t3<\/td>\n<\/tr>\n<tr>\n<td>\t\t\t\t\tGDF150A<\/td>\n<td>\t\t\t\t\t230\/50<\/td>\n<td>\t\t\t\t\t64<\/td>\n<td>\t\t\t\t\t0.26<\/td>\n<td>\t\t\t\t\t350-120<\/td>\n<td>\t\t\t\t\t2550<\/td>\n<td>\t\t\t\t\t73-302<\/td>\n<td>\t\t\t\t\t49<\/td>\n<td>\t\t\t\t\t44<\/td>\n<td>\t\t\t\t\tF<\/td>\n<td>\t\t\t\t\t85<\/td>\n<td>\t\t\t\t\t4<\/td>\n<\/tr>\n<tr>\n<td>\t\t\t\t\tGDF150B<\/td>\n<td>\t\t\t\t\t230\/50<\/td>\n<td>\t\t\t\t\t65<\/td>\n<td>\t\t\t\t\t0.27<\/td>\n<td>\t\t\t\t\t370-100<\/td>\n<td>\t\t\t\t\t2670<\/td>\n<td>\t\t\t\t\t93-302<\/td>\n<td>\t\t\t\t\t51<\/td>\n<td>\t\t\t\t\t44<\/td>\n<td>\t\t\t\t\tF<\/td>\n<td>\t\t\t\t\t85<\/td>\n<td>\t\t\t\t\t4<\/td>\n<\/tr>\n<tr>\n<td>\t\t\t\t\tGDF160A<\/td>\n<td>\t\t\t\t\t230\/50<\/td>\n<td>\t\t\t\t\t72<\/td>\n<td>\t\t\t\t\t0.29<\/td>\n<td>\t\t\t\t\t390-100<\/td>\n<td>\t\t\t\t\t2500<\/td>\n<td>\t\t\t\t\t68-261<\/td>\n<td>\t\t\t\t\t49<\/td>\n<td>\t\t\t\t\t44<\/td>\n<td>\t\t\t\t\tF<\/td>\n<td>\t\t\t\t\t85<\/td>\n<td>\t\t\t\t\t4<\/td>\n<\/tr>\n<tr>\n<td>\t\t\t\t\tGDF160B<\/td>\n<td>\t\t\t\t\t230\/50<\/td>\n<td>\t\t\t\t\t112<\/td>\n<td>\t\t\t\t\t0.92<\/td>\n<td>\t\t\t\t\t590-110<\/td>\n<td>\t\t\t\t\t2600<\/td>\n<td>\t\t\t\t\t102-308<\/td>\n<td>\t\t\t\t\t51<\/td>\n<td>\t\t\t\t\t44<\/td>\n<td>\t\t\t\t\tF<\/td>\n<td>\t\t\t\t\t85<\/td>\n<td>\t\t\t\t\t4<\/td>\n<\/tr>\n<tr>\n<td>\t\t\t\t\tGDF200A<\/td>\n<td>\t\t\t\t\t230\/50<\/td>\n<td>\t\t\t\t\t101<\/td>\n<td>\t\t\t\t\t0.45<\/td>\n<td>\t\t\t\t\t600-110<\/td>\n<td>\t\t\t\t\t2550<\/td>\n<td>\t\t\t\t\t142-451<\/td>\n<td>\t\t\t\t\t52<\/td>\n<td>\t\t\t\t\t44<\/td>\n<td>\t\t\t\t\tF<\/td>\n<td>\t\t\t\t\t85<\/td>\n<td>\t\t\t\t\t4.5<\/td>\n<\/tr>\n<tr>\n<td>\t\t\t\t\tGDF200B<\/td>\n<td>\t\t\t\t\t230\/50<\/td>\n<td>\t\t\t\t\t161<\/td>\n<td>\t\t\t\t\t0.66<\/td>\n<td>\t\t\t\t\t800-150<\/td>\n<td>\t\t\t\t\t2620<\/td>\n<td>\t\t\t\t\t120-476<\/td>\n<td>\t\t\t\t\t53<\/td>\n<td>\t\t\t\t\t44<\/td>\n<td>\t\t\t\t\tF<\/td>\n<td>\t\t\t\t\t85<\/td>\n<td>\t\t\t\t\t4.5<\/td>\n<\/tr>\n<tr>\n<td>\t\t\t\t\tGDF250A<\/td>\n<td>\t\t\t\t\t230\/50<\/td>\n<td>\t\t\t\t\t156<\/td>\n<td>\t\t\t\t\t0.73<\/td>\n<td>\t\t\t\t\t700-200<\/td>\n<td>\t\t\t\t\t2450<\/td>\n<td>\t\t\t\t\t135-376<\/td>\n<td>\t\t\t\t\t52<\/td>\n<td>\t\t\t\t\t44<\/td>\n<td>\t\t\t\t\tF<\/td>\n<td>\t\t\t\t\t85<\/td>\n<td>\t\t\t\t\t5<\/td>\n<\/tr>\n<tr>\n<td>\t\t\t\t\tGDF250B<\/td>\n<td>\t\t\t\t\t230\/50<\/td>\n<td>\t\t\t\t\t175<\/td>\n<td>\t\t\t\t\t0.66<\/td>\n<td>\t\t\t\t\t800-200<\/td>\n<td>\t\t\t\t\t2550<\/td>\n<td>\t\t\t\t\t142-426<\/td>\n<td>\t\t\t\t\t53<\/td>\n<td>\t\t\t\t\t44<\/td>\n<td>\t\t\t\t\tF<\/td>\n<td>\t\t\t\t\t85<\/td>\n<td>\t\t\t\t\t5<\/td>\n<\/tr>\n<tr>\n<td>\t\t\t\t\tGDF315A<\/td>\n<td>\t\t\t\t\t230\/50<\/td>\n<td>\t\t\t\t\t225<\/td>\n<td>\t\t\t\t\t0.69<\/td>\n<td>\t\t\t\t\t1200-315<\/td>\n<td>\t\t\t\t\t2450<\/td>\n<td>\t\t\t\t\t126-451<\/td>\n<td>\t\t\t\t\t52<\/td>\n<td>\t\t\t\t\t44<\/td>\n<td>\t\t\t\t\tF<\/td>\n<td>\t\t\t\t\t85<\/td>\n<td>\t\t\t\t\t5.5<\/td>\n<\/tr>\n<tr>\n<td>\t\t\t\t\tGDF315B<\/td>\n<td>\t\t\t\t\t230\/50<\/td>\n<td>\t\t\t\t\t303<\/td>\n<td>\t\t\t\t\t0.99<\/td>\n<td>\t\t\t\t\t1500-300<\/td>\n<td>\t\t\t\t\t2550<\/td>\n<td>\t\t\t\t\t117-546<\/td>\n<td>\t\t\t\t\t53<\/td>\n<td>\t\t\t\t\t44<\/td>\n<td>\t\t\t\t\tF<\/td>\n<td>\t\t\t\t\t85<\/td>\n<td>\t\t\t\t\t5.5<\/td>\n<\/tr>\n<\/tbody>\n<\/table>\n<p>\t<\/p>\n<table id=\"biaoge\" align=\"center\" border=\"0\" cellpadding=\"1\" cellspacing=\"1\">\n<tbody>\n<tr>\n<td>\n<div style=\"text-align: left;\">\t\t\t\t\t\t<span style=\"font-size:14px;\">La serie GDF es un nuevo ventilador dise\u00f1ado para combinar la tecnolog\u00eda avanzada en el hogar&nbsp;<\/span><span style=\"font-size: 14px;\">y en el exterior, con el mismo tama\u00f1o de entrada y salida de aire, el ventilador directamente&nbsp;<\/span><span style=\"font-size: 14px;\">conectado con la pipa de aire, v\u00e9ase el diagrama de la instalaci\u00f3n, puede signigicantly ahorra el&nbsp;<\/span><span style=\"font-size: 14px;\">dise\u00f1o de tuber\u00edas y costes de instalaci\u00f3n; nuevo dise\u00f1o del chasis, as\u00ed como la&nbsp;<\/span><span style=\"font-size: 14px;\">impulsor dise\u00f1ado de acuerdo con la aerodin\u00e1mica, puede reducir la vibraci\u00f3n y el ruido.<\/span><\/div>\n<div style=\"text-align: left;\">\t\t\t\t\t\t<span style=\"font-size:14px;\">Aplicaci\u00f3n: suministro de aire, ventilaci\u00f3n, aire de retorno, aire de reposici\u00f3n y filtrado para&nbsp;<\/span><span style=\"font-size: 14px;\">hoteles, pensiones, salones de ancianos, supermercados, almacenes, aseos, etc.<\/span><\/div>\n<div>\n<div style=\"text-align: left;\">\t\t\t\t\t\t\t<span style=\"font-size:14px;\">El peso de un \u00fanico ventilador de tubo circular no supera los 10kgs, s\u00f3lo&nbsp;<\/span><span style=\"font-size: 14px;\">una sola persona puede mover f\u00e1cilmente el ventilador de tubo circular, e instalarlo f\u00e1cilmente.<\/span><\/div>\n<\/p><\/div>\n<\/td>\n<\/tr>\n<\/tbody>\n<\/table>\n<p>\t<img decoding=\"async\" alt=\"\" src=\"\/wp-content\/uploads\/2024\/05\/2-200325164205544.jpg\" style=\"width: 570px; height: 612px;\" \/><br \/>\t&nbsp;<\/div>\n<p><\/div>","protected":false},"excerpt":{"rendered":"<p>Ventilador de tubo circular serie Gdf<\/p>","protected":false},"featured_media":9857,"comment_status":"closed","ping_status":"closed","template":"","meta":[],"etheme_brands":[],"product_brand":[],"product_cat":[58],"product_tag":[],"class_list":{"0":"post-9855","1":"product","2":"type-product","3":"status-publish","4":"has-post-thumbnail","6":"product_cat-fan-and-actuator","8":"first","9":"instock","10":"shipping-taxable","11":"product-type-simple"},"_links":{"self":[{"href":"https:\/\/chinafore.com\/es\/wp-json\/wp\/v2\/product\/9855","targetHints":{"allow":["GET"]}}],"collection":[{"href":"https:\/\/chinafore.com\/es\/wp-json\/wp\/v2\/product"}],"about":[{"href":"https:\/\/chinafore.com\/es\/wp-json\/wp\/v2\/types\/product"}],"replies":[{"embeddable":true,"href":"https:\/\/chinafore.com\/es\/wp-json\/wp\/v2\/comments?post=9855"}],"version-history":[{"count":1,"href":"https:\/\/chinafore.com\/es\/wp-json\/wp\/v2\/product\/9855\/revisions"}],"predecessor-version":[{"id":11209,"href":"https:\/\/chinafore.com\/es\/wp-json\/wp\/v2\/product\/9855\/revisions\/11209"}],"wp:featuredmedia":[{"embeddable":true,"href":"https:\/\/chinafore.com\/es\/wp-json\/wp\/v2\/media\/9857"}],"wp:attachment":[{"href":"https:\/\/chinafore.com\/es\/wp-json\/wp\/v2\/media?parent=9855"}],"wp:term":[{"taxonomy":"brand","embeddable":true,"href":"https:\/\/chinafore.com\/es\/wp-json\/wp\/v2\/etheme_brands?post=9855"},{"taxonomy":"product_brand","embeddable":true,"href":"https:\/\/chinafore.com\/es\/wp-json\/wp\/v2\/product_brand?post=9855"},{"taxonomy":"product_cat","embeddable":true,"href":"https:\/\/chinafore.com\/es\/wp-json\/wp\/v2\/product_cat?post=9855"},{"taxonomy":"product_tag","embeddable":true,"href":"https:\/\/chinafore.com\/es\/wp-json\/wp\/v2\/product_tag?post=9855"}],"curies":[{"name":"wp","href":"https:\/\/api.w.org\/{rel}","templated":true}]}}