{"id":9847,"date":"2024-05-30T12:26:00","date_gmt":"2024-05-30T12:26:00","guid":{"rendered":"https:\/\/green-giraffe-671934.hostingersite.com\/?post_type=product&#038;p=9847"},"modified":"2024-12-05T08:45:50","modified_gmt":"2024-12-05T08:45:50","slug":"fixing-system-pipe-clamp-with-nut","status":"publish","type":"product","link":"https:\/\/chinafore.com\/es\/producto\/sistema-de-fijacion-abrazadera-de-tubo-con-tuerca\/","title":{"rendered":"Sistema de fijaci\u00f3n Abrazadera de tubo con tuerca"},"content":{"rendered":"<div class=\"container-text\">\n<div style=\"text-align: center;\">\t<strong><span style=\"font-size:36px;\">Abrazadera de tubo con goma - NSC<\/span><\/strong><\/p>\n<p>\t<img decoding=\"async\" alt=\"\" src=\"\/wp-content\/uploads\/2024\/05\/2-200326131H5206.jpg\" \/><\/p>\n<table id=\"biaoge\" align=\"center\" border=\"1\" cellpadding=\"1\" cellspacing=\"1\">\n<tbody>\n<tr>\n<td>\t\t\t\t\t<strong><span style=\"font-size:14px;\">C\u00f3digo<\/span><\/strong><\/td>\n<td>\t\t\t\t\t<strong><span style=\"font-size:14px;\">Talla<\/span><\/strong><\/td>\n<td>\t\t\t\t\t<strong><span style=\"font-size:14px;\">Rango de sujeci\u00f3n(mm)<\/span><\/strong><\/td>\n<td>\t\t\t\t\t<strong><span style=\"font-size:14px;\">M<\/span><\/strong><\/td>\n<td>\t\t\t\t\t<strong><span style=\"font-size:14px;\">N<\/span><\/strong><\/td>\n<\/tr>\n<tr>\n<td>\t\t\t\t\tNSC008<\/td>\n<td>\t\t\t\t\t1\/4\"<\/td>\n<td>\t\t\t\t\t12-16<\/td>\n<td>\t\t\t\t\tM5<\/td>\n<td>\t\t\t\t\tM8<\/td>\n<\/tr>\n<tr>\n<td>\t\t\t\t\tNSC010<\/td>\n<td>\t\t\t\t\t3\/8\"<\/td>\n<td>\t\t\t\t\t16-20<\/td>\n<td>\t\t\t\t\tM5<\/td>\n<td>\t\t\t\t\tM8<\/td>\n<\/tr>\n<tr>\n<td>\t\t\t\t\tNSC015<\/td>\n<td>\t\t\t\t\t1\/2\"<\/td>\n<td>\t\t\t\t\t20-24<\/td>\n<td>\t\t\t\t\tM5<\/td>\n<td>\t\t\t\t\tM8<\/td>\n<\/tr>\n<tr>\n<td>\t\t\t\t\tNSC020<\/td>\n<td>\t\t\t\t\t3\/4\"<\/td>\n<td>\t\t\t\t\t25-30<\/td>\n<td>\t\t\t\t\tM5<\/td>\n<td>\t\t\t\t\tM8<\/td>\n<\/tr>\n<tr>\n<td>\t\t\t\t\tNSC025<\/td>\n<td>\t\t\t\t\t1\"<\/td>\n<td>\t\t\t\t\t32-37<\/td>\n<td>\t\t\t\t\tM5<\/td>\n<td>\t\t\t\t\tM8<\/td>\n<\/tr>\n<tr>\n<td>\t\t\t\t\tNSC032<\/td>\n<td>\t\t\t\t\t1 1\/4\"<\/td>\n<td>\t\t\t\t\t39-46<\/td>\n<td>\t\t\t\t\tM5<\/td>\n<td>\t\t\t\t\tM8<\/td>\n<\/tr>\n<tr>\n<td>\t\t\t\t\tNSC040<\/td>\n<td>\t\t\t\t\t1 1\/2\"<\/td>\n<td>\t\t\t\t\t47-53<\/td>\n<td>\t\t\t\t\tM5<\/td>\n<td>\t\t\t\t\tM8<\/td>\n<\/tr>\n<tr>\n<td>\t\t\t\t\tNSC047<\/td>\n<td>\t\t\t\t\t53-59<\/td>\n<td>\t\t\t\t\t53-59<\/td>\n<td>\t\t\t\t\tM5<\/td>\n<td>\t\t\t\t\tM8<\/td>\n<\/tr>\n<tr>\n<td>\t\t\t\t\tNSC050<\/td>\n<td>\t\t\t\t\t2\"<\/td>\n<td>\t\t\t\t\t59-66<\/td>\n<td>\t\t\t\t\tM5<\/td>\n<td>\t\t\t\t\tM10<\/td>\n<\/tr>\n<tr>\n<td>\t\t\t\t\tNSC060<\/td>\n<td>\t\t\t\t\t66-73<\/td>\n<td>\t\t\t\t\t66-73<\/td>\n<td>\t\t\t\t\tM6<\/td>\n<td>\t\t\t\t\tM10<\/td>\n<\/tr>\n<tr>\n<td>\t\t\t\t\tNSC065<\/td>\n<td>\t\t\t\t\t2 1\/2\"<\/td>\n<td>\t\t\t\t\t74-81<\/td>\n<td>\t\t\t\t\tM6<\/td>\n<td>\t\t\t\t\tM10<\/td>\n<\/tr>\n<tr>\n<td>\t\t\t\t\tNSC075<\/td>\n<td>\t\t\t\t\t82-89<\/td>\n<td>\t\t\t\t\t82-89<\/td>\n<td>\t\t\t\t\tM6<\/td>\n<td>\t\t\t\t\tM10<\/td>\n<\/tr>\n<tr>\n<td>\t\t\t\t\tNSC080<\/td>\n<td>\t\t\t\t\t3\"<\/td>\n<td>\t\t\t\t\t85-92<\/td>\n<td>\t\t\t\t\tM6<\/td>\n<td>\t\t\t\t\tM10<\/td>\n<\/tr>\n<tr>\n<td>\t\t\t\t\tNSC085<\/td>\n<td>\t\t\t\t\t93-100<\/td>\n<td>\t\t\t\t\t93-100<\/td>\n<td>\t\t\t\t\tM6<\/td>\n<td>\t\t\t\t\tM10<\/td>\n<\/tr>\n<tr>\n<td>\t\t\t\t\tNSC095<\/td>\n<td>\t\t\t\t\t101-108<\/td>\n<td>\t\t\t\t\t101-108<\/td>\n<td>\t\t\t\t\tM6<\/td>\n<td>\t\t\t\t\tM10<\/td>\n<\/tr>\n<tr>\n<td>\t\t\t\t\tNSC100<\/td>\n<td>\t\t\t\t\t4\"<\/td>\n<td>\t\t\t\t\t107-117<\/td>\n<td>\t\t\t\t\tM6<\/td>\n<td>\t\t\t\t\tM10<\/td>\n<\/tr>\n<tr>\n<td>\t\t\t\t\tNSC110<\/td>\n<td>\t\t\t\t\t120-130<\/td>\n<td>\t\t\t\t\t120-130<\/td>\n<td>\t\t\t\t\tM6<\/td>\n<td>\t\t\t\t\tM10<\/td>\n<\/tr>\n<tr>\n<td>\t\t\t\t\tNSC120<\/td>\n<td>\t\t\t\t\t126-136<\/td>\n<td>\t\t\t\t\t126-136<\/td>\n<td>\t\t\t\t\tM6<\/td>\n<td>\t\t\t\t\tM10<\/td>\n<\/tr>\n<tr>\n<td>\t\t\t\t\tNSC125<\/td>\n<td>\t\t\t\t\t5\"<\/td>\n<td>\t\t\t\t\t133-143<\/td>\n<td>\t\t\t\t\tM6<\/td>\n<td>\t\t\t\t\tM10<\/td>\n<\/tr>\n<tr>\n<td>\t\t\t\t\tNSC140<\/td>\n<td>\t\t\t\t\t149-159<\/td>\n<td>\t\t\t\t\t149-159<\/td>\n<td>\t\t\t\t\tM6<\/td>\n<td>\t\t\t\t\tM10<\/td>\n<\/tr>\n<tr>\n<td>\t\t\t\t\tNSC150<\/td>\n<td>\t\t\t\t\t6\"<\/td>\n<td>\t\t\t\t\t156-168<\/td>\n<td>\t\t\t\t\tM6<\/td>\n<td>\t\t\t\t\tM10<\/td>\n<\/tr>\n<tr>\n<td>\t\t\t\t\tNSC180<\/td>\n<td>\t\t\t\t\t191-203<\/td>\n<td>\t\t\t\t\t191-203<\/td>\n<td>\t\t\t\t\tM6<\/td>\n<td>\t\t\t\t\tM12<\/td>\n<\/tr>\n<tr>\n<td>\t\t\t\t\tNSC200<\/td>\n<td>\t\t\t\t\t8\"<\/td>\n<td>\t\t\t\t\t210-220<\/td>\n<td>\t\t\t\t\tM6<\/td>\n<td>\t\t\t\t\tM12<\/td>\n<\/tr>\n<\/tbody>\n<\/table>\n<p>\t<\/p>\n<table id=\"biaoge\" align=\"center\" border=\"0\" cellpadding=\"1\" cellspacing=\"1\">\n<tbody>\n<tr>\n<td>\n<div style=\"text-align: left;\">\t\t\t\t\t\t<span style=\"font-size:14px;\"><strong><span style=\"font-size:16px;\">Especificaciones<\/span><\/strong><\/p>\n<p>\t\t\t\t\t\t- Se utiliza para el montaje de tuber\u00edas en paredes (vertical\/horizontal), techos&nbsp;<\/span><span style=\"font-size: 14px;\">y suelos<\/span><\/div>\n<div style=\"text-align: left;\">\t\t\t\t\t\t<span style=\"font-size:14px;\">- Tipo de sujeci\u00f3n: tuerca combinada M8\/M10<\/span><\/div>\n<div style=\"text-align: left;\">\t\t\t\t\t\t<span style=\"font-size:14px;\">- Forro EPMD para;<\/span><\/div>\n<div style=\"text-align: left;\">\t\t\t\t\t\t<span style=\"font-size:14px;\">- nivel de reducci\u00f3n de ruido de hasta 15 dB seg\u00fan DIN 4109<\/span><\/div>\n<div style=\"text-align: left;\">\t\t\t\t\t\t<span style=\"font-size:14px;\">- reducci\u00f3n de las vibraciones<\/span><\/div>\n<div>\n<div style=\"text-align: left;\">\t\t\t\t\t\t\t<span style=\"font-size:14px;\">- compensaci\u00f3n parcial de la dilataci\u00f3n t\u00e9rmica<\/span><\/div>\n<div style=\"text-align: left;\">\t\t\t\t\t\t\t<span style=\"font-size:14px;\">- Montaje f\u00e1cil y seguro mediante Philips combi&nbsp;<\/span><span style=\"font-size: 14px;\">tornillos laterales.<\/span><\/div>\n<div style=\"text-align: left;\">\t\t\t\t\t\t\t<span style=\"font-size:14px;\">- Los tornillos laterales est\u00e1n protegidos contra la p\u00e9rdida durante&nbsp;<\/span><span style=\"font-size: 14px;\">montar con la ayuda de arandelas de pl\u00e1stico<\/span><\/div>\n<div style=\"text-align: left;\">\t\t\t\t\t\t\t<span style=\"font-size:14px;\">- Electrogalvanizado de resistencia a la corrosi\u00f3n(Pl\u00e1stico&nbsp;<\/span><span style=\"font-size: 14px;\">espesor 8-10 micras)<\/span><\/div>\n<\/p><\/div>\n<\/td>\n<\/tr>\n<\/tbody>\n<\/table>\n<p>\t<img decoding=\"async\" alt=\"\" src=\"\/wp-content\/uploads\/2024\/05\/2-200326140012946.jpg\" style=\"width: 570px; height: 571px;\" \/><\/p>\n<\/div>","protected":false},"excerpt":{"rendered":"<p>Sistema de fijaci\u00f3n Abrazadera de tubo con tuerca<\/p>","protected":false},"featured_media":9849,"comment_status":"closed","ping_status":"closed","template":"","meta":[],"etheme_brands":[],"product_brand":[],"product_cat":[56],"product_tag":[],"class_list":{"0":"post-9847","1":"product","2":"type-product","3":"status-publish","4":"has-post-thumbnail","6":"product_cat-fixing-system","8":"first","9":"instock","10":"shipping-taxable","11":"product-type-simple"},"_links":{"self":[{"href":"https:\/\/chinafore.com\/es\/wp-json\/wp\/v2\/product\/9847","targetHints":{"allow":["GET"]}}],"collection":[{"href":"https:\/\/chinafore.com\/es\/wp-json\/wp\/v2\/product"}],"about":[{"href":"https:\/\/chinafore.com\/es\/wp-json\/wp\/v2\/types\/product"}],"replies":[{"embeddable":true,"href":"https:\/\/chinafore.com\/es\/wp-json\/wp\/v2\/comments?post=9847"}],"version-history":[{"count":1,"href":"https:\/\/chinafore.com\/es\/wp-json\/wp\/v2\/product\/9847\/revisions"}],"predecessor-version":[{"id":11201,"href":"https:\/\/chinafore.com\/es\/wp-json\/wp\/v2\/product\/9847\/revisions\/11201"}],"wp:featuredmedia":[{"embeddable":true,"href":"https:\/\/chinafore.com\/es\/wp-json\/wp\/v2\/media\/9849"}],"wp:attachment":[{"href":"https:\/\/chinafore.com\/es\/wp-json\/wp\/v2\/media?parent=9847"}],"wp:term":[{"taxonomy":"brand","embeddable":true,"href":"https:\/\/chinafore.com\/es\/wp-json\/wp\/v2\/etheme_brands?post=9847"},{"taxonomy":"product_brand","embeddable":true,"href":"https:\/\/chinafore.com\/es\/wp-json\/wp\/v2\/product_brand?post=9847"},{"taxonomy":"product_cat","embeddable":true,"href":"https:\/\/chinafore.com\/es\/wp-json\/wp\/v2\/product_cat?post=9847"},{"taxonomy":"product_tag","embeddable":true,"href":"https:\/\/chinafore.com\/es\/wp-json\/wp\/v2\/product_tag?post=9847"}],"curies":[{"name":"wp","href":"https:\/\/api.w.org\/{rel}","templated":true}]}}