{"id":9839,"date":"2024-05-30T12:26:00","date_gmt":"2024-05-30T12:26:00","guid":{"rendered":"https:\/\/green-giraffe-671934.hostingersite.com\/?post_type=product&#038;p=9839"},"modified":"2024-12-05T08:45:48","modified_gmt":"2024-12-05T08:45:48","slug":"pipe-clamp-with-combi-nut-without-rubber-ntc","status":"publish","type":"product","link":"https:\/\/chinafore.com\/es\/producto\/abrazadera-de-tubo-con-tuerca-combi-sin-goma-ntc\/","title":{"rendered":"Abrazadera de tubo con tuerca combinada sin goma Ntc"},"content":{"rendered":"<div class=\"container-text\">\n<div style=\"text-align: center;\">\t<strong><span style=\"font-size:36px;\">Abrazadera de tubo con tuerca combinada con goma - NTC<\/span><\/strong><\/p>\n<p>\t<img decoding=\"async\" alt=\"\" src=\"\/wp-content\/uploads\/2024\/05\/2-200326155422962.jpg\" \/><\/p>\n<table id=\"biaoge\" align=\"center\" border=\"1\" cellpadding=\"1\" cellspacing=\"1\">\n<tbody>\n<tr>\n<td>\t\t\t\t\t<strong><span style=\"font-size:14px;\">C\u00f3digo<\/span><\/strong><\/td>\n<td>\t\t\t\t\t<strong><span style=\"font-size:14px;\">Talla<\/span><\/strong><\/td>\n<td>\t\t\t\t\t<strong><span style=\"font-size:14px;\">Rango de sujeci\u00f3n(mm)<\/span><\/strong><\/td>\n<td>\t\t\t\t\t<strong><span style=\"font-size:14px;\">M<\/span><\/strong><\/td>\n<td>\t\t\t\t\t<strong><span style=\"font-size:14px;\">T(mm)<\/span><\/strong><\/td>\n<\/tr>\n<tr>\n<td>\t\t\t\t\tNTC008<\/td>\n<td>\t\t\t\t\t1\/4\"<\/td>\n<td>\t\t\t\t\t12-16<\/td>\n<td>\t\t\t\t\tM5<\/td>\n<td>\t\t\t\t\t7*70<\/td>\n<\/tr>\n<tr>\n<td>\t\t\t\t\tNTC010<\/td>\n<td>\t\t\t\t\t3\/8\"<\/td>\n<td>\t\t\t\t\t16-20<\/td>\n<td>\t\t\t\t\tM5<\/td>\n<td>\t\t\t\t\t7*70<\/td>\n<\/tr>\n<tr>\n<td>\t\t\t\t\tNTC015<\/td>\n<td>\t\t\t\t\t1\/2\"<\/td>\n<td>\t\t\t\t\t20-24<\/td>\n<td>\t\t\t\t\tM5<\/td>\n<td>\t\t\t\t\t7*70<\/td>\n<\/tr>\n<tr>\n<td>\t\t\t\t\tNTC020<\/td>\n<td>\t\t\t\t\t3\/4\"<\/td>\n<td>\t\t\t\t\t25-30<\/td>\n<td>\t\t\t\t\tM5<\/td>\n<td>\t\t\t\t\t7*70<\/td>\n<\/tr>\n<tr>\n<td>\t\t\t\t\tNTC025<\/td>\n<td>\t\t\t\t\t1\"<\/td>\n<td>\t\t\t\t\t32-37<\/td>\n<td>\t\t\t\t\tM5<\/td>\n<td>\t\t\t\t\t7*70<\/td>\n<\/tr>\n<tr>\n<td>\t\t\t\t\tNTC032<\/td>\n<td>\t\t\t\t\t1 1\/4\"<\/td>\n<td>\t\t\t\t\t39-46<\/td>\n<td>\t\t\t\t\tM5<\/td>\n<td>\t\t\t\t\t7*70<\/td>\n<\/tr>\n<tr>\n<td>\t\t\t\t\tNTC040<\/td>\n<td>\t\t\t\t\t1 1\/2\"<\/td>\n<td>\t\t\t\t\t47-53<\/td>\n<td>\t\t\t\t\tM5<\/td>\n<td>\t\t\t\t\t7*70<\/td>\n<\/tr>\n<tr>\n<td>\t\t\t\t\tNTC047<\/td>\n<td>\t\t\t\t\t53-59<\/td>\n<td>\t\t\t\t\t53-59<\/td>\n<td>\t\t\t\t\tM5<\/td>\n<td>\t\t\t\t\t7*70<\/td>\n<\/tr>\n<tr>\n<td>\t\t\t\t\tNTC050<\/td>\n<td>\t\t\t\t\t2\"<\/td>\n<td>\t\t\t\t\t59-66<\/td>\n<td>\t\t\t\t\tM5<\/td>\n<td>\t\t\t\t\t7*70<\/td>\n<\/tr>\n<tr>\n<td>\t\t\t\t\tNTC060<\/td>\n<td>\t\t\t\t\t66-73<\/td>\n<td>\t\t\t\t\t66-73<\/td>\n<td>\t\t\t\t\tM6<\/td>\n<td>\t\t\t\t\t7*70<\/td>\n<\/tr>\n<tr>\n<td>\t\t\t\t\tNTC065<\/td>\n<td>\t\t\t\t\t2 1\/2\"<\/td>\n<td>\t\t\t\t\t74-81<\/td>\n<td>\t\t\t\t\tM6<\/td>\n<td>\t\t\t\t\t7*70<\/td>\n<\/tr>\n<tr>\n<td>\t\t\t\t\tNTC075<\/td>\n<td>\t\t\t\t\t82-89<\/td>\n<td>\t\t\t\t\t82-89<\/td>\n<td>\t\t\t\t\tM6<\/td>\n<td>\t\t\t\t\t7*70<\/td>\n<\/tr>\n<tr>\n<td>\t\t\t\t\tNTC080<\/td>\n<td>\t\t\t\t\t3\"<\/td>\n<td>\t\t\t\t\t85-92<\/td>\n<td>\t\t\t\t\tM6<\/td>\n<td>\t\t\t\t\t7*70<\/td>\n<\/tr>\n<tr>\n<td>\t\t\t\t\tNTC085<\/td>\n<td>\t\t\t\t\t93-100<\/td>\n<td>\t\t\t\t\t93-100<\/td>\n<td>\t\t\t\t\tM6<\/td>\n<td>\t\t\t\t\t7*70<\/td>\n<\/tr>\n<tr>\n<td>\t\t\t\t\tNTC095<\/td>\n<td>\t\t\t\t\t101-108<\/td>\n<td>\t\t\t\t\t101-108<\/td>\n<td>\t\t\t\t\tM6<\/td>\n<td>\t\t\t\t\t7*70<\/td>\n<\/tr>\n<tr>\n<td>\t\t\t\t\tNTC100<\/td>\n<td>\t\t\t\t\t4\"<\/td>\n<td>\t\t\t\t\t107-117<\/td>\n<td>\t\t\t\t\tM6<\/td>\n<td>\t\t\t\t\t7*70<\/td>\n<\/tr>\n<tr>\n<td>\t\t\t\t\tNTC110<\/td>\n<td>\t\t\t\t\t120-130<\/td>\n<td>\t\t\t\t\t120-130<\/td>\n<td>\t\t\t\t\tM6<\/td>\n<td>\t\t\t\t\t7*70<\/td>\n<\/tr>\n<\/tbody>\n<\/table>\n<p>\t<\/p>\n<table id=\"biaoge\" align=\"center\" border=\"0\" cellpadding=\"1\" cellspacing=\"1\">\n<tbody>\n<tr>\n<td>\n<div style=\"text-align: left;\">\t\t\t\t\t\t<span style=\"font-size:14px;\"><strong><span style=\"font-size:16px;\">Especificaciones<\/span><\/strong><\/p>\n<p>\t\t\t\t\t\t- Se utiliza para el montaje de tuber\u00edas en las paredes (vertical\/horizontal).<\/span><span style=\"font-size: 14px;\">techos y suelos.<\/span><\/div>\n<div style=\"text-align: left;\">\t\t\t\t\t\t<span style=\"font-size:14px;\">- Debe utilizarse un tap\u00f3n de pl\u00e1stico para la fijaci\u00f3n.<\/span><\/div>\n<div style=\"text-align: left;\">\t\t\t\t\t\t<span style=\"font-size:14px;\">- Revestimiento de EPDM para;<\/span><\/div>\n<div style=\"text-align: left;\">\t\t\t\t\t\t<span style=\"font-size:14px;\">- nivel de reducci\u00f3n de ruido de hasta 15 dB seg\u00fan DIN 4109<\/span><\/div>\n<div style=\"text-align: left;\">\t\t\t\t\t\t<span style=\"font-size:14px;\">- Reducci\u00f3n de las vibraciones<\/span><\/div>\n<div>\n<div style=\"text-align: left;\">\t\t\t\t\t\t\t<span style=\"font-size:14px;\">- compensaci\u00f3n parcial de la dilataci\u00f3n t\u00e9rmica.<\/span><\/div>\n<div style=\"text-align: left;\">\t\t\t\t\t\t\t<span style=\"font-size:14px;\">-F\u00e1cil y seguro montaje mediante tornillos laterales Philips combi.<\/span><\/div>\n<div style=\"text-align: left;\">\t\t\t\t\t\t\t<span style=\"font-size:14px;\">-Los tornillos laterales est\u00e1n protegidos contra la p\u00e9rdida durante el montaje con&nbsp;<\/span><span style=\"font-size: 14px;\">con la ayuda de arandelas de pl\u00e1stico.<\/span><\/div>\n<div style=\"text-align: left;\">\t\t\t\t\t\t\t<span style=\"font-size:14px;\">-Electrogalvanizado para resistir a la corrosi\u00f3n(Espesor del chapado&nbsp;<\/span><span style=\"font-size: 14px;\">8-10 micras)<\/span><\/div>\n<\/p><\/div>\n<\/td>\n<\/tr>\n<\/tbody>\n<\/table>\n<p>\t<img decoding=\"async\" alt=\"\" src=\"\/wp-content\/uploads\/2024\/05\/2-200326161310600.jpg\" style=\"width: 570px; height: 618px;\" \/><\/p>\n<\/div>","protected":false},"excerpt":{"rendered":"<p>Abrazadera de tubo con tuerca combinada sin goma Ntc<\/p>","protected":false},"featured_media":9841,"comment_status":"closed","ping_status":"closed","template":"","meta":[],"etheme_brands":[],"product_brand":[],"product_cat":[56],"product_tag":[],"class_list":{"0":"post-9839","1":"product","2":"type-product","3":"status-publish","4":"has-post-thumbnail","6":"product_cat-fixing-system","8":"first","9":"instock","10":"shipping-taxable","11":"product-type-simple"},"_links":{"self":[{"href":"https:\/\/chinafore.com\/es\/wp-json\/wp\/v2\/product\/9839","targetHints":{"allow":["GET"]}}],"collection":[{"href":"https:\/\/chinafore.com\/es\/wp-json\/wp\/v2\/product"}],"about":[{"href":"https:\/\/chinafore.com\/es\/wp-json\/wp\/v2\/types\/product"}],"replies":[{"embeddable":true,"href":"https:\/\/chinafore.com\/es\/wp-json\/wp\/v2\/comments?post=9839"}],"version-history":[{"count":1,"href":"https:\/\/chinafore.com\/es\/wp-json\/wp\/v2\/product\/9839\/revisions"}],"predecessor-version":[{"id":11193,"href":"https:\/\/chinafore.com\/es\/wp-json\/wp\/v2\/product\/9839\/revisions\/11193"}],"wp:featuredmedia":[{"embeddable":true,"href":"https:\/\/chinafore.com\/es\/wp-json\/wp\/v2\/media\/9841"}],"wp:attachment":[{"href":"https:\/\/chinafore.com\/es\/wp-json\/wp\/v2\/media?parent=9839"}],"wp:term":[{"taxonomy":"brand","embeddable":true,"href":"https:\/\/chinafore.com\/es\/wp-json\/wp\/v2\/etheme_brands?post=9839"},{"taxonomy":"product_brand","embeddable":true,"href":"https:\/\/chinafore.com\/es\/wp-json\/wp\/v2\/product_brand?post=9839"},{"taxonomy":"product_cat","embeddable":true,"href":"https:\/\/chinafore.com\/es\/wp-json\/wp\/v2\/product_cat?post=9839"},{"taxonomy":"product_tag","embeddable":true,"href":"https:\/\/chinafore.com\/es\/wp-json\/wp\/v2\/product_tag?post=9839"}],"curies":[{"name":"wp","href":"https:\/\/api.w.org\/{rel}","templated":true}]}}