{"id":9835,"date":"2024-05-30T12:26:00","date_gmt":"2024-05-30T12:26:00","guid":{"rendered":"https:\/\/green-giraffe-671934.hostingersite.com\/?post_type=product&#038;p=9835"},"modified":"2024-12-05T08:45:48","modified_gmt":"2024-12-05T08:45:48","slug":"ventilation-pipe-clamp-with-nut","status":"publish","type":"product","link":"https:\/\/chinafore.com\/es\/producto\/abrazadera-de-tubo-de-ventilacion-con-tuerca\/","title":{"rendered":"Abrazadera de tubo de ventilaci\u00f3n (con tuerca)"},"content":{"rendered":"<div class=\"container-text\">\n<div style=\"text-align: center;\">\t<strong><span style=\"font-size:36px;\">Abrazadera para tubo de ventilaci\u00f3n con tuerca - NPA<\/span><\/strong><\/p>\n<p>\t<img decoding=\"async\" alt=\"\" src=\"\/wp-content\/uploads\/2024\/05\/2-2003261630492F.jpg\" \/><\/p>\n<table id=\"biaoge\" align=\"center\" border=\"1\" cellpadding=\"1\" cellspacing=\"1\">\n<tbody>\n<tr>\n<td>\t\t\t\t\t<strong><span style=\"font-size:14px;\">Talla<\/span><\/strong><\/td>\n<td>\t\t\t\t\t<strong><span style=\"font-size:14px;\">Rango de fijaci\u00f3n(mm)<\/span><\/strong><\/td>\n<td>\t\t\t\t\t<strong><span style=\"font-size:14px;\">Perno<\/span><\/strong><\/td>\n<td>\t\t\t\t\t<strong><span style=\"font-size:14px;\">Secci\u00f3n de acero (mm)<\/span><\/strong><\/td>\n<td>\t\t\t\t\t<strong><span style=\"font-size:14px;\">Tuerca<\/span><\/strong><\/td>\n<\/tr>\n<tr>\n<td>\t\t\t\t\t80<\/td>\n<td>\t\t\t\t\t82.4<\/td>\n<td>\t\t\t\t\tM6<\/td>\n<td>\t\t\t\t\t2.0&#215;25<\/td>\n<td>\t\t\t\t\tM8\/M10<\/td>\n<\/tr>\n<tr>\n<td>\t\t\t\t\t100<\/td>\n<td>\t\t\t\t\t103.6<\/td>\n<td>\t\t\t\t\tM6<\/td>\n<td>\t\t\t\t\t2.0&#215;25<\/td>\n<td>\t\t\t\t\tM8\/M10<\/td>\n<\/tr>\n<tr>\n<td>\t\t\t\t\t125<\/td>\n<td>\t\t\t\t\t128.6<\/td>\n<td>\t\t\t\t\tM6<\/td>\n<td>\t\t\t\t\t2.0&#215;25<\/td>\n<td>\t\t\t\t\tM8\/M10<\/td>\n<\/tr>\n<tr>\n<td>\t\t\t\t\t140<\/td>\n<td>\t\t\t\t\t143.6<\/td>\n<td>\t\t\t\t\tM6<\/td>\n<td>\t\t\t\t\t2.0&#215;25<\/td>\n<td>\t\t\t\t\tM8\/M10<\/td>\n<\/tr>\n<tr>\n<td>\t\t\t\t\t150<\/td>\n<td>\t\t\t\t\t153.6<\/td>\n<td>\t\t\t\t\tM6<\/td>\n<td>\t\t\t\t\t2.0&#215;25<\/td>\n<td>\t\t\t\t\tM8\/M10<\/td>\n<\/tr>\n<tr>\n<td>\t\t\t\t\t160<\/td>\n<td>\t\t\t\t\t163.6<\/td>\n<td>\t\t\t\t\tM6<\/td>\n<td>\t\t\t\t\t2.0&#215;25<\/td>\n<td>\t\t\t\t\tM8\/M10<\/td>\n<\/tr>\n<tr>\n<td>\t\t\t\t\t180<\/td>\n<td>\t\t\t\t\t183.6<\/td>\n<td>\t\t\t\t\tM6<\/td>\n<td>\t\t\t\t\t2.0&#215;25<\/td>\n<td>\t\t\t\t\tM8\/M10<\/td>\n<\/tr>\n<tr>\n<td>\t\t\t\t\t200<\/td>\n<td>\t\t\t\t\t203.6<\/td>\n<td>\t\t\t\t\tM6<\/td>\n<td>\t\t\t\t\t2.0&#215;25<\/td>\n<td>\t\t\t\t\tM8\/M10<\/td>\n<\/tr>\n<tr>\n<td>\t\t\t\t\t224<\/td>\n<td>\t\t\t\t\t227.6<\/td>\n<td>\t\t\t\t\tM6<\/td>\n<td>\t\t\t\t\t2.0&#215;25<\/td>\n<td>\t\t\t\t\tM8\/M10<\/td>\n<\/tr>\n<tr>\n<td>\t\t\t\t\t250<\/td>\n<td>\t\t\t\t\t253.6<\/td>\n<td>\t\t\t\t\tM6<\/td>\n<td>\t\t\t\t\t2.0&#215;25<\/td>\n<td>\t\t\t\t\tM8\/M10<\/td>\n<\/tr>\n<tr>\n<td>\t\t\t\t\t280<\/td>\n<td>\t\t\t\t\t284.8<\/td>\n<td>\t\t\t\t\tM6<\/td>\n<td>\t\t\t\t\t2.0&#215;25<\/td>\n<td>\t\t\t\t\tM8\/M10<\/td>\n<\/tr>\n<tr>\n<td>\t\t\t\t\t300<\/td>\n<td>\t\t\t\t\t304.6<\/td>\n<td>\t\t\t\t\tM6<\/td>\n<td>\t\t\t\t\t2.0&#215;25<\/td>\n<td>\t\t\t\t\tM8\/M10<\/td>\n<\/tr>\n<tr>\n<td>\t\t\t\t\t315<\/td>\n<td>\t\t\t\t\t319.8<\/td>\n<td>\t\t\t\t\tM6<\/td>\n<td>\t\t\t\t\t2.0&#215;25<\/td>\n<td>\t\t\t\t\tM8\/M10<\/td>\n<\/tr>\n<tr>\n<td>\t\t\t\t\t355<\/td>\n<td>\t\t\t\t\t359.8<\/td>\n<td>\t\t\t\t\tM6<\/td>\n<td>\t\t\t\t\t2.0&#215;25<\/td>\n<td>\t\t\t\t\tM8\/M10<\/td>\n<\/tr>\n<tr>\n<td>\t\t\t\t\t400<\/td>\n<td>\t\t\t\t\t404.8<\/td>\n<td>\t\t\t\t\tM6<\/td>\n<td>\t\t\t\t\t2.0&#215;25<\/td>\n<td>\t\t\t\t\tM8\/M10<\/td>\n<\/tr>\n<tr>\n<td>\t\t\t\t\t450<\/td>\n<td>\t\t\t\t\t456.4<\/td>\n<td>\t\t\t\t\tM10<\/td>\n<td>\t\t\t\t\t2.0&#215;25<\/td>\n<td>\t\t\t\t\tM8\/M10<\/td>\n<\/tr>\n<tr>\n<td>\t\t\t\t\t500<\/td>\n<td>\t\t\t\t\t504.8<\/td>\n<td>\t\t\t\t\tM10<\/td>\n<td>\t\t\t\t\t2.0&#215;25<\/td>\n<td>\t\t\t\t\tM8\/M10<\/td>\n<\/tr>\n<tr>\n<td>\t\t\t\t\t560<\/td>\n<td>\t\t\t\t\t564.8<\/td>\n<td>\t\t\t\t\tM10<\/td>\n<td>\t\t\t\t\t2.0&#215;25<\/td>\n<td>\t\t\t\t\tM8\/M10<\/td>\n<\/tr>\n<tr>\n<td>\t\t\t\t\t600<\/td>\n<td>\t\t\t\t\t604.8<\/td>\n<td>\t\t\t\t\tM10<\/td>\n<td>\t\t\t\t\t2.0&#215;25<\/td>\n<td>\t\t\t\t\tM8\/M10<\/td>\n<\/tr>\n<tr>\n<td>\t\t\t\t\t630<\/td>\n<td>\t\t\t\t\t636.0<\/td>\n<td>\t\t\t\t\tM10<\/td>\n<td>\t\t\t\t\t2.0&#215;25<\/td>\n<td>\t\t\t\t\tM8\/M10<\/td>\n<\/tr>\n<tr>\n<td>\t\t\t\t\t710<\/td>\n<td>\t\t\t\t\t716.0<\/td>\n<td>\t\t\t\t\tM12<\/td>\n<td>\t\t\t\t\t2.0&#215;25<\/td>\n<td>\t\t\t\t\tM8\/M10<\/td>\n<\/tr>\n<tr>\n<td>\t\t\t\t\t800<\/td>\n<td>\t\t\t\t\t806.0<\/td>\n<td>\t\t\t\t\tM12<\/td>\n<td>\t\t\t\t\t2.0&#215;25<\/td>\n<td>\t\t\t\t\tM8\/M10<\/td>\n<\/tr>\n<tr>\n<td>\t\t\t\t\t900<\/td>\n<td>\t\t\t\t\t906.0<\/td>\n<td>\t\t\t\t\tM12<\/td>\n<td>\t\t\t\t\t2.0&#215;25<\/td>\n<td>\t\t\t\t\tM8\/M10<\/td>\n<\/tr>\n<tr>\n<td>\t\t\t\t\t1000<\/td>\n<td>\t\t\t\t\t1007.2<\/td>\n<td>\t\t\t\t\tM12<\/td>\n<td>\t\t\t\t\t2.0&#215;25<\/td>\n<td>\t\t\t\t\tM8\/M10<\/td>\n<\/tr>\n<tr>\n<td>\t\t\t\t\t1120<\/td>\n<td>\t\t\t\t\t1127.2<\/td>\n<td>\t\t\t\t\tM12<\/td>\n<td>\t\t\t\t\t2.0&#215;25<\/td>\n<td>\t\t\t\t\tM8\/M10<\/td>\n<\/tr>\n<tr>\n<td>\t\t\t\t\t1250<\/td>\n<td>\t\t\t\t\t1257.2<\/td>\n<td>\t\t\t\t\tM12<\/td>\n<td>\t\t\t\t\t2.0&#215;25<\/td>\n<td>\t\t\t\t\tM8\/M10<\/td>\n<\/tr>\n<\/tbody>\n<\/table>\n<p>\t<\/p>\n<table id=\"biaoge\" align=\"center\" border=\"0\" cellpadding=\"1\" cellspacing=\"1\">\n<tbody>\n<tr>\n<td>\n<div style=\"text-align: left;\">\t\t\t\t\t\t<span style=\"font-size:14px;\"><strong><span style=\"font-size:16px;\">Especificaciones<\/span><\/strong><\/p>\n<p>\t\t\t\t\t\t-Es una abrazadera de montaje seguro que se utiliza para el montaje de cil\u00edndricos&nbsp;<\/span><span style=\"font-size: 14px;\">canal de aire<br \/>\t\t\t\t\t\t(vertical\/horizontal), techos y suelos.<\/span><\/div>\n<div style=\"text-align: left;\">\t\t\t\t\t\t<span style=\"font-size:14px;\">-Forro de EPMD para;<\/span><\/div>\n<div style=\"text-align: left;\">\t\t\t\t\t\t<span style=\"font-size:14px;\">-Nivel de reducci\u00f3n de ruido de hasta 15 dB seg\u00fan DIN 4109<\/span><\/div>\n<div style=\"text-align: left;\">\t\t\t\t\t\t<span style=\"font-size:14px;\">-Reducci\u00f3n de las vibraciones<\/span><\/div>\n<div>\n<div style=\"text-align: left;\">\t\t\t\t\t\t\t<span style=\"font-size:14px;\">-Compensaci\u00f3n parcial de la dilataci\u00f3n t\u00e9rmica.<\/span><\/div>\n<div style=\"text-align: left;\">\t\t\t\t\t\t\t<span style=\"font-size:14px;\">-Montaje f\u00e1cil y seguro gracias a Philips combi&nbsp;<\/span><span style=\"font-size: 14px;\">tornillos laterales.<\/span><\/div>\n<div style=\"text-align: left;\">\t\t\t\t\t\t\t<span style=\"font-size:14px;\">-Electrogalvanizado para resistir la corrosi\u00f3n&nbsp;<\/span><span style=\"font-size: 14px;\">(8-10 micras)<\/span><\/div>\n<\/p><\/div>\n<\/td>\n<\/tr>\n<\/tbody>\n<\/table>\n<p>\t<img decoding=\"async\" alt=\"\" src=\"\/wp-content\/uploads\/2024\/05\/2-2003261A02Ob.jpg\" style=\"width: 570px; height: 382px;\" \/>\t<\/p>\n<div>\t\t&nbsp;<\/div>\n<\/div>\n<p><\/div>","protected":false},"excerpt":{"rendered":"<p>Abrazadera de tubo de ventilaci\u00f3n (con tuerca)<\/p>","protected":false},"featured_media":9837,"comment_status":"closed","ping_status":"closed","template":"","meta":[],"etheme_brands":[],"product_brand":[],"product_cat":[56],"product_tag":[],"class_list":{"0":"post-9835","1":"product","2":"type-product","3":"status-publish","4":"has-post-thumbnail","6":"product_cat-fixing-system","8":"first","9":"instock","10":"shipping-taxable","11":"product-type-simple"},"_links":{"self":[{"href":"https:\/\/chinafore.com\/es\/wp-json\/wp\/v2\/product\/9835","targetHints":{"allow":["GET"]}}],"collection":[{"href":"https:\/\/chinafore.com\/es\/wp-json\/wp\/v2\/product"}],"about":[{"href":"https:\/\/chinafore.com\/es\/wp-json\/wp\/v2\/types\/product"}],"replies":[{"embeddable":true,"href":"https:\/\/chinafore.com\/es\/wp-json\/wp\/v2\/comments?post=9835"}],"version-history":[{"count":1,"href":"https:\/\/chinafore.com\/es\/wp-json\/wp\/v2\/product\/9835\/revisions"}],"predecessor-version":[{"id":11189,"href":"https:\/\/chinafore.com\/es\/wp-json\/wp\/v2\/product\/9835\/revisions\/11189"}],"wp:featuredmedia":[{"embeddable":true,"href":"https:\/\/chinafore.com\/es\/wp-json\/wp\/v2\/media\/9837"}],"wp:attachment":[{"href":"https:\/\/chinafore.com\/es\/wp-json\/wp\/v2\/media?parent=9835"}],"wp:term":[{"taxonomy":"brand","embeddable":true,"href":"https:\/\/chinafore.com\/es\/wp-json\/wp\/v2\/etheme_brands?post=9835"},{"taxonomy":"product_brand","embeddable":true,"href":"https:\/\/chinafore.com\/es\/wp-json\/wp\/v2\/product_brand?post=9835"},{"taxonomy":"product_cat","embeddable":true,"href":"https:\/\/chinafore.com\/es\/wp-json\/wp\/v2\/product_cat?post=9835"},{"taxonomy":"product_tag","embeddable":true,"href":"https:\/\/chinafore.com\/es\/wp-json\/wp\/v2\/product_tag?post=9835"}],"curies":[{"name":"wp","href":"https:\/\/api.w.org\/{rel}","templated":true}]}}