{"id":9831,"date":"2024-05-30T12:26:00","date_gmt":"2024-05-30T12:26:00","guid":{"rendered":"https:\/\/green-giraffe-671934.hostingersite.com\/?post_type=product&#038;p=9831"},"modified":"2024-12-05T08:45:48","modified_gmt":"2024-12-05T08:45:48","slug":"pipe-clamp-for-pvc-nam","status":"publish","type":"product","link":"https:\/\/chinafore.com\/es\/producto\/abrazadera-de-tubo-para-pvc-nam\/","title":{"rendered":"Abrazadera de tubo para PVC Nam"},"content":{"rendered":"<div class=\"container-text\">\n<div style=\"text-align: center;\">\t<strong><span style=\"font-size:36px;\">Abrazadera de tubo resistente con manguito-NAM<\/span><\/strong><\/p>\n<p>\t<img decoding=\"async\" alt=\"\" src=\"\/wp-content\/uploads\/2024\/05\/2-20032G00103X7.jpg\" \/><\/p>\n<table id=\"biaoge\" align=\"center\" border=\"1\" cellpadding=\"1\" cellspacing=\"1\">\n<tbody>\n<tr>\n<td>\t\t\t\t\t<strong><span style=\"font-size:14px;\">C\u00f3digo No<\/span><\/strong><\/td>\n<td>\t\t\t\t\t<strong><span style=\"font-size:14px;\">Talla<\/span><\/strong><\/td>\n<td>\t\t\t\t\t<strong><span style=\"font-size:14px;\">Rango de sujeci\u00f3n(mm)<\/span><\/strong><\/td>\n<td>\t\t\t\t\t<strong><span style=\"font-size:14px;\">L(mm)<\/span><\/strong><\/td>\n<td>\t\t\t\t\t<strong><span style=\"font-size:14px;\">H(mm)<\/span><\/strong><\/td>\n<td>\t\t\t\t\t<strong><span style=\"font-size:14px;\">M<\/span><\/strong><\/td>\n<td>\t\t\t\t\t<strong><span style=\"font-size:14px;\">SxB(mm)<\/span><\/strong><\/td>\n<td>\t\t\t\t\t<strong><span style=\"font-size:14px;\">Manga<\/span><\/strong><\/td>\n<\/tr>\n<tr>\n<td>\t\t\t\t\tNAM15015<\/td>\n<td>\t\t\t\t\t1\/2\"<\/td>\n<td>\t\t\t\t\t20-24<\/td>\n<td>\t\t\t\t\t84<\/td>\n<td>\t\t\t\t\t35<\/td>\n<td>\t\t\t\t\tM8<\/td>\n<td>\t\t\t\t\t2.5&#215;30<\/td>\n<td>\t\t\t\t\t1\/2<\/td>\n<\/tr>\n<tr>\n<td>\t\t\t\t\tNAM15020<\/td>\n<td>\t\t\t\t\t3\/4\"<\/td>\n<td>\t\t\t\t\t25-32<\/td>\n<td>\t\t\t\t\t90<\/td>\n<td>\t\t\t\t\t38<\/td>\n<td>\t\t\t\t\tM8<\/td>\n<td>\t\t\t\t\t2.5&#215;30<\/td>\n<td>\t\t\t\t\t1\/2<\/td>\n<\/tr>\n<tr>\n<td>\t\t\t\t\tNAM15025<\/td>\n<td>\t\t\t\t\t1\"<\/td>\n<td>\t\t\t\t\t32-38<\/td>\n<td>\t\t\t\t\t98<\/td>\n<td>\t\t\t\t\t42<\/td>\n<td>\t\t\t\t\tM8<\/td>\n<td>\t\t\t\t\t2.5&#215;30<\/td>\n<td>\t\t\t\t\t1\/2<\/td>\n<\/tr>\n<tr>\n<td>\t\t\t\t\tNAM15032<\/td>\n<td>\t\t\t\t\t1 1\/4\"<\/td>\n<td>\t\t\t\t\t39-46<\/td>\n<td>\t\t\t\t\t106<\/td>\n<td>\t\t\t\t\t46<\/td>\n<td>\t\t\t\t\tM8<\/td>\n<td>\t\t\t\t\t2.5&#215;30<\/td>\n<td>\t\t\t\t\t1\/2<\/td>\n<\/tr>\n<tr>\n<td>\t\t\t\t\tNAM15040<\/td>\n<td>\t\t\t\t\t1 1\/2\"<\/td>\n<td>\t\t\t\t\t48-53<\/td>\n<td>\t\t\t\t\t114.5<\/td>\n<td>\t\t\t\t\t50<\/td>\n<td>\t\t\t\t\tM8<\/td>\n<td>\t\t\t\t\t2.5&#215;30<\/td>\n<td>\t\t\t\t\t1\/2<\/td>\n<\/tr>\n<tr>\n<td>\t\t\t\t\tNAM15050<\/td>\n<td>\t\t\t\t\t2\"<\/td>\n<td>\t\t\t\t\t59-66<\/td>\n<td>\t\t\t\t\t127<\/td>\n<td>\t\t\t\t\t56<\/td>\n<td>\t\t\t\t\tM8<\/td>\n<td>\t\t\t\t\t2.5&#215;30<\/td>\n<td>\t\t\t\t\t1\/2<\/td>\n<\/tr>\n<tr>\n<td>\t\t\t\t\tNAM15065<\/td>\n<td>\t\t\t\t\t2 1\/2\"<\/td>\n<td>\t\t\t\t\t74-80<\/td>\n<td>\t\t\t\t\t152<\/td>\n<td>\t\t\t\t\t65<\/td>\n<td>\t\t\t\t\tM10<\/td>\n<td>\t\t\t\t\t3.0&#215;30<\/td>\n<td>\t\t\t\t\t1\/2<\/td>\n<\/tr>\n<tr>\n<td>\t\t\t\t\tNAM15080<\/td>\n<td>\t\t\t\t\t3\"<\/td>\n<td>\t\t\t\t\t87-94<\/td>\n<td>\t\t\t\t\t163<\/td>\n<td>\t\t\t\t\t70<\/td>\n<td>\t\t\t\t\tM10<\/td>\n<td>\t\t\t\t\t3.0&#215;30<\/td>\n<td>\t\t\t\t\t1\/2<\/td>\n<\/tr>\n<tr>\n<td>\t\t\t\t\tNAM15100<\/td>\n<td>\t\t\t\t\t4\"<\/td>\n<td>\t\t\t\t\t108-116<\/td>\n<td>\t\t\t\t\t188<\/td>\n<td>\t\t\t\t\t83<\/td>\n<td>\t\t\t\t\tM10<\/td>\n<td>\t\t\t\t\t3.0&#215;30<\/td>\n<td>\t\t\t\t\t1\/2<\/td>\n<\/tr>\n<tr>\n<td>\t\t\t\t\tNAM15125<\/td>\n<td>\t\t\t\t\t5\"<\/td>\n<td>\t\t\t\t\t135-143<\/td>\n<td>\t\t\t\t\t230<\/td>\n<td>\t\t\t\t\t98<\/td>\n<td>\t\t\t\t\tM12<\/td>\n<td>\t\t\t\t\t4.0&#215;30<\/td>\n<td>\t\t\t\t\t1\/2<\/td>\n<\/tr>\n<tr>\n<td>\t\t\t\t\tNAM15150<\/td>\n<td>\t\t\t\t\t6\"<\/td>\n<td>\t\t\t\t\t162-170<\/td>\n<td>\t\t\t\t\t258<\/td>\n<td>\t\t\t\t\t105<\/td>\n<td>\t\t\t\t\tM12<\/td>\n<td>\t\t\t\t\t4.0&#215;30<\/td>\n<td>\t\t\t\t\t1\/2<\/td>\n<\/tr>\n<tr>\n<td>\t\t\t\t\tNAM15200<\/td>\n<td>\t\t\t\t\t8\"<\/td>\n<td>\t\t\t\t\t216-224<\/td>\n<td>\t\t\t\t\t316<\/td>\n<td>\t\t\t\t\t132<\/td>\n<td>\t\t\t\t\tM12<\/td>\n<td>\t\t\t\t\t4.0&#215;30<\/td>\n<td>\t\t\t\t\t1\/2<\/td>\n<\/tr>\n<tr>\n<td>\t\t\t\t\tNAM15250<\/td>\n<td>\t\t\t\t\t10\"<\/td>\n<td>\t\t\t\t\t260-274<\/td>\n<td>\t\t\t\t\t365<\/td>\n<td>\t\t\t\t\t159<\/td>\n<td>\t\t\t\t\tM12<\/td>\n<td>\t\t\t\t\t4.0&#215;30<\/td>\n<td>\t\t\t\t\t1\/2<\/td>\n<\/tr>\n<tr>\n<td>\t\t\t\t\tNAM15300<\/td>\n<td>\t\t\t\t\t12\"<\/td>\n<td>\t\t\t\t\t324<\/td>\n<td>\t\t\t\t\t421<\/td>\n<td>\t\t\t\t\t187<\/td>\n<td>\t\t\t\t\tM16<\/td>\n<td>\t\t\t\t\t5.0&#215;30<\/td>\n<td>\t\t\t\t\t1\/2<\/td>\n<\/tr>\n<tr>\n<td>\t\t\t\t\tNAM15350<\/td>\n<td>\t\t\t\t\t14\"<\/td>\n<td>\t\t\t\t\t355.6<\/td>\n<td>\t\t\t\t\t453<\/td>\n<td>\t\t\t\t\t202<\/td>\n<td>\t\t\t\t\tM16<\/td>\n<td>\t\t\t\t\t5.0&#215;30<\/td>\n<td>\t\t\t\t\t1\/2<\/td>\n<\/tr>\n<tr>\n<td>\t\t\t\t\tNAM15400<\/td>\n<td>\t\t\t\t\t16\"<\/td>\n<td>\t\t\t\t\t406.4<\/td>\n<td>\t\t\t\t\t504<\/td>\n<td>\t\t\t\t\t228<\/td>\n<td>\t\t\t\t\tM16<\/td>\n<td>\t\t\t\t\t5.0&#215;30<\/td>\n<td>\t\t\t\t\t1\/2<\/td>\n<\/tr>\n<tr>\n<td>\t\t\t\t\tNAM15450<\/td>\n<td>\t\t\t\t\t18\"<\/td>\n<td>\t\t\t\t\t547<\/td>\n<td>\t\t\t\t\t564<\/td>\n<td>\t\t\t\t\t245<\/td>\n<td>\t\t\t\t\tM16<\/td>\n<td>\t\t\t\t\t7.0&#215;70<\/td>\n<td>\t\t\t\t\t1\/2<\/td>\n<\/tr>\n<tr>\n<td>\t\t\t\t\tNAM15500<\/td>\n<td>\t\t\t\t\t20\"<\/td>\n<td>\t\t\t\t\t508<\/td>\n<td>\t\t\t\t\t621<\/td>\n<td>\t\t\t\t\t275<\/td>\n<td>\t\t\t\t\tM16<\/td>\n<td>\t\t\t\t\t7.0&#215;70<\/td>\n<td>\t\t\t\t\t1\/2<\/td>\n<\/tr>\n<\/tbody>\n<\/table>\n<div style=\"text-align: left;\">\t\t&nbsp;<\/div>\n<table id=\"biaoge\" align=\"center\" border=\"0\" cellpadding=\"1\" cellspacing=\"1\">\n<tbody>\n<tr>\n<td>\n<div style=\"text-align: left;\">\t\t\t\t\t\t<strong><span style=\"font-size:16px;\">Especificaciones<\/span><\/strong><br \/>\t\t\t\t\t\t<span style=\"font-size:14px;\">-Abrazaderas de tubo de alta resistencia para el montaje de tuber\u00edas a&nbsp;<\/span><span style=\"font-size: 14px;\">las paredes (vertical\/horizontal),<br \/>\t\t\t\t\t\ttechos y suelos.<\/span><\/div>\n<div style=\"text-align: left;\">\t\t\t\t\t\t<span style=\"font-size:14px;\">-Forro de EPMD para;<\/span><\/div>\n<div style=\"text-align: left;\">\t\t\t\t\t\t<span style=\"font-size:14px;\">-Nivel de reducci\u00f3n de ruido de hasta 15 dB seg\u00fan DIN 4109<\/span><\/div>\n<div style=\"text-align: left;\">\t\t\t\t\t\t<span style=\"font-size:14px;\">-Reducci\u00f3n de las vibraciones<\/span><\/div>\n<div>\n<div style=\"text-align: left;\">\t\t\t\t\t\t\t<span style=\"font-size:14px;\">-Compensaci\u00f3n parcial de la dilataci\u00f3n t\u00e9rmica.<\/span><\/div>\n<div style=\"text-align: left;\">\t\t\t\t\t\t\t<span style=\"font-size:14px;\">-F\u00e1cil y seguro montaje mediante tornillos laterales Philips combi.<\/span><\/div>\n<div style=\"text-align: left;\">\t\t\t\t\t\t\t<span style=\"font-size:14px;\">-Los tornillos laterales est\u00e1n protegidos contra la p\u00e9rdida durante el montaje&nbsp;<\/span><span style=\"font-size: 14px;\">con la ayuda de arandelas de pl\u00e1stico.<\/span><\/div>\n<div style=\"text-align: left;\">\t\t\t\t\t\t\t<span style=\"font-size:14px;\">-Electrogalvanizado para resistir la corrosi\u00f3n<\/span><span style=\"font-size: 14px;\">(Espesor de la pasta 8-10 micras)<\/span><\/div>\n<\/p><\/div>\n<\/td>\n<\/tr>\n<\/tbody>\n<\/table>\n<p>\t<img decoding=\"async\" alt=\"\" src=\"\/wp-content\/uploads\/2024\/05\/2-20032G05035594.jpg\" style=\"width: 570px; height: 584px;\" \/><\/div>\n<p><\/div>","protected":false},"excerpt":{"rendered":"<p>Abrazadera de tubo para PVC Nam<\/p>","protected":false},"featured_media":9833,"comment_status":"closed","ping_status":"closed","template":"","meta":[],"etheme_brands":[],"product_brand":[],"product_cat":[56],"product_tag":[],"class_list":{"0":"post-9831","1":"product","2":"type-product","3":"status-publish","4":"has-post-thumbnail","6":"product_cat-fixing-system","8":"first","9":"instock","10":"shipping-taxable","11":"product-type-simple"},"_links":{"self":[{"href":"https:\/\/chinafore.com\/es\/wp-json\/wp\/v2\/product\/9831","targetHints":{"allow":["GET"]}}],"collection":[{"href":"https:\/\/chinafore.com\/es\/wp-json\/wp\/v2\/product"}],"about":[{"href":"https:\/\/chinafore.com\/es\/wp-json\/wp\/v2\/types\/product"}],"replies":[{"embeddable":true,"href":"https:\/\/chinafore.com\/es\/wp-json\/wp\/v2\/comments?post=9831"}],"version-history":[{"count":1,"href":"https:\/\/chinafore.com\/es\/wp-json\/wp\/v2\/product\/9831\/revisions"}],"predecessor-version":[{"id":11185,"href":"https:\/\/chinafore.com\/es\/wp-json\/wp\/v2\/product\/9831\/revisions\/11185"}],"wp:featuredmedia":[{"embeddable":true,"href":"https:\/\/chinafore.com\/es\/wp-json\/wp\/v2\/media\/9833"}],"wp:attachment":[{"href":"https:\/\/chinafore.com\/es\/wp-json\/wp\/v2\/media?parent=9831"}],"wp:term":[{"taxonomy":"brand","embeddable":true,"href":"https:\/\/chinafore.com\/es\/wp-json\/wp\/v2\/etheme_brands?post=9831"},{"taxonomy":"product_brand","embeddable":true,"href":"https:\/\/chinafore.com\/es\/wp-json\/wp\/v2\/product_brand?post=9831"},{"taxonomy":"product_cat","embeddable":true,"href":"https:\/\/chinafore.com\/es\/wp-json\/wp\/v2\/product_cat?post=9831"},{"taxonomy":"product_tag","embeddable":true,"href":"https:\/\/chinafore.com\/es\/wp-json\/wp\/v2\/product_tag?post=9831"}],"curies":[{"name":"wp","href":"https:\/\/api.w.org\/{rel}","templated":true}]}}