{"id":9807,"date":"2024-05-30T12:26:00","date_gmt":"2024-05-30T12:26:00","guid":{"rendered":"https:\/\/green-giraffe-671934.hostingersite.com\/?post_type=product&#038;p=9807"},"modified":"2024-12-05T08:45:44","modified_gmt":"2024-12-05T08:45:44","slug":"hvac-aluminium-circular-round-ceiling-air-diffuser","status":"publish","type":"product","link":"https:\/\/chinafore.com\/es\/producto\/hvac-aluminio-circular-redondo-techo-difusor-de-aire\/","title":{"rendered":"HVAC Difusor de aire de techo redondo circular de aluminio"},"content":{"rendered":"<div class=\"container-text\">\n<div style=\"text-align: center;\">\t<strong><span style=\"font-size:36px;\">CD-RW<\/span><\/strong><\/p>\n<p>\t<img decoding=\"async\" alt=\"\" src=\"\/wp-content\/uploads\/2024\/05\/2-2003301AJ3X0.jpg\" \/><\/p>\n<table id=\"biaoge\" align=\"center\" border=\"1\" cellpadding=\"1\" cellspacing=\"1\">\n<tbody>\n<tr>\n<td>\t\t\t\t\t<strong><span style=\"font-size:14px;\">Tipo<\/span><\/strong><\/td>\n<td>\t\t\t\t\t<strong><span style=\"font-size:14px;\">\u03a6A(mm)<\/span><\/strong><\/td>\n<td>\t\t\t\t\t<strong><span style=\"font-size:14px;\">\u03a6B(mm)<\/span><\/strong><\/td>\n<td>\t\t\t\t\t<strong><span style=\"font-size:14px;\">\u03a6C(mm)<\/span><\/strong><\/td>\n<td>\t\t\t\t\t<strong><span style=\"font-size:14px;\">D(mm)<\/span><\/strong><\/td>\n<\/tr>\n<tr>\n<td>\t\t\t\t\tCD-RW160<\/td>\n<td>\t\t\t\t\t365<\/td>\n<td>\t\t\t\t\t157<\/td>\n<td>\t\t\t\t\t295<\/td>\n<td>\t\t\t\t\t88<\/td>\n<\/tr>\n<tr>\n<td>\t\t\t\t\tCD-RW200<\/td>\n<td>\t\t\t\t\t400<\/td>\n<td>\t\t\t\t\t198<\/td>\n<td>\t\t\t\t\t330<\/td>\n<td>\t\t\t\t\t92<\/td>\n<\/tr>\n<tr>\n<td>\t\t\t\t\tCD-RW250<\/td>\n<td>\t\t\t\t\t515<\/td>\n<td>\t\t\t\t\t250<\/td>\n<td>\t\t\t\t\t445<\/td>\n<td>\t\t\t\t\t120<\/td>\n<\/tr>\n<\/tbody>\n<\/table>\n<p>\t<\/p>\n<table id=\"biaoge\" align=\"center\" border=\"0\" cellpadding=\"1\" cellspacing=\"1\">\n<tbody>\n<tr>\n<td>\n<div style=\"text-align: left;\">\t\t\t\t\t\t<span style=\"font-size:14px;\">- Aplicaci\u00f3n: Para la impulsi\u00f3n y extracci\u00f3n del aire caliente o fr\u00edo<\/span><\/div>\n<div style=\"text-align: left;\">\t\t\t\t\t\t<span style=\"font-size:14px;\">- Material: Construcci\u00f3n totalmente de aluminio<\/span><\/div>\n<div style=\"text-align: left;\">\t\t\t\t\t\t<span style=\"font-size:14px;\">- Color: Acabado con recubrimiento de polvo o anodizado, color est\u00e1ndar RAL9010, 9016<\/span><\/div>\n<div style=\"text-align: left;\">\t\t\t\t\t\t<span style=\"font-size:14px;\">- Construcci\u00f3n: Ensamblado con amortiguador de volumen de mariposa integral de pl\u00e1stico.<\/span><\/div>\n<div style=\"text-align: left;\">\t\t\t\t\t\t<span style=\"font-size:14px;\">El n\u00facleo interior giratorio ofrece libre acceso al amortiguador de volumen de pl\u00e1stico de mariposa integral<\/span><\/div>\n<\/td>\n<\/tr>\n<\/tbody>\n<\/table>\n<p>\t<img decoding=\"async\" alt=\"\" src=\"\/wp-content\/uploads\/2024\/05\/2-2003301F50R96.jpg\" style=\"width: 570px; height: 283px;\" \/><\/div>\n<p><\/div>","protected":false},"excerpt":{"rendered":"<p>HVAC Difusor de aire de techo redondo circular de aluminio<\/p>","protected":false},"featured_media":9809,"comment_status":"closed","ping_status":"closed","template":"","meta":[],"etheme_brands":[],"product_brand":[],"product_cat":[51],"product_tag":[],"class_list":{"0":"post-9807","1":"product","2":"type-product","3":"status-publish","4":"has-post-thumbnail","6":"product_cat-diffuser","8":"first","9":"instock","10":"shipping-taxable","11":"product-type-simple"},"_links":{"self":[{"href":"https:\/\/chinafore.com\/es\/wp-json\/wp\/v2\/product\/9807","targetHints":{"allow":["GET"]}}],"collection":[{"href":"https:\/\/chinafore.com\/es\/wp-json\/wp\/v2\/product"}],"about":[{"href":"https:\/\/chinafore.com\/es\/wp-json\/wp\/v2\/types\/product"}],"replies":[{"embeddable":true,"href":"https:\/\/chinafore.com\/es\/wp-json\/wp\/v2\/comments?post=9807"}],"version-history":[{"count":1,"href":"https:\/\/chinafore.com\/es\/wp-json\/wp\/v2\/product\/9807\/revisions"}],"predecessor-version":[{"id":11161,"href":"https:\/\/chinafore.com\/es\/wp-json\/wp\/v2\/product\/9807\/revisions\/11161"}],"wp:featuredmedia":[{"embeddable":true,"href":"https:\/\/chinafore.com\/es\/wp-json\/wp\/v2\/media\/9809"}],"wp:attachment":[{"href":"https:\/\/chinafore.com\/es\/wp-json\/wp\/v2\/media?parent=9807"}],"wp:term":[{"taxonomy":"brand","embeddable":true,"href":"https:\/\/chinafore.com\/es\/wp-json\/wp\/v2\/etheme_brands?post=9807"},{"taxonomy":"product_brand","embeddable":true,"href":"https:\/\/chinafore.com\/es\/wp-json\/wp\/v2\/product_brand?post=9807"},{"taxonomy":"product_cat","embeddable":true,"href":"https:\/\/chinafore.com\/es\/wp-json\/wp\/v2\/product_cat?post=9807"},{"taxonomy":"product_tag","embeddable":true,"href":"https:\/\/chinafore.com\/es\/wp-json\/wp\/v2\/product_tag?post=9807"}],"curies":[{"name":"wp","href":"https:\/\/api.w.org\/{rel}","templated":true}]}}