{"id":9747,"date":"2024-05-30T12:26:00","date_gmt":"2024-05-30T12:26:00","guid":{"rendered":"https:\/\/green-giraffe-671934.hostingersite.com\/?post_type=product&#038;p=9747"},"modified":"2024-12-05T08:45:36","modified_gmt":"2024-12-05T08:45:36","slug":"charging-station-with-4-valve-manifold-gauge-electronic-sca","status":"publish","type":"product","link":"https:\/\/chinafore.com\/es\/producto\/charging-station-with-4-valve-manifold-gauge-electronic-sca\/","title":{"rendered":"Estaci\u00f3n de carga con colector de 4 v\u00e1lvulas Man\u00f3metro, sca electr\u00f3nico"},"content":{"rendered":"<div class=\"container-text\">\n<div style=\"text-align: center;\">\t<strong><span style=\"font-size:36px;\">Charging station with 4-Valve manifold Gauge, electronic scale<\/span><\/strong><\/p>\n<p>\t<strong><span style=\"font-size:26px;\">CF-36573<\/span><\/strong><\/p>\n<p>\t<img decoding=\"async\" alt=\"\" src=\"\/wp-content\/uploads\/2024\/05\/2-2004021353454K.jpg\" \/><\/p>\n<table id=\"biaoge\" align=\"center\" border=\"0\" cellpadding=\"1\" cellspacing=\"1\">\n<tbody>\n<tr>\n<td>\n<div style=\"text-align: left;\">\t\t\t\t\t\t<span style=\"font-size:14px;\">Vacuum and charging system with case.It is a very compact, solid and easy-to-use recharging and vacuum unit It is equipped with and essential kit of components which make it a very versatile unit to be used with all types of cooling and air condition systems.<\/span><\/div>\n<div style=\"text-align: left;\">\n<div>\t\t\t\t\t\t\t<span style=\"font-size:14px;\"><strong><span style=\"font-size:16px;\">LA UNIDAD CONSTA DE:<\/span><\/strong><\/span><\/div>\n<div>\t\t\t\t\t\t\t<span style=\"font-size:14px;\">Bomba de vac\u00edo de 2CFM<\/span><\/div>\n<div>\t\t\t\t\t\t\t<span style=\"font-size:14px;\">2-valve manifold with Vacuum gauge 80mm<\/span><\/div>\n<div>\t\t\t\t\t\t\t<span style=\"font-size:14px;\">di\u00e1metro<\/span><\/div>\n<div>\t\t\t\t\t\t\t<span style=\"font-size:14px;\">Calibre compuesto, 68 mm<\/span><\/div>\n<div>\t\t\t\t\t\t\t<span style=\"font-size:14px;\">Mangueras de carga , 36\", 60\", 72\"<\/span><\/div>\n<div>\t\t\t\t\t\t\t<span style=\"font-size:14px;\">Electronic scales(50kg or 100kg on page 7)<\/span><\/div>\n<\/p><\/div>\n<\/td>\n<\/tr>\n<\/tbody>\n<\/table>\n<p><\/div>","protected":false},"excerpt":{"rendered":"<p>Estaci\u00f3n de carga con colector de 4 v\u00e1lvulas Man\u00f3metro, sca electr\u00f3nico<\/p>","protected":false},"featured_media":9749,"comment_status":"closed","ping_status":"closed","template":"","meta":[],"etheme_brands":[],"product_brand":[],"product_cat":[63],"product_tag":[],"class_list":{"0":"post-9747","1":"product","2":"type-product","3":"status-publish","4":"has-post-thumbnail","6":"product_cat-manifold","8":"first","9":"instock","10":"shipping-taxable","11":"product-type-simple"},"_links":{"self":[{"href":"https:\/\/chinafore.com\/es\/wp-json\/wp\/v2\/product\/9747","targetHints":{"allow":["GET"]}}],"collection":[{"href":"https:\/\/chinafore.com\/es\/wp-json\/wp\/v2\/product"}],"about":[{"href":"https:\/\/chinafore.com\/es\/wp-json\/wp\/v2\/types\/product"}],"replies":[{"embeddable":true,"href":"https:\/\/chinafore.com\/es\/wp-json\/wp\/v2\/comments?post=9747"}],"version-history":[{"count":1,"href":"https:\/\/chinafore.com\/es\/wp-json\/wp\/v2\/product\/9747\/revisions"}],"predecessor-version":[{"id":11101,"href":"https:\/\/chinafore.com\/es\/wp-json\/wp\/v2\/product\/9747\/revisions\/11101"}],"wp:featuredmedia":[{"embeddable":true,"href":"https:\/\/chinafore.com\/es\/wp-json\/wp\/v2\/media\/9749"}],"wp:attachment":[{"href":"https:\/\/chinafore.com\/es\/wp-json\/wp\/v2\/media?parent=9747"}],"wp:term":[{"taxonomy":"brand","embeddable":true,"href":"https:\/\/chinafore.com\/es\/wp-json\/wp\/v2\/etheme_brands?post=9747"},{"taxonomy":"product_brand","embeddable":true,"href":"https:\/\/chinafore.com\/es\/wp-json\/wp\/v2\/product_brand?post=9747"},{"taxonomy":"product_cat","embeddable":true,"href":"https:\/\/chinafore.com\/es\/wp-json\/wp\/v2\/product_cat?post=9747"},{"taxonomy":"product_tag","embeddable":true,"href":"https:\/\/chinafore.com\/es\/wp-json\/wp\/v2\/product_tag?post=9747"}],"curies":[{"name":"wp","href":"https:\/\/api.w.org\/{rel}","templated":true}]}}