{"id":9743,"date":"2024-05-30T12:26:00","date_gmt":"2024-05-30T12:26:00","guid":{"rendered":"https:\/\/green-giraffe-671934.hostingersite.com\/?post_type=product&#038;p=9743"},"modified":"2024-12-05T08:45:35","modified_gmt":"2024-12-05T08:45:35","slug":"digital-programmable-charging-scale","status":"publish","type":"product","link":"https:\/\/chinafore.com\/es\/producto\/balanza-de-carga-digital-programable\/","title":{"rendered":"B\u00e1scula de carga digital programable"},"content":{"rendered":"<div class=\"container-text\">\n<div style=\"text-align: center;\">\t<strong><span style=\"font-size:36px;\">B\u00e1scula de carga digital programable<\/span><\/strong><\/p>\n<p>\t<strong><span style=\"font-size:26px;\">CF-36443<\/span><\/strong><\/p>\n<p>\t<img decoding=\"async\" alt=\"\" src=\"\/wp-content\/uploads\/2024\/05\/2-200402144634Y3.jpg\" \/><\/p>\n<table id=\"biaoge\" align=\"center\" border=\"1\" cellpadding=\"1\" cellspacing=\"1\">\n<caption>\t\t\t<strong><span style=\"font-size:16px;\">ESPECIFICACI\u00d3N<\/span><\/strong><\/caption>\n<tbody>\n<tr>\n<td>\t\t\t\t\t<strong><span style=\"font-size:14px;\">PUNTO<\/span><\/strong><\/td>\n<td>\t\t\t\t\t<strong><span style=\"font-size:14px;\">CF-36443A<\/span><\/strong><\/td>\n<td>\t\t\t\t\t<strong><span style=\"font-size:14px;\">CF-36443B<\/span><\/strong><\/td>\n<td>\t\t\t\t\t<strong><span style=\"font-size:14px;\">CF-36443C<\/span><\/strong><\/td>\n<td>\t\t\t\t\t<strong><span style=\"font-size:14px;\">CF-36443D<\/span><\/strong><\/td>\n<\/tr>\n<tr>\n<td>\t\t\t\t\tCapacidad<\/td>\n<td>\t\t\t\t\t50kg\/110lbs<\/td>\n<td>\t\t\t\t\t70kg\/154lbs<\/td>\n<td>\t\t\t\t\t90kg\/200lbs<\/td>\n<td>\t\t\t\t\t100kg\/220lbs<\/td>\n<\/tr>\n<tr>\n<td>\n<div>\t\t\t\t\t\tPrecisi\u00f3n<\/div>\n<\/td>\n<td>\t\t\t\t\t+\/-0,5% de lectura<\/td>\n<td>\t\t\t\t\t+\/-0,5% de lectura<\/td>\n<td>\t\t\t\t\t+\/-0,5% de lectura<\/td>\n<td>\t\t\t\t\t+\/-0,5% de lectura<\/td>\n<\/tr>\n<tr>\n<td>\t\t\t\t\tResoluci\u00f3n<\/td>\n<td>\t\t\t\t\t+\/-0.1oz\/0.005lbs\/2g<\/td>\n<td>\t\t\t\t\t+\/-0.2oz\/0.01lbs\/5g<\/td>\n<td>\t\t\t\t\t+\/-0.2oz\/0.01lbs\/5g<\/td>\n<td>\t\t\t\t\t+\/-0.2oz\/0.01lbs\/5g<\/td>\n<\/tr>\n<tr>\n<td>\t\t\t\t\tTama\u00f1o de la plataforma<\/td>\n<td>\t\t\t\t\t23X23CM<\/td>\n<td>\t\t\t\t\t23X23CM<\/td>\n<td>\t\t\t\t\t23X23CM<\/td>\n<td>\t\t\t\t\t23X23CM<\/td>\n<\/tr>\n<tr>\n<td>\t\t\t\t\tPeso<\/td>\n<td>\t\t\t\t\t3.6KG<\/td>\n<td>\t\t\t\t\t3.6KG<\/td>\n<td>\t\t\t\t\t3.6KG<\/td>\n<td>\t\t\t\t\t3.6KG<\/td>\n<\/tr>\n<tr>\n<td>\t\t\t\t\tPotencia<\/td>\n<td>\t\t\t\t\tIncluye 2 pilas 5AA (60 horas)<\/td>\n<td>\t\t\t\t\tIncluye 2 pilas 5AA (60 horas)<\/td>\n<td>\t\t\t\t\tIncluye 2 pilas 5AA (60 horas)<\/td>\n<td>\t\t\t\t\tIncluye 2 pilas 5AA (60 horas)<\/td>\n<\/tr>\n<tr>\n<td>\t\t\t\t\tLectura<\/td>\n<td>\t\t\t\t\tSistema imperial \/ m\u00e9trico<\/td>\n<td>\t\t\t\t\tSistema imperial \/ m\u00e9trico<\/td>\n<td>\t\t\t\t\tSistema imperial \/ m\u00e9trico<\/td>\n<td>\t\t\t\t\tSistema imperial \/ m\u00e9trico<\/td>\n<\/tr>\n<tr>\n<td>\t\t\t\t\tTemperatura de funcionamiento<\/td>\n<td>\t\t\t\t\tO 32 F a 122 F (0~50\u2103 ) O<\/td>\n<td>\t\t\t\t\tO 32 F a 122 F (0~50\u2103 ) O<\/td>\n<td>\t\t\t\t\tO 32 F a 122 F (0~50\u2103 ) O<\/td>\n<td>\t\t\t\t\tO 32 F a 122 F (0~50\u2103 ) O<\/td>\n<\/tr>\n<tr>\n<td>\t\t\t\t\tTemperatura de almacenamiento<\/td>\n<td>\t\t\t\t\t-4 F a 158 F O O (-20~70\u2103 )<\/td>\n<td>\t\t\t\t\t-4 F a 158 F O O (-20~70\u2103 )<\/td>\n<td>\t\t\t\t\t-4 F a 158 F O O (-20~70\u2103 )<\/td>\n<td>\t\t\t\t\t-4 F a 158 F O O (-20~70\u2103 )<\/td>\n<\/tr>\n<tr>\n<td>\t\t\t\t\tAuto off<\/td>\n<td>\t\t\t\t\t15 minutos<\/td>\n<td>\t\t\t\t\t15 minutos<\/td>\n<td>\t\t\t\t\t15 minutos<\/td>\n<td>\t\t\t\t\t15 minutos<\/td>\n<\/tr>\n<\/tbody>\n<\/table>\n<p>\t<\/p>\n<table id=\"biaoge\" align=\"center\" border=\"0\" cellpadding=\"1\" cellspacing=\"1\">\n<tbody>\n<tr>\n<td>\n<div style=\"text-align: left;\">\t\t\t\t\t\t<span style=\"font-size:14px;\">Las balanzas de carga programables tienen las mismas caracter\u00edsticas que las de la izquierda, pero con el a\u00f1adido de&nbsp;<\/span><span style=\"font-size: 14px;\">para una carga automatizada e incluso m\u00e1s r\u00e1pida y econ\u00f3mica. Basta con introducir&nbsp;<\/span><span style=\"font-size: 14px;\">el peso de carga en el panel t\u00e1ctil de control.<\/span><\/div>\n<div style=\"text-align: left;\">\t\t\t\t\t\t<span style=\"font-size:14px;\">Cuando se ha dispensado el peso, la b\u00e1scula emite una se\u00f1al autom\u00e1tica para cortar el refrigerante&nbsp;<\/span><span style=\"font-size: 14px;\">flujo.<br \/>\t\t\t\t\t\tEscalas de temperatura para facilitar la lectura.<\/span><\/div>\n<div style=\"text-align: left;\">\t\t\t\t\t\t<span style=\"font-size:14px;\">\u25cf El filtro de malla del m\u00f3dulo de carga protege la electrov\u00e1lvula de la suciedad<\/span><\/div>\n<div style=\"text-align: left;\">\t\t\t\t\t\t<span style=\"font-size:14px;\">\u25cf Un caudal bajo activa la retenci\u00f3n autom\u00e1tica para prolongar la vida \u00fatil del solenoide.<\/span><\/div>\n<div style=\"text-align: left;\">\t\t\t\t\t\t<span style=\"font-size:14px;\">\u25cf La v\u00e1lvula Schrader impide el reflujo a trav\u00e9s del solenoide<\/span><\/div>\n<div style=\"text-align: left;\">\t\t\t\t\t\t<span style=\"font-size:14px;\">\u25cf Tiene funci\u00f3n de memoria<\/span><\/div>\n<div style=\"text-align: left;\">\t\t\t\t\t\t<span style=\"font-size:14px;\">\u25cf La precisi\u00f3n de carga es igual a la precisi\u00f3n de la escala \u00b10,25 oz.<\/span><\/div>\n<div style=\"text-align: left;\">\t\t\t\t\t\t<span style=\"font-size:14px;\">\u25cf Dise\u00f1ado conforme a las directrices de la CE<\/span><\/div>\n<div style=\"text-align: left;\">\t\t\t\t\t\t<span style=\"font-size:14px;\">\u25cf El malet\u00edn de transporte m\u00e1s grande contiene el m\u00f3dulo de carga, el m\u00f3dulo de control\/programaci\u00f3n, ya sea un<\/span><\/div>\n<div style=\"text-align: left;\">\t\t\t\t\t\t<span style=\"font-size:14px;\">Plataforma de 50~100 kg de capacidad (110~220 lb),y una fuente de alimentaci\u00f3n de CA para solenoidepower<\/span><\/div>\n<div style=\"text-align: left;\">\t\t\t\t\t\t<span style=\"font-size:14px;\">durante la carga.<\/span><\/div>\n<div style=\"text-align: left;\">\t\t\t\t\t\t<span style=\"font-size:14px;\">\u25cf La v\u00e1lvula solenoide con diferencial de presi\u00f3n m\u00e1xima de funcionamiento (MOPD) de 400 psi permite<\/span><\/div>\n<div style=\"text-align: left;\">\t\t\t\t\t\t<span style=\"font-size:14px;\">dosificaci\u00f3n de una amplia gama de refrigerantes.<\/span><\/p>\n<div>\t\t\t\t\t\t\t<span style=\"font-size:14px;\"><strong><span style=\"font-size:16px;\">Convierta la b\u00e1scula en programable con la actualizaci\u00f3n <\/span><\/strong><br \/>\t\t\t\t\t\t\tCon uno de estos kits, las b\u00e1sculas CF-36443 est\u00e1ndar se pueden actualizar con capacidad de carga programable.<\/span><\/div>\n<div>\t\t\t\t\t\t\t<span style=\"font-size:14px;\">Cada kit incluye un m\u00f3dulo de carga, una fuente de alimentaci\u00f3n, un manual de instrucciones y un malet\u00edn de transporte m\u00e1s grande para guardar todas las piezas.<\/span><\/div>\n<\/p><\/div>\n<\/td>\n<\/tr>\n<\/tbody>\n<\/table>\n<p>\t&nbsp;<\/div>\n<p><\/div>","protected":false},"excerpt":{"rendered":"<p>B\u00e1scula de carga digital programable<\/p>","protected":false},"featured_media":9745,"comment_status":"closed","ping_status":"closed","template":"","meta":[],"etheme_brands":[],"product_brand":[],"product_cat":[63],"product_tag":[],"class_list":{"0":"post-9743","1":"product","2":"type-product","3":"status-publish","4":"has-post-thumbnail","6":"product_cat-manifold","8":"first","9":"instock","10":"shipping-taxable","11":"product-type-simple"},"_links":{"self":[{"href":"https:\/\/chinafore.com\/es\/wp-json\/wp\/v2\/product\/9743","targetHints":{"allow":["GET"]}}],"collection":[{"href":"https:\/\/chinafore.com\/es\/wp-json\/wp\/v2\/product"}],"about":[{"href":"https:\/\/chinafore.com\/es\/wp-json\/wp\/v2\/types\/product"}],"replies":[{"embeddable":true,"href":"https:\/\/chinafore.com\/es\/wp-json\/wp\/v2\/comments?post=9743"}],"version-history":[{"count":1,"href":"https:\/\/chinafore.com\/es\/wp-json\/wp\/v2\/product\/9743\/revisions"}],"predecessor-version":[{"id":11097,"href":"https:\/\/chinafore.com\/es\/wp-json\/wp\/v2\/product\/9743\/revisions\/11097"}],"wp:featuredmedia":[{"embeddable":true,"href":"https:\/\/chinafore.com\/es\/wp-json\/wp\/v2\/media\/9745"}],"wp:attachment":[{"href":"https:\/\/chinafore.com\/es\/wp-json\/wp\/v2\/media?parent=9743"}],"wp:term":[{"taxonomy":"brand","embeddable":true,"href":"https:\/\/chinafore.com\/es\/wp-json\/wp\/v2\/etheme_brands?post=9743"},{"taxonomy":"product_brand","embeddable":true,"href":"https:\/\/chinafore.com\/es\/wp-json\/wp\/v2\/product_brand?post=9743"},{"taxonomy":"product_cat","embeddable":true,"href":"https:\/\/chinafore.com\/es\/wp-json\/wp\/v2\/product_cat?post=9743"},{"taxonomy":"product_tag","embeddable":true,"href":"https:\/\/chinafore.com\/es\/wp-json\/wp\/v2\/product_tag?post=9743"}],"curies":[{"name":"wp","href":"https:\/\/api.w.org\/{rel}","templated":true}]}}