{"id":9736,"date":"2024-05-30T12:26:00","date_gmt":"2024-05-30T12:26:00","guid":{"rendered":"https:\/\/green-giraffe-671934.hostingersite.com\/?post_type=product&#038;p=9736"},"modified":"2024-12-05T08:45:34","modified_gmt":"2024-12-05T08:45:34","slug":"2-1-2%ef%bc%82-manifold-gauges-f-red-and-blue-class-b","status":"publish","type":"product","link":"https:\/\/chinafore.com\/es\/producto\/2-1-2\uff02-manometros-f-rojo-y-azul-clase-b\/","title":{"rendered":"Man\u00f3metros de colector de 2-1\/2\" (\u00b0F ) rojo y azul (clase B)"},"content":{"rendered":"<div class=\"container-text\">\n<div style=\"text-align: center;\">\t<strong><span style=\"font-size:36px;\">Man\u00f3metros de colector de 2-1\/2\" (\u00b0F ) rojo y azul (clase B)<\/span><\/strong><\/p>\n<p>\t<img decoding=\"async\" alt=\"\" src=\"\/wp-content\/uploads\/2024\/05\/2-200402163FB58.jpg\" \/><\/p>\n<table id=\"biaoge\" align=\"center\" border=\"1\" cellpadding=\"1\" cellspacing=\"1\">\n<tbody>\n<tr>\n<td>\t\t\t\t\t<strong><span style=\"font-size:14px;\">PUNTO<\/span><\/strong><\/td>\n<td>\t\t\t\t\t<strong><span style=\"font-size:14px;\">Talla<\/span><\/strong><\/td>\n<td>\t\t\t\t\t<strong><span style=\"font-size:14px;\">Descripci\u00f3n<\/span><\/strong><\/td>\n<td>\t\t\t\t\t<strong><span style=\"font-size:14px;\">Pulse. Escala<\/span><\/strong><\/td>\n<td>\t\t\t\t\t<strong><span style=\"font-size:14px;\">Refrigerantes<\/span><\/strong><\/td>\n<\/tr>\n<tr>\n<td>\t\t\t\t\tCF4007A<\/td>\n<td>\t\t\t\t\t2-1\/2\"<\/td>\n<td>\t\t\t\t\tPresi\u00f3n roja<\/td>\n<td>\t\t\t\t\t0 - 500 psi<\/td>\n<td>\t\t\t\t\tR-12, 22, 502<\/td>\n<\/tr>\n<tr>\n<td>\t\t\t\t\tCF4007B<\/td>\n<td>\t\t\t\t\t2-1\/2\"<\/td>\n<td>\t\t\t\t\tCompuesto azul<\/td>\n<td>\t\t\t\t\t30\"-0-120** psi<\/td>\n<td>\t\t\t\t\tR-12, 22, 502<\/td>\n<\/tr>\n<tr>\n<td>\t\t\t\t\tCF4007AB<\/td>\n<td>\t\t\t\t\tAjustar indicadores rojo y azul<\/td>\n<td>\t\t\t\t\t&nbsp;<\/td>\n<td>\t\t\t\t\t&nbsp;<\/td>\n<td>\t\t\t\t\tR-12, 22, 502<\/td>\n<\/tr>\n<tr>\n<td>\t\t\t\t\tCF4008A<\/td>\n<td>\t\t\t\t\t2-1\/2\"<\/td>\n<td>\t\t\t\t\tPresi\u00f3n roja<\/td>\n<td>\t\t\t\t\t0 - 500 psi<\/td>\n<td>\t\t\t\t\tR-12, 22, 134a<\/td>\n<\/tr>\n<tr>\n<td>\t\t\t\t\tCF4008B<\/td>\n<td>\t\t\t\t\t2-1\/2\"<\/td>\n<td>\t\t\t\t\tCompuesto azul<\/td>\n<td>\t\t\t\t\t30\"-0-120** psi<\/td>\n<td>\t\t\t\t\tR-12, 22, 134a<\/td>\n<\/tr>\n<tr>\n<td>\t\t\t\t\tCF4009A<\/td>\n<td>\t\t\t\t\t2-1\/2\"<\/td>\n<td>\t\t\t\t\tPresi\u00f3n roja<\/td>\n<td>\t\t\t\t\t0 - 500 psi<\/td>\n<td>\t\t\t\t\tR-22, 134a, 404A<\/td>\n<\/tr>\n<tr>\n<td>\t\t\t\t\tCF4009B<\/td>\n<td>\t\t\t\t\t2-1\/2\"<\/td>\n<td>\t\t\t\t\tCompuesto azul<\/td>\n<td>\t\t\t\t\t30\"-0-120** psi<\/td>\n<td>\t\t\t\t\tR-22, 134a, 404A<\/td>\n<\/tr>\n<tr>\n<td>\t\t\t\t\tCF4010A<\/td>\n<td>\t\t\t\t\t2-1\/2\"<\/td>\n<td>\t\t\t\t\tPresi\u00f3n roja<\/td>\n<td>\t\t\t\t\t0 - 800 kg\/cm\/psi<\/td>\n<td>\t\t\t\t\tR-410A<\/td>\n<\/tr>\n<tr>\n<td>\t\t\t\t\tCF4010B<\/td>\n<td>\t\t\t\t\t2-1\/2\"<\/td>\n<td>\t\t\t\t\tCompuesto azul<\/td>\n<td>\t\t\t\t\t30\"-0-300*** kg\/cm\/psi<\/td>\n<td>\t\t\t\t\tR-410A<\/td>\n<\/tr>\n<tr>\n<td>\t\t\t\t\tCF4011A<\/td>\n<td>\t\t\t\t\t2-1\/2\"<\/td>\n<td>\t\t\t\t\tPresi\u00f3n roja<\/td>\n<td>\t\t\t\t\t0 - 500 psi<\/td>\n<td>\t\t\t\t\tR-134a, 404A, 507<\/td>\n<\/tr>\n<tr>\n<td>\t\t\t\t\tCF4011B<\/td>\n<td>\t\t\t\t\t2-1\/2\"<\/td>\n<td>\t\t\t\t\tCompuesto azul<\/td>\n<td>\t\t\t\t\t30\"-0-120** psi<\/td>\n<td>\t\t\t\t\tR-134a, 404A, 507<\/td>\n<\/tr>\n<\/tbody>\n<\/table>\n<p>\t<\/p>\n<table id=\"biaoge\" align=\"center\" border=\"0\" cellpadding=\"1\" cellspacing=\"1\">\n<tbody>\n<tr>\n<td>\n<div style=\"text-align: left;\">\t\t\t\t\t\t<span style=\"font-size:14px;\">Los man\u00f3metros cuentan con llamativas esferas de alta visibilidad con colores<\/span><\/div>\n<div style=\"text-align: left;\">\t\t\t\t\t\t<span style=\"font-size:14px;\">\u25cf El protector de sobretensi\u00f3n tecnol\u00f3gico minimiza la pulsaci\u00f3n de la aguja para mejorar la precisi\u00f3n<\/span><\/div>\n<div style=\"text-align: left;\">\t\t\t\t\t\t<span style=\"font-size:14px;\">\u25cf 1\/8\" NPT Conexi\u00f3n macho<\/span><\/div>\n<div style=\"text-align: left;\">\t\t\t\t\t\t<span style=\"font-size:14px;\">\u25cf Precisi\u00f3n 3-2-3%<\/span><\/div>\n<div style=\"text-align: left;\">\t\t\t\t\t\t<span style=\"font-size:14px;\">* Estos man\u00f3metros tienen \u00b0C y \u00b0F en el dial<\/span><\/div>\n<div style=\"text-align: left;\">\t\t\t\t\t\t<span style=\"font-size:14px;\">** Protecci\u00f3n contra retardo hasta 350 psi<\/span><\/div>\n<div style=\"text-align: left;\">\t\t\t\t\t\t<span style=\"font-size:14px;\">*** Presenta protecci\u00f3n retardada hasta 500 psi<\/span><\/div>\n<\/td>\n<\/tr>\n<\/tbody>\n<\/table>\n<p><\/div>","protected":false},"excerpt":{"rendered":"<p>Man\u00f3metros de colector de 2-1\/2\" (\u00b0F ) rojo y azul (clase B)<\/p>","protected":false},"featured_media":9738,"comment_status":"closed","ping_status":"closed","template":"","meta":[],"etheme_brands":[],"product_brand":[],"product_cat":[63],"product_tag":[],"class_list":{"0":"post-9736","1":"product","2":"type-product","3":"status-publish","4":"has-post-thumbnail","6":"product_cat-manifold","8":"first","9":"instock","10":"shipping-taxable","11":"product-type-simple"},"_links":{"self":[{"href":"https:\/\/chinafore.com\/es\/wp-json\/wp\/v2\/product\/9736","targetHints":{"allow":["GET"]}}],"collection":[{"href":"https:\/\/chinafore.com\/es\/wp-json\/wp\/v2\/product"}],"about":[{"href":"https:\/\/chinafore.com\/es\/wp-json\/wp\/v2\/types\/product"}],"replies":[{"embeddable":true,"href":"https:\/\/chinafore.com\/es\/wp-json\/wp\/v2\/comments?post=9736"}],"version-history":[{"count":1,"href":"https:\/\/chinafore.com\/es\/wp-json\/wp\/v2\/product\/9736\/revisions"}],"predecessor-version":[{"id":11090,"href":"https:\/\/chinafore.com\/es\/wp-json\/wp\/v2\/product\/9736\/revisions\/11090"}],"wp:featuredmedia":[{"embeddable":true,"href":"https:\/\/chinafore.com\/es\/wp-json\/wp\/v2\/media\/9738"}],"wp:attachment":[{"href":"https:\/\/chinafore.com\/es\/wp-json\/wp\/v2\/media?parent=9736"}],"wp:term":[{"taxonomy":"brand","embeddable":true,"href":"https:\/\/chinafore.com\/es\/wp-json\/wp\/v2\/etheme_brands?post=9736"},{"taxonomy":"product_brand","embeddable":true,"href":"https:\/\/chinafore.com\/es\/wp-json\/wp\/v2\/product_brand?post=9736"},{"taxonomy":"product_cat","embeddable":true,"href":"https:\/\/chinafore.com\/es\/wp-json\/wp\/v2\/product_cat?post=9736"},{"taxonomy":"product_tag","embeddable":true,"href":"https:\/\/chinafore.com\/es\/wp-json\/wp\/v2\/product_tag?post=9736"}],"curies":[{"name":"wp","href":"https:\/\/api.w.org\/{rel}","templated":true}]}}