{"id":9724,"date":"2024-05-30T12:26:00","date_gmt":"2024-05-30T12:26:00","guid":{"rendered":"https:\/\/green-giraffe-671934.hostingersite.com\/?post_type=product&#038;p=9724"},"modified":"2024-12-05T08:45:32","modified_gmt":"2024-12-05T08:45:32","slug":"2-valve-diaphragm-manifolds-with-sightglas-1-2%ef%bc%82-acme-f","status":"publish","type":"product","link":"https:\/\/chinafore.com\/es\/producto\/colectores-de-membrana-de-2-valvulas-con-sightglas-1-2\uff02-acme-f\/","title":{"rendered":"Colectores de diafragma de 2 v\u00e1lvulas con sightglas y 1\/2\" acme f"},"content":{"rendered":"<div class=\"container-text\">\n<div style=\"text-align: center;\">\t<strong><span style=\"font-size:36px;\">Colectores de diafragma de 2 v\u00e1lvulas con racores sightglas y acme de 1\/2<\/span><\/strong><\/p>\n<p>\t<img decoding=\"async\" alt=\"\" src=\"\/wp-content\/uploads\/2024\/05\/2-200403101033L5.jpg\" \/><\/p>\n<table id=\"biaoge\" align=\"center\" border=\"1\" cellpadding=\"1\" cellspacing=\"1\">\n<tbody>\n<tr>\n<td>\t\t\t\t\t<strong><span style=\"font-size:14px;\">PUNTO<\/span><\/strong><\/td>\n<td>\t\t\t\t\t<strong><span style=\"font-size:14px;\">Descripci\u00f3n<\/span><\/strong><\/td>\n<\/tr>\n<tr>\n<td>\t\t\t\t\tCF4434<\/td>\n<td>\t\t\t\t\tColector de aluminio de 2 v\u00e1lvulas con man\u00f3metros de 68 mm, Sin botas de man\u00f3metros, Sin mangueras.<\/td>\n<\/tr>\n<tr>\n<td>\t\t\t\t\tCF4435<\/td>\n<td>\t\t\t\t\tColector de aluminio de 2 v\u00e1lvulas con man\u00f3metros de 68 mm, con botas de man\u00f3metros, Sin mangueras.<\/td>\n<\/tr>\n<tr>\n<td>\t\t\t\t\tCF4436<\/td>\n<td>\t\t\t\t\tColector de aluminio de 2 v\u00e1lvulas con man\u00f3metros de 80 mm, Sin botas de man\u00f3metros, Sin mangueras.<\/td>\n<\/tr>\n<tr>\n<td>\t\t\t\t\tCF4437<\/td>\n<td>\t\t\t\t\tColector de aluminio de 2 v\u00e1lvulas con man\u00f3metros de 68 mm, sin botas de man\u00f3metros, 60 \"RYB, 1\/2ACME.<\/td>\n<\/tr>\n<tr>\n<td>\t\t\t\t\tCF4438<\/td>\n<td>\t\t\t\t\tColector de aluminio de 2 v\u00e1lvulas con man\u00f3metros de 68 mm, sin botas de man\u00f3metros, 72 \"RYB, 1\/2ACME.<\/td>\n<\/tr>\n<tr>\n<td>\t\t\t\t\tCF4439<\/td>\n<td>\t\t\t\t\tColector de aluminio de 2 v\u00e1lvulas con man\u00f3metros de 68 mm, sin protectores de man\u00f3metros, 60 \"RYB, 1\/4 \"SAE.<\/td>\n<\/tr>\n<tr>\n<td>\t\t\t\t\tCF4440<\/td>\n<td>\t\t\t\t\tColector de aluminio de 2 v\u00e1lvulas con man\u00f3metros de 68 mm, sin botas de man\u00f3metros, 72 \"RYB, 1\/4 \"SAE.<\/td>\n<\/tr>\n<\/tbody>\n<\/table>\n<div style=\"text-align: left;\">\t\t&nbsp;<\/div>\n<table id=\"biaoge\" align=\"center\" border=\"0\" cellpadding=\"1\" cellspacing=\"1\">\n<tbody>\n<tr>\n<td>\n<div style=\"text-align: left;\">\t\t\t\t\t\t<span style=\"font-size:14px;\">1. El exclusivo dise\u00f1o del v\u00e1stago giratorio reduce el desgaste<\/span><\/div>\n<div style=\"text-align: left;\">\t\t\t\t\t\t<span style=\"font-size:14px;\">2. Excelentes caracter\u00edsticas de vac\u00edo<\/span><\/div>\n<div style=\"text-align: left;\">\t\t\t\t\t\t<span style=\"font-size:14px;\">3. 100% diafragmas de tefl\u00f3n virgen<\/span><\/div>\n<div>\n<div style=\"text-align: left;\">\t\t\t\t\t\t\t<span style=\"font-size:14px;\">4. Puertos completos para un caudal m\u00e1ximo de refrigerante<\/span><\/div>\n<div style=\"text-align: left;\">\t\t\t\t\t\t\t<strong><span style=\"font-size:16px;\">Colectores de dos v\u00e1lvulas<\/span><\/strong><\/div>\n<div style=\"text-align: left;\">\t\t\t\t\t\t\t<span style=\"font-size:14px;\">\u25cf Cuerpo del bloque de aluminio anodizado<\/span><\/div>\n<div style=\"text-align: left;\">\t\t\t\t\t\t\t<span style=\"font-size:14px;\">\u25cf V\u00e1lvula de apertura\/cierre de una vuelta completa<\/span><\/div>\n<div style=\"text-align: left;\">\t\t\t\t\t\t\t<span style=\"font-size:14px;\">\u25cf Mirilla de gran tama\u00f1o para facilitar la visi\u00f3n.<\/span><\/div>\n<div style=\"text-align: left;\">\t\t\t\t\t\t\t<span style=\"font-size:14px;\">\u25cf Excelentes caracter\u00edsticas de vac\u00edo<\/span><\/div>\n<div style=\"text-align: left;\">\t\t\t\t\t\t\t<span style=\"font-size:14px;\">\u25cf Dise\u00f1o de man\u00f3metro sin aleteo, clase 1.0, apto para R-134a,68mm\/2-1\/2\" u 80mm\/ 3-1\/2\".<\/span><\/div>\n<div style=\"text-align: left;\">\t\t\t\t\t\t\t<span style=\"font-size:14px;\">&nbsp; &nbsp;man\u00f3metros; unidad psi &amp; bar; \u00b0F\/\u00b0C;<\/span><\/div>\n<div style=\"text-align: left;\">\t\t\t\t\t\t\t<span style=\"font-size:14px;\">\u25cf Calibre de acero inoxidable de alta calidad<\/span><\/div>\n<div style=\"text-align: left;\">\t\t\t\t\t\t\t<span style=\"font-size:14px;\">\u25cf Pomos de f\u00e1cil agarre<\/span><\/div>\n<\/p><\/div>\n<\/td>\n<\/tr>\n<\/tbody>\n<\/table>\n<p><\/div>","protected":false},"excerpt":{"rendered":"<p>Colectores de diafragma de 2 v\u00e1lvulas con sightglas y 1\/2\" acme f<\/p>","protected":false},"featured_media":9726,"comment_status":"closed","ping_status":"closed","template":"","meta":[],"etheme_brands":[],"product_brand":[],"product_cat":[63],"product_tag":[],"class_list":{"0":"post-9724","1":"product","2":"type-product","3":"status-publish","4":"has-post-thumbnail","6":"product_cat-manifold","8":"first","9":"instock","10":"shipping-taxable","11":"product-type-simple"},"_links":{"self":[{"href":"https:\/\/chinafore.com\/es\/wp-json\/wp\/v2\/product\/9724","targetHints":{"allow":["GET"]}}],"collection":[{"href":"https:\/\/chinafore.com\/es\/wp-json\/wp\/v2\/product"}],"about":[{"href":"https:\/\/chinafore.com\/es\/wp-json\/wp\/v2\/types\/product"}],"replies":[{"embeddable":true,"href":"https:\/\/chinafore.com\/es\/wp-json\/wp\/v2\/comments?post=9724"}],"version-history":[{"count":2,"href":"https:\/\/chinafore.com\/es\/wp-json\/wp\/v2\/product\/9724\/revisions"}],"predecessor-version":[{"id":12388,"href":"https:\/\/chinafore.com\/es\/wp-json\/wp\/v2\/product\/9724\/revisions\/12388"}],"wp:featuredmedia":[{"embeddable":true,"href":"https:\/\/chinafore.com\/es\/wp-json\/wp\/v2\/media\/9726"}],"wp:attachment":[{"href":"https:\/\/chinafore.com\/es\/wp-json\/wp\/v2\/media?parent=9724"}],"wp:term":[{"taxonomy":"brand","embeddable":true,"href":"https:\/\/chinafore.com\/es\/wp-json\/wp\/v2\/etheme_brands?post=9724"},{"taxonomy":"product_brand","embeddable":true,"href":"https:\/\/chinafore.com\/es\/wp-json\/wp\/v2\/product_brand?post=9724"},{"taxonomy":"product_cat","embeddable":true,"href":"https:\/\/chinafore.com\/es\/wp-json\/wp\/v2\/product_cat?post=9724"},{"taxonomy":"product_tag","embeddable":true,"href":"https:\/\/chinafore.com\/es\/wp-json\/wp\/v2\/product_tag?post=9724"}],"curies":[{"name":"wp","href":"https:\/\/api.w.org\/{rel}","templated":true}]}}