{"id":9704,"date":"2024-05-30T12:26:00","date_gmt":"2024-05-30T12:26:00","guid":{"rendered":"https:\/\/green-giraffe-671934.hostingersite.com\/?post_type=product&#038;p=9704"},"modified":"2024-12-05T08:45:30","modified_gmt":"2024-12-05T08:45:30","slug":"1-4%ef%bc%82-hose-with-low-loss-anti-blow-back-fitting","status":"publish","type":"product","link":"https:\/\/chinafore.com\/es\/producto\/1-4\uff02-manguera-con-racor-antirretorno-de-baja-perdida\/","title":{"rendered":"Manguera de 1\/4\" con racor antirretorno de baja p\u00e9rdida"},"content":{"rendered":"<div class=\"container-text\">\n<div style=\"text-align: center;\">\t<strong><span style=\"font-size:36px;\">Manguera de 1\/4\" con racor antirretorno de baja p\u00e9rdida<\/span><\/strong><\/p>\n<p>\t<img decoding=\"async\" alt=\"\" src=\"\/wp-content\/uploads\/2024\/05\/2-2004031554134Q.jpg\" \/><\/p>\n<table id=\"biaoge\" align=\"center\" border=\"1\" cellpadding=\"1\" cellspacing=\"1\">\n<tbody>\n<tr>\n<td>\t\t\t\t\t<strong><span style=\"font-size:14px;\">PUNTO<\/span><\/strong><\/td>\n<td>\t\t\t\t\t<strong><span style=\"font-size:14px;\">Descripci\u00f3n<\/span><\/strong><\/td>\n<\/tr>\n<tr>\n<td>\t\t\t\t\t8443<\/td>\n<td>\t\t\t\t\tJunta de repuesto (paquete de 10)<\/td>\n<\/tr>\n<tr>\n<td>\t\t\t\t\t8444<\/td>\n<td>\t\t\t\t\tAbridor de v\u00e1lvulas Adjust-a-Valve (paquete de 10)<\/td>\n<\/tr>\n<tr>\n<td>\t\t\t\t\t8445<\/td>\n<td>\t\t\t\t\tJunta t\u00f3rica derecha (paquete de 10)<\/td>\n<\/tr>\n<\/tbody>\n<\/table>\n<p>\t<\/p>\n<table id=\"biaoge\" align=\"center\" border=\"1\" cellpadding=\"1\" cellspacing=\"1\">\n<caption>\t\t\t<span style=\"font-size:16px;\"><strong>V\u00e1lvula Flex FIow 8\" desde \u00e1ngulo<\/strong><\/span><\/caption>\n<tbody>\n<tr>\n<td>\t\t\t\t\t<strong><span style=\"font-size:14px;\">L.<\/span><\/strong><\/td>\n<td>\t\t\t\t\t<strong><span style=\"font-size:14px;\">Amarillo<\/span><\/strong><\/td>\n<td>\t\t\t\t\t<strong><span style=\"font-size:14px;\">Azul<\/span><\/strong><\/td>\n<td>\t\t\t\t\t<strong><span style=\"font-size:14px;\">Rojo<\/span><\/strong><\/td>\n<td>\t\t\t\t\t<strong><span style=\"font-size:14px;\">Paquete de 3<\/span><\/strong><\/td>\n<\/tr>\n<tr>\n<td>\t\t\t\t\t12\"<\/td>\n<td>\t\t\t\t\t341-12Y<\/td>\n<td>\t\t\t\t\t341-12B<\/td>\n<td>\t\t\t\t\t341-12R<\/td>\n<td>\t\t\t\t\t&#8211;<\/td>\n<\/tr>\n<tr>\n<td>\t\t\t\t\t24\"<\/td>\n<td>\t\t\t\t\t341-24Y<\/td>\n<td>\t\t\t\t\t341-24B<\/td>\n<td>\t\t\t\t\t341-24R<\/td>\n<td>\t\t\t\t\t&#8211;<\/td>\n<\/tr>\n<tr>\n<td>\t\t\t\t\t36\"<\/td>\n<td>\t\t\t\t\t341-36Y<\/td>\n<td>\t\t\t\t\t341-36B<\/td>\n<td>\t\t\t\t\t341-36R<\/td>\n<td>\t\t\t\t\t2198<\/td>\n<\/tr>\n<tr>\n<td>\t\t\t\t\t48\"<\/td>\n<td>\t\t\t\t\t341-48Y<\/td>\n<td>\t\t\t\t\t341-48B<\/td>\n<td>\t\t\t\t\t341-48R<\/td>\n<td>\t\t\t\t\t2199<\/td>\n<\/tr>\n<tr>\n<td>\t\t\t\t\t60\"<\/td>\n<td>\t\t\t\t\t341-60Y<\/td>\n<td>\t\t\t\t\t341-60B<\/td>\n<td>\t\t\t\t\t341-60R<\/td>\n<td>\t\t\t\t\t2200<\/td>\n<\/tr>\n<tr>\n<td>\t\t\t\t\t72\"<\/td>\n<td>\t\t\t\t\t341-72Y<\/td>\n<td>\t\t\t\t\t341-72B<\/td>\n<td>\t\t\t\t\t341-72R<\/td>\n<td>\t\t\t\t\t2201<\/td>\n<\/tr>\n<tr>\n<td>\t\t\t\t\t96\"<\/td>\n<td>\t\t\t\t\t341-96Y<\/td>\n<td>\t\t\t\t\t341-96B<\/td>\n<td>\t\t\t\t\t341-96R<\/td>\n<td>\t\t\t\t\t2202<\/td>\n<\/tr>\n<tr>\n<td>\t\t\t\t\t10&#39;<\/td>\n<td>\t\t\t\t\t341-120Y<\/td>\n<td>\t\t\t\t\t341-120B<\/td>\n<td>\t\t\t\t\t341-120R<\/td>\n<td>\t\t\t\t\t&#8211;<\/td>\n<\/tr>\n<tr>\n<td>\t\t\t\t\t12&#39;<\/td>\n<td>\t\t\t\t\t341-144Y<\/td>\n<td>\t\t\t\t\t341-144B<\/td>\n<td>\t\t\t\t\t341-144R<\/td>\n<td>\t\t\t\t\t&#8211;<\/td>\n<\/tr>\n<tr>\n<td>\t\t\t\t\t25&#39;<\/td>\n<td>\t\t\t\t\t341-300Y<\/td>\n<td>\t\t\t\t\t341-300B<\/td>\n<td>\t\t\t\t\t341-300R<\/td>\n<td>\t\t\t\t\t&#8211;<\/td>\n<\/tr>\n<tr>\n<td>\t\t\t\t\t50&#39;<\/td>\n<td>\t\t\t\t\t341-600Y<\/td>\n<td>\t\t\t\t\t341-600B<\/td>\n<td>\t\t\t\t\t341-600R<\/td>\n<td>\t\t\t\t\t&#8211;<\/td>\n<\/tr>\n<tr>\n<td>\t\t\t\t\t75&#39;<\/td>\n<td>\t\t\t\t\t341-900Y<\/td>\n<td>\t\t\t\t\t341-900B<\/td>\n<td>\t\t\t\t\t341-900R<\/td>\n<td>\t\t\t\t\t&#8211;<\/td>\n<\/tr>\n<tr>\n<td>\t\t\t\t\t100&#39;<\/td>\n<td>\t\t\t\t\t341-1200Y<\/td>\n<td>\t\t\t\t\t341-1200B<\/td>\n<td>\t\t\t\t\t341-1200R<\/td>\n<td>\t\t\t\t\t&#8211;<\/td>\n<\/tr>\n<\/tbody>\n<\/table>\n<p>\t<\/p>\n<table id=\"biaoge\" align=\"center\" border=\"0\" cellpadding=\"1\" cellspacing=\"1\">\n<tbody>\n<tr>\n<td>\n<div style=\"text-align: left;\">\t\t\t\t\t\t<span style=\"font-size:14px;\">\u25cf El racor antirretorno de bajas p\u00e9rdidas atrapa inmediatamente el refrigerante en la manguera cuando&nbsp;<\/span><br \/>\t\t\t\t\t\t<span style=\"font-size: 14px;\">descormado. ayudando a cumplir la normativa de no ventilaci\u00f3n y evitar quemaduras en los dedos.<\/span><\/div>\n<div style=\"text-align: left;\">\t\t\t\t\t\t<span style=\"font-size:14px;\">\u25cf Extremo de 45' para facilitar la instalaci\u00f3n en espacios reducidos.<\/span><\/div>\n<div style=\"text-align: left;\">\t\t\t\t\t\t<span style=\"font-size:14px;\">\u25cf Las juntas resisten el deterioro de los CFC existentes. adem\u00e1s de los nuevos refrigerantes y aceites HFC.<\/span><\/div>\n<div style=\"text-align: left;\">\t\t\t\t\t\t<span style=\"font-size:14px;\">\u25cf Disponible con racores en ambos extremos<\/span><\/div>\n<div style=\"text-align: left;\">\t\t\t\t\t\t<span style=\"font-size:14px;\">\u25cf Temperatura de funcionamiento -28,8\u00b0C a 82,2\u00b0C (-20\u00b0F a 180\u00b0F)<\/span><\/div>\n<div style=\"text-align: left;\">\t\t\t\t\t\t<span style=\"font-size:14px;\">\u25cf 4000 psi (276 bar) r\u00e1faga rnin. 800 psi (55 bar)m\u00e1x, presi\u00f3n de trabajo.<\/span><\/div>\n<div style=\"text-align: left;\">\t\t\t\t\t\t<span style=\"font-size:14px;\">Utilizar manguera con v\u00e1lvula de bola compacta para R-410A.<\/span><\/div>\n<\/td>\n<\/tr>\n<\/tbody>\n<\/table>\n<p><\/div>","protected":false},"excerpt":{"rendered":"<p>Manguera de 1\/4\" con racor antirretorno de baja p\u00e9rdida<\/p>","protected":false},"featured_media":9706,"comment_status":"closed","ping_status":"closed","template":"","meta":[],"etheme_brands":[],"product_brand":[],"product_cat":[63],"product_tag":[],"class_list":{"0":"post-9704","1":"product","2":"type-product","3":"status-publish","4":"has-post-thumbnail","6":"product_cat-manifold","8":"first","9":"instock","10":"shipping-taxable","11":"product-type-simple"},"_links":{"self":[{"href":"https:\/\/chinafore.com\/es\/wp-json\/wp\/v2\/product\/9704","targetHints":{"allow":["GET"]}}],"collection":[{"href":"https:\/\/chinafore.com\/es\/wp-json\/wp\/v2\/product"}],"about":[{"href":"https:\/\/chinafore.com\/es\/wp-json\/wp\/v2\/types\/product"}],"replies":[{"embeddable":true,"href":"https:\/\/chinafore.com\/es\/wp-json\/wp\/v2\/comments?post=9704"}],"version-history":[{"count":1,"href":"https:\/\/chinafore.com\/es\/wp-json\/wp\/v2\/product\/9704\/revisions"}],"predecessor-version":[{"id":11058,"href":"https:\/\/chinafore.com\/es\/wp-json\/wp\/v2\/product\/9704\/revisions\/11058"}],"wp:featuredmedia":[{"embeddable":true,"href":"https:\/\/chinafore.com\/es\/wp-json\/wp\/v2\/media\/9706"}],"wp:attachment":[{"href":"https:\/\/chinafore.com\/es\/wp-json\/wp\/v2\/media?parent=9704"}],"wp:term":[{"taxonomy":"brand","embeddable":true,"href":"https:\/\/chinafore.com\/es\/wp-json\/wp\/v2\/etheme_brands?post=9704"},{"taxonomy":"product_brand","embeddable":true,"href":"https:\/\/chinafore.com\/es\/wp-json\/wp\/v2\/product_brand?post=9704"},{"taxonomy":"product_cat","embeddable":true,"href":"https:\/\/chinafore.com\/es\/wp-json\/wp\/v2\/product_cat?post=9704"},{"taxonomy":"product_tag","embeddable":true,"href":"https:\/\/chinafore.com\/es\/wp-json\/wp\/v2\/product_tag?post=9704"}],"curies":[{"name":"wp","href":"https:\/\/api.w.org\/{rel}","templated":true}]}}