{"id":9700,"date":"2024-05-30T12:26:00","date_gmt":"2024-05-30T12:26:00","guid":{"rendered":"https:\/\/green-giraffe-671934.hostingersite.com\/?post_type=product&#038;p=9700"},"modified":"2024-12-05T08:45:29","modified_gmt":"2024-12-05T08:45:29","slug":"1-4%ef%bc%82hose-with-shut-off-ball-valve","status":"publish","type":"product","link":"https:\/\/chinafore.com\/es\/producto\/1-4\uff02manguera-con-valvula-de-bola-de-cierre\/","title":{"rendered":"Manguera de 1\/4\" con v\u00e1lvula de bola de cierre"},"content":{"rendered":"<div class=\"container-text\">\n<div style=\"text-align: center;\">\t<strong><span style=\"font-size:36px;\">Manguera de 1\/4\" con v\u00e1lvula de bola de cierre<\/span><\/strong><\/p>\n<p>\t<img decoding=\"async\" alt=\"\" src=\"\/wp-content\/uploads\/2024\/05\/2-200403163112233.jpg\" \/><\/p>\n<table id=\"biaoge\" align=\"center\" border=\"1\" cellpadding=\"1\" cellspacing=\"1\">\n<tbody>\n<tr>\n<td>\t\t\t\t\t<strong><span style=\"font-size:14px;\">PUNTO<\/span><\/strong><\/td>\n<td>\t\t\t\t\t<strong><span style=\"font-size:14px;\">Descripci\u00f3n<\/span><\/strong><\/td>\n<\/tr>\n<tr>\n<td>\t\t\t\t\t8443<\/td>\n<td>\t\t\t\t\tJunta de repuesto (paquete de 10)<\/td>\n<\/tr>\n<tr>\n<td>\t\t\t\t\t8444<\/td>\n<td>\t\t\t\t\tAbridor de v\u00e1lvulas Adjust-a-Valve (paquete de 10)<\/td>\n<\/tr>\n<\/tbody>\n<\/table>\n<p>\t<\/p>\n<table id=\"biaoge\" align=\"center\" border=\"1\" cellpadding=\"1\" cellspacing=\"1\">\n<caption>\t\t\t<strong><span style=\"font-size:16px;\">8\" desde el extremo del \u00e1ngulo<\/span><\/strong><\/caption>\n<tbody>\n<tr>\n<td>\t\t\t\t\t<strong><span style=\"font-size:14px;\">L.<\/span><\/strong><\/td>\n<td>\t\t\t\t\t<strong><span style=\"font-size:14px;\">Amarillo<\/span><\/strong><\/td>\n<td>\t\t\t\t\t<strong><span style=\"font-size:14px;\">Azul<\/span><\/strong><\/td>\n<td>\t\t\t\t\t<strong><span style=\"font-size:14px;\">Rojo<\/span><\/strong><\/td>\n<td>\t\t\t\t\t<strong><span style=\"font-size:14px;\">Paquete de 3<\/span><\/strong><\/td>\n<\/tr>\n<tr>\n<td>\t\t\t\t\t36\"<\/td>\n<td>\t\t\t\t\t311-36Y<\/td>\n<td>\t\t\t\t\t311-36B<\/td>\n<td>\t\t\t\t\t311-36R<\/td>\n<td>\t\t\t\t\t2188<\/td>\n<\/tr>\n<tr>\n<td>\t\t\t\t\t48\"<\/td>\n<td>\t\t\t\t\t311-48Y<\/td>\n<td>\t\t\t\t\t311-48B<\/td>\n<td>\t\t\t\t\t311-48R<\/td>\n<td>\t\t\t\t\t2189<\/td>\n<\/tr>\n<tr>\n<td>\t\t\t\t\t60\"<\/td>\n<td>\t\t\t\t\t311-60Y<\/td>\n<td>\t\t\t\t\t311-60B<\/td>\n<td>\t\t\t\t\t311-60R<\/td>\n<td>\t\t\t\t\t2190<\/td>\n<\/tr>\n<tr>\n<td>\t\t\t\t\t72\"<\/td>\n<td>\t\t\t\t\t311-72Y<\/td>\n<td>\t\t\t\t\t311-72B<\/td>\n<td>\t\t\t\t\t311-72R<\/td>\n<td>\t\t\t\t\t2191<\/td>\n<\/tr>\n<tr>\n<td>\t\t\t\t\t96\"<\/td>\n<td>\t\t\t\t\t311-96Y<\/td>\n<td>\t\t\t\t\t311-96B<\/td>\n<td>\t\t\t\t\t311-96R<\/td>\n<td>\t\t\t\t\t2192<\/td>\n<\/tr>\n<tr>\n<td>\t\t\t\t\t10&#39;<\/td>\n<td>\t\t\t\t\t311-120Y<\/td>\n<td>\t\t\t\t\t311-120B<\/td>\n<td>\t\t\t\t\t311-120R<\/td>\n<td>\t\t\t\t\t&#8211;<\/td>\n<\/tr>\n<tr>\n<td>\t\t\t\t\t12&#39;<\/td>\n<td>\t\t\t\t\t311-144Y<\/td>\n<td>\t\t\t\t\t311-144B<\/td>\n<td>\t\t\t\t\t311-144R<\/td>\n<td>\t\t\t\t\t&#8211;<\/td>\n<\/tr>\n<tr>\n<td>\t\t\t\t\t25&#39;<\/td>\n<td>\t\t\t\t\t311-300Y<\/td>\n<td>\t\t\t\t\t311-300B<\/td>\n<td>\t\t\t\t\t311-300R<\/td>\n<td>\t\t\t\t\t&#8211;<\/td>\n<\/tr>\n<tr>\n<td>\t\t\t\t\t50&#39;<\/td>\n<td>\t\t\t\t\t311-600Y<\/td>\n<td>\t\t\t\t\t311-600B<\/td>\n<td>\t\t\t\t\t311-600R<\/td>\n<td>\t\t\t\t\t&#8211;<\/td>\n<\/tr>\n<tr>\n<td>\t\t\t\t\t75&#39;<\/td>\n<td>\t\t\t\t\t311-900Y<\/td>\n<td>\t\t\t\t\t311-900B<\/td>\n<td>\t\t\t\t\t311-900R<\/td>\n<td>\t\t\t\t\t&#8211;<\/td>\n<\/tr>\n<tr>\n<td>\t\t\t\t\t100&#39;<\/td>\n<td>\t\t\t\t\t311-1200Y<\/td>\n<td>\t\t\t\t\t311-1200B<\/td>\n<td>\t\t\t\t\t311-1200R<\/td>\n<td>\t\t\t\t\t&#8211;<\/td>\n<\/tr>\n<\/tbody>\n<\/table>\n<p>\t<\/p>\n<table id=\"biaoge\" align=\"center\" border=\"0\" cellpadding=\"1\" cellspacing=\"1\">\n<tbody>\n<tr>\n<td>\n<div style=\"text-align: left;\">\t\t\t\t\t\t<span style=\"font-size:14px;\">\u25cf La posici\u00f3n de la maneta de la v\u00e1lvula muestra cu\u00e1ndo la v\u00e1lvula est\u00e1 abierta o cerrada<\/span><\/div>\n<div style=\"text-align: left;\">\t\t\t\t\t\t<span style=\"font-size:14px;\">\u25cf V\u00e1lvula ergon\u00f3mica mejorada m\u00e1s peque\u00f1a con restricci\u00f3n cero para un caudal m\u00e1ximo.<\/span><\/div>\n<div style=\"text-align: left;\">\t\t\t\t\t\t<span style=\"font-size:14px;\">Asa de pl\u00e1stico<\/span><\/div>\n<div style=\"text-align: left;\">\t\t\t\t\t\t<span style=\"font-size:14px;\">\u25cf La longitud flexible de la manguera entre la v\u00e1lvula y el accesorio facilita el acceso a&nbsp;<\/span><span style=\"font-size: 14px;\">zonas estrechas<\/span><\/div>\n<div style=\"text-align: left;\">\t\t\t\t\t\t<span style=\"font-size:14px;\">\u25cf 4000 psi (276 bar) m\u00edn. de rotura y 800 psi (55 bar) m\u00e1x. de presi\u00f3n de trabajo.<\/span><\/div>\n<div style=\"text-align: left;\">\t\t\t\t\t\t<span style=\"font-size:14px;\">\u25cf Temperatura de funcionamiento -28,8\u00b0C a 82,2\u00b0C (-20\u00b0F a 180\u00b0F)<\/span><\/div>\n<\/td>\n<\/tr>\n<\/tbody>\n<\/table>\n<p><\/div>","protected":false},"excerpt":{"rendered":"<p>Manguera de 1\/4\" con v\u00e1lvula de bola de cierre<\/p>","protected":false},"featured_media":9702,"comment_status":"closed","ping_status":"closed","template":"","meta":[],"etheme_brands":[],"product_brand":[],"product_cat":[63],"product_tag":[],"class_list":{"0":"post-9700","1":"product","2":"type-product","3":"status-publish","4":"has-post-thumbnail","6":"product_cat-manifold","8":"first","9":"instock","10":"shipping-taxable","11":"product-type-simple"},"_links":{"self":[{"href":"https:\/\/chinafore.com\/es\/wp-json\/wp\/v2\/product\/9700","targetHints":{"allow":["GET"]}}],"collection":[{"href":"https:\/\/chinafore.com\/es\/wp-json\/wp\/v2\/product"}],"about":[{"href":"https:\/\/chinafore.com\/es\/wp-json\/wp\/v2\/types\/product"}],"replies":[{"embeddable":true,"href":"https:\/\/chinafore.com\/es\/wp-json\/wp\/v2\/comments?post=9700"}],"version-history":[{"count":1,"href":"https:\/\/chinafore.com\/es\/wp-json\/wp\/v2\/product\/9700\/revisions"}],"predecessor-version":[{"id":11054,"href":"https:\/\/chinafore.com\/es\/wp-json\/wp\/v2\/product\/9700\/revisions\/11054"}],"wp:featuredmedia":[{"embeddable":true,"href":"https:\/\/chinafore.com\/es\/wp-json\/wp\/v2\/media\/9702"}],"wp:attachment":[{"href":"https:\/\/chinafore.com\/es\/wp-json\/wp\/v2\/media?parent=9700"}],"wp:term":[{"taxonomy":"brand","embeddable":true,"href":"https:\/\/chinafore.com\/es\/wp-json\/wp\/v2\/etheme_brands?post=9700"},{"taxonomy":"product_brand","embeddable":true,"href":"https:\/\/chinafore.com\/es\/wp-json\/wp\/v2\/product_brand?post=9700"},{"taxonomy":"product_cat","embeddable":true,"href":"https:\/\/chinafore.com\/es\/wp-json\/wp\/v2\/product_cat?post=9700"},{"taxonomy":"product_tag","embeddable":true,"href":"https:\/\/chinafore.com\/es\/wp-json\/wp\/v2\/product_tag?post=9700"}],"curies":[{"name":"wp","href":"https:\/\/api.w.org\/{rel}","templated":true}]}}