{"id":9693,"date":"2024-05-30T12:26:00","date_gmt":"2024-05-30T12:26:00","guid":{"rendered":"https:\/\/green-giraffe-671934.hostingersite.com\/?post_type=product&#038;p=9693"},"modified":"2024-12-05T08:45:29","modified_gmt":"2024-12-05T08:45:29","slug":"single-valves","status":"publish","type":"product","link":"https:\/\/chinafore.com\/es\/producto\/valvulas-individuales\/","title":{"rendered":"V\u00e1lvulas individuales"},"content":{"rendered":"<div class=\"container-text\">\n<div style=\"text-align: center;\">\t<strong><span style=\"font-size:36px;\">V\u00e1lvulas individuales<\/span><\/strong><\/p>\n<p>\t<img decoding=\"async\" alt=\"\" src=\"\/wp-content\/uploads\/2024\/05\/2-20040G53322631.jpg\" \/><\/p>\n<table id=\"biaoge\" align=\"center\" border=\"1\" cellpadding=\"1\" cellspacing=\"1\">\n<tbody>\n<tr>\n<td>\t\t\t\t\t<strong><span style=\"font-size:14px;\">PUNTO<\/span><\/strong><\/td>\n<td>\t\t\t\t\t<strong><span style=\"font-size:14px;\">Descripci\u00f3n<\/span><\/strong><\/td>\n<\/tr>\n<tr>\n<td>\t\t\t\t\t3212<\/td>\n<td>\t\t\t\t\tColector Hi-side con man\u00f3metro<\/td>\n<\/tr>\n<tr>\n<td>\t\t\t\t\t3213<\/td>\n<td>\t\t\t\t\tColector Lo-side con man\u00f3metro<\/td>\n<\/tr>\n<tr>\n<td>\t\t\t\t\t3214<\/td>\n<td>\t\t\t\t\tV\u00e1lvula de 3 puertos - 1\/8\" NPT Hembra x dos 1\/4\" Macho abocardados<\/td>\n<\/tr>\n<\/tbody>\n<\/table>\n<p>\t<img decoding=\"async\" alt=\"\" src=\"\/wp-content\/uploads\/2024\/05\/2-20040G53Z53C.jpg\" style=\"width: 570px; height: 201px;\" \/>\t<\/p>\n<div style=\"text-align: left;\">\t\t&nbsp;<\/div>\n<table id=\"biaoge\" align=\"center\" border=\"0\" cellpadding=\"1\" cellspacing=\"1\">\n<tbody>\n<tr>\n<td>\n<div style=\"text-align: left;\">\t\t\t\t\t\t<span style=\"font-size:14px;\">Colectores individuales para los lados alto y bajo del sistema.<\/span><\/div>\n<div style=\"text-align: left;\">\t\t\t\t\t\t<span style=\"font-size:14px;\">Las v\u00e1lvulas individuales est\u00e1n disponibles en versiones de dos o tres v\u00e1lvulas.<\/span><\/div>\n<div style=\"text-align: left;\">\t\t\t\t\t\t<span style=\"font-size:14px;\">Juntas de nailon con juntas t\u00f3ricas dobles.<\/span><\/div>\n<\/td>\n<\/tr>\n<\/tbody>\n<\/table>\n<\/div>\n<p><\/div>","protected":false},"excerpt":{"rendered":"<p>V\u00e1lvulas individuales<\/p>","protected":false},"featured_media":9695,"comment_status":"closed","ping_status":"closed","template":"","meta":[],"etheme_brands":[],"product_brand":[],"product_cat":[63],"product_tag":[],"class_list":{"0":"post-9693","1":"product","2":"type-product","3":"status-publish","4":"has-post-thumbnail","6":"product_cat-manifold","8":"first","9":"instock","10":"shipping-taxable","11":"product-type-simple"},"_links":{"self":[{"href":"https:\/\/chinafore.com\/es\/wp-json\/wp\/v2\/product\/9693","targetHints":{"allow":["GET"]}}],"collection":[{"href":"https:\/\/chinafore.com\/es\/wp-json\/wp\/v2\/product"}],"about":[{"href":"https:\/\/chinafore.com\/es\/wp-json\/wp\/v2\/types\/product"}],"replies":[{"embeddable":true,"href":"https:\/\/chinafore.com\/es\/wp-json\/wp\/v2\/comments?post=9693"}],"version-history":[{"count":1,"href":"https:\/\/chinafore.com\/es\/wp-json\/wp\/v2\/product\/9693\/revisions"}],"predecessor-version":[{"id":11047,"href":"https:\/\/chinafore.com\/es\/wp-json\/wp\/v2\/product\/9693\/revisions\/11047"}],"wp:featuredmedia":[{"embeddable":true,"href":"https:\/\/chinafore.com\/es\/wp-json\/wp\/v2\/media\/9695"}],"wp:attachment":[{"href":"https:\/\/chinafore.com\/es\/wp-json\/wp\/v2\/media?parent=9693"}],"wp:term":[{"taxonomy":"brand","embeddable":true,"href":"https:\/\/chinafore.com\/es\/wp-json\/wp\/v2\/etheme_brands?post=9693"},{"taxonomy":"product_brand","embeddable":true,"href":"https:\/\/chinafore.com\/es\/wp-json\/wp\/v2\/product_brand?post=9693"},{"taxonomy":"product_cat","embeddable":true,"href":"https:\/\/chinafore.com\/es\/wp-json\/wp\/v2\/product_cat?post=9693"},{"taxonomy":"product_tag","embeddable":true,"href":"https:\/\/chinafore.com\/es\/wp-json\/wp\/v2\/product_tag?post=9693"}],"curies":[{"name":"wp","href":"https:\/\/api.w.org\/{rel}","templated":true}]}}