{"id":9673,"date":"2024-05-30T12:26:00","date_gmt":"2024-05-30T12:26:00","guid":{"rendered":"https:\/\/green-giraffe-671934.hostingersite.com\/?post_type=product&#038;p=9673"},"modified":"2024-12-05T08:45:26","modified_gmt":"2024-12-05T08:45:26","slug":"2-valve-test-charging-manifold-f-c","status":"publish","type":"product","link":"https:\/\/chinafore.com\/es\/producto\/colector-de-carga-de-prueba-de-2-valvulas-f-c\/","title":{"rendered":"Prueba de 2 v\u00e1lvulas y colector de carga -\u00b0F\/\u00b0C"},"content":{"rendered":"<div class=\"container-text\">\n<div style=\"text-align: center;\">\t<strong><span style=\"font-size:36px;\">Prueba de 2 v\u00e1lvulas y colector de carga -\u00b0F\/\u00b0C<\/span><\/strong><\/p>\n<p>\t<img decoding=\"async\" alt=\"\" src=\"\/wp-content\/uploads\/2024\/05\/2-20040Q0051N31.jpg\" \/><\/p>\n<table id=\"biaoge\" align=\"center\" border=\"1\" cellpadding=\"1\" cellspacing=\"1\">\n<tbody>\n<tr>\n<td>\t\t\t\t\t<strong><span style=\"font-size:14px;\">Refrigerantes<\/span><\/strong><\/td>\n<td>\t\t\t\t\t<strong><span style=\"font-size:14px;\">PUNTO<\/span><\/strong><\/td>\n<td>\t\t\t\t\t<strong><span style=\"font-size:14px;\">Indicador<\/span><\/strong><\/td>\n<td>\t\t\t\t\t<strong><span style=\"font-size:14px;\">Mangueras<\/span><\/strong><\/td>\n<\/tr>\n<tr>\n<td>\t\t\t\t\tR-410A<\/td>\n<td>\t\t\t\t\t3066<\/td>\n<td>\t\t\t\t\tRojo\/Azul<\/td>\n<td>\t\t\t\t\tSin manguera<\/td>\n<\/tr>\n<tr>\n<td>\t\t\t\t\tR-410A<\/td>\n<td>\t\t\t\t\t3067<\/td>\n<td>\t\t\t\t\tRojo\/Azul<\/td>\n<td>\t\t\t\t\t60\" - RYB<\/td>\n<\/tr>\n<tr>\n<td>\t\t\t\t\tR-410A<\/td>\n<td>\t\t\t\t\t3068<\/td>\n<td>\t\t\t\t\tRojo\/Azul<\/td>\n<td>\t\t\t\t\tV\u00e1lvula de bola compacta de 60\" - RYB<\/td>\n<\/tr>\n<tr>\n<td>\t\t\t\t\tR-22\/R-404A\/R-410A<\/td>\n<td>\t\t\t\t\t3069<\/td>\n<td>\t\t\t\t\tRojo\/Azul<\/td>\n<td>\t\t\t\t\tSin manguera<\/td>\n<\/tr>\n<tr>\n<td>\t\t\t\t\tR-22\/R-404A\/R-410A<\/td>\n<td>\t\t\t\t\t3070*<\/td>\n<td>\t\t\t\t\tRojo\/Azul<\/td>\n<td>\t\t\t\t\tSin manguera<\/td>\n<\/tr>\n<tr>\n<td>\t\t\t\t\tR-22\/R-404A\/R-410A<\/td>\n<td>\t\t\t\t\t3071<\/td>\n<td>\t\t\t\t\tRojo\/Azul<\/td>\n<td>\t\t\t\t\t60\" - RYB<\/td>\n<\/tr>\n<tr>\n<td>\t\t\t\t\tR-22\/R-404A\/R-410A<\/td>\n<td>\t\t\t\t\t3072<\/td>\n<td>\t\t\t\t\tRojo\/Azul<\/td>\n<td>\t\t\t\t\tV\u00e1lvula de bola compacta de 60\" - RYB<\/td>\n<\/tr>\n<tr>\n<td>\t\t\t\t\tR-12\/R-22\/R-502<\/td>\n<td>\t\t\t\t\t3073<\/td>\n<td>\t\t\t\t\tRojo\/Azul<\/td>\n<td>\t\t\t\t\tSin manguera<\/td>\n<\/tr>\n<tr>\n<td>\t\t\t\t\tR-12\/R-22\/R-502<\/td>\n<td>\t\t\t\t\t3074*<\/td>\n<td>\t\t\t\t\tRojo\/Azul<\/td>\n<td>\t\t\t\t\tSin manguera<\/td>\n<\/tr>\n<tr>\n<td>\t\t\t\t\tR-12\/R-22\/R-502<\/td>\n<td>\t\t\t\t\t3075<\/td>\n<td>\t\t\t\t\tRojo\/Azul<\/td>\n<td>\t\t\t\t\t60\" - RYB<\/td>\n<\/tr>\n<tr>\n<td>\t\t\t\t\tR-22\/R-134a\/R-404A\/R-407C<\/td>\n<td>\t\t\t\t\t3076<\/td>\n<td>\t\t\t\t\tRojo\/Azul<\/td>\n<td>\t\t\t\t\tV\u00e1lvula de bola compacta de 60\" - RYB<\/td>\n<\/tr>\n<tr>\n<td>\t\t\t\t\tR-22\/R-134a\/R-404A\/R-407C<\/td>\n<td>\t\t\t\t\t3077<\/td>\n<td>\t\t\t\t\tRojo\/Azul<\/td>\n<td>\t\t\t\t\tSin manguera<\/td>\n<\/tr>\n<tr>\n<td>\t\t\t\t\tR-22\/R-134a\/R-404A\/R-407C<\/td>\n<td>\t\t\t\t\t3078<\/td>\n<td>\t\t\t\t\tRojo\/Azul<\/td>\n<td>\t\t\t\t\t60\" - RYB<\/td>\n<\/tr>\n<tr>\n<td>\t\t\t\t\tR-22\/R-134a\/R-404A\/R-407C<\/td>\n<td>\t\t\t\t\t3079<\/td>\n<td>\t\t\t\t\tRojo\/Azul<\/td>\n<td>\t\t\t\t\tV\u00e1lvula de bola compacta de 60\" - RYB<\/td>\n<\/tr>\n<tr>\n<td>\t\t\t\t\tR-22\/R-134a\/R-404A<\/td>\n<td>\t\t\t\t\t3080<\/td>\n<td>\t\t\t\t\tRojo\/Azul<\/td>\n<td>\t\t\t\t\tSin manguera<\/td>\n<\/tr>\n<tr>\n<td>\t\t\t\t\tR-22\/R-134a\/R-404A<\/td>\n<td>\t\t\t\t\t3081<\/td>\n<td>\t\t\t\t\tRojo\/Azul<\/td>\n<td>\t\t\t\t\t&nbsp;60\" - RYB<\/td>\n<\/tr>\n<tr>\n<td>\t\t\t\t\tR-22\/R-134a\/R-404A<\/td>\n<td>\t\t\t\t\t3082<\/td>\n<td>\t\t\t\t\tRojo\/Azul<\/td>\n<td>\t\t\t\t\tV\u00e1lvula de bola compacta de 60\" - RYB<\/td>\n<\/tr>\n<tr>\n<td>\t\t\t\t\tR-134a<\/td>\n<td>\t\t\t\t\t3083<\/td>\n<td>\t\t\t\t\tRojo\/Azul<\/td>\n<td>\t\t\t\t\tV\u00e1lvula de bola compacta de 72\" - RYB&nbsp;<\/td>\n<\/tr>\n<tr>\n<td>\t\t\t\t\tR-12\/R-22\/R-502<\/td>\n<td>\t\t\t\t\t3084<\/td>\n<td>\t\t\t\t\tIndicadores rojo y azul<\/td>\n<td>\t\t\t\t\tEn caja<\/td>\n<\/tr>\n<tr>\n<td>\t\t\t\t\tR-12\/R-22\/R-502<\/td>\n<td>\t\t\t\t\t3085<\/td>\n<td>\t\t\t\t\tIndicadores rojo y azul<\/td>\n<td>\t\t\t\t\tBivalva<\/td>\n<\/tr>\n<tr>\n<td>\t\t\t\t\tR-12\/R-22\/R-502<\/td>\n<td>\t\t\t\t\t3086<\/td>\n<td>\t\t\t\t\tCalibradores de lat\u00f3n<\/td>\n<td>\t\t\t\t\tEn caja<\/td>\n<\/tr>\n<tr>\n<td>\t\t\t\t\tR-12\/R-22\/R-502<\/td>\n<td>\t\t\t\t\t3087<\/td>\n<td>\t\t\t\t\tCalibradores de lat\u00f3n<\/td>\n<td>\t\t\t\t\tBivalva<\/td>\n<\/tr>\n<tr>\n<td>\t\t\t\t\tR-134a\/R-404A\/R-507<\/td>\n<td>\t\t\t\t\t3088<\/td>\n<td>\t\t\t\t\tIndicadores rojo y azul<\/td>\n<td>\t\t\t\t\tEn caja<\/td>\n<\/tr>\n<tr>\n<td>\t\t\t\t\tR-134a\/R-404A\/R-507<\/td>\n<td>\t\t\t\t\t3089<\/td>\n<td>\t\t\t\t\tIndicadores rojo y azul<\/td>\n<td>\t\t\t\t\tBivalva<\/td>\n<\/tr>\n<tr>\n<td>\t\t\t\t\tR-134a\/R-404A\/R-507<\/td>\n<td>\t\t\t\t\t3090<\/td>\n<td>\t\t\t\t\tCalibradores de lat\u00f3n<\/td>\n<td>\t\t\t\t\tEn caja<\/td>\n<\/tr>\n<tr>\n<td>\t\t\t\t\tR-134a\/R-404A\/R-507<\/td>\n<td>\t\t\t\t\t3091<\/td>\n<td>\t\t\t\t\tCalibradores de lat\u00f3n<\/td>\n<td>\t\t\t\t\tBivalva<\/td>\n<\/tr>\n<tr>\n<td>\t\t\t\t\tR-410A<\/td>\n<td>\t\t\t\t\t3092<\/td>\n<td>\t\t\t\t\tIndicadores rojo y azul<\/td>\n<td>\t\t\t\t\tEn caja<\/td>\n<\/tr>\n<tr>\n<td>\t\t\t\t\tR-410A<\/td>\n<td>\t\t\t\t\t3093<\/td>\n<td>\t\t\t\t\tIndicadores rojo y azul<\/td>\n<td>\t\t\t\t\tBivalva<\/td>\n<\/tr>\n<\/tbody>\n<\/table>\n<p>\t<\/p>\n<table id=\"biaoge\" align=\"center\" border=\"0\" cellpadding=\"1\" cellspacing=\"1\">\n<tbody>\n<tr>\n<td>\n<div style=\"text-align: left;\">\t\t\t\t\t\t<span style=\"font-size:14px;\">Cuerpo de aleaci\u00f3n de aluminio forjado y grandes indicadores de f\u00e1cil lectura<\/span><\/div>\n<div style=\"text-align: left;\">\t\t\t\t\t\t<span style=\"font-size:14px;\">El nuevo colector de prueba y carga es el primer colector de aluminio forjado del&nbsp;<\/span><span style=\"font-size: 14px;\">industria. La construcci\u00f3n especial de aleaci\u00f3n de aluminio del cuerpo del colector hace que&nbsp;<\/span><span style=\"font-size: 14px;\">esta unidad ligera para facilitar su manejo con la durabilidad y fiabilidad&nbsp;<\/span><span style=\"font-size: 14px;\">necesario para un uso repetido y resistente.<\/span><\/div>\n<div style=\"text-align: left;\">\t\t\t\t\t\t<span style=\"font-size:14px;\">Caracter\u00edsticas\/beneficios<\/span><\/div>\n<div style=\"text-align: left;\">\t\t\t\t\t\t<span style=\"font-size:14px;\">\u25cf Caja de acero grande y f\u00e1cil de leer de 3-1\/8\" (80 mm) roja y azul, precisi\u00f3n 1% (Clase 1).<\/span><\/div>\n<div style=\"text-align: left;\">\t\t\t\t\t\t<span style=\"font-size:14px;\">&nbsp; &nbsp;man\u00f3metros; acceso frontal para facilitar la recalibraci\u00f3n sobre el terreno; fundas protectoras opcionales para los man\u00f3metros.&nbsp;<br \/>\t\t\t\t\t\t&nbsp; &nbsp;disponible<\/span><\/div>\n<div style=\"text-align: left;\">\t\t\t\t\t\t<span style=\"font-size:14px;\">\u25cf Pist\u00f3n de doble junta t\u00f3rica de eficacia probada para mayor fiabilidad y larga vida \u00fatil.<\/span><\/div>\n<div style=\"text-align: left;\">\t\t\t\t\t\t<span style=\"font-size:14px;\">\u25cf El exclusivo filtro de malla 100 en l\u00ednea en todos los racores abocardados ayuda a mantener fuera el material particulado.<\/span><\/div>\n<div style=\"text-align: left;\">\t\t\t\t\t\t<span style=\"font-size:14px;\">&nbsp; &nbsp;y prolongar la vida \u00fatil de los asientos<\/span><\/div>\n<div style=\"text-align: left;\">\t\t\t\t\t\t<span style=\"font-size:14px;\">\u25cf Asas contorneadas de f\u00e1cil agarre para un control positivo; codificadas por colores para una f\u00e1cil identificaci\u00f3n.<\/span><\/div>\n<div style=\"text-align: left;\">\t\t\t\t\t\t<span style=\"font-size:14px;\">\u25cf Mirilla para ver f\u00e1cilmente el movimiento y el estado del refrigerante durante la carga y la<br \/>\t\t\t\t\t\t&nbsp; &nbsp;recuperaci\u00f3n<\/span><\/div>\n<div style=\"text-align: left;\">\t\t\t\t\t\t<span style=\"font-size:14px;\">\u25cf El gancho de alta resistencia no se sale<\/span><\/div>\n<\/td>\n<\/tr>\n<\/tbody>\n<\/table>\n<p><\/div>","protected":false},"excerpt":{"rendered":"<p>Prueba de 2 v\u00e1lvulas y colector de carga -\u00b0F\/\u00b0C<\/p>","protected":false},"featured_media":9675,"comment_status":"closed","ping_status":"closed","template":"","meta":[],"etheme_brands":[],"product_brand":[],"product_cat":[63],"product_tag":[],"class_list":{"0":"post-9673","1":"product","2":"type-product","3":"status-publish","4":"has-post-thumbnail","6":"product_cat-manifold","8":"first","9":"instock","10":"shipping-taxable","11":"product-type-simple"},"_links":{"self":[{"href":"https:\/\/chinafore.com\/es\/wp-json\/wp\/v2\/product\/9673","targetHints":{"allow":["GET"]}}],"collection":[{"href":"https:\/\/chinafore.com\/es\/wp-json\/wp\/v2\/product"}],"about":[{"href":"https:\/\/chinafore.com\/es\/wp-json\/wp\/v2\/types\/product"}],"replies":[{"embeddable":true,"href":"https:\/\/chinafore.com\/es\/wp-json\/wp\/v2\/comments?post=9673"}],"version-history":[{"count":1,"href":"https:\/\/chinafore.com\/es\/wp-json\/wp\/v2\/product\/9673\/revisions"}],"predecessor-version":[{"id":11027,"href":"https:\/\/chinafore.com\/es\/wp-json\/wp\/v2\/product\/9673\/revisions\/11027"}],"wp:featuredmedia":[{"embeddable":true,"href":"https:\/\/chinafore.com\/es\/wp-json\/wp\/v2\/media\/9675"}],"wp:attachment":[{"href":"https:\/\/chinafore.com\/es\/wp-json\/wp\/v2\/media?parent=9673"}],"wp:term":[{"taxonomy":"brand","embeddable":true,"href":"https:\/\/chinafore.com\/es\/wp-json\/wp\/v2\/etheme_brands?post=9673"},{"taxonomy":"product_brand","embeddable":true,"href":"https:\/\/chinafore.com\/es\/wp-json\/wp\/v2\/product_brand?post=9673"},{"taxonomy":"product_cat","embeddable":true,"href":"https:\/\/chinafore.com\/es\/wp-json\/wp\/v2\/product_cat?post=9673"},{"taxonomy":"product_tag","embeddable":true,"href":"https:\/\/chinafore.com\/es\/wp-json\/wp\/v2\/product_tag?post=9673"}],"curies":[{"name":"wp","href":"https:\/\/api.w.org\/{rel}","templated":true}]}}