{"id":9669,"date":"2024-05-30T12:26:00","date_gmt":"2024-05-30T12:26:00","guid":{"rendered":"https:\/\/green-giraffe-671934.hostingersite.com\/?post_type=product&#038;p=9669"},"modified":"2024-12-05T08:45:16","modified_gmt":"2024-12-05T08:45:16","slug":"4-valve-test-charging-manifold-f-c-4","status":"publish","type":"product","link":"https:\/\/chinafore.com\/es\/producto\/colector-de-carga-de-prueba-de-4-valvulas-f-c-4\/","title":{"rendered":"Prueba de 4 v\u00e1lvulas y colector de carga - \u00b0F\/ \u00b0C"},"content":{"rendered":"<div class=\"container-text\">\n<div style=\"text-align: center;\">\t<strong><span style=\"font-size:36px;\">Prueba de 4 v\u00e1lvulas y colector de carga - \u00b0F\/ \u00b0C<\/span><\/strong><\/p>\n<p>\t<img decoding=\"async\" alt=\"\" src=\"\/wp-content\/uploads\/2024\/05\/2-20040Q12913R3.jpg\" \/><\/p>\n<table id=\"biaoge\" align=\"center\" border=\"1\" cellpadding=\"1\" cellspacing=\"1\">\n<tbody>\n<tr>\n<td>\t\t\t\t\t<strong><span style=\"font-size:14px;\">Refrigerantes<\/span><\/strong><\/td>\n<td>\t\t\t\t\t<strong><span style=\"font-size:14px;\">PUNTO<\/span><\/strong><\/td>\n<td>\t\t\t\t\t<strong><span style=\"font-size:14px;\">Indicador<\/span><\/strong><\/td>\n<td>\t\t\t\t\t<strong><span style=\"font-size:14px;\">Mangueras<\/span><\/strong><\/td>\n<\/tr>\n<tr>\n<td>\t\t\t\t\tR-410A<\/td>\n<td>\t\t\t\t\t3030<\/td>\n<td>\t\t\t\t\tRojo\/Azul<\/td>\n<td>\t\t\t\t\tSin manguera<\/td>\n<\/tr>\n<tr>\n<td>\t\t\t\t\tR-410A<\/td>\n<td>\t\t\t\t\t3031<\/td>\n<td>\t\t\t\t\tLiquide<\/td>\n<td>\t\t\t\t\tSin manguera<\/td>\n<\/tr>\n<tr>\n<td>\t\t\t\t\tR-410A<\/td>\n<td>\t\t\t\t\t3032<\/td>\n<td>\t\t\t\t\tRojo\/Azul<\/td>\n<td>\t\t\t\t\tV\u00e1lvula de bola compacta de 60\" - RYB y 3\/8\" x 45\u00b0<\/td>\n<\/tr>\n<tr>\n<td>\t\t\t\t\tR-410A<\/td>\n<td>\t\t\t\t\t3033<\/td>\n<td>\t\t\t\t\tRojo\/Azul<\/td>\n<td>\t\t\t\t\t60\" RYB &amp; 3\/8\" x 45\u00b0<\/td>\n<\/tr>\n<tr>\n<td>\t\t\t\t\tR-22\/R-404A\/R-410A\/R-134a<\/td>\n<td>\t\t\t\t\t3034<\/td>\n<td>\t\t\t\t\tRojo\/Azul<\/td>\n<td>\t\t\t\t\tSin manguera<\/td>\n<\/tr>\n<tr>\n<td>\t\t\t\t\tR-22\/R-404A\/R-410A\/R-134a<\/td>\n<td>\t\t\t\t\t3035<\/td>\n<td>\t\t\t\t\tRojo\/Azul<\/td>\n<td>\t\t\t\t\tSin manguera<\/td>\n<\/tr>\n<tr>\n<td>\t\t\t\t\tR-22\/R-404A\/R-410A\/R-134a<\/td>\n<td>\t\t\t\t\t3036<\/td>\n<td>\t\t\t\t\tRojo\/Azul<\/td>\n<td>\t\t\t\t\t60\" RYB &amp; 3\/8\" x 45\u00b0<\/td>\n<\/tr>\n<tr>\n<td>\t\t\t\t\tR-22\/R-404A\/R-410A\/R-134a<\/td>\n<td>\t\t\t\t\t3037<\/td>\n<td>\t\t\t\t\tRojo\/Azul<\/td>\n<td>\t\t\t\t\tSin manguera<\/td>\n<\/tr>\n<tr>\n<td>\t\t\t\t\tR-22\/R-404A\/R-410A\/R-134a<\/td>\n<td>\t\t\t\t\t3038<\/td>\n<td>\t\t\t\t\tL\u00edquido<\/td>\n<td>\t\t\t\t\tSin manguera<\/td>\n<\/tr>\n<tr>\n<td>\t\t\t\t\tR-22\/R-404A\/R-410A\/R-134a<\/td>\n<td>\t\t\t\t\t3039<\/td>\n<td>\t\t\t\t\tL\u00edquido<\/td>\n<td>\t\t\t\t\t60\" RYB &amp; 3\/8\" x 45\u00b0<\/td>\n<\/tr>\n<tr>\n<td>\t\t\t\t\tR-12\/R-22\/R-502<\/td>\n<td>\t\t\t\t\t3040<\/td>\n<td>\t\t\t\t\tRojo\/Azul<\/td>\n<td>\t\t\t\t\tSin manguera<\/td>\n<\/tr>\n<tr>\n<td>\t\t\t\t\tR-12\/R-22\/R-502<\/td>\n<td>\t\t\t\t\t3041<\/td>\n<td>\t\t\t\t\tRojo\/Azul<\/td>\n<td>\t\t\t\t\t60\" RYB &amp; 3\/8\" x 45\u00b0<\/td>\n<\/tr>\n<tr>\n<td>\t\t\t\t\tR-12\/R-22\/R-502<\/td>\n<td>\t\t\t\t\t3042<\/td>\n<td>\t\t\t\t\tL\u00edquido<\/td>\n<td>\t\t\t\t\tSin manguera<\/td>\n<\/tr>\n<tr>\n<td>\t\t\t\t\tR-12\/R-22\/R-502<\/td>\n<td>\t\t\t\t\t3043<\/td>\n<td>\t\t\t\t\tL\u00edquido<\/td>\n<td>\t\t\t\t\t60\" RYB &amp; 3\/8\" x 45\u00b0<\/td>\n<\/tr>\n<tr>\n<td>\t\t\t\t\tR-22\/R-134a\/R-404A\/R-407C<\/td>\n<td>\t\t\t\t\t3044<\/td>\n<td>\t\t\t\t\tRojo\/Azul<\/td>\n<td>\t\t\t\t\tSin manguera<\/td>\n<\/tr>\n<tr>\n<td>\t\t\t\t\tR-22\/R-134a\/R-404A\/R-407C<\/td>\n<td>\t\t\t\t\t3045<\/td>\n<td>\t\t\t\t\tRojo\/Azul<\/td>\n<td>\t\t\t\t\t60\" RYB &amp; 3\/8\" x 45\u00b0<\/td>\n<\/tr>\n<tr>\n<td>\t\t\t\t\tR-22\/R-134a\/R-404A\/R-407C<\/td>\n<td>\t\t\t\t\t3046<\/td>\n<td>\t\t\t\t\tL\u00edquido<\/td>\n<td>\t\t\t\t\tSin manguera<\/td>\n<\/tr>\n<tr>\n<td>\t\t\t\t\tR-22\/R-134a\/R-404A\/R-407C<\/td>\n<td>\t\t\t\t\t3047<\/td>\n<td>\t\t\t\t\tL\u00edquido<\/td>\n<td>\t\t\t\t\t60\" RYB &amp; 3\/8\" x 45\u00b0<\/td>\n<\/tr>\n<tr>\n<td>\t\t\t\t\tR-22\/R-134a\/R-404A<\/td>\n<td>\t\t\t\t\t3048<\/td>\n<td>\t\t\t\t\tRojo\/Azul<\/td>\n<td>\t\t\t\t\tSin manguera<\/td>\n<\/tr>\n<tr>\n<td>\t\t\t\t\tR-22\/R-134a\/R-404A<\/td>\n<td>\t\t\t\t\t3049<\/td>\n<td>\t\t\t\t\tRojo\/Azul<\/td>\n<td>\t\t\t\t\t60\" RYB &amp; 3\/8\" x 45\u00b0<\/td>\n<\/tr>\n<tr>\n<td>\t\t\t\t\tR-22\/R-134a\/R-404A<\/td>\n<td>\t\t\t\t\t3050<\/td>\n<td>\t\t\t\t\tL\u00edquido<\/td>\n<td>\t\t\t\t\tSin manguera<\/td>\n<\/tr>\n<tr>\n<td>\t\t\t\t\tR-22\/R-134a\/R-404A<\/td>\n<td>\t\t\t\t\t3051<\/td>\n<td>\t\t\t\t\tL\u00edquido<\/td>\n<td>\t\t\t\t\t60\" RYB &amp; 3\/8\" x 45\u00b0<\/td>\n<\/tr>\n<\/tbody>\n<\/table>\n<p>\t<img decoding=\"async\" alt=\"\" src=\"\/wp-content\/uploads\/2024\/05\/2-20040Q251434O.jpg\"\/><\/p>\n<table id=\"biaoge\" align=\"center\" border=\"0\" cellpadding=\"1\" cellspacing=\"1\">\n<tbody>\n<tr>\n<td>\n<div style=\"text-align: left;\">\t\t\t\t\t\t<span style=\"font-size:14px;\">Cuerpo de aleaci\u00f3n de aluminio forjado para una mayor resistencia&nbsp;<\/span><span style=\"font-size: 14px;\">y fiabilidad El nuevo colector de prueba y carga&nbsp;<\/span><span style=\"font-size: 14px;\">es el primer colector de aluminio forjado del sector.<\/span><\/div>\n<div style=\"text-align: left;\">\t\t\t\t\t\t<span style=\"font-size:14px;\">El cuerpo de aleaci\u00f3n de aluminio especial hace que esta unidad&nbsp;<\/span><span style=\"font-size: 14px;\">ligereza para facilitar su manejo con la durabilidad&nbsp;<\/span><span style=\"font-size: 14px;\">y la fiabilidad necesarias para un uso repetido y exigente.<\/span><\/div>\n<div style=\"text-align: left;\">\t\t\t\t\t\t<span style=\"font-size:14px;\"><strong>CARACTER\u00cdSTICAS\/BENEFICIOS<\/strong><\/span><\/div>\n<div style=\"text-align: left;\">\t\t\t\t\t\t<span style=\"font-size:14px;\">\u25cfCaja de acero grande y f\u00e1cil de leer de 3-1\/8\" (80 mm) de color rojo&nbsp;<\/span><span style=\"font-size: 14px;\">y azul,1% precisi\u00f3n (Clase l)&nbsp; &nbsp; &nbsp; &nbsp;<br \/>\t\t\t\t\t\t&nbsp; indicadores, acceso frontal&nbsp;<\/span><span style=\"font-size: 14px;\">para facilitar el recalibrado sobre el terreno, galga de protecci\u00f3n opcional&nbsp;<\/span><span style=\"font-size: 14px;\">botas disponibles<\/span><\/div>\n<div style=\"text-align: left;\">\t\t\t\t\t\t<span style=\"font-size:14px;\">Pist\u00f3n de doble junta t\u00f3rica de eficacia probada para mayor fiabilidad y durabilidad.&nbsp;<\/span><span style=\"font-size: 14px;\">vida \u00fatil<\/span><\/div>\n<div style=\"text-align: left;\">\t\t\t\t\t\t<span style=\"font-size:14px;\">\u25cfFiltro exclusivo de malla 100 en l\u00ednea en todos los racores abocardados.&nbsp;<\/span><span style=\"font-size: 14px;\">ayuda a mantener fuera el material particulado<br \/>\t\t\t\t\t\t&nbsp;&nbsp;y ampliar el&nbsp;<\/span><span style=\"font-size: 14px;\">vida \u00fatil de los asientos<\/span><\/div>\n<div style=\"text-align: left;\">\t\t\t\t\t\t<span style=\"font-size:14px;\">\u25cfVentana para ver f\u00e1cilmente el movimiento del refrigerante y&nbsp;<\/span><span style=\"font-size: 14px;\">durante la carga y<br \/>\t\t\t\t\t\t&nbsp; recuperaci\u00f3n<\/span><\/div>\n<div>\n<div style=\"text-align: left;\">\t\t\t\t\t\t\t<span style=\"font-size:14px;\">\u25cfEl gancho de alta resistencia no se sale<\/span><\/div>\n<div style=\"text-align: left;\">\t\t\t\t\t\t\t<span style=\"font-size:14px;\"><strong>CARACTER\u00cdSTICAS\/BENEFICIOS DE LAS 4 V\u00c1LVULAS<\/strong><\/span><\/div>\n<div style=\"text-align: left;\">\t\t\t\t\t\t\t<span style=\"font-size:14px;\">Cuarta manguera para permitir la conexi\u00f3n a los lados hi\/lo, dep\u00f3sito de refrigerante y&nbsp;<\/span><span style=\"font-size: 14px;\">unidad de recuperaci\u00f3n o bomba de vac\u00edo para diagn\u00f3stico, evacuaci\u00f3n y carga&nbsp;<\/span><span style=\"font-size: 14px;\">sin cambiar de manguera Conexi\u00f3n de vac\u00edo de 3\/8\" para utilizar con una manguera m\u00e1s grande para cortar&nbsp;<\/span><span style=\"font-size: 14px;\">tiempo de evacuaci\u00f3n de hasta 33 % (todos los dem\u00e1s racores de la unidad son de 1\/4\")&nbsp;<\/span><span style=\"font-size: 14px;\">Tambi\u00e9n disponible con man\u00f3metros rojos y azules de 3-1\/8\" (80 mm) rellenos de l\u00edquido<\/span><\/div>\n<\/p><\/div>\n<\/td>\n<\/tr>\n<\/tbody>\n<\/table>\n<p>\t&nbsp;<\/div>\n<p><\/div>","protected":false},"excerpt":{"rendered":"<p>Prueba de 4 v\u00e1lvulas y colector de carga - \u00b0F\/ \u00b0C<\/p>","protected":false},"featured_media":9671,"comment_status":"closed","ping_status":"closed","template":"","meta":[],"etheme_brands":[],"product_brand":[],"product_cat":[63],"product_tag":[],"class_list":{"0":"post-9669","1":"product","2":"type-product","3":"status-publish","4":"has-post-thumbnail","6":"product_cat-manifold","8":"first","9":"instock","10":"shipping-taxable","11":"product-type-simple"},"_links":{"self":[{"href":"https:\/\/chinafore.com\/es\/wp-json\/wp\/v2\/product\/9669","targetHints":{"allow":["GET"]}}],"collection":[{"href":"https:\/\/chinafore.com\/es\/wp-json\/wp\/v2\/product"}],"about":[{"href":"https:\/\/chinafore.com\/es\/wp-json\/wp\/v2\/types\/product"}],"replies":[{"embeddable":true,"href":"https:\/\/chinafore.com\/es\/wp-json\/wp\/v2\/comments?post=9669"}],"version-history":[{"count":1,"href":"https:\/\/chinafore.com\/es\/wp-json\/wp\/v2\/product\/9669\/revisions"}],"predecessor-version":[{"id":11021,"href":"https:\/\/chinafore.com\/es\/wp-json\/wp\/v2\/product\/9669\/revisions\/11021"}],"wp:featuredmedia":[{"embeddable":true,"href":"https:\/\/chinafore.com\/es\/wp-json\/wp\/v2\/media\/9671"}],"wp:attachment":[{"href":"https:\/\/chinafore.com\/es\/wp-json\/wp\/v2\/media?parent=9669"}],"wp:term":[{"taxonomy":"brand","embeddable":true,"href":"https:\/\/chinafore.com\/es\/wp-json\/wp\/v2\/etheme_brands?post=9669"},{"taxonomy":"product_brand","embeddable":true,"href":"https:\/\/chinafore.com\/es\/wp-json\/wp\/v2\/product_brand?post=9669"},{"taxonomy":"product_cat","embeddable":true,"href":"https:\/\/chinafore.com\/es\/wp-json\/wp\/v2\/product_cat?post=9669"},{"taxonomy":"product_tag","embeddable":true,"href":"https:\/\/chinafore.com\/es\/wp-json\/wp\/v2\/product_tag?post=9669"}],"curies":[{"name":"wp","href":"https:\/\/api.w.org\/{rel}","templated":true}]}}