{"id":11839,"date":"2024-05-30T12:26:00","date_gmt":"2024-05-30T12:26:00","guid":{"rendered":"https:\/\/green-giraffe-671934.hostingersite.com\/?post_type=product&#038;p=11839"},"modified":"2024-12-05T08:47:19","modified_gmt":"2024-12-05T08:47:19","slug":"square-swirl-diffusers-with-fixed-curved-blades","status":"publish","type":"product","link":"https:\/\/chinafore.com\/es\/producto\/difusores-rotacionales-cuadrados-de-aletas-curvas-fijas\/","title":{"rendered":"Difusores rotacionales cuadrados con lamas curvas fijas"},"content":{"rendered":"<div class=\"container-text\">\n<div style=\"text-align: center;\">\t<strong><span style=\"font-size:36px;\">SWRS<\/span><\/strong><\/p>\n<p>\t<img decoding=\"async\" alt=\"\" src=\"\/wp-content\/uploads\/2024\/05\/2-200411140133B0.jpg\" \/><\/p>\n<table id=\"biaoge\" align=\"center\" border=\"1\" cellpadding=\"1\" cellspacing=\"1\">\n<tbody>\n<tr>\n<td>\t\t\t\t\t<strong><span style=\"font-size:14px;\">Tipo<\/span><\/strong><\/td>\n<td>\t\t\t\t\t<strong><span style=\"font-size:14px;\">A-A(mm)<\/span><\/strong><\/td>\n<td>\t\t\t\t\t<strong><span style=\"font-size:14px;\"><span style=\"color: rgb(0, 0, 0); font-family: &quot;Helvetica Neue&quot;, Helvetica, Arial, sans-serif;\">\u0424<\/span>B(mm)<\/span><\/strong><\/td>\n<\/tr>\n<tr>\n<td>\t\t\t\t\tSWRS300<\/td>\n<td>\t\t\t\t\t595<\/td>\n<td>\t\t\t\t\t254<\/td>\n<\/tr>\n<tr>\n<td>\t\t\t\t\tSWRS400<\/td>\n<td>\t\t\t\t\t595<\/td>\n<td>\t\t\t\t\t336<\/td>\n<\/tr>\n<tr>\n<td>\t\t\t\t\tSWRS500<\/td>\n<td>\t\t\t\t\t595<\/td>\n<td>\t\t\t\t\t440<\/td>\n<\/tr>\n<tr>\n<td>\t\t\t\t\tSWRS600<\/td>\n<td>\t\t\t\t\t595<\/td>\n<td>\t\t\t\t\t530<\/td>\n<\/tr>\n<tr>\n<td>\t\t\t\t\tSWRS625<\/td>\n<td>\t\t\t\t\t625<\/td>\n<td>\t\t\t\t\t530<\/td>\n<\/tr>\n<\/tbody>\n<\/table>\n<p>\t<\/p>\n<table id=\"biaoge\" align=\"center\" border=\"0\" cellpadding=\"1\" cellspacing=\"1\">\n<tbody>\n<tr>\n<td>\n<div style=\"text-align: left;\">\t\t\t\t\t\t<span style=\"font-size:14px;\">- SWR:Difusores de techo rotacionales de alta inducci\u00f3n&nbsp;<\/span><span style=\"font-size: 14px;\">que consiste en una placa cuadrada con<br \/>\t\t\t\t\t\tvarios&nbsp;<\/span><span style=\"font-size: 14px;\">fija cuchillas curvadas dispuestas en forma circular&nbsp;<\/span><span style=\"font-size: 14px;\">patr\u00f3n y estar equipado con<br \/>\t\t\t\t\t\tgalvanizado&nbsp;<\/span><span style=\"font-size: 14px;\">plenum de acero.<\/span><\/div>\n<div style=\"text-align: left;\">\t\t\t\t\t\t<span style=\"font-size:14px;\">- 4 tama\u00f1os de remolino disponibles<\/span><\/div>\n<div style=\"text-align: left;\">\t\t\t\t\t\t<span style=\"font-size:14px;\">- Aplicaci\u00f3n:Para impulsi\u00f3n y extracci\u00f3n de aire en&nbsp;<\/span><span style=\"font-size: 14px;\">sistemas de ventilaci\u00f3n y aire acondicionado<\/span><\/div>\n<div style=\"text-align: left;\">\t\t\t\t\t\t<span style=\"font-size:14px;\">- Material:Acero con recubrimiento de polvo blanco&nbsp;<\/span><span style=\"font-size: 14px;\">RAL9016,RAL9010<\/span><\/div>\n<div style=\"text-align: left;\">\t\t\t\t\t\t<span style=\"font-size:14px;\">- Composici\u00f3n:Placa frontal de pintura en polvo&nbsp;<\/span><span style=\"font-size: 14px;\">de acero. Fijaci\u00f3n central con tornillos<\/span><\/div>\n<div style=\"text-align: left;\">\t\t\t\t\t\t<span style=\"font-size:14px;\">- Montaje:Fijaci\u00f3n mediante tornillo central en el&nbsp;<\/span><span style=\"font-size: 14px;\">travesa\u00f1o del plenum de conexi\u00f3n.<\/span><\/div>\n<\/td>\n<\/tr>\n<\/tbody>\n<\/table>\n<p>\t<img decoding=\"async\" alt=\"\" src=\"\/wp-content\/uploads\/2024\/05\/2-2004111413194Z.jpg\"\/><\/p>\n<\/div>","protected":false},"excerpt":{"rendered":"<p>Difusores rotacionales cuadrados con lamas curvas fijas<\/p>","protected":false},"featured_media":11841,"comment_status":"closed","ping_status":"closed","template":"","meta":[],"etheme_brands":[],"product_brand":[],"product_cat":[51],"product_tag":[],"class_list":{"0":"post-11839","1":"product","2":"type-product","3":"status-publish","4":"has-post-thumbnail","6":"product_cat-diffuser","8":"first","9":"instock","10":"shipping-taxable","11":"product-type-simple"},"_links":{"self":[{"href":"https:\/\/chinafore.com\/es\/wp-json\/wp\/v2\/product\/11839","targetHints":{"allow":["GET"]}}],"collection":[{"href":"https:\/\/chinafore.com\/es\/wp-json\/wp\/v2\/product"}],"about":[{"href":"https:\/\/chinafore.com\/es\/wp-json\/wp\/v2\/types\/product"}],"replies":[{"embeddable":true,"href":"https:\/\/chinafore.com\/es\/wp-json\/wp\/v2\/comments?post=11839"}],"version-history":[{"count":1,"href":"https:\/\/chinafore.com\/es\/wp-json\/wp\/v2\/product\/11839\/revisions"}],"predecessor-version":[{"id":11840,"href":"https:\/\/chinafore.com\/es\/wp-json\/wp\/v2\/product\/11839\/revisions\/11840"}],"wp:featuredmedia":[{"embeddable":true,"href":"https:\/\/chinafore.com\/es\/wp-json\/wp\/v2\/media\/11841"}],"wp:attachment":[{"href":"https:\/\/chinafore.com\/es\/wp-json\/wp\/v2\/media?parent=11839"}],"wp:term":[{"taxonomy":"brand","embeddable":true,"href":"https:\/\/chinafore.com\/es\/wp-json\/wp\/v2\/etheme_brands?post=11839"},{"taxonomy":"product_brand","embeddable":true,"href":"https:\/\/chinafore.com\/es\/wp-json\/wp\/v2\/product_brand?post=11839"},{"taxonomy":"product_cat","embeddable":true,"href":"https:\/\/chinafore.com\/es\/wp-json\/wp\/v2\/product_cat?post=11839"},{"taxonomy":"product_tag","embeddable":true,"href":"https:\/\/chinafore.com\/es\/wp-json\/wp\/v2\/product_tag?post=11839"}],"curies":[{"name":"wp","href":"https:\/\/api.w.org\/{rel}","templated":true}]}}