{"id":11791,"date":"2024-05-30T12:26:00","date_gmt":"2024-05-30T12:26:00","guid":{"rendered":"https:\/\/green-giraffe-671934.hostingersite.com\/?post_type=product&#038;p=11791"},"modified":"2024-12-05T08:47:12","modified_gmt":"2024-12-05T08:47:12","slug":"4-way-ceiling-diffusers-with-fixed-core-cd-4s4","status":"publish","type":"product","link":"https:\/\/chinafore.com\/es\/producto\/difusores-de-techo-de-4-vias-con-nucleo-fijo-cd-4s4\/","title":{"rendered":"Difusores de techo de 4 v\u00edas con n\u00facleo fijo CD - 4S4"},"content":{"rendered":"<div class=\"container-text\">\n<div style=\"text-align: center;\">\t<strong><span style=\"font-size:36px;\">CD - 4S4<\/span><\/strong><\/p>\n<p>\t<img decoding=\"async\" alt=\"\" src=\"\/wp-content\/uploads\/2024\/05\/2-200416112T3227.jpg\" \/><\/p>\n<table id=\"biaoge\" align=\"center\" border=\"1\" cellpadding=\"1\" cellspacing=\"1\">\n<tbody>\n<tr>\n<td>\t\t\t\t\t<strong><span style=\"font-size:14px;\">Tipo<\/span><\/strong><\/td>\n<td>\t\t\t\t\t<strong><span style=\"font-size:14px;\">A-B(mm)<\/span><\/strong><\/td>\n<td>\t\t\t\t\t<strong><span style=\"font-size:14px;\">A1-B1(mm)<\/span><\/strong><\/td>\n<td>\t\t\t\t\t<strong><span style=\"font-size:14px;\">A2-B2(mm)<\/span><\/strong><\/td>\n<td>\t\t\t\t\t<strong><span style=\"font-size:14px;\">A3-B3(mm)<\/span><\/strong><\/td>\n<td>\t\t\t\t\t<strong><span style=\"font-size:14px;\">H(mm)<\/span><\/strong><\/td>\n<\/tr>\n<tr>\n<td>\t\t\t\t\tCD-4S4150x150<\/td>\n<td>\t\t\t\t\t127&#215;127<\/td>\n<td>\t\t\t\t\t229&#215;229<\/td>\n<td>\t\t\t\t\t395&#215;395<\/td>\n<td>\t\t\t\t\t145&#215;145<\/td>\n<td>\t\t\t\t\t50-55<\/td>\n<\/tr>\n<tr>\n<td>\t\t\t\t\tCD-4S4225x225<\/td>\n<td>\t\t\t\t\t202&#215;202<\/td>\n<td>\t\t\t\t\t304&#215;304<\/td>\n<td>\t\t\t\t\t370&#215;370<\/td>\n<td>\t\t\t\t\t220&#215;220<\/td>\n<td>\t\t\t\t\t50-55<\/td>\n<\/tr>\n<tr>\n<td>\t\t\t\t\tCD-4S4300x300<\/td>\n<td>\t\t\t\t\t227&#215;227<\/td>\n<td>\t\t\t\t\t379&#215;379<\/td>\n<td>\t\t\t\t\t445&#215;445<\/td>\n<td>\t\t\t\t\t295&#215;295<\/td>\n<td>\t\t\t\t\t50-55<\/td>\n<\/tr>\n<tr>\n<td>\n<div>\t\t\t\t\t\tCD-4S4375x375<\/div>\n<\/td>\n<td>\t\t\t\t\t352&#215;352<\/td>\n<td>\t\t\t\t\t454&#215;454<\/td>\n<td>\t\t\t\t\t520&#215;520<\/td>\n<td>\t\t\t\t\t370&#215;370<\/td>\n<td>\t\t\t\t\t50-55<\/td>\n<\/tr>\n<tr>\n<td>\t\t\t\t\tCD-4S4450x450<\/td>\n<td>\t\t\t\t\t427&#215;427<\/td>\n<td>\t\t\t\t\t529&#215;529<\/td>\n<td>\t\t\t\t\t595&#215;595<\/td>\n<td>\t\t\t\t\t445&#215;445<\/td>\n<td>\t\t\t\t\t50-55<\/td>\n<\/tr>\n<\/tbody>\n<\/table>\n<p>\t<\/p>\n<table id=\"biaoge\" align=\"center\" border=\"0\" cellpadding=\"1\" cellspacing=\"1\">\n<tbody>\n<tr>\n<td>\n<div style=\"text-align: left;\">\t\t\t\t\t\t<span style=\"font-size:14px;\">- Difusores multidireccionales de 4 v\u00edas con&nbsp;<\/span><span style=\"font-size: 14px;\">parte central desmontable.<\/span><\/div>\n<div style=\"text-align: left;\">\t\t\t\t\t\t<span style=\"font-size:14px;\">- Aplicaci\u00f3n: Para impulsi\u00f3n y extracci\u00f3n de aire en&nbsp;<\/span><span style=\"font-size: 14px;\">sistemas de ventilaci\u00f3n y aire acondicionado<\/span><\/div>\n<div style=\"text-align: left;\">\t\t\t\t\t\t<span style=\"font-size:14px;\">- Material : Aluminio Fijaci\u00f3n no visible&nbsp;<\/span><span style=\"font-size: 14px;\">tornillos<\/span><\/div>\n<div style=\"text-align: left;\">\t\t\t\t\t\t<span style=\"font-size:14px;\">- Ejecuciones especiales:&nbsp;<\/span><span style=\"font-size: 14px;\">CD-4S4: Una versi\u00f3n de aluminio nodizado<\/span><\/div>\n<div style=\"text-align: left;\">\t\t\t\t\t\t<span style=\"font-size:14px;\">- Estampaci\u00f3n para todos los bastidores, sin soldadura<\/span><\/div>\n<\/td>\n<\/tr>\n<\/tbody>\n<\/table>\n<p>\t<img decoding=\"async\" alt=\"\" src=\"\/wp-content\/uploads\/2024\/05\/2-200416123A3C3.jpg\"\/><\/p>\n<\/div>","protected":false},"excerpt":{"rendered":"<p>Difusores de techo de 4 v\u00edas con n\u00facleo fijo CD - 4S4<\/p>","protected":false},"featured_media":11793,"comment_status":"closed","ping_status":"closed","template":"","meta":[],"etheme_brands":[],"product_brand":[],"product_cat":[51],"product_tag":[],"class_list":{"0":"post-11791","1":"product","2":"type-product","3":"status-publish","4":"has-post-thumbnail","6":"product_cat-diffuser","8":"first","9":"instock","10":"shipping-taxable","11":"product-type-simple"},"_links":{"self":[{"href":"https:\/\/chinafore.com\/es\/wp-json\/wp\/v2\/product\/11791","targetHints":{"allow":["GET"]}}],"collection":[{"href":"https:\/\/chinafore.com\/es\/wp-json\/wp\/v2\/product"}],"about":[{"href":"https:\/\/chinafore.com\/es\/wp-json\/wp\/v2\/types\/product"}],"replies":[{"embeddable":true,"href":"https:\/\/chinafore.com\/es\/wp-json\/wp\/v2\/comments?post=11791"}],"version-history":[{"count":1,"href":"https:\/\/chinafore.com\/es\/wp-json\/wp\/v2\/product\/11791\/revisions"}],"predecessor-version":[{"id":11792,"href":"https:\/\/chinafore.com\/es\/wp-json\/wp\/v2\/product\/11791\/revisions\/11792"}],"wp:featuredmedia":[{"embeddable":true,"href":"https:\/\/chinafore.com\/es\/wp-json\/wp\/v2\/media\/11793"}],"wp:attachment":[{"href":"https:\/\/chinafore.com\/es\/wp-json\/wp\/v2\/media?parent=11791"}],"wp:term":[{"taxonomy":"brand","embeddable":true,"href":"https:\/\/chinafore.com\/es\/wp-json\/wp\/v2\/etheme_brands?post=11791"},{"taxonomy":"product_brand","embeddable":true,"href":"https:\/\/chinafore.com\/es\/wp-json\/wp\/v2\/product_brand?post=11791"},{"taxonomy":"product_cat","embeddable":true,"href":"https:\/\/chinafore.com\/es\/wp-json\/wp\/v2\/product_cat?post=11791"},{"taxonomy":"product_tag","embeddable":true,"href":"https:\/\/chinafore.com\/es\/wp-json\/wp\/v2\/product_tag?post=11791"}],"curies":[{"name":"wp","href":"https:\/\/api.w.org\/{rel}","templated":true}]}}