{"id":11787,"date":"2024-05-30T12:26:00","date_gmt":"2024-05-30T12:26:00","guid":{"rendered":"https:\/\/green-giraffe-671934.hostingersite.com\/?post_type=product&#038;p=11787"},"modified":"2024-12-05T08:47:12","modified_gmt":"2024-12-05T08:47:12","slug":"4-way-ceiling-diffusers-with-fixed-core-cd-4s1","status":"publish","type":"product","link":"https:\/\/chinafore.com\/es\/producto\/difusores-de-techo-de-4-vias-con-nucleo-fijo-cd-4s1\/","title":{"rendered":"Difusores de techo de 4 v\u00edas con n\u00facleo fijo CD - 4S1"},"content":{"rendered":"<div class=\"container-text\">\n<div style=\"text-align: center;\">\t<strong><span style=\"font-size:36px;\">CD - 4S1<\/span><\/strong><\/p>\n<p>\t<img decoding=\"async\" alt=\"\" src=\"\/wp-content\/uploads\/2024\/05\/2-2004161313145G.jpg\" \/><\/p>\n<table id=\"biaoge\" align=\"center\" border=\"1\" cellpadding=\"1\" cellspacing=\"1\">\n<tbody>\n<tr>\n<td>\t\t\t\t\t<strong><span style=\"font-size:14px;\">Tipo<\/span><\/strong><\/td>\n<td>\t\t\t\t\t<strong><span style=\"font-size:14px;\">A-A(mm)<\/span><\/strong><\/td>\n<td>\t\t\t\t\t<strong><span style=\"font-size:14px;\">B-B(mm)<\/span><\/strong><\/td>\n<td>\t\t\t\t\t<strong><span style=\"font-size:14px;\">H(mm)<\/span><\/strong><\/td>\n<\/tr>\n<tr>\n<td>\t\t\t\t\tCD-4S1150x150<\/td>\n<td>\t\t\t\t\t145&#215;145<\/td>\n<td>\t\t\t\t\t295&#215;295<\/td>\n<td>\t\t\t\t\t47.5<\/td>\n<\/tr>\n<tr>\n<td>\t\t\t\t\tCD-4S1225x225<\/td>\n<td>\t\t\t\t\t220&#215;220<\/td>\n<td>\t\t\t\t\t370&#215;370<\/td>\n<td>\t\t\t\t\t47.5<\/td>\n<\/tr>\n<tr>\n<td>\t\t\t\t\tCD-4S1300x300<\/td>\n<td>\t\t\t\t\t295&#215;295<\/td>\n<td>\t\t\t\t\t445&#215;445<\/td>\n<td>\t\t\t\t\t47.5<\/td>\n<\/tr>\n<tr>\n<td>\t\t\t\t\tCD-4S1375x375<\/td>\n<td>\t\t\t\t\t370&#215;370<\/td>\n<td>\t\t\t\t\t520&#215;520<\/td>\n<td>\t\t\t\t\t47.5<\/td>\n<\/tr>\n<tr>\n<td>\t\t\t\t\tCD-4S1595x595<\/td>\n<td>\t\t\t\t\t445&#215;445<\/td>\n<td>\t\t\t\t\t595&#215;595<\/td>\n<td>\t\t\t\t\t47.5<\/td>\n<\/tr>\n<\/tbody>\n<\/table>\n<p>\t<\/p>\n<table id=\"biaoge\" align=\"center\" border=\"0\" cellpadding=\"1\" cellspacing=\"1\">\n<tbody>\n<tr>\n<td>\n<div style=\"text-align: left;\">\t\t\t\t\t\t<span style=\"font-size:14px;\">- Difusor de techo de 4 v\u00edas con compuerta y&nbsp;<\/span><span style=\"font-size: 14px;\">n\u00facleo extra\u00edble<\/span><\/div>\n<div style=\"text-align: left;\">\t\t\t\t\t\t<span style=\"font-size:14px;\">- Aplicaci\u00f3n: Para impulsi\u00f3n y extracci\u00f3n de aire en&nbsp;<\/span><span style=\"font-size: 14px;\">ventilaci\u00f3n y aire acondicionado.<\/span><\/div>\n<div style=\"text-align: left;\">\t\t\t\t\t\t<span style=\"font-size:14px;\">- Material: Aluminio<\/span><\/div>\n<div style=\"text-align: left;\">\t\t\t\t\t\t<span style=\"font-size:14px;\">- Color: RAL 9016, RAL 9010<\/span><\/div>\n<div style=\"text-align: left;\">\t\t\t\t\t\t<span style=\"font-size:14px;\">- Composici\u00f3n: Estructura de aluminio.<\/span><\/div>\n<div style=\"text-align: left;\">\t\t\t\t\t\t<span style=\"font-size:14px;\">Palas fijas Palas direccionales de 4 v\u00edas<\/span><\/div>\n<div style=\"text-align: left;\">\t\t\t\t\t\t<span style=\"font-size:14px;\">- Fijaci\u00f3n: Fijaci\u00f3n por el collar del&nbsp;<\/span><span style=\"font-size: 14px;\">difusor en el plenum<\/span><\/div>\n<div style=\"text-align: left;\">\t\t\t\t\t\t<span style=\"font-size:14px;\">- Estampaci\u00f3n para todos los bastidores, sin soldadura&nbsp;<\/span><\/div>\n<\/td>\n<\/tr>\n<\/tbody>\n<\/table>\n<p>\t<img decoding=\"async\" alt=\"\" src=\"\/wp-content\/uploads\/2024\/05\/2-2004161321504S.jpg\"\/><\/div>\n<p><\/div>","protected":false},"excerpt":{"rendered":"<p>Difusores de techo de 4 v\u00edas con n\u00facleo fijo CD - 4S1<\/p>","protected":false},"featured_media":11789,"comment_status":"closed","ping_status":"closed","template":"","meta":[],"etheme_brands":[],"product_brand":[],"product_cat":[51],"product_tag":[],"class_list":{"0":"post-11787","1":"product","2":"type-product","3":"status-publish","4":"has-post-thumbnail","6":"product_cat-diffuser","8":"first","9":"instock","10":"shipping-taxable","11":"product-type-simple"},"_links":{"self":[{"href":"https:\/\/chinafore.com\/es\/wp-json\/wp\/v2\/product\/11787","targetHints":{"allow":["GET"]}}],"collection":[{"href":"https:\/\/chinafore.com\/es\/wp-json\/wp\/v2\/product"}],"about":[{"href":"https:\/\/chinafore.com\/es\/wp-json\/wp\/v2\/types\/product"}],"replies":[{"embeddable":true,"href":"https:\/\/chinafore.com\/es\/wp-json\/wp\/v2\/comments?post=11787"}],"version-history":[{"count":1,"href":"https:\/\/chinafore.com\/es\/wp-json\/wp\/v2\/product\/11787\/revisions"}],"predecessor-version":[{"id":11788,"href":"https:\/\/chinafore.com\/es\/wp-json\/wp\/v2\/product\/11787\/revisions\/11788"}],"wp:featuredmedia":[{"embeddable":true,"href":"https:\/\/chinafore.com\/es\/wp-json\/wp\/v2\/media\/11789"}],"wp:attachment":[{"href":"https:\/\/chinafore.com\/es\/wp-json\/wp\/v2\/media?parent=11787"}],"wp:term":[{"taxonomy":"brand","embeddable":true,"href":"https:\/\/chinafore.com\/es\/wp-json\/wp\/v2\/etheme_brands?post=11787"},{"taxonomy":"product_brand","embeddable":true,"href":"https:\/\/chinafore.com\/es\/wp-json\/wp\/v2\/product_brand?post=11787"},{"taxonomy":"product_cat","embeddable":true,"href":"https:\/\/chinafore.com\/es\/wp-json\/wp\/v2\/product_cat?post=11787"},{"taxonomy":"product_tag","embeddable":true,"href":"https:\/\/chinafore.com\/es\/wp-json\/wp\/v2\/product_tag?post=11787"}],"curies":[{"name":"wp","href":"https:\/\/api.w.org\/{rel}","templated":true}]}}