{"id":11779,"date":"2024-05-30T12:26:00","date_gmt":"2024-05-30T12:26:00","guid":{"rendered":"https:\/\/green-giraffe-671934.hostingersite.com\/?post_type=product&#038;p=11779"},"modified":"2024-12-05T08:47:11","modified_gmt":"2024-12-05T08:47:11","slug":"stainless-steel-air-supply-valves-ss-vs","status":"publish","type":"product","link":"https:\/\/chinafore.com\/es\/producto\/valvulas-de-suministro-de-aire-de-acero-inoxidable-ss-vs\/","title":{"rendered":"V\u00e1lvulas de suministro de aire de acero inoxidable Ss-Vs"},"content":{"rendered":"<div class=\"container-text\">\n<div style=\"text-align: center;\">\t<strong><span style=\"font-size:36px;\">SS-VS<\/span><\/strong><\/p>\n<p>\t<img decoding=\"async\" alt=\"\" src=\"\/wp-content\/uploads\/2024\/05\/2-20041G35R5253.jpg\" \/><\/p>\n<table id=\"biaoge\" align=\"center\" border=\"1\" cellpadding=\"1\" cellspacing=\"1\">\n<tbody>\n<tr>\n<td>\t\t\t\t\t<strong><span style=\"font-size:14px;\">Tipo<\/span><\/strong><\/td>\n<td>\t\t\t\t\t<strong><span style=\"font-size:14px;\">\u0424A(mm)<\/span><\/strong><\/td>\n<td>\t\t\t\t\t<strong><span style=\"font-size:14px;\">\u0424B(mm)<\/span><\/strong><\/td>\n<td>\t\t\t\t\t<strong><span style=\"font-size:14px;\">C(mm)<\/span><\/strong><\/td>\n<\/tr>\n<tr>\n<td>\t\t\t\t\tSS-VS100<\/td>\n<td>\t\t\t\t\t96<\/td>\n<td>\t\t\t\t\t140<\/td>\n<td>\t\t\t\t\t51<\/td>\n<\/tr>\n<tr>\n<td>\t\t\t\t\tSS-VS125<\/td>\n<td>\t\t\t\t\t120<\/td>\n<td>\t\t\t\t\t175<\/td>\n<td>\t\t\t\t\t54<\/td>\n<\/tr>\n<tr>\n<td>\t\t\t\t\tSS-VS150<\/td>\n<td>\t\t\t\t\t145<\/td>\n<td>\t\t\t\t\t220<\/td>\n<td>\t\t\t\t\t62<\/td>\n<\/tr>\n<tr>\n<td>\t\t\t\t\tSS-VS160<\/td>\n<td>\t\t\t\t\t155<\/td>\n<td>\t\t\t\t\t220<\/td>\n<td>\t\t\t\t\t63<\/td>\n<\/tr>\n<tr>\n<td>\t\t\t\t\tSS-VS200<\/td>\n<td>\t\t\t\t\t195<\/td>\n<td>\t\t\t\t\t295<\/td>\n<td>\t\t\t\t\t73<\/td>\n<\/tr>\n<\/tbody>\n<\/table>\n<p>\t<\/p>\n<table id=\"biaoge\" align=\"center\" border=\"0\" cellpadding=\"1\" cellspacing=\"1\">\n<tbody>\n<tr>\n<td>\n<div style=\"text-align: left;\">\t\t\t\t\t\t<span style=\"font-size:14px;\">- V\u00e1lvulas de alimentaci\u00f3n y escape de aire<\/span><\/div>\n<div style=\"text-align: left;\">\t\t\t\t\t\t<span style=\"font-size:14px;\">- Aplicaci\u00f3n: Para impulsi\u00f3n y extracci\u00f3n de aire en&nbsp;<\/span><span style=\"font-size: 14px;\">sistemas de ventilaci\u00f3n<\/span><\/div>\n<div style=\"text-align: left;\">\t\t\t\t\t\t<span style=\"font-size:14px;\">- Material: Acero inoxidable<\/span><\/div>\n<div style=\"text-align: left;\">\t\t\t\t\t\t<span style=\"font-size:14px;\">- Color : acabado cepillado<\/span><\/div>\n<div style=\"text-align: left;\">\t\t\t\t\t\t<span style=\"font-size:14px;\">- Composici\u00f3n: Cuerpo, n\u00facleo interno y montaje&nbsp;<\/span><span style=\"font-size: 14px;\">marco de acero inoxidable 304<\/span><\/div>\n<div style=\"text-align: left;\">\t\t\t\t\t\t<span style=\"font-size:14px;\">- Montaje: Para montar con clips en el interior&nbsp;<\/span><span style=\"font-size: 14px;\">marco de montaje o directamente en conductos redondos<\/span><\/div>\n<div style=\"text-align: left;\">\t\t\t\t\t\t<span style=\"font-size:14px;\">&nbsp; sin el marco de montaje. N\u00facleo central a&nbsp;<\/span><span style=\"font-size: 14px;\">fijarse con contratuerca.<\/span><\/div>\n<div style=\"text-align: left;\">\t\t\t\t\t\t<span style=\"font-size:14px;\">- Accesorios: Marco de montaje est\u00e1ndar&nbsp;<\/span><span style=\"font-size: 14px;\">(incluido)<\/span><\/div>\n<\/td>\n<\/tr>\n<\/tbody>\n<\/table>\n<p>\t<img decoding=\"async\" alt=\"\" src=\"\/wp-content\/uploads\/2024\/05\/2-20041G40231141.jpg\"\/><\/p>\n<\/div>","protected":false},"excerpt":{"rendered":"<p>V\u00e1lvulas de suministro de aire de acero inoxidable Ss-Vs<\/p>","protected":false},"featured_media":11781,"comment_status":"closed","ping_status":"closed","template":"","meta":[],"etheme_brands":[],"product_brand":[],"product_cat":[51],"product_tag":[],"class_list":{"0":"post-11779","1":"product","2":"type-product","3":"status-publish","4":"has-post-thumbnail","6":"product_cat-diffuser","8":"first","9":"instock","10":"shipping-taxable","11":"product-type-simple"},"_links":{"self":[{"href":"https:\/\/chinafore.com\/es\/wp-json\/wp\/v2\/product\/11779","targetHints":{"allow":["GET"]}}],"collection":[{"href":"https:\/\/chinafore.com\/es\/wp-json\/wp\/v2\/product"}],"about":[{"href":"https:\/\/chinafore.com\/es\/wp-json\/wp\/v2\/types\/product"}],"replies":[{"embeddable":true,"href":"https:\/\/chinafore.com\/es\/wp-json\/wp\/v2\/comments?post=11779"}],"version-history":[{"count":1,"href":"https:\/\/chinafore.com\/es\/wp-json\/wp\/v2\/product\/11779\/revisions"}],"predecessor-version":[{"id":11780,"href":"https:\/\/chinafore.com\/es\/wp-json\/wp\/v2\/product\/11779\/revisions\/11780"}],"wp:featuredmedia":[{"embeddable":true,"href":"https:\/\/chinafore.com\/es\/wp-json\/wp\/v2\/media\/11781"}],"wp:attachment":[{"href":"https:\/\/chinafore.com\/es\/wp-json\/wp\/v2\/media?parent=11779"}],"wp:term":[{"taxonomy":"brand","embeddable":true,"href":"https:\/\/chinafore.com\/es\/wp-json\/wp\/v2\/etheme_brands?post=11779"},{"taxonomy":"product_brand","embeddable":true,"href":"https:\/\/chinafore.com\/es\/wp-json\/wp\/v2\/product_brand?post=11779"},{"taxonomy":"product_cat","embeddable":true,"href":"https:\/\/chinafore.com\/es\/wp-json\/wp\/v2\/product_cat?post=11779"},{"taxonomy":"product_tag","embeddable":true,"href":"https:\/\/chinafore.com\/es\/wp-json\/wp\/v2\/product_tag?post=11779"}],"curies":[{"name":"wp","href":"https:\/\/api.w.org\/{rel}","templated":true}]}}