{"id":11767,"date":"2024-05-30T12:26:00","date_gmt":"2024-05-30T12:26:00","guid":{"rendered":"https:\/\/green-giraffe-671934.hostingersite.com\/?post_type=product&#038;p=11767"},"modified":"2024-12-05T08:47:09","modified_gmt":"2024-12-05T08:47:09","slug":"plastic-air-louver-or-air-grille-sms-b","status":"publish","type":"product","link":"https:\/\/chinafore.com\/es\/producto\/rejilla-de-aire-de-plastico-o-rejilla-de-aire-sms-b\/","title":{"rendered":"Rejilla de pl\u00e1stico SMS-B"},"content":{"rendered":"<div class=\"container-text\">\n<div style=\"text-align: center;\">\t<strong><span style=\"font-size:36px;\">SMS-B<\/span><\/strong><\/p>\n<p>\t<img decoding=\"async\" alt=\"\" src=\"\/wp-content\/uploads\/2024\/05\/2-200416161G34R.jpg\" \/><\/p>\n<table id=\"biaoge\" align=\"center\" border=\"1\" cellpadding=\"1\" cellspacing=\"1\">\n<tbody>\n<tr>\n<td>\t\t\t\t\t<strong><span style=\"font-size:14px;\">Tipo<\/span><\/strong><\/td>\n<td>\t\t\t\t\t<strong><span style=\"font-size:14px;\">A(mm)<\/span><\/strong><\/td>\n<td>\t\t\t\t\t<strong><span style=\"font-size:14px;\">B(mm)<\/span><\/strong><\/td>\n<td>\t\t\t\t\t<strong><span style=\"font-size:14px;\">C(mm)<\/span><\/strong><\/td>\n<td>\t\t\t\t\t<strong><span style=\"font-size:14px;\">D(mm)<\/span><\/strong><\/td>\n<td>\t\t\t\t\t<strong><span style=\"font-size:14px;\">T(mm)<\/span><\/strong><\/td>\n<\/tr>\n<tr>\n<td>\t\t\t\t\tSMS-B154x154<\/td>\n<td>\t\t\t\t\t154<\/td>\n<td>\t\t\t\t\t154<\/td>\n<td>\t\t\t\t\t110<\/td>\n<td>\t\t\t\t\t110<\/td>\n<td>\t\t\t\t\t15<\/td>\n<\/tr>\n<tr>\n<td>\t\t\t\t\tSMS-B187x187<\/td>\n<td>\t\t\t\t\t186<\/td>\n<td>\t\t\t\t\t186<\/td>\n<td>\t\t\t\t\t142<\/td>\n<td>\t\t\t\t\t142<\/td>\n<td>\t\t\t\t\t15<\/td>\n<\/tr>\n<tr>\n<td>\t\t\t\t\tSMS-B299x221<\/td>\n<td>\t\t\t\t\t221<\/td>\n<td>\t\t\t\t\t299<\/td>\n<td>\t\t\t\t\t250<\/td>\n<td>\t\t\t\t\t168<\/td>\n<td>\t\t\t\t\t15<\/td>\n<\/tr>\n<tr>\n<td>\t\t\t\t\tSMS-B250x250<\/td>\n<td>\t\t\t\t\t250<\/td>\n<td>\t\t\t\t\t250<\/td>\n<td>\t\t\t\t\t214<\/td>\n<td>\t\t\t\t\t250<\/td>\n<td>\t\t\t\t\t15<\/td>\n<\/tr>\n<\/tbody>\n<\/table>\n<p>\t<\/p>\n<table id=\"biaoge\" align=\"center\" border=\"0\" cellpadding=\"1\" cellspacing=\"1\">\n<tbody>\n<tr>\n<td>\n<div style=\"text-align: left;\">\t\t\t\t\t\t<span style=\"font-size:14px;\">La rejilla de ventilaci\u00f3n est\u00e1 prevista para su montaje en&nbsp;<\/span><span style=\"font-size: 14px;\">la pared exterior. Se fija al yeso con la ayuda de&nbsp;<\/span><span style=\"font-size: 14px;\">de tornillos.<\/span><\/div>\n<div style=\"text-align: left;\">\t\t\t\t\t\t<span style=\"font-size:14px;\">La rejilla de ventilaci\u00f3n est\u00e1 dise\u00f1ada como&nbsp;<\/span><span style=\"font-size: 14px;\">rejilla, lo que significa que las lamas de la rejilla est\u00e1n&nbsp;<\/span><span style=\"font-size: 14px;\">cerradas y s\u00f3lo se abren por el flujo de aire del&nbsp;<\/span><span style=\"font-size: 14px;\">ventilador conectado. Esto evita la p\u00e9rdida de calor cuando el&nbsp;<\/span><span style=\"font-size: 14px;\">el ventilador est\u00e1 apagado&nbsp;<\/span><span style=\"font-size: 14px;\">Fabricado en pl\u00e1stico ABS de alta calidad (apto para&nbsp;<\/span><br \/>\t\t\t\t\t\t<span style=\"font-size: 14px;\">temperaturas de hasta 45 \u00b0 C), es extremadamente ligero y<\/span><span style=\"font-size: 14px;\">resistente a la intemperie y, por tanto, tiene una larga vida \u00fatil&nbsp;<\/span><span style=\"font-size: 14px;\">vida \u00fatil. Gracias a su sencilla construcci\u00f3n, la rejilla puede<\/span><\/div>\n<\/td>\n<\/tr>\n<\/tbody>\n<\/table>\n<p>\t<img decoding=\"async\" alt=\"\" src=\"\/wp-content\/uploads\/2024\/05\/2-2004161623354M.jpg\"\/><\/p>\n<\/div>","protected":false},"excerpt":{"rendered":"<p>Rejilla de pl\u00e1stico SMS-B<\/p>","protected":false},"featured_media":11769,"comment_status":"closed","ping_status":"closed","template":"","meta":[],"etheme_brands":[],"product_brand":[],"product_cat":[51],"product_tag":[],"class_list":{"0":"post-11767","1":"product","2":"type-product","3":"status-publish","4":"has-post-thumbnail","6":"product_cat-diffuser","8":"first","9":"instock","10":"shipping-taxable","11":"product-type-simple"},"_links":{"self":[{"href":"https:\/\/chinafore.com\/es\/wp-json\/wp\/v2\/product\/11767","targetHints":{"allow":["GET"]}}],"collection":[{"href":"https:\/\/chinafore.com\/es\/wp-json\/wp\/v2\/product"}],"about":[{"href":"https:\/\/chinafore.com\/es\/wp-json\/wp\/v2\/types\/product"}],"replies":[{"embeddable":true,"href":"https:\/\/chinafore.com\/es\/wp-json\/wp\/v2\/comments?post=11767"}],"version-history":[{"count":1,"href":"https:\/\/chinafore.com\/es\/wp-json\/wp\/v2\/product\/11767\/revisions"}],"predecessor-version":[{"id":11768,"href":"https:\/\/chinafore.com\/es\/wp-json\/wp\/v2\/product\/11767\/revisions\/11768"}],"wp:featuredmedia":[{"embeddable":true,"href":"https:\/\/chinafore.com\/es\/wp-json\/wp\/v2\/media\/11769"}],"wp:attachment":[{"href":"https:\/\/chinafore.com\/es\/wp-json\/wp\/v2\/media?parent=11767"}],"wp:term":[{"taxonomy":"brand","embeddable":true,"href":"https:\/\/chinafore.com\/es\/wp-json\/wp\/v2\/etheme_brands?post=11767"},{"taxonomy":"product_brand","embeddable":true,"href":"https:\/\/chinafore.com\/es\/wp-json\/wp\/v2\/product_brand?post=11767"},{"taxonomy":"product_cat","embeddable":true,"href":"https:\/\/chinafore.com\/es\/wp-json\/wp\/v2\/product_cat?post=11767"},{"taxonomy":"product_tag","embeddable":true,"href":"https:\/\/chinafore.com\/es\/wp-json\/wp\/v2\/product_tag?post=11767"}],"curies":[{"name":"wp","href":"https:\/\/api.w.org\/{rel}","templated":true}]}}