{"id":11763,"date":"2024-05-30T12:26:00","date_gmt":"2024-05-30T12:26:00","guid":{"rendered":"https:\/\/green-giraffe-671934.hostingersite.com\/?post_type=product&#038;p=11763"},"modified":"2024-12-05T08:47:09","modified_gmt":"2024-12-05T08:47:09","slug":"circular-louvres-made-of-steel-ss-ebs","status":"publish","type":"product","link":"https:\/\/chinafore.com\/es\/producto\/circular-louvres-made-of-steel-ss-ebs\/","title":{"rendered":"Rejillas circulares de acero Ss-Ebs"},"content":{"rendered":"<div class=\"container-text\">\n<div style=\"text-align: center;\">\t<strong><span style=\"font-size:36px;\">SS-EBS<\/span><\/strong><\/p>\n<p>\t<img decoding=\"async\" alt=\"\" src=\"\/wp-content\/uploads\/2024\/05\/2-2004161F501416.jpg\" \/><\/p>\n<table id=\"biaoge\" align=\"center\" border=\"1\" cellpadding=\"1\" cellspacing=\"1\">\n<tbody>\n<tr>\n<td>\t\t\t\t\t<strong><span style=\"font-size:14px;\">Tipo<\/span><\/strong><\/td>\n<td>\t\t\t\t\t<strong><span style=\"font-size:14px;\">A(mm)<\/span><\/strong><\/td>\n<\/tr>\n<tr>\n<td>\t\t\t\t\tSS-EBS80<\/td>\n<td>\t\t\t\t\t80<\/td>\n<\/tr>\n<tr>\n<td>\t\t\t\t\tSS-EBS100<\/td>\n<td>\t\t\t\t\t100<\/td>\n<\/tr>\n<tr>\n<td>\t\t\t\t\tSS-EBS125<\/td>\n<td>\t\t\t\t\t125<\/td>\n<\/tr>\n<tr>\n<td>\t\t\t\t\tSS-EBS160<\/td>\n<td>\t\t\t\t\t160<\/td>\n<\/tr>\n<tr>\n<td>\t\t\t\t\tSS-EBS200<\/td>\n<td>\t\t\t\t\t200<\/td>\n<\/tr>\n<tr>\n<td>\t\t\t\t\tSS-EBS250<\/td>\n<td>\t\t\t\t\t250<\/td>\n<\/tr>\n<tr>\n<td>\t\t\t\t\tSS-EBS315<\/td>\n<td>\t\t\t\t\t315<\/td>\n<\/tr>\n<tr>\n<td>\t\t\t\t\tSS-EBS355<\/td>\n<td>\t\t\t\t\t355<\/td>\n<\/tr>\n<tr>\n<td>\t\t\t\t\tSS-EBS400<\/td>\n<td>\t\t\t\t\t400<\/td>\n<\/tr>\n<tr>\n<td>\t\t\t\t\tSS-EBS450<\/td>\n<td>\t\t\t\t\t450<\/td>\n<\/tr>\n<tr>\n<td>\t\t\t\t\tSS-EBS500<\/td>\n<td>\t\t\t\t\t500<\/td>\n<\/tr>\n<tr>\n<td>\t\t\t\t\tSS-EBS560<\/td>\n<td>\t\t\t\t\t560<\/td>\n<\/tr>\n<tr>\n<td>\t\t\t\t\tSS-EBS630<\/td>\n<td>\t\t\t\t\t630<\/td>\n<\/tr>\n<tr>\n<td>\t\t\t\t\tSS-EBS710<\/td>\n<td>\t\t\t\t\t710<\/td>\n<\/tr>\n<tr>\n<td>\t\t\t\t\tSS-EBS800<\/td>\n<td>\t\t\t\t\t800<\/td>\n<\/tr>\n<tr>\n<td>\t\t\t\t\tSS-EBS1000<\/td>\n<td>\t\t\t\t\t1000<\/td>\n<\/tr>\n<\/tbody>\n<\/table>\n<p>\t<\/p>\n<table id=\"biaoge\" align=\"center\" border=\"0\" cellpadding=\"1\" cellspacing=\"1\">\n<tbody>\n<tr>\n<td>\n<div style=\"text-align: left;\">\t\t\t\t\t\t<span style=\"font-size:14px;\">- Rejillas circulares<\/span><\/div>\n<div style=\"text-align: left;\">\t\t\t\t\t\t<span style=\"font-size:14px;\">- Aplicaci\u00f3n: Para impulsi\u00f3n y extracci\u00f3n de aire en&nbsp;<\/span><span style=\"font-size: 14px;\">sistemas de ventilaci\u00f3n<\/span><\/div>\n<div style=\"text-align: left;\">\t\t\t\t\t\t<span style=\"font-size:14px;\">- Material:Acero<\/span><\/div>\n<div style=\"text-align: left;\">\t\t\t\t\t\t<span style=\"font-size:14px;\">- Color : Acabado natural<\/span><\/div>\n<div style=\"text-align: left;\">\t\t\t\t\t\t<span style=\"font-size:14px;\">- Composici\u00f3n: Cuerpo prensado de&nbsp;<\/span><span style=\"font-size: 14px;\">conector de conducto de fich de aluminio con clips.<\/span><span style=\"font-size: 14px;\">Insectsreen<br \/>\t\t\t\t\t\t&nbsp; fitted behind the face of the&nbsp;<\/span><span style=\"font-size: 14px;\">louvre<\/span><\/div>\n<div style=\"text-align: left;\">\t\t\t\t\t\t<span style=\"font-size:14px;\">- Montaje: Para montaje en conducto o redondo&nbsp;<\/span><span style=\"font-size: 14px;\">aberturas en la pared exterior<\/span><\/div>\n<\/td>\n<\/tr>\n<\/tbody>\n<\/table>\n<p>\t<img decoding=\"async\" alt=\"\" src=\"\/wp-content\/uploads\/2024\/05\/2-2004161G132264.jpg\"\/><\/div>\n<p><\/div>","protected":false},"excerpt":{"rendered":"<p>Rejillas circulares de acero Ss-Ebs<\/p>","protected":false},"featured_media":11765,"comment_status":"closed","ping_status":"closed","template":"","meta":[],"etheme_brands":[],"product_brand":[],"product_cat":[51],"product_tag":[],"class_list":{"0":"post-11763","1":"product","2":"type-product","3":"status-publish","4":"has-post-thumbnail","6":"product_cat-diffuser","8":"first","9":"instock","10":"shipping-taxable","11":"product-type-simple"},"_links":{"self":[{"href":"https:\/\/chinafore.com\/es\/wp-json\/wp\/v2\/product\/11763","targetHints":{"allow":["GET"]}}],"collection":[{"href":"https:\/\/chinafore.com\/es\/wp-json\/wp\/v2\/product"}],"about":[{"href":"https:\/\/chinafore.com\/es\/wp-json\/wp\/v2\/types\/product"}],"replies":[{"embeddable":true,"href":"https:\/\/chinafore.com\/es\/wp-json\/wp\/v2\/comments?post=11763"}],"version-history":[{"count":1,"href":"https:\/\/chinafore.com\/es\/wp-json\/wp\/v2\/product\/11763\/revisions"}],"predecessor-version":[{"id":11764,"href":"https:\/\/chinafore.com\/es\/wp-json\/wp\/v2\/product\/11763\/revisions\/11764"}],"wp:featuredmedia":[{"embeddable":true,"href":"https:\/\/chinafore.com\/es\/wp-json\/wp\/v2\/media\/11765"}],"wp:attachment":[{"href":"https:\/\/chinafore.com\/es\/wp-json\/wp\/v2\/media?parent=11763"}],"wp:term":[{"taxonomy":"brand","embeddable":true,"href":"https:\/\/chinafore.com\/es\/wp-json\/wp\/v2\/etheme_brands?post=11763"},{"taxonomy":"product_brand","embeddable":true,"href":"https:\/\/chinafore.com\/es\/wp-json\/wp\/v2\/product_brand?post=11763"},{"taxonomy":"product_cat","embeddable":true,"href":"https:\/\/chinafore.com\/es\/wp-json\/wp\/v2\/product_cat?post=11763"},{"taxonomy":"product_tag","embeddable":true,"href":"https:\/\/chinafore.com\/es\/wp-json\/wp\/v2\/product_tag?post=11763"}],"curies":[{"name":"wp","href":"https:\/\/api.w.org\/{rel}","templated":true}]}}