{"id":11678,"date":"2024-05-30T12:26:00","date_gmt":"2024-05-30T12:26:00","guid":{"rendered":"https:\/\/green-giraffe-671934.hostingersite.com\/?post_type=product&#038;p=11678"},"modified":"2024-12-05T08:46:57","modified_gmt":"2024-12-05T08:46:57","slug":"circular-louvres-ss-elas","status":"publish","type":"product","link":"https:\/\/chinafore.com\/es\/producto\/rejillas-circulares-ss-elas\/","title":{"rendered":"Rejillas circulares Ss-Elas"},"content":{"rendered":"<div class=\"container-text\">\n<div style=\"text-align: center;\">\t<strong><span style=\"font-size:36px;\">SS-ELAS<\/span><\/strong><\/p>\n<p>\t<img decoding=\"async\" alt=\"\" src=\"\/wp-content\/uploads\/2024\/05\/2-20041G40H1332.jpg\" \/><\/p>\n<table id=\"biaoge\" align=\"center\" border=\"1\" cellpadding=\"1\" cellspacing=\"1\">\n<tbody>\n<tr>\n<td>\t\t\t\t\t<strong><span style=\"font-size:14px;\">Tipo<\/span><\/strong><\/td>\n<td>\t\t\t\t\t<strong><span style=\"font-size:14px;\">\u0424A(mm)<\/span><\/strong><\/td>\n<td>\t\t\t\t\t<strong><span style=\"font-size:14px;\">B(mm)<\/span><\/strong><\/td>\n<td>\t\t\t\t\t<strong><span style=\"font-size:14px;\">L(mm)<\/span><\/strong><\/td>\n<\/tr>\n<tr>\n<td>\t\t\t\t\tSS-ELAS80<\/td>\n<td>\t\t\t\t\t78<\/td>\n<td>\t\t\t\t\t106<\/td>\n<td>\t\t\t\t\t47<\/td>\n<\/tr>\n<tr>\n<td>\t\t\t\t\tSS-ELAS100<\/td>\n<td>\t\t\t\t\t98<\/td>\n<td>\t\t\t\t\t126<\/td>\n<td>\t\t\t\t\t47<\/td>\n<\/tr>\n<tr>\n<td>\t\t\t\t\tSS-ELAS125<\/td>\n<td>\t\t\t\t\t123<\/td>\n<td>\t\t\t\t\t151<\/td>\n<td>\t\t\t\t\t47<\/td>\n<\/tr>\n<tr>\n<td>\t\t\t\t\tSS-ELAS150<\/td>\n<td>\t\t\t\t\t148<\/td>\n<td>\t\t\t\t\t176<\/td>\n<td>\t\t\t\t\t47<\/td>\n<\/tr>\n<tr>\n<td>\t\t\t\t\tSS-ELAS160<\/td>\n<td>\t\t\t\t\t157<\/td>\n<td>\t\t\t\t\t187<\/td>\n<td>\t\t\t\t\t47<\/td>\n<\/tr>\n<tr>\n<td>\t\t\t\t\tSS-ELAS200<\/td>\n<td>\t\t\t\t\t197<\/td>\n<td>\t\t\t\t\t226<\/td>\n<td>\t\t\t\t\t47<\/td>\n<\/tr>\n<tr>\n<td>\t\t\t\t\tSS-ELAS250<\/td>\n<td>\t\t\t\t\t248<\/td>\n<td>\t\t\t\t\t276<\/td>\n<td>\t\t\t\t\t57<\/td>\n<\/tr>\n<tr>\n<td>\t\t\t\t\tSS-ELAS315<\/td>\n<td>\t\t\t\t\t313<\/td>\n<td>\t\t\t\t\t343<\/td>\n<td>\t\t\t\t\t57<\/td>\n<\/tr>\n<\/tbody>\n<\/table>\n<p>\t<\/p>\n<table id=\"biaoge\" align=\"center\" border=\"0\" cellpadding=\"1\" cellspacing=\"1\">\n<tbody>\n<tr>\n<td>\n<div style=\"text-align: left;\">\t\t\t\t\t\t<span style=\"font-size:14px;\">- Rejillas circulares<\/span><\/div>\n<div style=\"text-align: left;\">\t\t\t\t\t\t<span style=\"font-size:14px;\">- Aplicaci\u00f3n: Para impulsi\u00f3n y extracci\u00f3n de aire en&nbsp;<\/span><span style=\"font-size: 14px;\">sistemas de ventilaci\u00f3n<\/span><\/div>\n<div style=\"text-align: left;\">\t\t\t\t\t\t<span style=\"font-size:14px;\">- Material: Aluminio<\/span><\/div>\n<div style=\"text-align: left;\">\t\t\t\t\t\t<span style=\"font-size:14px;\">- Color : Aluminio acabado natural<\/span><\/div>\n<div style=\"text-align: left;\">\t\t\t\t\t\t<span style=\"font-size:14px;\">- Composici\u00f3n: Cuerpo prensado de&nbsp;<\/span><span style=\"font-size: 14px;\">conector de conducto de fich de aluminio con clips.<\/span><\/div>\n<div style=\"text-align: left;\">\t\t\t\t\t\t<span style=\"font-size:14px;\">&nbsp; Mosquitera instalada detr\u00e1s de la cara del&nbsp;<\/span><span style=\"font-size: 14px;\">louvre.<\/span><\/div>\n<div style=\"text-align: left;\">\t\t\t\t\t\t<span style=\"font-size:14px;\">- Montaje: Para montaje en conducto o redondo&nbsp;<\/span><span style=\"font-size: 14px;\">aberturas en la pared exterior<\/span><\/div>\n<\/td>\n<\/tr>\n<\/tbody>\n<\/table>\n<p>\t<img decoding=\"async\" alt=\"\" src=\"\/wp-content\/uploads\/2024\/05\/2-20041G4161S58.jpg\"\/><\/p>\n<\/div>","protected":false},"excerpt":{"rendered":"<p>Rejillas circulares Ss-Elas<\/p>","protected":false},"featured_media":11680,"comment_status":"closed","ping_status":"closed","template":"","meta":[],"etheme_brands":[],"product_brand":[],"product_cat":[51],"product_tag":[],"class_list":{"0":"post-11678","1":"product","2":"type-product","3":"status-publish","4":"has-post-thumbnail","6":"product_cat-diffuser","8":"first","9":"instock","10":"shipping-taxable","11":"product-type-simple"},"_links":{"self":[{"href":"https:\/\/chinafore.com\/es\/wp-json\/wp\/v2\/product\/11678","targetHints":{"allow":["GET"]}}],"collection":[{"href":"https:\/\/chinafore.com\/es\/wp-json\/wp\/v2\/product"}],"about":[{"href":"https:\/\/chinafore.com\/es\/wp-json\/wp\/v2\/types\/product"}],"replies":[{"embeddable":true,"href":"https:\/\/chinafore.com\/es\/wp-json\/wp\/v2\/comments?post=11678"}],"version-history":[{"count":1,"href":"https:\/\/chinafore.com\/es\/wp-json\/wp\/v2\/product\/11678\/revisions"}],"predecessor-version":[{"id":11679,"href":"https:\/\/chinafore.com\/es\/wp-json\/wp\/v2\/product\/11678\/revisions\/11679"}],"wp:featuredmedia":[{"embeddable":true,"href":"https:\/\/chinafore.com\/es\/wp-json\/wp\/v2\/media\/11680"}],"wp:attachment":[{"href":"https:\/\/chinafore.com\/es\/wp-json\/wp\/v2\/media?parent=11678"}],"wp:term":[{"taxonomy":"brand","embeddable":true,"href":"https:\/\/chinafore.com\/es\/wp-json\/wp\/v2\/etheme_brands?post=11678"},{"taxonomy":"product_brand","embeddable":true,"href":"https:\/\/chinafore.com\/es\/wp-json\/wp\/v2\/product_brand?post=11678"},{"taxonomy":"product_cat","embeddable":true,"href":"https:\/\/chinafore.com\/es\/wp-json\/wp\/v2\/product_cat?post=11678"},{"taxonomy":"product_tag","embeddable":true,"href":"https:\/\/chinafore.com\/es\/wp-json\/wp\/v2\/product_tag?post=11678"}],"curies":[{"name":"wp","href":"https:\/\/api.w.org\/{rel}","templated":true}]}}