{"id":11674,"date":"2024-05-30T12:26:00","date_gmt":"2024-05-30T12:26:00","guid":{"rendered":"https:\/\/green-giraffe-671934.hostingersite.com\/?post_type=product&#038;p=11674"},"modified":"2024-12-05T08:46:56","modified_gmt":"2024-12-05T08:46:56","slug":"circular-molded-aluminium-louvres","status":"publish","type":"product","link":"https:\/\/chinafore.com\/es\/producto\/rejillas-circulares-de-aluminio-moldeado\/","title":{"rendered":"Rejillas circulares de aluminio moldeado"},"content":{"rendered":"<div class=\"container-text\">\n<div style=\"text-align: center;\">\t<strong><span style=\"font-size:36px;\">ALAV-C<\/span><\/strong><\/p>\n<p>\t<img decoding=\"async\" alt=\"\" src=\"\/wp-content\/uploads\/2024\/05\/2-20033109394bT.jpg\" \/><\/p>\n<p>\t<strong><span style=\"font-size:36px;\">ALAV-F<\/span><\/strong><\/p>\n<p>\t<img decoding=\"async\" alt=\"\" src=\"\/wp-content\/uploads\/2024\/05\/2-200331100531921.jpg\" \/><\/p>\n<table id=\"biaoge\" align=\"center\" border=\"1\" cellpadding=\"1\" cellspacing=\"1\">\n<tbody>\n<tr>\n<td>\t\t\t\t\t<strong><span style=\"font-size:14px;\">Tipo<\/span><\/strong><\/td>\n<td>\t\t\t\t\t<strong><span style=\"font-size:14px;\">\u03a6A(mm)<\/span><\/strong><\/td>\n<td>\t\t\t\t\t<strong><span style=\"font-size:14px;\">B(mm)<\/span><\/strong><\/td>\n<td>\t\t\t\t\t<strong><span style=\"font-size:14px;\">C(mm)<\/span><\/strong><\/td>\n<td>\t\t\t\t\t<strong><span style=\"font-size:14px;\">\u03a6D(mm)<\/span><\/strong><\/td>\n<td>\t\t\t\t\t<strong><span style=\"font-size:14px;\">E(mm)<\/span><\/strong><\/td>\n<\/tr>\n<tr>\n<td>\t\t\t\t\tALAV80<\/td>\n<td>\t\t\t\t\t97<\/td>\n<td>\t\t\t\t\t4.2<\/td>\n<td>\t\t\t\t\t10.8<\/td>\n<td>\t\t\t\t\t80<\/td>\n<td>\t\t\t\t\t15<\/td>\n<\/tr>\n<tr>\n<td>\t\t\t\t\tALAV100<\/td>\n<td>\t\t\t\t\t125<\/td>\n<td>\t\t\t\t\t2.2<\/td>\n<td>\t\t\t\t\t16.3<\/td>\n<td>\t\t\t\t\t99<\/td>\n<td>\t\t\t\t\t19<\/td>\n<\/tr>\n<tr>\n<td>\t\t\t\t\tALAV125<\/td>\n<td>\t\t\t\t\t151<\/td>\n<td>\t\t\t\t\t2.2<\/td>\n<td>\t\t\t\t\t16.3<\/td>\n<td>\t\t\t\t\t99<\/td>\n<td>\t\t\t\t\t18<\/td>\n<\/tr>\n<tr>\n<td>\t\t\t\t\tALAV150<\/td>\n<td>\t\t\t\t\t172<\/td>\n<td>\t\t\t\t\t3<\/td>\n<td>\t\t\t\t\t15<\/td>\n<td>\t\t\t\t\t148<\/td>\n<td>\t\t\t\t\t18.5<\/td>\n<\/tr>\n<tr>\n<td>\t\t\t\t\tALAV160<\/td>\n<td>\t\t\t\t\t182<\/td>\n<td>\t\t\t\t\t2.7<\/td>\n<td>\t\t\t\t\t14.8<\/td>\n<td>\t\t\t\t\t158<\/td>\n<td>\t\t\t\t\t17.5<\/td>\n<\/tr>\n<tr>\n<td>\t\t\t\t\tALAV200<\/td>\n<td>\t\t\t\t\t223<\/td>\n<td>\t\t\t\t\t3.4<\/td>\n<td>\t\t\t\t\t16.5<\/td>\n<td>\t\t\t\t\t190<\/td>\n<td>\t\t\t\t\t17.5<\/td>\n<\/tr>\n<tr>\n<td>\t\t\t\t\tALAV250<\/td>\n<td>\t\t\t\t\t274<\/td>\n<td>\t\t\t\t\t3.8<\/td>\n<td>\t\t\t\t\t15.1<\/td>\n<td>\t\t\t\t\t248<\/td>\n<td>\t\t\t\t\t19.5<\/td>\n<\/tr>\n<tr>\n<td>\t\t\t\t\tALAV315<\/td>\n<td>\t\t\t\t\t347<\/td>\n<td>\t\t\t\t\t6.3<\/td>\n<td>\t\t\t\t\t13.5<\/td>\n<td>\t\t\t\t\t315<\/td>\n<td>\t\t\t\t\t20<\/td>\n<\/tr>\n<tr>\n<td>\t\t\t\t\tALAV400<\/td>\n<td>\t\t\t\t\t438<\/td>\n<td>\t\t\t\t\t5.6<\/td>\n<td>\t\t\t\t\t34.8<\/td>\n<td>\t\t\t\t\t399<\/td>\n<td>\t\t\t\t\t40.5<\/td>\n<\/tr>\n<tr>\n<td>\t\t\t\t\tALAV500<\/td>\n<td>\t\t\t\t\t543<\/td>\n<td>\t\t\t\t\t5.5<\/td>\n<td>\t\t\t\t\t33.5<\/td>\n<td>\t\t\t\t\t497<\/td>\n<td>\t\t\t\t\t39<\/td>\n<\/tr>\n<\/tbody>\n<\/table>\n<p>\t<\/p>\n<table id=\"biaoge\" align=\"center\" border=\"0\" cellpadding=\"1\" cellspacing=\"1\">\n<tbody>\n<tr>\n<td>\n<div style=\"text-align: left;\">\t\t\t\t\t\t<span style=\"font-size:14px;\">- Rejillas circulares<\/span><\/div>\n<div style=\"text-align: left;\">\t\t\t\t\t\t<span style=\"font-size:14px;\">- Aplicaci\u00f3n: Para impulsi\u00f3n y extracci\u00f3n de aire en&nbsp;<\/span><span style=\"font-size: 14px;\">sistemas de ventilaci\u00f3n<\/span><\/div>\n<div style=\"text-align: left;\">\t\t\t\t\t\t<span style=\"font-size:14px;\">- Material: Aluminio moldeado y malla de lnox<\/span><\/div>\n<div style=\"text-align: left;\">\t\t\t\t\t\t<span style=\"font-size:14px;\">- Color : Aluminio acabado natural<\/span><\/div>\n<div style=\"text-align: left;\">\t\t\t\t\t\t<span style=\"font-size:14px;\">- Composici\u00f3n: Cuerpo de aluminio moldeado con&nbsp;<\/span><span style=\"font-size: 14px;\">cuchillas de aluminio inclinadas. Equipado con<\/span><\/div>\n<div style=\"text-align: left;\">\t\t\t\t\t\t<span style=\"font-size:14px;\">&nbsp; mosquitera soldada. Se puede desmontar en&nbsp;<\/span><span style=\"font-size: 14px;\">ventilaci\u00f3n mec\u00e1nica, Tama\u00f1o de \u03a680 a \u03a6500,<\/span><span style=\"font-size: 14px;\">\u03a6315 y \u03a6500 aspecto diferente<\/span><\/div>\n<div style=\"text-align: left;\">\t\t\t\t\t\t<span style=\"font-size:14px;\">- Montaje: Para montaje en conducto o redondo<\/span><span style=\"font-size: 14px;\">aberturas en la pared exterior<\/span><\/div>\n<\/td>\n<\/tr>\n<\/tbody>\n<\/table>\n<p>\t<img decoding=\"async\" alt=\"\" src=\"\/wp-content\/uploads\/2024\/05\/2-2003311014313c.jpg\" style=\"width: 570px; height: 442px;\" \/><\/div>\n<p><\/div>","protected":false},"excerpt":{"rendered":"<p>Rejillas circulares de aluminio moldeado<\/p>","protected":false},"featured_media":11676,"comment_status":"closed","ping_status":"closed","template":"","meta":[],"etheme_brands":[],"product_brand":[],"product_cat":[51],"product_tag":[],"class_list":{"0":"post-11674","1":"product","2":"type-product","3":"status-publish","4":"has-post-thumbnail","6":"product_cat-diffuser","8":"first","9":"instock","10":"shipping-taxable","11":"product-type-simple"},"_links":{"self":[{"href":"https:\/\/chinafore.com\/es\/wp-json\/wp\/v2\/product\/11674","targetHints":{"allow":["GET"]}}],"collection":[{"href":"https:\/\/chinafore.com\/es\/wp-json\/wp\/v2\/product"}],"about":[{"href":"https:\/\/chinafore.com\/es\/wp-json\/wp\/v2\/types\/product"}],"replies":[{"embeddable":true,"href":"https:\/\/chinafore.com\/es\/wp-json\/wp\/v2\/comments?post=11674"}],"version-history":[{"count":1,"href":"https:\/\/chinafore.com\/es\/wp-json\/wp\/v2\/product\/11674\/revisions"}],"predecessor-version":[{"id":11675,"href":"https:\/\/chinafore.com\/es\/wp-json\/wp\/v2\/product\/11674\/revisions\/11675"}],"wp:featuredmedia":[{"embeddable":true,"href":"https:\/\/chinafore.com\/es\/wp-json\/wp\/v2\/media\/11676"}],"wp:attachment":[{"href":"https:\/\/chinafore.com\/es\/wp-json\/wp\/v2\/media?parent=11674"}],"wp:term":[{"taxonomy":"brand","embeddable":true,"href":"https:\/\/chinafore.com\/es\/wp-json\/wp\/v2\/etheme_brands?post=11674"},{"taxonomy":"product_brand","embeddable":true,"href":"https:\/\/chinafore.com\/es\/wp-json\/wp\/v2\/product_brand?post=11674"},{"taxonomy":"product_cat","embeddable":true,"href":"https:\/\/chinafore.com\/es\/wp-json\/wp\/v2\/product_cat?post=11674"},{"taxonomy":"product_tag","embeddable":true,"href":"https:\/\/chinafore.com\/es\/wp-json\/wp\/v2\/product_tag?post=11674"}],"curies":[{"name":"wp","href":"https:\/\/api.w.org\/{rel}","templated":true}]}}