{"id":11670,"date":"2024-05-30T12:26:00","date_gmt":"2024-05-30T12:26:00","guid":{"rendered":"https:\/\/green-giraffe-671934.hostingersite.com\/?post_type=product&#038;p=11670"},"modified":"2024-12-05T08:46:55","modified_gmt":"2024-12-05T08:46:55","slug":"easy-to-install-louver-ss-su","status":"publish","type":"product","link":"https:\/\/chinafore.com\/es\/producto\/facil-de-instalar-rejilla-ss-su\/","title":{"rendered":"Persiana f\u00e1cil de instalar Ss-Su"},"content":{"rendered":"<div class=\"container-text\">\n<div style=\"text-align: center;\">\t<strong><span style=\"font-size:36px;\">SS-SU<\/span><\/strong><\/p>\n<p>\t<img decoding=\"async\" alt=\"\" src=\"\/wp-content\/uploads\/2024\/05\/2-2003310ZF2229.jpg\" \/><\/p>\n<table id=\"biaoge\" align=\"center\" border=\"1\" cellpadding=\"1\" cellspacing=\"1\">\n<tbody>\n<tr>\n<td>\t\t\t\t\t<strong><span style=\"font-size:14px;\">Tipo<\/span><\/strong><\/td>\n<td>\t\t\t\t\t<strong><span style=\"font-size:14px;\">AxA(mm)<\/span><\/strong><\/td>\n<td>\t\t\t\t\t<strong><span style=\"font-size:14px;\">\u03a6D(mm)<\/span><\/strong><\/td>\n<td>\t\t\t\t\t<strong><span style=\"font-size:14px;\">L(mm)<\/span><\/strong><\/td>\n<td>\t\t\t\t\t<strong><span style=\"font-size:14px;\">Caudal de aire(cm\u00b3)<\/span><\/strong><\/td>\n<\/tr>\n<tr>\n<td>\t\t\t\t\tSS-SU100<\/td>\n<td>\t\t\t\t\t160<\/td>\n<td>\t\t\t\t\t96<\/td>\n<td>\t\t\t\t\t51<\/td>\n<td>\t\t\t\t\t51<\/td>\n<\/tr>\n<tr>\n<td>\t\t\t\t\tSS-SU125<\/td>\n<td>\t\t\t\t\t185<\/td>\n<td>\t\t\t\t\t120<\/td>\n<td>\t\t\t\t\t54<\/td>\n<td>\t\t\t\t\t54<\/td>\n<\/tr>\n<tr>\n<td>\t\t\t\t\tSS-SU150<\/td>\n<td>\t\t\t\t\t185<\/td>\n<td>\t\t\t\t\t145<\/td>\n<td>\t\t\t\t\t62<\/td>\n<td>\t\t\t\t\t62<\/td>\n<\/tr>\n<\/tbody>\n<\/table>\n<p>\t<\/p>\n<table id=\"biaoge\" align=\"center\" border=\"0\" cellpadding=\"1\" cellspacing=\"1\">\n<tbody>\n<tr>\n<td>\n<div style=\"text-align: left;\">\t\t\t\t\t\t<span style=\"font-size:14px;\">- La serie SS-SU tiene una gran abertura para&nbsp;<\/span><span style=\"font-size: 14px;\">eliminan los atascos y son f\u00e1ciles de instalar<\/span><\/div>\n<div style=\"text-align: left;\">\t\t\t\t\t\t<span style=\"font-size:14px;\">- Aplicaci\u00f3n: dise\u00f1o para aplicaci\u00f3n exterior,<\/span><span style=\"font-size: 14px;\">incorporados con acero inoxidable. Ofrecen anti<\/span><\/div>\n<div style=\"text-align: left;\">\t\t\t\t\t\t<span style=\"font-size:14px;\">&nbsp; fijaci\u00f3n de la capota de tiro para un tiro adicional&nbsp;<\/span><span style=\"font-size: 14px;\">resistencia y resistir la entrada de agua en la estufa&nbsp;<\/span><span style=\"font-size: 14px;\">tuber\u00eda.<\/span><\/div>\n<div style=\"text-align: left;\">\t\t\t\t\t\t<span style=\"font-size:14px;\">- Material: acero inoxidable 30418\/10 acabado apurado<\/span><\/div>\n<div style=\"text-align: left;\">\t\t\t\t\t\t<span style=\"font-size:14px;\">- Accesorios: tornillos\/goma de estanqueidad<\/span><\/div>\n<\/td>\n<\/tr>\n<\/tbody>\n<\/table>\n<p>\t<img decoding=\"async\" alt=\"\" src=\"\/wp-content\/uploads\/2024\/05\/2-200331091601535.jpg\" style=\"width: 570px; height: 300px;\" \/><\/div>\n<p><\/div>","protected":false},"excerpt":{"rendered":"<p>Persiana f\u00e1cil de instalar Ss-Su<\/p>","protected":false},"featured_media":11672,"comment_status":"closed","ping_status":"closed","template":"","meta":[],"etheme_brands":[],"product_brand":[],"product_cat":[51],"product_tag":[],"class_list":{"0":"post-11670","1":"product","2":"type-product","3":"status-publish","4":"has-post-thumbnail","6":"product_cat-diffuser","8":"first","9":"instock","10":"shipping-taxable","11":"product-type-simple"},"_links":{"self":[{"href":"https:\/\/chinafore.com\/es\/wp-json\/wp\/v2\/product\/11670","targetHints":{"allow":["GET"]}}],"collection":[{"href":"https:\/\/chinafore.com\/es\/wp-json\/wp\/v2\/product"}],"about":[{"href":"https:\/\/chinafore.com\/es\/wp-json\/wp\/v2\/types\/product"}],"replies":[{"embeddable":true,"href":"https:\/\/chinafore.com\/es\/wp-json\/wp\/v2\/comments?post=11670"}],"version-history":[{"count":1,"href":"https:\/\/chinafore.com\/es\/wp-json\/wp\/v2\/product\/11670\/revisions"}],"predecessor-version":[{"id":11671,"href":"https:\/\/chinafore.com\/es\/wp-json\/wp\/v2\/product\/11670\/revisions\/11671"}],"wp:featuredmedia":[{"embeddable":true,"href":"https:\/\/chinafore.com\/es\/wp-json\/wp\/v2\/media\/11672"}],"wp:attachment":[{"href":"https:\/\/chinafore.com\/es\/wp-json\/wp\/v2\/media?parent=11670"}],"wp:term":[{"taxonomy":"brand","embeddable":true,"href":"https:\/\/chinafore.com\/es\/wp-json\/wp\/v2\/etheme_brands?post=11670"},{"taxonomy":"product_brand","embeddable":true,"href":"https:\/\/chinafore.com\/es\/wp-json\/wp\/v2\/product_brand?post=11670"},{"taxonomy":"product_cat","embeddable":true,"href":"https:\/\/chinafore.com\/es\/wp-json\/wp\/v2\/product_cat?post=11670"},{"taxonomy":"product_tag","embeddable":true,"href":"https:\/\/chinafore.com\/es\/wp-json\/wp\/v2\/product_tag?post=11670"}],"curies":[{"name":"wp","href":"https:\/\/api.w.org\/{rel}","templated":true}]}}