{"id":11662,"date":"2024-05-30T12:26:00","date_gmt":"2024-05-30T12:26:00","guid":{"rendered":"https:\/\/green-giraffe-671934.hostingersite.com\/?post_type=product&#038;p=11662"},"modified":"2024-12-05T08:46:54","modified_gmt":"2024-12-05T08:46:54","slug":"access-door-for-round-duct-fitting-cad-series","status":"publish","type":"product","link":"https:\/\/chinafore.com\/es\/producto\/puerta-de-acceso-para-racor-redondo-serie-cad\/","title":{"rendered":"Puerta de acceso para conducto redondo Serie CAD"},"content":{"rendered":"<div class=\"container-text\">\n<div style=\"text-align: center;\">\t<span style=\"font-size:36px;\"><strong>Serie CAD<\/strong><\/span><\/p>\n<p>\t<img decoding=\"async\" alt=\"\" src=\"\/wp-content\/uploads\/2024\/05\/1-2003041A131134.jpg\" \/><\/p>\n<table id=\"biaoge\" align=\"center\" border=\"1\" cellpadding=\"1\" cellspacing=\"1\">\n<tbody>\n<tr>\n<td>\t\t\t\t\t<strong><span style=\"font-size:14px;\">Tipo<\/span><\/strong><\/td>\n<td>\t\t\t\t\t<strong><span style=\"font-size:14px;\">\u2205D(mm)<\/span><\/strong><\/td>\n<td>\t\t\t\t\t<strong><span style=\"font-size:14px;\">A(mm)<\/span><\/strong><\/td>\n<td>\t\t\t\t\t<strong><span style=\"font-size:14px;\">B(mm)<\/span><\/strong><\/td>\n<\/tr>\n<tr>\n<td>\t\t\t\t\t100<\/td>\n<td>\t\t\t\t\t100<\/td>\n<td>\t\t\t\t\t180<\/td>\n<td>\t\t\t\t\t80<\/td>\n<\/tr>\n<tr>\n<td>\t\t\t\t\t125<\/td>\n<td>\t\t\t\t\t125<\/td>\n<td>\t\t\t\t\t180<\/td>\n<td>\t\t\t\t\t80<\/td>\n<\/tr>\n<tr>\n<td>\t\t\t\t\t160<\/td>\n<td>\t\t\t\t\t160<\/td>\n<td>\t\t\t\t\t250<\/td>\n<td>\t\t\t\t\t150<\/td>\n<\/tr>\n<tr>\n<td>\t\t\t\t\t180<\/td>\n<td>\t\t\t\t\t180<\/td>\n<td>\t\t\t\t\t250<\/td>\n<td>\t\t\t\t\t150<\/td>\n<\/tr>\n<tr>\n<td>\t\t\t\t\t200<\/td>\n<td>\t\t\t\t\t200<\/td>\n<td>\t\t\t\t\t250<\/td>\n<td>\t\t\t\t\t150<\/td>\n<\/tr>\n<tr>\n<td>\t\t\t\t\t250<\/td>\n<td>\t\t\t\t\t250<\/td>\n<td>\t\t\t\t\t250<\/td>\n<td>\t\t\t\t\t150<\/td>\n<\/tr>\n<tr>\n<td>\t\t\t\t\t315<\/td>\n<td>\t\t\t\t\t315<\/td>\n<td>\t\t\t\t\t250<\/td>\n<td>\t\t\t\t\t150<\/td>\n<\/tr>\n<tr>\n<td>\t\t\t\t\t355<\/td>\n<td>\t\t\t\t\t355<\/td>\n<td>\t\t\t\t\t250<\/td>\n<td>\t\t\t\t\t150<\/td>\n<\/tr>\n<tr>\n<td>\t\t\t\t\t400<\/td>\n<td>\t\t\t\t\t400<\/td>\n<td>\t\t\t\t\t250<\/td>\n<td>\t\t\t\t\t150<\/td>\n<\/tr>\n<tr>\n<td>\t\t\t\t\t450<\/td>\n<td>\t\t\t\t\t450<\/td>\n<td>\t\t\t\t\t250<\/td>\n<td>\t\t\t\t\t150<\/td>\n<\/tr>\n<tr>\n<td>\t\t\t\t\t500<\/td>\n<td>\t\t\t\t\t500<\/td>\n<td>\t\t\t\t\t250<\/td>\n<td>\t\t\t\t\t150<\/td>\n<\/tr>\n<tr>\n<td>\t\t\t\t\t315b<\/td>\n<td>\t\t\t\t\t315<\/td>\n<td>\t\t\t\t\t300<\/td>\n<td>\t\t\t\t\t200<\/td>\n<\/tr>\n<tr>\n<td>\t\t\t\t\t355b<\/td>\n<td>\t\t\t\t\t355<\/td>\n<td>\t\t\t\t\t300<\/td>\n<td>\t\t\t\t\t200<\/td>\n<\/tr>\n<tr>\n<td>\t\t\t\t\t400b<\/td>\n<td>\t\t\t\t\t400<\/td>\n<td>\t\t\t\t\t300<\/td>\n<td>\t\t\t\t\t200<\/td>\n<\/tr>\n<tr>\n<td>\t\t\t\t\t450b<\/td>\n<td>\t\t\t\t\t450<\/td>\n<td>\t\t\t\t\t300<\/td>\n<td>\t\t\t\t\t200<\/td>\n<\/tr>\n<tr>\n<td>\t\t\t\t\t500b<\/td>\n<td>\t\t\t\t\t500<\/td>\n<td>\t\t\t\t\t300<\/td>\n<td>\t\t\t\t\t200<\/td>\n<\/tr>\n<tr>\n<td>\t\t\t\t\t400c<\/td>\n<td>\t\t\t\t\t400<\/td>\n<td>\t\t\t\t\t400<\/td>\n<td>\t\t\t\t\t300<\/td>\n<\/tr>\n<tr>\n<td>\t\t\t\t\t450c<\/td>\n<td>\t\t\t\t\t450<\/td>\n<td>\t\t\t\t\t400<\/td>\n<td>\t\t\t\t\t300<\/td>\n<\/tr>\n<tr>\n<td>\t\t\t\t\t500c<\/td>\n<td>\t\t\t\t\t500<\/td>\n<td>\t\t\t\t\t400<\/td>\n<td>\t\t\t\t\t300<\/td>\n<\/tr>\n<tr>\n<td>\t\t\t\t\t560c<\/td>\n<td>\t\t\t\t\t560<\/td>\n<td>\t\t\t\t\t400<\/td>\n<td>\t\t\t\t\t300<\/td>\n<\/tr>\n<tr>\n<td>\t\t\t\t\t630c<\/td>\n<td>\t\t\t\t\t630<\/td>\n<td>\t\t\t\t\t400<\/td>\n<td>\t\t\t\t\t300<\/td>\n<\/tr>\n<tr>\n<td>\t\t\t\t\t710c<\/td>\n<td>\t\t\t\t\t710<\/td>\n<td>\t\t\t\t\t400<\/td>\n<td>\t\t\t\t\t300<\/td>\n<\/tr>\n<tr>\n<td>\t\t\t\t\t800c<\/td>\n<td>\t\t\t\t\t800<\/td>\n<td>\t\t\t\t\t400<\/td>\n<td>\t\t\t\t\t300<\/td>\n<\/tr>\n<\/tbody>\n<\/table>\n<p>\t<\/p>\n<table id=\"biaoge\" align=\"center\" border=\"0\" cellpadding=\"1\" cellspacing=\"1\">\n<tbody>\n<tr>\n<td>\n<div style=\"text-align: left;\">\t\t\t\t\t\t<strong><span style=\"font-size:14px;\">Aplicaci\u00f3n<\/span><\/strong><\/div>\n<div style=\"text-align: left;\">\t\t\t\t\t\tPara la inspecci\u00f3n y el mantenimiento de conductos de ventilaci\u00f3n circulares<\/div>\n<div style=\"text-align: left;\">\t\t\t\t\t\tAcero galvanizado<\/div>\n<div style=\"text-align: left;\">\t\t\t\t\t\tCierre herm\u00e9tico en la parte interior de la puerta s\u00e1ndwich<\/p>\n<div>\t\t\t\t\t\t\t<strong><span style=\"font-size:14px;\">Especificaciones<\/span><\/strong><\/div>\n<div>\t\t\t\t\t\t\tDise\u00f1o de muelle c\u00f3nico que permite que la puerta de dos piezas funcione como una sola unidad<\/div>\n<div>\t\t\t\t\t\t\tPlantilla para cortar incluida<\/div>\n<div>\t\t\t\t\t\t\tHerm\u00e9tico hasta 2000 Pa en sobrepresi\u00f3n y 750 Pa en depresi\u00f3n<\/div>\n<\/p><\/div>\n<\/td>\n<\/tr>\n<\/tbody>\n<\/table>\n<p>\t<img decoding=\"async\" alt=\"\" src=\"\/wp-content\/uploads\/2024\/05\/1-2003041F22K63.jpg\" style=\"width: 570px; height: 265px;\" \/><\/div>\n<p><\/div>","protected":false},"excerpt":{"rendered":"<p> Puerta de acceso para conducto redondo Serie CAD<\/p>","protected":false},"featured_media":11664,"comment_status":"closed","ping_status":"closed","template":"","meta":[],"etheme_brands":[],"product_brand":[],"product_cat":[53],"product_tag":[],"class_list":{"0":"post-11662","1":"product","2":"type-product","3":"status-publish","4":"has-post-thumbnail","6":"product_cat-duct-fitting","8":"first","9":"instock","10":"shipping-taxable","11":"product-type-simple"},"_links":{"self":[{"href":"https:\/\/chinafore.com\/es\/wp-json\/wp\/v2\/product\/11662","targetHints":{"allow":["GET"]}}],"collection":[{"href":"https:\/\/chinafore.com\/es\/wp-json\/wp\/v2\/product"}],"about":[{"href":"https:\/\/chinafore.com\/es\/wp-json\/wp\/v2\/types\/product"}],"replies":[{"embeddable":true,"href":"https:\/\/chinafore.com\/es\/wp-json\/wp\/v2\/comments?post=11662"}],"version-history":[{"count":1,"href":"https:\/\/chinafore.com\/es\/wp-json\/wp\/v2\/product\/11662\/revisions"}],"predecessor-version":[{"id":11663,"href":"https:\/\/chinafore.com\/es\/wp-json\/wp\/v2\/product\/11662\/revisions\/11663"}],"wp:featuredmedia":[{"embeddable":true,"href":"https:\/\/chinafore.com\/es\/wp-json\/wp\/v2\/media\/11664"}],"wp:attachment":[{"href":"https:\/\/chinafore.com\/es\/wp-json\/wp\/v2\/media?parent=11662"}],"wp:term":[{"taxonomy":"brand","embeddable":true,"href":"https:\/\/chinafore.com\/es\/wp-json\/wp\/v2\/etheme_brands?post=11662"},{"taxonomy":"product_brand","embeddable":true,"href":"https:\/\/chinafore.com\/es\/wp-json\/wp\/v2\/product_brand?post=11662"},{"taxonomy":"product_cat","embeddable":true,"href":"https:\/\/chinafore.com\/es\/wp-json\/wp\/v2\/product_cat?post=11662"},{"taxonomy":"product_tag","embeddable":true,"href":"https:\/\/chinafore.com\/es\/wp-json\/wp\/v2\/product_tag?post=11662"}],"curies":[{"name":"wp","href":"https:\/\/api.w.org\/{rel}","templated":true}]}}