{"id":11638,"date":"2024-05-30T12:26:00","date_gmt":"2024-05-30T12:26:00","guid":{"rendered":"https:\/\/green-giraffe-671934.hostingersite.com\/?post_type=product&#038;p=11638"},"modified":"2026-03-23T03:39:55","modified_gmt":"2026-03-23T08:39:55","slug":"condensate-drainage-pump-mute-wedge","status":"publish","type":"product","link":"https:\/\/chinafore.com\/es\/producto\/bomba-de-drenaje-de-condensados-cuna-muda\/","title":{"rendered":"Bomba de drenaje de condensados cu\u00f1a muda"},"content":{"rendered":"<div class=\"container-text\">\n<div style=\"text-align: center;\">\n<p><span style=\"font-size: 36px;\"><strong>Cu\u00f1a de silencio<\/strong><\/span><\/p>\n<p><img decoding=\"async\" src=\"\/wp-content\/uploads\/2024\/05\/1-200302102G1F9.jpg\" alt=\"\" \/><\/p>\n<table id=\"biaoge\" border=\"1\" cellspacing=\"1\" cellpadding=\"1\" align=\"center\">\n<tbody>\n<tr>\n<td style=\"text-align: left;\" colspan=\"2\"><strong><span style=\"font-size: 14px;\">Datos t\u00e9cnicos<\/span><\/strong><\/td>\n<\/tr>\n<tr>\n<td style=\"text-align: left;\">Fuente de alimentaci\u00f3n: 100-240 V CA 50\/60 Hz<\/td>\n<td style=\"text-align: left;\">Tubo de descarga:6mmID<\/td>\n<\/tr>\n<tr>\n<td style=\"text-align: left;\">Caudal m\u00e1ximo: 20 L\/h a 0 de altura<\/td>\n<td style=\"text-align: left;\">Clase II aparato<\/td>\n<\/tr>\n<tr>\n<td style=\"text-align: left;\">Nivel sonoro: &lt;19dB(A) @ 1m<\/td>\n<td style=\"text-align: left;\">Clasificado: continuo<\/td>\n<\/tr>\n<tr>\n<td style=\"text-align: left;\">Altura m\u00e1xima recomendada: 20 m<\/td>\n<td style=\"text-align: left;\">Protecci\u00f3n IP: IPX5<\/td>\n<\/tr>\n<tr>\n<td style=\"text-align: left;\">Rendimiento m\u00e1ximo de la unidad: 28kw\/95550Btu\/h<\/td>\n<td style=\"text-align: left;\">Thermal protection: \u221a<\/td>\n<\/tr>\n<tr>\n<td style=\"text-align: left;\">Capacidad del dep\u00f3sito: 230 ml<\/td>\n<td style=\"text-align: left;\">Fully potted: \u221a<\/td>\n<\/tr>\n<tr>\n<td style=\"text-align: left;\">Interruptor de seguridad: 3A Normalmente cerrado<\/td>\n<td style=\"text-align: left;\">Largo x ancho x alto: 164 mm x 70 mm x 102 mm<\/td>\n<\/tr>\n<tr>\n<td style=\"text-align: left;\">Temperatura m\u00e1xima del agua:70\u2103<\/td>\n<td><\/td>\n<\/tr>\n<\/tbody>\n<\/table>\n<p>&nbsp;<\/p>\n<table id=\"biaoge\" border=\"0\" cellspacing=\"1\" cellpadding=\"1\" align=\"center\">\n<tbody>\n<tr>\n<td>\n<div style=\"text-align: left;\"><strong><span style=\"font-size: 14px;\">Bomba de cu\u00f1a muda para una instalaci\u00f3n est\u00e9tica y silenciosa bajo la divisi\u00f3n interna.<\/span><\/strong><\/div>\n<div style=\"text-align: left;\"><strong><span style=\"font-size: 14px;\">Completo con cable de alarma y fuente de alimentaci\u00f3n para dep\u00f3sito integrado de 230 ml<\/span><\/strong><\/div>\n<div style=\"text-align: left;\"><strong><span style=\"font-size: 14px;\">desbordamiento<\/span><\/strong><\/div>\n<\/td>\n<\/tr>\n<\/tbody>\n<\/table>\n<\/div>\n<div style=\"text-align: center;\"><img decoding=\"async\" style=\"width: 570px; height: 300px;\" src=\"\/wp-content\/uploads\/2024\/05\/1-200302103641b9.jpg\" alt=\"\" \/><br \/>\n<img decoding=\"async\" style=\"width: 570px; height: 300px;\" src=\"\/wp-content\/uploads\/2024\/05\/1-200302103506460.jpg\" alt=\"\" \/><\/div>\n<\/div>","protected":false},"excerpt":{"rendered":"<p>Bomba de drenaje de condensados cu\u00f1a muda<\/p>","protected":false},"featured_media":11640,"comment_status":"closed","ping_status":"closed","template":"","meta":[],"etheme_brands":[],"product_brand":[],"product_cat":[94],"product_tag":[],"class_list":{"0":"post-11638","1":"product","2":"type-product","3":"status-publish","4":"has-post-thumbnail","6":"product_cat-mute-series","8":"first","9":"instock","10":"shipping-taxable","11":"product-type-simple"},"_links":{"self":[{"href":"https:\/\/chinafore.com\/es\/wp-json\/wp\/v2\/product\/11638","targetHints":{"allow":["GET"]}}],"collection":[{"href":"https:\/\/chinafore.com\/es\/wp-json\/wp\/v2\/product"}],"about":[{"href":"https:\/\/chinafore.com\/es\/wp-json\/wp\/v2\/types\/product"}],"replies":[{"embeddable":true,"href":"https:\/\/chinafore.com\/es\/wp-json\/wp\/v2\/comments?post=11638"}],"version-history":[{"count":2,"href":"https:\/\/chinafore.com\/es\/wp-json\/wp\/v2\/product\/11638\/revisions"}],"predecessor-version":[{"id":13715,"href":"https:\/\/chinafore.com\/es\/wp-json\/wp\/v2\/product\/11638\/revisions\/13715"}],"wp:featuredmedia":[{"embeddable":true,"href":"https:\/\/chinafore.com\/es\/wp-json\/wp\/v2\/media\/11640"}],"wp:attachment":[{"href":"https:\/\/chinafore.com\/es\/wp-json\/wp\/v2\/media?parent=11638"}],"wp:term":[{"taxonomy":"brand","embeddable":true,"href":"https:\/\/chinafore.com\/es\/wp-json\/wp\/v2\/etheme_brands?post=11638"},{"taxonomy":"product_brand","embeddable":true,"href":"https:\/\/chinafore.com\/es\/wp-json\/wp\/v2\/product_brand?post=11638"},{"taxonomy":"product_cat","embeddable":true,"href":"https:\/\/chinafore.com\/es\/wp-json\/wp\/v2\/product_cat?post=11638"},{"taxonomy":"product_tag","embeddable":true,"href":"https:\/\/chinafore.com\/es\/wp-json\/wp\/v2\/product_tag?post=11638"}],"curies":[{"name":"wp","href":"https:\/\/api.w.org\/{rel}","templated":true}]}}