{"id":11630,"date":"2024-05-30T12:26:00","date_gmt":"2024-05-30T12:26:00","guid":{"rendered":"https:\/\/green-giraffe-671934.hostingersite.com\/?post_type=product&#038;p=11630"},"modified":"2024-12-05T08:46:49","modified_gmt":"2024-12-05T08:46:49","slug":"high-performance-vacuum-pump","status":"publish","type":"product","link":"https:\/\/chinafore.com\/es\/producto\/bomba-de-vacio-de-alto-rendimiento\/","title":{"rendered":"Bomba de vac\u00edo de alto rendimiento"},"content":{"rendered":"<div class=\"container-text\">\n<div style=\"text-align: center;\">\t<span style=\"font-size:36px;\"><strong>Bomba de vac\u00edo<\/strong><\/span><\/p>\n<p>\t<span style=\"font-size:28px;\"><strong>HVP<\/strong><\/span><br \/>\t&nbsp;<\/div>\n<div style=\"text-align: center;\">\t<img decoding=\"async\" alt=\"\" src=\"\/wp-content\/uploads\/2024\/05\/2-20030310363a08.jpg\" \/><\/p>\n<table id=\"biaoge\" align=\"center\" border=\"1\" cellpadding=\"1\" cellspacing=\"1\">\n<caption>\t\t\t<strong><span style=\"font-size:16px;\">Bomba de vac\u00edo de una etapa<\/span><\/strong><br \/>\t\t\t&nbsp;<\/caption>\n<tbody>\n<tr>\n<td>\t\t\t\t\t<strong><span style=\"font-size:8px;\">Modelo<\/span><\/strong><\/td>\n<td>\n<div>\t\t\t\t\t\t<strong>&nbsp;<\/strong><\/div>\n<\/td>\n<td>\n<div>\t\t\t\t\t\t<strong>HVP115<\/strong><\/div>\n<div>\t\t\t\t\t\t<strong>\uff08HVP-1\uff09<\/strong><\/div>\n<\/td>\n<td>\n<div>\t\t\t\t\t\t<strong>HVP125<\/strong><\/div>\n<div>\t\t\t\t\t\t<strong>\uff08HVP-1.5\uff09<\/strong><\/div>\n<\/td>\n<td>\n<div>\t\t\t\t\t\t<strong>HVP135<\/strong><\/div>\n<div>\t\t\t\t\t\t<strong>\uff08HVP-2\uff09<\/strong><\/div>\n<\/td>\n<td>\n<div>\t\t\t\t\t\t<strong>HVP145<\/strong><\/div>\n<div>\t\t\t\t\t\t<strong>\uff08HVP-2.5\uff09<\/strong><\/div>\n<\/td>\n<td>\n<div>\t\t\t\t\t\t<strong>HVP160<\/strong><\/div>\n<div>\t\t\t\t\t\t<strong>\uff08HVP-3\uff09<\/strong><\/div>\n<\/td>\n<td>\n<div>\t\t\t\t\t\t<strong>HVP180<\/strong><\/div>\n<div>\t\t\t\t\t\t<strong>\uff08HVP-4\uff09<\/strong><\/div>\n<\/td>\n<td>\n<div>\t\t\t\t\t\t<strong>HVP1100<\/strong><\/div>\n<div>\t\t\t\t\t\t<strong>\uff08HVP-5\uff09<\/strong><\/div>\n<\/td>\n<\/tr>\n<tr>\n<td colspan=\"1\" rowspan=\"4\">\t\t\t\t\tCaudal<\/td>\n<td>\t\t\t\t\t50 HZ<\/td>\n<td>\t\t\t\t\t1,5CFM<\/td>\n<td>\t\t\t\t\t2,5CFM<\/td>\n<td>\t\t\t\t\t3,5CFM<\/td>\n<td>\t\t\t\t\t4,5CFM<\/td>\n<td>\t\t\t\t\t6CFM<\/td>\n<td>\t\t\t\t\t8CFM<\/td>\n<td>\t\t\t\t\t10CFM<\/td>\n<\/tr>\n<tr>\n<td>\t\t\t\t\t&nbsp;<\/td>\n<td>\t\t\t\t\t42 L\/min<\/td>\n<td>\t\t\t\t\t70 l\/min<\/td>\n<td>\t\t\t\t\t100 l\/min<\/td>\n<td>\t\t\t\t\t128 l\/min<\/td>\n<td>\t\t\t\t\t170 L\/min<\/td>\n<td>\t\t\t\t\t226 l\/min<\/td>\n<td>\t\t\t\t\t283 L\/min<\/td>\n<\/tr>\n<tr>\n<td>\t\t\t\t\t60 HZ<\/td>\n<td>\t\t\t\t\t1,8CFM<\/td>\n<td>\t\t\t\t\t3CFM<\/td>\n<td>\t\t\t\t\t4CFM<\/td>\n<td>\t\t\t\t\t5CFM<\/td>\n<td>\t\t\t\t\t7CFM<\/td>\n<td>\t\t\t\t\t9CFM<\/td>\n<td>\t\t\t\t\t12CFM<\/td>\n<\/tr>\n<tr>\n<td>\t\t\t\t\t&nbsp;<\/td>\n<td>\t\t\t\t\t50 l\/min<\/td>\n<td>\t\t\t\t\t84 l\/min<\/td>\n<td>\t\t\t\t\t114 l\/min<\/td>\n<td>\t\t\t\t\t142 l\/min<\/td>\n<td>\t\t\t\t\t198L\/min<\/td>\n<td>\t\t\t\t\t254 l\/min<\/td>\n<td>\t\t\t\t\t340 l\/min<\/td>\n<\/tr>\n<tr>\n<td colspan=\"2\" rowspan=\"2\">\t\t\t\t\tVac\u00edo definitivo<\/td>\n<td>\t\t\t\t\t5pa<\/td>\n<td>\t\t\t\t\t5pa<\/td>\n<td>\t\t\t\t\t5pa<\/td>\n<td>\t\t\t\t\t5pa<\/td>\n<td>\t\t\t\t\t5pa<\/td>\n<td>\t\t\t\t\t5pa<\/td>\n<td>\t\t\t\t\t5pa<\/td>\n<\/tr>\n<tr>\n<td>\t\t\t\t\t150 micras<\/td>\n<td>\t\t\t\t\t150 micras<\/td>\n<td>\t\t\t\t\t150 micras<\/td>\n<td>\t\t\t\t\t150 micras<\/td>\n<td>\t\t\t\t\t150 micras<\/td>\n<td>\t\t\t\t\t150 micras<\/td>\n<td>\t\t\t\t\t150 micras<\/td>\n<\/tr>\n<tr>\n<td>\t\t\t\t\tPotencia<\/td>\n<td>\t\t\t\t\t&nbsp;<\/td>\n<td>\t\t\t\t\t1\/4HP<\/td>\n<td>\t\t\t\t\t1\/4HP<\/td>\n<td>\t\t\t\t\t1\/3CV<\/td>\n<td>\t\t\t\t\t1\/3CV<\/td>\n<td>\t\t\t\t\t1\/2HP<\/td>\n<td>\t\t\t\t\t3\/4HP<\/td>\n<td>\t\t\t\t\t1HP<\/td>\n<\/tr>\n<tr>\n<td>\t\t\t\t\tPuerto de entrada<\/td>\n<td>\t\t\t\t\t&nbsp;<\/td>\n<td>\t\t\t\t\t1\/4\" abocardado<\/td>\n<td>\t\t\t\t\t1\/4\" abocardado<\/td>\n<td>\t\t\t\t\t1\/4\" abocardado<\/td>\n<td>\t\t\t\t\t1\/4\" abocardado<\/td>\n<td>\t\t\t\t\t1\/4\"&amp;3\/8 \"Abocardado<\/td>\n<td>\t\t\t\t\t1\/4\"&amp;3\/8 \"Abocardado<\/td>\n<td>\t\t\t\t\t1\/4\"&amp;3\/8 \"Abocardado<\/td>\n<\/tr>\n<tr>\n<td>\t\t\t\t\tCapacidad de aceite<\/td>\n<td>\t\t\t\t\t&nbsp;<\/td>\n<td>\t\t\t\t\t320 ml<\/td>\n<td>\t\t\t\t\t300 ml<\/td>\n<td>\t\t\t\t\t350 ml<\/td>\n<td>\t\t\t\t\t350 ml<\/td>\n<td>\t\t\t\t\t450 ml<\/td>\n<td>\t\t\t\t\t700 ml<\/td>\n<td>\t\t\t\t\t800 ml<\/td>\n<\/tr>\n<tr>\n<td>\t\t\t\t\tDimensiones<\/td>\n<td>\t\t\t\t\t&nbsp;<\/td>\n<td>\t\t\t\t\t270x119x216<\/td>\n<td>\t\t\t\t\t278x119x216<\/td>\n<td>\t\t\t\t\t278x119x216<\/td>\n<td>\t\t\t\t\t278x119x216<\/td>\n<td>\t\t\t\t\t320x134x232<\/td>\n<td>\t\t\t\t\t370x140x250<\/td>\n<td>\t\t\t\t\t290x140x250<\/td>\n<\/tr>\n<tr>\n<td>\t\t\t\t\tPeso<\/td>\n<td>\t\t\t\t\t&nbsp;<\/td>\n<td>\t\t\t\t\t5,3 kg<\/td>\n<td>\t\t\t\t\t5,5 kg<\/td>\n<td>\t\t\t\t\t6,5 kg<\/td>\n<td>\t\t\t\t\t6,8 kg<\/td>\n<td>\t\t\t\t\t10 kg<\/td>\n<td>\t\t\t\t\t5,5 kg<\/td>\n<td>\t\t\t\t\t14,5 kg<\/td>\n<\/tr>\n<\/tbody>\n<\/table>\n<p>\t&nbsp;<\/div>\n<table id=\"biaoge\" align=\"center\" border=\"1\" cellpadding=\"1\" cellspacing=\"1\">\n<caption>\t\t<strong><span style=\"font-size:16px;\">Bomba de vac\u00edo de doble etapa<\/span><\/strong><br \/>\t\t&nbsp;<\/caption>\n<tbody>\n<tr>\n<td style=\"text-align: center;\">\t\t\t\t<span style=\"font-size:8px;\"><strong>Modelo<\/strong><\/span><\/td>\n<td style=\"text-align: center;\">\t\t\t\t&nbsp;<\/td>\n<td>\n<div style=\"text-align: center;\">\t\t\t\t\t<span style=\"font-size:8px;\"><strong>HVP215<\/strong><\/span><\/div>\n<div style=\"text-align: center;\">\t\t\t\t\t<span style=\"font-size:8px;\"><strong>\uff082HVP-0,5\uff09<\/strong><\/span><\/div>\n<\/td>\n<td>\n<div style=\"text-align: center;\">\t\t\t\t\t<span style=\"font-size:8px;\"><strong>HVP225<\/strong><\/span><\/div>\n<div style=\"text-align: center;\">\t\t\t\t\t<span style=\"font-size:8px;\"><strong>\uff082HVP-1\uff09<\/strong><\/span><\/div>\n<\/td>\n<td>\n<div style=\"text-align: center;\">\t\t\t\t\t<span style=\"font-size:8px;\"><strong>HVP235<\/strong><\/span><\/div>\n<div style=\"text-align: center;\">\t\t\t\t\t<span style=\"font-size:8px;\"><strong>\uff082HVP-1.5\uff09<\/strong><\/span><\/div>\n<\/td>\n<td>\n<div style=\"text-align: center;\">\t\t\t\t\t<span style=\"font-size:8px;\"><strong>HVP245<\/strong><\/span><\/div>\n<div style=\"text-align: center;\">\t\t\t\t\t<span style=\"font-size:8px;\"><strong>\uff082HVP-2\uff09<\/strong><\/span><\/div>\n<\/td>\n<td>\n<div style=\"text-align: center;\">\t\t\t\t\t<span style=\"font-size:8px;\"><strong>HVP260<\/strong><\/span><\/div>\n<div style=\"text-align: center;\">\t\t\t\t\t<span style=\"font-size:8px;\"><strong>\uff082HVP-3\uff09<\/strong><\/span><\/div>\n<\/td>\n<td>\n<div style=\"text-align: center;\">\t\t\t\t\t<span style=\"font-size:8px;\"><strong>HVP280<\/strong><\/span><\/div>\n<div style=\"text-align: center;\">\t\t\t\t\t<span style=\"font-size:8px;\"><strong>\uff082HVP-4\uff09<\/strong><\/span><\/div>\n<\/td>\n<td>\n<div style=\"text-align: center;\">\t\t\t\t\t<span style=\"font-size:8px;\"><strong>HVP2100<\/strong><\/span><\/div>\n<div style=\"text-align: center;\">\t\t\t\t\t<span style=\"font-size:8px;\"><strong>\uff082HVP-5\uff09<\/strong><\/span><\/div>\n<\/td>\n<\/tr>\n<tr>\n<td colspan=\"1\" rowspan=\"4\" style=\"text-align: center;\">\t\t\t\tCaudal<\/td>\n<td style=\"text-align: center;\">\t\t\t\t50 HZ<\/td>\n<td style=\"text-align: center;\">\t\t\t\t1,5CFM<\/td>\n<td style=\"text-align: center;\">\t\t\t\t2,5CFM<\/td>\n<td style=\"text-align: center;\">\t\t\t\t3,5CFM<\/td>\n<td style=\"text-align: center;\">\t\t\t\t4,5CFM<\/td>\n<td style=\"text-align: center;\">\t\t\t\t6CFM<\/td>\n<td style=\"text-align: center;\">\t\t\t\t8CFM<\/td>\n<td style=\"text-align: center;\">\t\t\t\t10CFM<\/td>\n<\/tr>\n<tr>\n<td style=\"text-align: center;\">\t\t\t\t&nbsp;<\/td>\n<td style=\"text-align: center;\">\t\t\t\t42 L\/min<\/td>\n<td style=\"text-align: center;\">\t\t\t\t70 l\/min<\/td>\n<td style=\"text-align: center;\">\t\t\t\t100 l\/min<\/td>\n<td style=\"text-align: center;\">\t\t\t\t128 l\/min<\/td>\n<td style=\"text-align: center;\">\t\t\t\t170 L\/min<\/td>\n<td style=\"text-align: center;\">\t\t\t\t226 l\/min<\/td>\n<td style=\"text-align: center;\">\t\t\t\t283 L\/min<\/td>\n<\/tr>\n<tr>\n<td style=\"text-align: center;\">\t\t\t\t60 HZ<\/td>\n<td style=\"text-align: center;\">\t\t\t\t1,8CFM<\/td>\n<td style=\"text-align: center;\">\t\t\t\t3CFM<\/td>\n<td style=\"text-align: center;\">\t\t\t\t4CFM<\/td>\n<td style=\"text-align: center;\">\t\t\t\t5CFM<\/td>\n<td style=\"text-align: center;\">\t\t\t\t7CFM<\/td>\n<td style=\"text-align: center;\">\t\t\t\t9CFM<\/td>\n<td style=\"text-align: center;\">\t\t\t\t12CFM<\/td>\n<\/tr>\n<tr>\n<td style=\"text-align: center;\">\t\t\t\t&nbsp;<\/td>\n<td style=\"text-align: center;\">\t\t\t\t50 l\/min<\/td>\n<td style=\"text-align: center;\">\t\t\t\t84 l\/min<\/td>\n<td style=\"text-align: center;\">\t\t\t\t114 l\/min<\/td>\n<td style=\"text-align: center;\">\t\t\t\t142 l\/min<\/td>\n<td style=\"text-align: center;\">\t\t\t\t198L\/min<\/td>\n<td style=\"text-align: center;\">\t\t\t\t254 l\/min<\/td>\n<td style=\"text-align: center;\">\t\t\t\t340 l\/min<\/td>\n<\/tr>\n<tr>\n<td colspan=\"2\" rowspan=\"2\" style=\"text-align: center;\">\t\t\t\tVac\u00edo definitivo<\/td>\n<td style=\"text-align: center;\">\t\t\t\t3\u00d710-1pa<\/td>\n<td style=\"text-align: center;\">\t\t\t\t3\u00d710-1pa<\/td>\n<td style=\"text-align: center;\">\t\t\t\t3\u00d710-1pa<\/td>\n<td style=\"text-align: center;\">\t\t\t\t3\u00d710-1pa<\/td>\n<td style=\"text-align: center;\">\t\t\t\t3\u00d710-1pa<\/td>\n<td style=\"text-align: center;\">\t\t\t\t3\u00d710-1pa<\/td>\n<td style=\"text-align: center;\">\t\t\t\t3\u00d710-1pa<\/td>\n<\/tr>\n<tr>\n<td style=\"text-align: center;\">\t\t\t\t25 micras<\/td>\n<td style=\"text-align: center;\">\t\t\t\t25 micras<\/td>\n<td style=\"text-align: center;\">\t\t\t\t25 micras<\/td>\n<td style=\"text-align: center;\">\t\t\t\t25 micras<\/td>\n<td style=\"text-align: center;\">\t\t\t\t150 micras<\/td>\n<td style=\"text-align: center;\">\t\t\t\t150 micras<\/td>\n<td style=\"text-align: center;\">\t\t\t\t25 micras<\/td>\n<\/tr>\n<tr>\n<td style=\"text-align: center;\">\t\t\t\tPotencia<\/td>\n<td style=\"text-align: center;\">\t\t\t\t&nbsp;<\/td>\n<td>\n<div style=\"text-align: center;\">\t\t\t\t\t1\/4HP<\/div>\n<\/td>\n<td style=\"text-align: center;\">\t\t\t\t1\/3CV<\/td>\n<td style=\"text-align: center;\">\t\t\t\t1\/3CV<\/td>\n<td style=\"text-align: center;\">\t\t\t\t1\/2HP<\/td>\n<td style=\"text-align: center;\">\t\t\t\t3\/4HP<\/td>\n<td style=\"text-align: center;\">\t\t\t\t1HP<\/td>\n<td style=\"text-align: center;\">\t\t\t\t1HP<\/td>\n<\/tr>\n<tr>\n<td style=\"text-align: center;\">\t\t\t\tPuerto de entrada<\/td>\n<td style=\"text-align: center;\">\t\t\t\t&nbsp;<\/td>\n<td style=\"text-align: center;\">\t\t\t\t1\/4\" abocardado<\/td>\n<td style=\"text-align: center;\">\t\t\t\t1\/4\" abocardado<\/td>\n<td style=\"text-align: center;\">\t\t\t\t1\/4\"&amp;3\/8 \"Abocardado<\/td>\n<td style=\"text-align: center;\">\t\t\t\t1\/4\"&amp;3\/8 \"Abocardado<\/td>\n<td style=\"text-align: center;\">\t\t\t\t1\/4\"&amp;3\/8 \"Abocardado<\/td>\n<td style=\"text-align: center;\">\t\t\t\t1\/4\"&amp;3\/8 \"Abocardado<\/td>\n<td style=\"text-align: center;\">\t\t\t\t1\/4\"&amp;3\/8 \"Abocardado<\/td>\n<\/tr>\n<tr>\n<td style=\"text-align: center;\">\t\t\t\tCapacidad de aceite<\/td>\n<td style=\"text-align: center;\">\t\t\t\t&nbsp;<\/td>\n<td style=\"text-align: center;\">\t\t\t\t180 ml<\/td>\n<td style=\"text-align: center;\">\t\t\t\t280 ml<\/td>\n<td style=\"text-align: center;\">\t\t\t\t360 ml<\/td>\n<td style=\"text-align: center;\">\t\t\t\t350 ml<\/td>\n<td style=\"text-align: center;\">\t\t\t\t700 ml<\/td>\n<td style=\"text-align: center;\">\t\t\t\t600 ml<\/td>\n<td style=\"text-align: center;\">\t\t\t\t700m<\/td>\n<\/tr>\n<tr>\n<td style=\"text-align: center;\">\t\t\t\tDimensiones<\/td>\n<td style=\"text-align: center;\">\t\t\t\t&nbsp;<\/td>\n<td style=\"text-align: center;\">\t\t\t\t270x119x216<\/td>\n<td style=\"text-align: center;\">\t\t\t\t278x119x216<\/td>\n<td style=\"text-align: center;\">\t\t\t\t320x134x232<\/td>\n<td style=\"text-align: center;\">\t\t\t\t278x119x216<\/td>\n<td style=\"text-align: center;\">\t\t\t\t370x140x250<\/td>\n<td style=\"text-align: center;\">\t\t\t\t370x140x250<\/td>\n<td style=\"text-align: center;\">\t\t\t\t390x140x250<\/td>\n<\/tr>\n<tr>\n<td style=\"text-align: center;\">\t\t\t\tPeso<\/td>\n<td style=\"text-align: center;\">\t\t\t\t&nbsp;<\/td>\n<td style=\"text-align: center;\">\t\t\t\t6 kg<\/td>\n<td style=\"text-align: center;\">\t\t\t\t7 kg<\/td>\n<td style=\"text-align: center;\">\t\t\t\t11 kg<\/td>\n<td style=\"text-align: center;\">\t\t\t\t11,8 kg<\/td>\n<td style=\"text-align: center;\">\t\t\t\t15 kg<\/td>\n<td style=\"text-align: center;\">\t\t\t\t15,5 kg<\/td>\n<td style=\"text-align: center;\">\t\t\t\t16 kg<\/td>\n<\/tr>\n<\/tbody>\n<\/table>\n<p><\/p>\n<table id=\"biaoge\" align=\"center\" border=\"0\" cellpadding=\"1\" cellspacing=\"1\" style=\"width: 590px\">\n<tbody>\n<tr>\n<td>\n<div>\t\t\t\t\t<strong><span style=\"font-size:14px;\"><span style=\"font-family:arial,helvetica,sans-serif;\">La bomba tiene un dise\u00f1o razonable, seguro y fiable, alta&nbsp;<strong style=\"font-size: 14px;\">velocidad de bombeo, altura m\u00e1xima de vac\u00edo, bajo nivel de ruido, sin inyecci\u00f3n de combustible, sin fugas de aceite, mantenimiento conveniente y bella apariencia.<\/strong><\/span><\/span><\/strong><\/div>\n<div>\t\t\t\t\t<strong><span style=\"font-size:14px;\"><span style=\"font-family:arial,helvetica,sans-serif;\">Nueva serie para R32<\/span><\/span><\/strong><\/div>\n<\/td>\n<\/tr>\n<\/tbody>\n<\/table>\n<p><\/div>","protected":false},"excerpt":{"rendered":"<p>Bomba de vac\u00edo de alto rendimiento<\/p>","protected":false},"featured_media":11632,"comment_status":"closed","ping_status":"closed","template":"","meta":[],"etheme_brands":[],"product_brand":[],"product_cat":[68],"product_tag":[],"class_list":{"0":"post-11630","1":"product","2":"type-product","3":"status-publish","4":"has-post-thumbnail","6":"product_cat-vacuum-pump","8":"first","9":"instock","10":"shipping-taxable","11":"product-type-simple"},"_links":{"self":[{"href":"https:\/\/chinafore.com\/es\/wp-json\/wp\/v2\/product\/11630","targetHints":{"allow":["GET"]}}],"collection":[{"href":"https:\/\/chinafore.com\/es\/wp-json\/wp\/v2\/product"}],"about":[{"href":"https:\/\/chinafore.com\/es\/wp-json\/wp\/v2\/types\/product"}],"replies":[{"embeddable":true,"href":"https:\/\/chinafore.com\/es\/wp-json\/wp\/v2\/comments?post=11630"}],"version-history":[{"count":1,"href":"https:\/\/chinafore.com\/es\/wp-json\/wp\/v2\/product\/11630\/revisions"}],"predecessor-version":[{"id":11631,"href":"https:\/\/chinafore.com\/es\/wp-json\/wp\/v2\/product\/11630\/revisions\/11631"}],"wp:featuredmedia":[{"embeddable":true,"href":"https:\/\/chinafore.com\/es\/wp-json\/wp\/v2\/media\/11632"}],"wp:attachment":[{"href":"https:\/\/chinafore.com\/es\/wp-json\/wp\/v2\/media?parent=11630"}],"wp:term":[{"taxonomy":"brand","embeddable":true,"href":"https:\/\/chinafore.com\/es\/wp-json\/wp\/v2\/etheme_brands?post=11630"},{"taxonomy":"product_brand","embeddable":true,"href":"https:\/\/chinafore.com\/es\/wp-json\/wp\/v2\/product_brand?post=11630"},{"taxonomy":"product_cat","embeddable":true,"href":"https:\/\/chinafore.com\/es\/wp-json\/wp\/v2\/product_cat?post=11630"},{"taxonomy":"product_tag","embeddable":true,"href":"https:\/\/chinafore.com\/es\/wp-json\/wp\/v2\/product_tag?post=11630"}],"curies":[{"name":"wp","href":"https:\/\/api.w.org\/{rel}","templated":true}]}}