{"id":11567,"date":"2024-05-30T12:26:00","date_gmt":"2024-05-30T12:26:00","guid":{"rendered":"https:\/\/green-giraffe-671934.hostingersite.com\/?post_type=product&#038;p=11567"},"modified":"2024-12-05T08:46:41","modified_gmt":"2024-12-05T08:46:41","slug":"insulation-access-door-for-round-duct","status":"publish","type":"product","link":"https:\/\/chinafore.com\/es\/producto\/puerta-de-acceso-al-aislamiento-para-conducto-redondo\/","title":{"rendered":"Puerta de acceso al aislamiento para conducto redondo"},"content":{"rendered":"<div class=\"container-text\">\n<div style=\"text-align: center;\">\t<strong><span style=\"font-size:36px;\">Serie IAD<\/span><\/strong><\/p>\n<p>\t<img decoding=\"async\" alt=\"\" src=\"\/wp-content\/uploads\/2024\/05\/2-200306103TQQ.jpg\" \/><\/div>\n<p><\/p>\n<table id=\"biaoge\" align=\"center\" border=\"1\" cellpadding=\"1\" cellspacing=\"1\">\n<tbody>\n<tr>\n<td style=\"text-align: center;\">\t\t\t\t<strong><span style=\"font-size:14px;\">Tipo<\/span><\/strong><\/td>\n<td style=\"text-align: center;\">\t\t\t\t<strong><span style=\"font-size:14px;\">A(mm)<\/span><\/strong><\/td>\n<td style=\"text-align: center;\">\t\t\t\t<strong><span style=\"font-size:14px;\">B(mm)<\/span><\/strong><\/td>\n<\/tr>\n<tr>\n<td style=\"text-align: center;\">\t\t\t\tIAD00<\/td>\n<td style=\"text-align: center;\">\t\t\t\t200<\/td>\n<td style=\"text-align: center;\">\t\t\t\t125<\/td>\n<\/tr>\n<tr>\n<td style=\"text-align: center;\">\t\t\t\tIAD10<\/td>\n<td style=\"text-align: center;\">\t\t\t\t300<\/td>\n<td style=\"text-align: center;\">\t\t\t\t150<\/td>\n<\/tr>\n<tr>\n<td style=\"text-align: center;\">\t\t\t\tIAD20<\/td>\n<td style=\"text-align: center;\">\t\t\t\t460<\/td>\n<td style=\"text-align: center;\">\t\t\t\t250<\/td>\n<\/tr>\n<tr>\n<td style=\"text-align: center;\">\t\t\t\tIAD30<\/td>\n<td style=\"text-align: center;\">\t\t\t\t530<\/td>\n<td style=\"text-align: center;\">\t\t\t\t360<\/td>\n<\/tr>\n<tr>\n<td style=\"text-align: center;\">\t\t\t\tDAI40<\/td>\n<td style=\"text-align: center;\">\t\t\t\t635<\/td>\n<td style=\"text-align: center;\">\t\t\t\t430<\/td>\n<\/tr>\n<\/tbody>\n<\/table>\n<p><\/p>\n<table id=\"biaoge\" align=\"center\" border=\"0\" cellpadding=\"1\" cellspacing=\"2\">\n<tbody>\n<tr>\n<td>\n<div>\t\t\t\t\t<strong><span style=\"font-size:16px;\">Descripci\u00f3n<\/span><\/strong><\/div>\n<div>\t\t\t\t\t<span style=\"font-size:14px;\">La gama IAD de puertas de acceso a conductos est\u00e1 dise\u00f1ada para facilitar y agilizar el acceso a los conductos.&nbsp;<\/span><span style=\"font-size: 14px;\">acceso a compuertas cortahumo, cortafuegos y de control de volumen, serpentines, filtros y otros elementos de aire&nbsp;<\/span><span style=\"font-size: 14px;\">equipos de acondicionamiento y ventilaci\u00f3n montados en el interior de los conductos.<\/span><\/div>\n<div>\t\t\t\t\t<span style=\"font-size:14px;\">La gama de cinco tama\u00f1os se ha seleccionado cuidadosamente para proporcionar diferentes grados&nbsp;<\/span><span style=\"font-size: 14px;\">de acceso, desde la entrada con una sola mano hasta la entrada con la cabeza y el hombro.<\/span><\/div>\n<div>\t\t\t\t\t<span style=\"font-size:14px;\">Las puertas de acceso a los DAI son de construcci\u00f3n \"s\u00e1ndwich\" de doble pared y est\u00e1n provistas de&nbsp;<\/span><span style=\"font-size: 14px;\">Aislamiento de alta densidad de 20 mm de grosor y sellado para evitar la migraci\u00f3n del aislamiento.<\/span><\/div>\n<div>\t\t\t\t\t<span style=\"font-size:14px;\">Los marcos de montaje de una pieza est\u00e1n prensados para mayor precisi\u00f3n y preperforados en&nbsp;<\/span><span style=\"font-size: 14px;\">bridas interior y exterior.<\/span><\/div>\n<div>\t\t\t\t\t<span style=\"font-size:14px;\">Esta caracter\u00edstica permite instalar las puertas de forma que se consiga un acabado enrasado en superficies lisas o<\/span><\/div>\n<div>\t\t\t\t\t<span style=\"font-size:14px;\">conductos aislados.<\/span><\/div>\n<div>\t\t\t\t\t<span style=\"font-size:14px;\">Todos los tama\u00f1os de puerta est\u00e1n equipados, de serie, con una cadena de retenci\u00f3n entre la puerta y la puerta.&nbsp;<\/span><span style=\"font-size: 14px;\">y marco.<\/span><\/div>\n<div>\t\t\t\t\t<span style=\"font-size:14px;\">Las puertas de acceso IAD son adecuadas para aplicaciones de alta, media y baja presi\u00f3n y&nbsp;<\/span><span style=\"font-size: 14px;\">cumplen los requisitos de las clases A y B de la especificaci\u00f3n HVCA DW144<\/span><\/p>\n<p>\t\t\t\t\t<\/p>\n<div>\t\t\t\t\t\t<strong><span style=\"font-size:16px;\">Especificaci\u00f3n<\/span><\/strong><\/div>\n<div>\t\t\t\t\t\t<span style=\"font-size:14px;\">Marco, una pieza sin costuras, galvanizado de 0,07 mm.&nbsp;<\/span><span style=\"font-size: 14px;\">acero dulce.<\/span><\/div>\n<div>\t\t\t\t\t\t<span style=\"font-size:14px;\">Puerta, panel exterior de acero dulce galvanizado de 0,7 mm<\/span><\/div>\n<div>\t\t\t\t\t\t<span style=\"font-size:14px;\">Panel interior de acero dulce galvanizado de 0,07 mm.<\/span><\/div>\n<div>\t\t\t\t\t\t<span style=\"font-size:14px;\">Aislamiento, aislamiento ign\u00edfugo de 20 mm de grosor.<\/span><\/div>\n<div>\t\t\t\t\t\t<span style=\"font-size:14px;\">Junta, junta positiva<\/span><\/div>\n<div>\t\t\t\t\t\t<span style=\"font-size:14px;\">Cierres, levas de acci\u00f3n progresiva, cinc&nbsp;<\/span><span style=\"font-size: 14px;\">chapado.<\/span><\/div>\n<div>\t\t\t\t\t\t<span style=\"font-size:14px;\">Cadena de retenci\u00f3n, zincada, entre la puerta&nbsp;<\/span><span style=\"font-size: 14px;\">y marco.<\/span><\/div>\n<\/p><\/div>\n<\/td>\n<\/tr>\n<\/tbody>\n<\/table>\n<div style=\"text-align: center;\">\t<img decoding=\"async\" alt=\"\" src=\"\/wp-content\/uploads\/2024\/05\/2-200306104443L4.jpg\" style=\"width: 570px; height: 300px;\" \/><\/div>\n<\/div>","protected":false},"excerpt":{"rendered":"<p>Puerta de acceso al aislamiento para conducto redondo<\/p>","protected":false},"featured_media":11569,"comment_status":"closed","ping_status":"closed","template":"","meta":[],"etheme_brands":[],"product_brand":[],"product_cat":[53],"product_tag":[],"class_list":{"0":"post-11567","1":"product","2":"type-product","3":"status-publish","4":"has-post-thumbnail","6":"product_cat-duct-fitting","8":"first","9":"instock","10":"shipping-taxable","11":"product-type-simple"},"_links":{"self":[{"href":"https:\/\/chinafore.com\/es\/wp-json\/wp\/v2\/product\/11567","targetHints":{"allow":["GET"]}}],"collection":[{"href":"https:\/\/chinafore.com\/es\/wp-json\/wp\/v2\/product"}],"about":[{"href":"https:\/\/chinafore.com\/es\/wp-json\/wp\/v2\/types\/product"}],"replies":[{"embeddable":true,"href":"https:\/\/chinafore.com\/es\/wp-json\/wp\/v2\/comments?post=11567"}],"version-history":[{"count":1,"href":"https:\/\/chinafore.com\/es\/wp-json\/wp\/v2\/product\/11567\/revisions"}],"predecessor-version":[{"id":11568,"href":"https:\/\/chinafore.com\/es\/wp-json\/wp\/v2\/product\/11567\/revisions\/11568"}],"wp:featuredmedia":[{"embeddable":true,"href":"https:\/\/chinafore.com\/es\/wp-json\/wp\/v2\/media\/11569"}],"wp:attachment":[{"href":"https:\/\/chinafore.com\/es\/wp-json\/wp\/v2\/media?parent=11567"}],"wp:term":[{"taxonomy":"brand","embeddable":true,"href":"https:\/\/chinafore.com\/es\/wp-json\/wp\/v2\/etheme_brands?post=11567"},{"taxonomy":"product_brand","embeddable":true,"href":"https:\/\/chinafore.com\/es\/wp-json\/wp\/v2\/product_brand?post=11567"},{"taxonomy":"product_cat","embeddable":true,"href":"https:\/\/chinafore.com\/es\/wp-json\/wp\/v2\/product_cat?post=11567"},{"taxonomy":"product_tag","embeddable":true,"href":"https:\/\/chinafore.com\/es\/wp-json\/wp\/v2\/product_tag?post=11567"}],"curies":[{"name":"wp","href":"https:\/\/api.w.org\/{rel}","templated":true}]}}