{"id":11535,"date":"2024-05-30T12:26:00","date_gmt":"2024-05-30T12:26:00","guid":{"rendered":"https:\/\/green-giraffe-671934.hostingersite.com\/?post_type=product&#038;p=11535"},"modified":"2024-12-05T08:46:37","modified_gmt":"2024-12-05T08:46:37","slug":"conical-volume-damper","status":"publish","type":"product","link":"https:\/\/chinafore.com\/es\/producto\/amortiguador-de-volumen-conico\/","title":{"rendered":"Amortiguador de volumen c\u00f3nico"},"content":{"rendered":"<div class=\"container-text\">\n<div style=\"text-align: center;\">\t<span style=\"font-size:36px;\"><strong>PDV<\/strong><\/span><\/p>\n<p>\t<img decoding=\"async\" alt=\"\" src=\"\/wp-content\/uploads\/2024\/05\/2-2003061I11a34.jpg\" \/><\/p>\n<table id=\"biaoge\" align=\"center\" border=\"1\" cellpadding=\"1\" cellspacing=\"1\">\n<tbody>\n<tr>\n<td>\t\t\t\t\t<strong><span style=\"font-size:14px;\">Talla<\/span><\/strong><\/td>\n<td>\t\t\t\t\t<strong><span style=\"font-size:14px;\">\u03a6D(mm)<\/span><\/strong><\/td>\n<td>\t\t\t\t\t<strong><span style=\"font-size:14px;\">\u03a6d(mm)<\/span><\/strong><\/td>\n<td>\t\t\t\t\t<strong><span style=\"font-size:14px;\">H(mm)<\/span><\/strong><\/td>\n<td>\t\t\t\t\t<strong><span style=\"font-size:14px;\">h(mm)<\/span><\/strong><\/td>\n<td>\t\t\t\t\t<strong><span style=\"font-size:14px;\">L(mm)<\/span><\/strong><\/td>\n<td>\t\t\t\t\t<strong><span style=\"font-size:14px;\">T(mm)<\/span><\/strong><\/td>\n<\/tr>\n<tr>\n<td>\t\t\t\t\t4\"<\/td>\n<td>\n<div>\t\t\t\t\t\t203.2<\/div>\n<\/td>\n<td>\n<div>\t\t\t\t\t\t100.2<\/div>\n<\/td>\n<td>\t\t\t\t\t247.7<\/td>\n<td>\t\t\t\t\t152.4<\/td>\n<td>\t\t\t\t\t76.2<\/td>\n<td>\t\t\t\t\t25.4<\/td>\n<\/tr>\n<tr>\n<td>\n<div>\t\t\t\t\t\t5\"<\/div>\n<\/td>\n<td>\n<div>\t\t\t\t\t\t228.6<\/div>\n<\/td>\n<td>\n<div>\t\t\t\t\t\t125.2<\/div>\n<\/td>\n<td>\t\t\t\t\t247.7<\/td>\n<td>\t\t\t\t\t152.4<\/td>\n<td>\t\t\t\t\t76.2<\/td>\n<td>\t\t\t\t\t25.4<\/td>\n<\/tr>\n<tr>\n<td>\t\t\t\t\t6\"<\/td>\n<td>\n<div>\t\t\t\t\t\t254.0<\/div>\n<\/td>\n<td>\n<div>\t\t\t\t\t\t150.2<\/div>\n<\/td>\n<td>\t\t\t\t\t247.7<\/td>\n<td>\t\t\t\t\t152.4<\/td>\n<td>\t\t\t\t\t76.2<\/td>\n<td>\t\t\t\t\t25.4<\/td>\n<\/tr>\n<tr>\n<td>\t\t\t\t\t7\"<\/td>\n<td>\n<div>\t\t\t\t\t\t279.4<\/div>\n<\/td>\n<td>\n<div>\t\t\t\t\t\t180.2<\/div>\n<\/td>\n<td>\t\t\t\t\t247.7<\/td>\n<td>\t\t\t\t\t152.4<\/td>\n<td>\t\t\t\t\t76.2<\/td>\n<td>\t\t\t\t\t25.4<\/td>\n<\/tr>\n<tr>\n<td>\t\t\t\t\t8\"<\/td>\n<td>\n<div>\t\t\t\t\t\t304.8<\/div>\n<\/td>\n<td>\n<div>\t\t\t\t\t\t200.2<\/div>\n<\/td>\n<td>\t\t\t\t\t247.7<\/td>\n<td>\t\t\t\t\t152.4<\/td>\n<td>\t\t\t\t\t76.2<\/td>\n<td>\t\t\t\t\t25.4<\/td>\n<\/tr>\n<tr>\n<td>\t\t\t\t\t9\"<\/td>\n<td>\n<div>\t\t\t\t\t\t330.2<\/div>\n<\/td>\n<td>\n<div>\t\t\t\t\t\t224.2<\/div>\n<\/td>\n<td>\t\t\t\t\t247.7<\/td>\n<td>\t\t\t\t\t152.4<\/td>\n<td>\t\t\t\t\t76.2<\/td>\n<td>\t\t\t\t\t25.4<\/td>\n<\/tr>\n<tr>\n<td>\t\t\t\t\t10\"<\/td>\n<td>\n<div>\t\t\t\t\t\t355.6<\/div>\n<\/td>\n<td>\n<div>\t\t\t\t\t\t254.2<\/div>\n<\/td>\n<td>\t\t\t\t\t247.7<\/td>\n<td>\t\t\t\t\t152.4<\/td>\n<td>\t\t\t\t\t76.2<\/td>\n<td>\t\t\t\t\t25.4<\/td>\n<\/tr>\n<tr>\n<td>\t\t\t\t\t12\"<\/td>\n<td>\n<div>\t\t\t\t\t\t406.4<\/div>\n<\/td>\n<td>\n<div>\t\t\t\t\t\t300.2<\/div>\n<\/td>\n<td>\t\t\t\t\t247.7<\/td>\n<td>\t\t\t\t\t152.4<\/td>\n<td>\t\t\t\t\t76.2<\/td>\n<td>\t\t\t\t\t25.4<\/td>\n<\/tr>\n<tr>\n<td>\t\t\t\t\t14\"<\/td>\n<td>\n<div>\t\t\t\t\t\t457.2<\/div>\n<\/td>\n<td>\n<div>\t\t\t\t\t\t355.2<\/div>\n<\/td>\n<td>\t\t\t\t\t266.7<\/td>\n<td>\t\t\t\t\t152.4<\/td>\n<td>\t\t\t\t\t76.2<\/td>\n<td>\t\t\t\t\t25.4<\/td>\n<\/tr>\n<tr>\n<td>\t\t\t\t\t16\"<\/td>\n<td>\n<div>\t\t\t\t\t\t508.0<\/div>\n<\/td>\n<td>\n<div>\t\t\t\t\t\t400.2<\/div>\n<\/td>\n<td>\t\t\t\t\t266.7<\/td>\n<td>\t\t\t\t\t152.4<\/td>\n<td>\t\t\t\t\t76.2<\/td>\n<td>\t\t\t\t\t25.4<\/td>\n<\/tr>\n<tr>\n<td>\t\t\t\t\t18\"<\/td>\n<td>\t\t\t\t\t558.8<\/td>\n<td>\t\t\t\t\t450.2<\/td>\n<td>\t\t\t\t\t266.7<\/td>\n<td>\t\t\t\t\t152.4<\/td>\n<td>\t\t\t\t\t76.2<\/td>\n<td>\t\t\t\t\t25.4<\/td>\n<\/tr>\n<\/tbody>\n<\/table>\n<\/div>\n<table id=\"biaoge\" align=\"center\" border=\"0\" cellpadding=\"1\" cellspacing=\"1\">\n<tbody>\n<tr>\n<td>\n<div>\t\t\t\t\t<strong><span style=\"font-size:16px;\">Construcci\u00f3n est\u00e1ndar:<\/span><\/strong><\/div>\n<div>\t\t\t\t\t<span style=\"font-size:14px;\">Fabricado en acero galvanizado<\/span><\/div>\n<div>\t\t\t\t\t<span style=\"font-size:14px;\">Brida de 1<\/span><\/div>\n<div>\t\t\t\t\t<span style=\"font-size:14px;\">Junta de polietileno de \"alta densidad\" de 1\/8\" x 1<\/span><\/p>\n<div>\t\t\t\t\t\t<strong><span style=\"font-size:16px;\">Collar\u00edn a presi\u00f3n<\/span><\/strong><\/div>\n<div>\t\t\t\t\t\t<span style=\"font-size:14px;\">El collar\u00edn a presi\u00f3n se utiliza para aplicaciones de baja y media presi\u00f3n.<\/span><\/div>\n<\/p><\/div>\n<\/td>\n<\/tr>\n<\/tbody>\n<\/table>\n<div style=\"text-align: center;\">\t<img decoding=\"async\" alt=\"\" src=\"\/wp-content\/uploads\/2024\/05\/2-2003061IRc46.jpg\" style=\"width: 570px; height: 300px;\" \/><\/div>\n<\/div>","protected":false},"excerpt":{"rendered":"<p>Amortiguador de volumen c\u00f3nico<\/p>","protected":false},"featured_media":11537,"comment_status":"closed","ping_status":"closed","template":"","meta":[],"etheme_brands":[],"product_brand":[],"product_cat":[53],"product_tag":[],"class_list":{"0":"post-11535","1":"product","2":"type-product","3":"status-publish","4":"has-post-thumbnail","6":"product_cat-duct-fitting","8":"first","9":"instock","10":"shipping-taxable","11":"product-type-simple"},"_links":{"self":[{"href":"https:\/\/chinafore.com\/es\/wp-json\/wp\/v2\/product\/11535","targetHints":{"allow":["GET"]}}],"collection":[{"href":"https:\/\/chinafore.com\/es\/wp-json\/wp\/v2\/product"}],"about":[{"href":"https:\/\/chinafore.com\/es\/wp-json\/wp\/v2\/types\/product"}],"replies":[{"embeddable":true,"href":"https:\/\/chinafore.com\/es\/wp-json\/wp\/v2\/comments?post=11535"}],"version-history":[{"count":1,"href":"https:\/\/chinafore.com\/es\/wp-json\/wp\/v2\/product\/11535\/revisions"}],"predecessor-version":[{"id":11536,"href":"https:\/\/chinafore.com\/es\/wp-json\/wp\/v2\/product\/11535\/revisions\/11536"}],"wp:featuredmedia":[{"embeddable":true,"href":"https:\/\/chinafore.com\/es\/wp-json\/wp\/v2\/media\/11537"}],"wp:attachment":[{"href":"https:\/\/chinafore.com\/es\/wp-json\/wp\/v2\/media?parent=11535"}],"wp:term":[{"taxonomy":"brand","embeddable":true,"href":"https:\/\/chinafore.com\/es\/wp-json\/wp\/v2\/etheme_brands?post=11535"},{"taxonomy":"product_brand","embeddable":true,"href":"https:\/\/chinafore.com\/es\/wp-json\/wp\/v2\/product_brand?post=11535"},{"taxonomy":"product_cat","embeddable":true,"href":"https:\/\/chinafore.com\/es\/wp-json\/wp\/v2\/product_cat?post=11535"},{"taxonomy":"product_tag","embeddable":true,"href":"https:\/\/chinafore.com\/es\/wp-json\/wp\/v2\/product_tag?post=11535"}],"curies":[{"name":"wp","href":"https:\/\/api.w.org\/{rel}","templated":true}]}}