{"id":11531,"date":"2024-05-30T12:26:00","date_gmt":"2024-05-30T12:26:00","guid":{"rendered":"https:\/\/green-giraffe-671934.hostingersite.com\/?post_type=product&#038;p=11531"},"modified":"2024-12-05T08:46:36","modified_gmt":"2024-12-05T08:46:36","slug":"volume-flow-control","status":"publish","type":"product","link":"https:\/\/chinafore.com\/es\/producto\/control-de-caudal\/","title":{"rendered":"Control de caudal"},"content":{"rendered":"<div class=\"container-text\">\n<div style=\"text-align: center;\">\t<strong><span style=\"font-size:36px;\">Control de caudal<\/span><\/strong><\/p>\n<p>\t<img decoding=\"async\" alt=\"\" src=\"\/wp-content\/uploads\/2024\/05\/2-20030ZZ40a50.jpg\" \/><\/p>\n<table id=\"biaoge\" align=\"center\" border=\"1\" cellpadding=\"1\" cellspacing=\"1\">\n<tbody>\n<tr>\n<td>\t\t\t\t\t<span style=\"font-size:14px;\"><strong>Talla<\/strong><\/span><\/td>\n<td>\t\t\t\t\t<span style=\"font-size:14px;\"><strong>\u03a6D(mm)<\/strong><\/span><\/td>\n<td>\t\t\t\t\t<span style=\"font-size:14px;\"><strong>Peso(kg\uff09<\/strong><\/span><\/td>\n<\/tr>\n<tr>\n<td>\t\t\t\t\t80<\/td>\n<td>\t\t\t\t\t79<\/td>\n<td>\t\t\t\t\t0.5<\/td>\n<\/tr>\n<tr>\n<td>\t\t\t\t\t100<\/td>\n<td>\t\t\t\t\t99<\/td>\n<td>\t\t\t\t\t0.6<\/td>\n<\/tr>\n<tr>\n<td>\t\t\t\t\t125<\/td>\n<td>\t\t\t\t\t124<\/td>\n<td>\t\t\t\t\t0.7<\/td>\n<\/tr>\n<tr>\n<td>\t\t\t\t\t160<\/td>\n<td>\t\t\t\t\t159<\/td>\n<td>\t\t\t\t\t0.8<\/td>\n<\/tr>\n<tr>\n<td>\t\t\t\t\t200<\/td>\n<td>\t\t\t\t\t199<\/td>\n<td>\t\t\t\t\t1.0<\/td>\n<\/tr>\n<tr>\n<td>\t\t\t\t\t250<\/td>\n<td>\t\t\t\t\t249<\/td>\n<td>\t\t\t\t\t1.3<\/td>\n<\/tr>\n<\/tbody>\n<\/table>\n<p>\t<\/p>\n<table id=\"biaoge\" align=\"center\" border=\"0\" cellpadding=\"1\" cellspacing=\"1\">\n<tbody>\n<tr>\n<td>\n<div style=\"text-align: left;\">\t\t\t\t\t\t<span style=\"font-size:16px;\"><strong>Caracter\u00edstica<\/strong><\/span><\/div>\n<div style=\"text-align: left;\">\t\t\t\t\t\t<span style=\"font-size:14px;\">Para el control de caudales en sistemas de volumen constante<\/span><\/div>\n<div style=\"text-align: left;\">\t\t\t\t\t\t<span style=\"font-size:14px;\">Para sistemas de baja velocidad<\/span><\/div>\n<div style=\"text-align: left;\">\t\t\t\t\t\t<span style=\"font-size:14px;\">Alimentaci\u00f3n mec\u00e1nica del sistema, sin fuente de alimentaci\u00f3n externa<\/span><\/div>\n<div style=\"text-align: left;\">\t\t\t\t\t\t<span style=\"font-size:14px;\">Adecuado para impulsi\u00f3n o retorno de aire<\/span><\/div>\n<div style=\"text-align: left;\">\t\t\t\t\t\t<span style=\"font-size:14px;\">Rango de caudal m\u00e1ximo 10:1<\/span><\/div>\n<div style=\"text-align: left;\">\t\t\t\t\t\t<span style=\"font-size:14px;\">Ajuste del caudal mediante puntero en escala externa<\/span><\/div>\n<div style=\"text-align: left;\">\t\t\t\t\t\t<span style=\"font-size:14px;\">Los mecanismos de la compuerta no necesitan mantenimiento<\/span><\/div>\n<div style=\"text-align: left;\">\t\t\t\t\t\t<span style=\"font-size:14px;\">Rango de temperatura de funcionamiento 10\u2103 a 50\u2103<\/span><\/div>\n<div style=\"text-align: left;\">\t\t\t\t\t\t<span style=\"font-size:14px;\">Selecci\u00f3n en funci\u00f3n del tama\u00f1o nominal del sistema de conductos<\/span><\/div>\n<div style=\"text-align: left;\">\t\t\t\t\t\t<span style=\"font-size:14px;\">ajuste de baja velocidad sin herramientas especiales<\/span><\/div>\n<div style=\"text-align: left;\">\t\t\t\t\t\t<span style=\"font-size:14px;\">Rango de presi\u00f3n diferencial de 30 a 500 Pa<\/span><\/div>\n<\/td>\n<\/tr>\n<\/tbody>\n<\/table>\n<div style=\"text-align: center;\">\t<img decoding=\"async\" alt=\"\" src=\"\/wp-content\/uploads\/2024\/05\/2-20030Z91505I9.jpg\" style=\"width: 570px; height: 300px;\" \/><\/p>\n<p>\t<img decoding=\"async\" alt=\"\" src=\"\/wp-content\/uploads\/2024\/05\/2-20030Z9151bc.jpg\" style=\"width: 570px; height: 300px;\" \/><\/p>\n<p>\t<img decoding=\"async\" alt=\"\" src=\"\/wp-content\/uploads\/2024\/05\/2-20030Z91533C6.jpg\" style=\"width: 570px; height: 300px;\" \/><\/div>\n<\/div>","protected":false},"excerpt":{"rendered":"<p>Control de caudal<\/p>","protected":false},"featured_media":11533,"comment_status":"closed","ping_status":"closed","template":"","meta":[],"etheme_brands":[],"product_brand":[],"product_cat":[53],"product_tag":[],"class_list":{"0":"post-11531","1":"product","2":"type-product","3":"status-publish","4":"has-post-thumbnail","6":"product_cat-duct-fitting","8":"first","9":"instock","10":"shipping-taxable","11":"product-type-simple"},"_links":{"self":[{"href":"https:\/\/chinafore.com\/es\/wp-json\/wp\/v2\/product\/11531","targetHints":{"allow":["GET"]}}],"collection":[{"href":"https:\/\/chinafore.com\/es\/wp-json\/wp\/v2\/product"}],"about":[{"href":"https:\/\/chinafore.com\/es\/wp-json\/wp\/v2\/types\/product"}],"replies":[{"embeddable":true,"href":"https:\/\/chinafore.com\/es\/wp-json\/wp\/v2\/comments?post=11531"}],"version-history":[{"count":1,"href":"https:\/\/chinafore.com\/es\/wp-json\/wp\/v2\/product\/11531\/revisions"}],"predecessor-version":[{"id":11532,"href":"https:\/\/chinafore.com\/es\/wp-json\/wp\/v2\/product\/11531\/revisions\/11532"}],"wp:featuredmedia":[{"embeddable":true,"href":"https:\/\/chinafore.com\/es\/wp-json\/wp\/v2\/media\/11533"}],"wp:attachment":[{"href":"https:\/\/chinafore.com\/es\/wp-json\/wp\/v2\/media?parent=11531"}],"wp:term":[{"taxonomy":"brand","embeddable":true,"href":"https:\/\/chinafore.com\/es\/wp-json\/wp\/v2\/etheme_brands?post=11531"},{"taxonomy":"product_brand","embeddable":true,"href":"https:\/\/chinafore.com\/es\/wp-json\/wp\/v2\/product_brand?post=11531"},{"taxonomy":"product_cat","embeddable":true,"href":"https:\/\/chinafore.com\/es\/wp-json\/wp\/v2\/product_cat?post=11531"},{"taxonomy":"product_tag","embeddable":true,"href":"https:\/\/chinafore.com\/es\/wp-json\/wp\/v2\/product_tag?post=11531"}],"curies":[{"name":"wp","href":"https:\/\/api.w.org\/{rel}","templated":true}]}}