{"id":11519,"date":"2024-05-30T12:26:00","date_gmt":"2024-05-30T12:26:00","guid":{"rendered":"https:\/\/green-giraffe-671934.hostingersite.com\/?post_type=product&#038;p=11519"},"modified":"2024-12-05T08:46:34","modified_gmt":"2024-12-05T08:46:34","slug":"electric-heaters-esh-ep","status":"publish","type":"product","link":"https:\/\/chinafore.com\/es\/producto\/calentadores-electricos-esh-ep\/","title":{"rendered":"Calefactores el\u00e9ctricos ESH-EP"},"content":{"rendered":"<div class=\"container-text\">\n<div style=\"text-align: center;\">\t<strong><span style=\"font-size: 36px;\">Calefactores el\u00e9ctricos<\/span><\/strong><\/p>\n<p>\t<strong><span style=\"font-size:26px;\">ESH-EP<\/span><\/strong><\/p>\n<p>\t<img decoding=\"async\" alt=\"\" src=\"\/wp-content\/uploads\/2024\/05\/2-200309150524914.jpg\" \/><\/p>\n<table id=\"biaoge\" align=\"center\" border=\"1\" cellpadding=\"1\" cellspacing=\"1\" style=\"width: 570px;\">\n<tbody>\n<tr>\n<td>\t\t\t\t\t<span style=\"font-size: 14px;\"><strong>Modelo<\/strong><\/span><\/td>\n<td>\t\t\t\t\t<span style=\"font-size: 14px;\"><strong>Talla<\/strong><\/span><\/td>\n<td>\n<div>\t\t\t\t\t\t<span style=\"font-size: 14px;\"><strong>Aire de calefacci\u00f3n m\u00edn.<\/strong><\/span><\/div>\n<div>\t\t\t\t\t\t<span style=\"font-size: 14px;\"><strong>caudal(m3\/h)<\/strong><\/span><\/div>\n<\/td>\n<td>\t\t\t\t\t<span style=\"font-size: 14px;\"><strong>Corriente el\u00e9ctrica<br \/>\t\t\t\t\t\uff08A\uff09<\/strong><\/span><\/td>\n<td>\n<div>\t\t\t\t\t\t<span style=\"font-size: 14px;\"><strong>Tensi\u00f3n<\/strong><\/span><\/div>\n<div>\t\t\t\t\t\t<span style=\"font-size: 14px;\"><strong>\uff08V\/50Hz\uff09<\/strong><\/span><\/div>\n<\/td>\n<td>\t\t\t\t\t<span style=\"font-size: 14px;\"><strong>Watts\uff08W)<\/strong><\/span><\/td>\n<td>\n<div>\t\t\t\t\t\t<span style=\"font-size: 14px;\"><strong>Cantidad de<\/strong><\/span><\/div>\n<div>\t\t\t\t\t\t<span style=\"font-size: 14px;\"><strong>tubos de calefacci\u00f3n<\/strong><\/span><\/div>\n<\/td>\n<td>\n<div>\t\t\t\t\t\t<span style=\"font-size: 14px;\"><strong>hase<\/strong><\/span><\/div>\n<div>\t\t\t\t\t\t<span style=\"font-size: 14px;\"><strong>n\u00famero<\/strong><\/span><\/div>\n<\/td>\n<\/tr>\n<tr>\n<td>\t\t\t\t\tESH-100\/06<\/td>\n<td>\t\t\t\t\t100<\/td>\n<td>\t\t\t\t\t60<\/td>\n<td>\t\t\t\t\t2.61<\/td>\n<td>\t\t\t\t\t1-230<\/td>\n<td>\t\t\t\t\t600<\/td>\n<td>\t\t\t\t\t1*600<\/td>\n<td>\t\t\t\t\t1<\/td>\n<\/tr>\n<tr>\n<td>\t\t\t\t\tESH-100\/12<\/td>\n<td>\t\t\t\t\t100<\/td>\n<td>\t\t\t\t\t90<\/td>\n<td>\t\t\t\t\t5.22<\/td>\n<td>\t\t\t\t\t1-230<\/td>\n<td>\t\t\t\t\t1200<\/td>\n<td>\t\t\t\t\t2*600<\/td>\n<td>\t\t\t\t\t1<\/td>\n<\/tr>\n<tr>\n<td>\t\t\t\t\tESH-100\/18<\/td>\n<td>\t\t\t\t\t100<\/td>\n<td>\t\t\t\t\t130<\/td>\n<td>\t\t\t\t\t7.83<\/td>\n<td>\t\t\t\t\t1-230<\/td>\n<td>\t\t\t\t\t1800<\/td>\n<td>\t\t\t\t\t3*600<\/td>\n<td>\t\t\t\t\t1<\/td>\n<\/tr>\n<tr>\n<td>\t\t\t\t\tESH-100\/08<\/td>\n<td>\t\t\t\t\t100<\/td>\n<td>\t\t\t\t\t80<\/td>\n<td>\t\t\t\t\t3.48<\/td>\n<td>\t\t\t\t\t1-230<\/td>\n<td>\t\t\t\t\t800<\/td>\n<td>\t\t\t\t\t1*800<\/td>\n<td>\t\t\t\t\t1<\/td>\n<\/tr>\n<tr>\n<td>\t\t\t\t\tESH-100\/16<\/td>\n<td>\t\t\t\t\t100<\/td>\n<td>\t\t\t\t\t120<\/td>\n<td>\t\t\t\t\t6.96<\/td>\n<td>\t\t\t\t\t1-230<\/td>\n<td>\t\t\t\t\t1600<\/td>\n<td>\t\t\t\t\t2*800<\/td>\n<td>\t\t\t\t\t1<\/td>\n<\/tr>\n<tr>\n<td>\t\t\t\t\tESH-125\/06<\/td>\n<td>\t\t\t\t\t125<\/td>\n<td>\t\t\t\t\t60<\/td>\n<td>\t\t\t\t\t2.61<\/td>\n<td>\t\t\t\t\t1-230<\/td>\n<td>\t\t\t\t\t600<\/td>\n<td>\t\t\t\t\t1*600<\/td>\n<td>\t\t\t\t\t1<\/td>\n<\/tr>\n<tr>\n<td>\t\t\t\t\tESH-125\/12<\/td>\n<td>\t\t\t\t\t125<\/td>\n<td>\t\t\t\t\t90<\/td>\n<td>\t\t\t\t\t5.22<\/td>\n<td>\t\t\t\t\t1-230<\/td>\n<td>\t\t\t\t\t1200<\/td>\n<td>\t\t\t\t\t2*600<\/td>\n<td>\t\t\t\t\t1<\/td>\n<\/tr>\n<tr>\n<td>\t\t\t\t\tESH-125\/08<\/td>\n<td>\t\t\t\t\t125<\/td>\n<td>\t\t\t\t\t80<\/td>\n<td>\t\t\t\t\t3.48<\/td>\n<td>\t\t\t\t\t1-230<\/td>\n<td>\t\t\t\t\t800<\/td>\n<td>\t\t\t\t\t1*800<\/td>\n<td>\t\t\t\t\t1<\/td>\n<\/tr>\n<tr>\n<td>\t\t\t\t\tESH-125\/16<\/td>\n<td>\t\t\t\t\t125<\/td>\n<td>\t\t\t\t\t120<\/td>\n<td>\t\t\t\t\t6.96<\/td>\n<td>\t\t\t\t\t1-230<\/td>\n<td>\t\t\t\t\t1600<\/td>\n<td>\t\t\t\t\t2*800<\/td>\n<td>\t\t\t\t\t1<\/td>\n<\/tr>\n<tr>\n<td>\t\t\t\t\tESH-125\/24<\/td>\n<td>\t\t\t\t\t125<\/td>\n<td>\t\t\t\t\t150<\/td>\n<td>\t\t\t\t\t10.5<\/td>\n<td>\t\t\t\t\t1-230<\/td>\n<td>\t\t\t\t\t2400<\/td>\n<td>\t\t\t\t\t3*800<\/td>\n<td>\t\t\t\t\t1<\/td>\n<\/tr>\n<tr>\n<td>\t\t\t\t\tESH-150\/12<\/td>\n<td>\t\t\t\t\t150<\/td>\n<td>\t\t\t\t\t120<\/td>\n<td>\t\t\t\t\t5.3<\/td>\n<td>\t\t\t\t\t1-230<\/td>\n<td>\t\t\t\t\t1200<\/td>\n<td>\t\t\t\t\t1*1200<\/td>\n<td>\t\t\t\t\t1<\/td>\n<\/tr>\n<tr>\n<td>\t\t\t\t\tESH-150\/24<\/td>\n<td>\t\t\t\t\t150<\/td>\n<td>\t\t\t\t\t150<\/td>\n<td>\t\t\t\t\t10.6<\/td>\n<td>\t\t\t\t\t1-230<\/td>\n<td>\t\t\t\t\t2400<\/td>\n<td>\t\t\t\t\t2*1200<\/td>\n<td>\t\t\t\t\t1<\/td>\n<\/tr>\n<tr>\n<td>\t\t\t\t\tESH-150\/36<\/td>\n<td>\t\t\t\t\t150<\/td>\n<td>\t\t\t\t\t265<\/td>\n<td>\t\t\t\t\t15.9<\/td>\n<td>\t\t\t\t\t1-230<\/td>\n<td>\t\t\t\t\t3600&nbsp;<\/td>\n<td>\t\t\t\t\t3*1200<\/td>\n<td>\t\t\t\t\t1<\/td>\n<\/tr>\n<tr>\n<td>\t\t\t\t\tESH-150\/51<\/td>\n<td>\t\t\t\t\t150<\/td>\n<td>\t\t\t\t\t320<\/td>\n<td>\t\t\t\t\t12.75<\/td>\n<td>\t\t\t\t\t2-400<\/td>\n<td>\t\t\t\t\t&nbsp;5100<\/td>\n<td>\t\t\t\t\t3*1700<\/td>\n<td>\t\t\t\t\t2<\/td>\n<\/tr>\n<tr>\n<td>\t\t\t\t\tESH-150\/60<\/td>\n<td>\t\t\t\t\t150<\/td>\n<td>\t\t\t\t\t360<\/td>\n<td>\t\t\t\t\t15<\/td>\n<td>\t\t\t\t\t2-400<\/td>\n<td>\t\t\t\t\t6000<\/td>\n<td>\t\t\t\t\t3*2000<\/td>\n<td>\t\t\t\t\t2<\/td>\n<\/tr>\n<tr>\n<td>\t\t\t\t\tESH-160\/12<\/td>\n<td>\t\t\t\t\t160<\/td>\n<td>\t\t\t\t\t150<\/td>\n<td>\t\t\t\t\t5.3<\/td>\n<td>\t\t\t\t\t1-230<\/td>\n<td>\t\t\t\t\t1200<\/td>\n<td>\t\t\t\t\t1*1200<\/td>\n<td>\t\t\t\t\t1<\/td>\n<\/tr>\n<tr>\n<td>\t\t\t\t\tESH-160\/24<\/td>\n<td>\t\t\t\t\t160<\/td>\n<td>\t\t\t\t\t180<\/td>\n<td>\t\t\t\t\t10.6<\/td>\n<td>\t\t\t\t\t1-230<\/td>\n<td>\t\t\t\t\t2400<\/td>\n<td>\t\t\t\t\t2*1200<\/td>\n<td>\t\t\t\t\t1<\/td>\n<\/tr>\n<tr>\n<td>\t\t\t\t\tESH-160\/36<\/td>\n<td>\t\t\t\t\t160<\/td>\n<td>\t\t\t\t\t265<\/td>\n<td>\t\t\t\t\t15.9<\/td>\n<td>\t\t\t\t\t1-230<\/td>\n<td>\t\t\t\t\t3600<\/td>\n<td>\t\t\t\t\t3*1200<\/td>\n<td>\t\t\t\t\t1<\/td>\n<\/tr>\n<tr>\n<td>\t\t\t\t\tESH-160\/51<\/td>\n<td>\t\t\t\t\t160<\/td>\n<td>\t\t\t\t\t375<\/td>\n<td>\t\t\t\t\t12.75<\/td>\n<td>\t\t\t\t\t2-400<\/td>\n<td>\t\t\t\t\t5100<\/td>\n<td>\t\t\t\t\t3*1700<\/td>\n<td>\t\t\t\t\t2<\/td>\n<\/tr>\n<tr>\n<td>\t\t\t\t\tESH-160\/60<\/td>\n<td>\t\t\t\t\t160<\/td>\n<td>\t\t\t\t\t440<\/td>\n<td>\t\t\t\t\t15<\/td>\n<td>\t\t\t\t\t2-400<\/td>\n<td>\t\t\t\t\t6000<\/td>\n<td>\t\t\t\t\t3*2000<\/td>\n<td>\t\t\t\t\t2<\/td>\n<\/tr>\n<tr>\n<td>\t\t\t\t\tESH-200\/12<\/td>\n<td>\t\t\t\t\t200<\/td>\n<td>\t\t\t\t\t150<\/td>\n<td>\t\t\t\t\t5.3<\/td>\n<td>\t\t\t\t\t1-230<\/td>\n<td>\t\t\t\t\t1200<\/td>\n<td>\t\t\t\t\t1*1200<\/td>\n<td>\t\t\t\t\t1<\/td>\n<\/tr>\n<tr>\n<td>\t\t\t\t\tESH-200\/24<\/td>\n<td>\t\t\t\t\t200<\/td>\n<td>\t\t\t\t\t180<\/td>\n<td>\t\t\t\t\t10.6<\/td>\n<td>\t\t\t\t\t1-230<\/td>\n<td>\t\t\t\t\t2400<\/td>\n<td>\t\t\t\t\t2*1200<\/td>\n<td>\t\t\t\t\t1<\/td>\n<\/tr>\n<tr>\n<td>\t\t\t\t\tESH-200\/36<\/td>\n<td>\t\t\t\t\t200<\/td>\n<td>\t\t\t\t\t265<\/td>\n<td>\t\t\t\t\t15.9<\/td>\n<td>\t\t\t\t\t1-230<\/td>\n<td>\t\t\t\t\t3600<\/td>\n<td>\t\t\t\t\t3*1200<\/td>\n<td>\t\t\t\t\t1<\/td>\n<\/tr>\n<tr>\n<td>\t\t\t\t\tESH-200\/51<\/td>\n<td>\t\t\t\t\t200<\/td>\n<td>\t\t\t\t\t375<\/td>\n<td>\t\t\t\t\t12.75<\/td>\n<td>\t\t\t\t\t2-400<\/td>\n<td>\t\t\t\t\t4800<\/td>\n<td>\t\t\t\t\t3*1700<\/td>\n<td>\t\t\t\t\t2<\/td>\n<\/tr>\n<tr>\n<td>\t\t\t\t\tESH-200\/60<\/td>\n<td>\t\t\t\t\t200<\/td>\n<td>\t\t\t\t\t440<\/td>\n<td>\t\t\t\t\t15<\/td>\n<td>\t\t\t\t\t2-400<\/td>\n<td>\t\t\t\t\t6000<\/td>\n<td>\t\t\t\t\t3*2000<\/td>\n<td>\t\t\t\t\t2<\/td>\n<\/tr>\n<tr>\n<td>\t\t\t\t\tESH-250\/12<\/td>\n<td>\t\t\t\t\t250<\/td>\n<td>\t\t\t\t\t180<\/td>\n<td>\t\t\t\t\t5.3<\/td>\n<td>\t\t\t\t\t1-230<\/td>\n<td>\t\t\t\t\t1200<\/td>\n<td>\t\t\t\t\t1*1200<\/td>\n<td>\t\t\t\t\t1<\/td>\n<\/tr>\n<tr>\n<td>\t\t\t\t\tESH-250\/24<\/td>\n<td>\t\t\t\t\t250<\/td>\n<td>\t\t\t\t\t265<\/td>\n<td>\t\t\t\t\t10.6<\/td>\n<td>\t\t\t\t\t1-230<\/td>\n<td>\t\t\t\t\t2400<\/td>\n<td>\t\t\t\t\t2*1200<\/td>\n<td>\t\t\t\t\t1<\/td>\n<\/tr>\n<tr>\n<td>\t\t\t\t\tESH-250\/36<\/td>\n<td>\t\t\t\t\t250<\/td>\n<td>\t\t\t\t\t375<\/td>\n<td>\t\t\t\t\t15.9<\/td>\n<td>\t\t\t\t\t1-230<\/td>\n<td>\t\t\t\t\t3600<\/td>\n<td>\t\t\t\t\t3*1200<\/td>\n<td>\t\t\t\t\t1<\/td>\n<\/tr>\n<tr>\n<td>\t\t\t\t\tESH-250\/60<\/td>\n<td>\t\t\t\t\t250<\/td>\n<td>\t\t\t\t\t440<\/td>\n<td>\t\t\t\t\t15<\/td>\n<td>\t\t\t\t\t2-400<\/td>\n<td>\t\t\t\t\t6000<\/td>\n<td>\t\t\t\t\t3*2000<\/td>\n<td>\t\t\t\t\t2<\/td>\n<\/tr>\n<tr>\n<td>\t\t\t\t\tESH-250\/90<\/td>\n<td>\t\t\t\t\t250<\/td>\n<td>\t\t\t\t\t440<\/td>\n<td>\t\t\t\t\t22.5<\/td>\n<td>\t\t\t\t\t2-400<\/td>\n<td>\t\t\t\t\t9000<\/td>\n<td>\t\t\t\t\t3*3000<\/td>\n<td>\t\t\t\t\t2<\/td>\n<\/tr>\n<tr>\n<td>\t\t\t\t\tESH-315\/12<\/td>\n<td>\t\t\t\t\t315<\/td>\n<td>\t\t\t\t\t660<\/td>\n<td>\t\t\t\t\t5.3<\/td>\n<td>\t\t\t\t\t1-230<\/td>\n<td>\t\t\t\t\t1200<\/td>\n<td>\t\t\t\t\t1*1200<\/td>\n<td>\t\t\t\t\t1<\/td>\n<\/tr>\n<tr>\n<td>\t\t\t\t\tESH-315\/24<\/td>\n<td>\t\t\t\t\t315<\/td>\n<td>\t\t\t\t\t180<\/td>\n<td>\t\t\t\t\t10.6<\/td>\n<td>\t\t\t\t\t1-230<\/td>\n<td>\t\t\t\t\t2400<\/td>\n<td>\t\t\t\t\t2*1200<\/td>\n<td>\t\t\t\t\t1<\/td>\n<\/tr>\n<tr>\n<td>\t\t\t\t\tESH-315\/36<\/td>\n<td>\t\t\t\t\t315<\/td>\n<td>\t\t\t\t\t265<\/td>\n<td>\t\t\t\t\t15.9<\/td>\n<td>\t\t\t\t\t1-230<\/td>\n<td>\t\t\t\t\t3600<\/td>\n<td>\t\t\t\t\t3*1200<\/td>\n<td>\t\t\t\t\t1<\/td>\n<\/tr>\n<tr>\n<td>\t\t\t\t\tESH-315\/60<\/td>\n<td>\t\t\t\t\t315<\/td>\n<td>\t\t\t\t\t375<\/td>\n<td>\t\t\t\t\t15<\/td>\n<td>\t\t\t\t\t2-400<\/td>\n<td>\t\t\t\t\t6000<\/td>\n<td>\t\t\t\t\t3*2000<\/td>\n<td>\t\t\t\t\t2<\/td>\n<\/tr>\n<tr>\n<td>\t\t\t\t\tESH-315\/90<\/td>\n<td>\t\t\t\t\t315<\/td>\n<td>\t\t\t\t\t440<\/td>\n<td>\t\t\t\t\t22.5<\/td>\n<td>\t\t\t\t\t2-400<\/td>\n<td>\t\t\t\t\t9000<\/td>\n<td>\t\t\t\t\t3*3000<\/td>\n<td>\t\t\t\t\t2<\/td>\n<\/tr>\n<\/tbody>\n<\/table>\n<\/div>\n<table id=\"biaoge\" align=\"center\" border=\"0\" cellpadding=\"1\" cellspacing=\"1\" style=\"width: 570px;\">\n<tbody>\n<tr>\n<td>\n<div>\t\t\t\t\tAccesorio: sonda de temperatura NTC 1% 100K B=3950<\/div>\n<div>\t\t\t\t\tsensor de presi\u00f3n diferencial YC-001F<\/div>\n<\/td>\n<\/tr>\n<\/tbody>\n<\/table>\n<p><\/p>\n<table id=\"biaoge\" align=\"center\" border=\"0\" cellpadding=\"1\" cellspacing=\"1\" style=\"width: 570px;\">\n<tbody>\n<tr>\n<td>\n<div>\t\t\t\t\t<span style=\"font-size:14px;\">FABRICACI\u00d3N DE MATERIAL DE CHAPA GALVANIZADA<\/span><\/div>\n<div>\t\t\t\t\t<span style=\"font-size:14px;\">CON JUNTA DE GOMA EN AMBOS BORDES<\/span><\/div>\n<div>\t\t\t\t\t<span style=\"font-size:14px;\">dos etapas de protecci\u00f3n contra la temperatura<\/span><\/div>\n<div>\t\t\t\t\t<span style=\"font-size:14px;\">M\u00f3dulo de control de temperatura y sensor de presi\u00f3n diferencial integrados<\/span><\/div>\n<div>\t\t\t\t\t<span style=\"font-size:14px;\">Calentador el\u00e9ctrico redondo (serie ESH-EP) se utiliza para el manejo de la calefacci\u00f3n de aire fresco en el sistema ventilaton o ayudar a la manipulaci\u00f3n del aire&nbsp;<\/span><span style=\"font-size: 14px;\">unidad de precalentamiento o calentamiento repetido. Los calentadores de la serie ESH-EP incorporan un m\u00f3dulo de control de temperatura. La temperatura&nbsp;<\/span><span style=\"font-size: 14px;\">se basa en la temperatura real recogida por el NTC y calculada con una aritm\u00e9tica de control espec\u00edfica para controlar&nbsp;<\/span><span style=\"font-size: 14px;\">El tiristor bidireccional funciona abierto o cerrado. El potenci\u00f3metro de este m\u00f3dulo sirve para ajustar la temperatura de salida del aire del calentador.<\/span><\/div>\n<div>\t\t\t\t\t<span style=\"font-size:14px;\">Este art\u00edculo s\u00f3lo puede funcionar con sensor NTC. ESH-EP serie de calentador tambi\u00e9n est\u00e1 integrado con sensor de presi\u00f3n diferencial.<\/span><\/div>\n<div>\t\t\t\t\t<span style=\"font-size:14px;\">El m\u00f3dulo de control de temperatura no puede comenzar a calentar los tubos aunque la temperatura sea inferior a la indicada cuando&nbsp;<\/span><span style=\"font-size: 14px;\">no hay caudal de aire en el conducto. S\u00f3lo cuando el caudal de aire es superior a 1,5M\/S, la limitaci\u00f3n del control de temperatura.&nbsp;<\/span><span style=\"font-size: 14px;\">m\u00f3dulo se aliviaba y volv\u00eda a controlar la temperatura.<\/span><\/div>\n<\/td>\n<\/tr>\n<\/tbody>\n<\/table>\n<p><\/p>\n<table id=\"biaoge\" align=\"center\" border=\"1\" cellpadding=\"1\" cellspacing=\"1\" style=\"width: 570px;\">\n<caption>\t\t<strong><span style=\"font-size: 16px;\">ESH\/ESH-E\/ESH-EP 230V\/1P 400V\/2P<\/span><\/strong><\/caption>\n<tbody>\n<tr>\n<td style=\"text-align: center;\">\t\t\t\t<strong><span style=\"font-size: 14px;\">Modelo<\/span><\/strong><\/td>\n<td style=\"text-align: center;\">\t\t\t\t<strong><span style=\"font-size: 14px;\">\u03a6D<\/span><\/strong><\/td>\n<td style=\"text-align: center;\">\t\t\t\t<strong><span style=\"font-size: 14px;\">B<\/span><\/strong><\/td>\n<td style=\"text-align: center;\">\t\t\t\t<strong><span style=\"font-size: 14px;\">H<\/span><\/strong><\/td>\n<\/tr>\n<tr>\n<td>\n<div style=\"text-align: center;\">\t\t\t\t\t100\/06<\/div>\n<\/td>\n<td style=\"text-align: center;\">\t\t\t\t99<\/td>\n<td style=\"text-align: center;\">\t\t\t\t104<\/td>\n<td style=\"text-align: center;\">\t\t\t\t192<\/td>\n<\/tr>\n<tr>\n<td>\n<div style=\"text-align: center;\">\t\t\t\t\t100\/08<\/div>\n<\/td>\n<td style=\"text-align: center;\">\t\t\t\t99<\/td>\n<td style=\"text-align: center;\">\t\t\t\t104<\/td>\n<td style=\"text-align: center;\">\t\t\t\t192<\/td>\n<\/tr>\n<tr>\n<td>\n<div style=\"text-align: center;\">\t\t\t\t\t100\/12<\/div>\n<\/td>\n<td style=\"text-align: center;\">\t\t\t\t99<\/td>\n<td style=\"text-align: center;\">\t\t\t\t104<\/td>\n<td style=\"text-align: center;\">\t\t\t\t192<\/td>\n<\/tr>\n<tr>\n<td>\n<div style=\"text-align: center;\">\t\t\t\t\t100\/18<\/div>\n<\/td>\n<td style=\"text-align: center;\">\t\t\t\t99<\/td>\n<td style=\"text-align: center;\">\t\t\t\t104<\/td>\n<td style=\"text-align: center;\">\t\t\t\t192<\/td>\n<\/tr>\n<tr>\n<td>\n<div style=\"text-align: center;\">\t\t\t\t\t100\/16<\/div>\n<\/td>\n<td style=\"text-align: center;\">\t\t\t\t99<\/td>\n<td style=\"text-align: center;\">\t\t\t\t104<\/td>\n<td style=\"text-align: center;\">\t\t\t\t192<\/td>\n<\/tr>\n<tr>\n<td>\n<div style=\"text-align: center;\">\t\t\t\t\t125\/06<\/div>\n<\/td>\n<td style=\"text-align: center;\">\t\t\t\t124<\/td>\n<td style=\"text-align: center;\">\t\t\t\t129<\/td>\n<td style=\"text-align: center;\">\t\t\t\t212<\/td>\n<\/tr>\n<tr>\n<td>\n<div style=\"text-align: center;\">\t\t\t\t\t125\/12<\/div>\n<\/td>\n<td style=\"text-align: center;\">\t\t\t\t124<\/td>\n<td style=\"text-align: center;\">\t\t\t\t129<\/td>\n<td style=\"text-align: center;\">\t\t\t\t212<\/td>\n<\/tr>\n<tr>\n<td>\n<div style=\"text-align: center;\">\t\t\t\t\t125\/08<\/div>\n<\/td>\n<td style=\"text-align: center;\">\t\t\t\t124<\/td>\n<td style=\"text-align: center;\">\t\t\t\t129<\/td>\n<td style=\"text-align: center;\">\t\t\t\t212<\/td>\n<\/tr>\n<tr>\n<td>\n<div style=\"text-align: center;\">\t\t\t\t\t125\/16<\/div>\n<\/td>\n<td style=\"text-align: center;\">\t\t\t\t124<\/td>\n<td style=\"text-align: center;\">\t\t\t\t129<\/td>\n<td style=\"text-align: center;\">\t\t\t\t212<\/td>\n<\/tr>\n<tr>\n<td>\n<div style=\"text-align: center;\">\t\t\t\t\t125\/24<\/div>\n<\/td>\n<td style=\"text-align: center;\">\t\t\t\t124<\/td>\n<td style=\"text-align: center;\">\t\t\t\t129<\/td>\n<td style=\"text-align: center;\">\t\t\t\t212<\/td>\n<\/tr>\n<tr>\n<td>\n<div style=\"text-align: center;\">\t\t\t\t\t150\/12<\/div>\n<\/td>\n<td style=\"text-align: center;\">\t\t\t\t149<\/td>\n<td style=\"text-align: center;\">\t\t\t\t129<\/td>\n<td>\n<div style=\"text-align: center;\">\t\t\t\t\t237<\/div>\n<\/td>\n<\/tr>\n<tr>\n<td>\n<div style=\"text-align: center;\">\t\t\t\t\t150\/24<\/div>\n<\/td>\n<td style=\"text-align: center;\">\t\t\t\t149<\/td>\n<td style=\"text-align: center;\">\t\t\t\t129<\/td>\n<td style=\"text-align: center;\">\t\t\t\t237<\/td>\n<\/tr>\n<tr>\n<td>\n<div style=\"text-align: center;\">\t\t\t\t\t150\/36<\/div>\n<\/td>\n<td style=\"text-align: center;\">\t\t\t\t149<\/td>\n<td style=\"text-align: center;\">\t\t\t\t129<\/td>\n<td style=\"text-align: center;\">\t\t\t\t237<\/td>\n<\/tr>\n<tr>\n<td>\n<div style=\"text-align: center;\">\t\t\t\t\t150\/51<\/div>\n<\/td>\n<td style=\"text-align: center;\">\t\t\t\t149<\/td>\n<td style=\"text-align: center;\">\t\t\t\t129<\/td>\n<td style=\"text-align: center;\">\t\t\t\t237<\/td>\n<\/tr>\n<tr>\n<td>\n<div style=\"text-align: center;\">\t\t\t\t\t150\/60<\/div>\n<\/td>\n<td style=\"text-align: center;\">\t\t\t\t149<\/td>\n<td style=\"text-align: center;\">\t\t\t\t129<\/td>\n<td style=\"text-align: center;\">\t\t\t\t237<\/td>\n<\/tr>\n<tr>\n<td>\n<div style=\"text-align: center;\">\t\t\t\t\t160\/12<\/div>\n<\/td>\n<td style=\"text-align: center;\">\t\t\t\t159<\/td>\n<td style=\"text-align: center;\">\t\t\t\t129<\/td>\n<td style=\"text-align: center;\">\t\t\t\t247<\/td>\n<\/tr>\n<tr>\n<td>\n<div style=\"text-align: center;\">\t\t\t\t\t160\/24<\/div>\n<\/td>\n<td style=\"text-align: center;\">\t\t\t\t159<\/td>\n<td style=\"text-align: center;\">\t\t\t\t129<\/td>\n<td style=\"text-align: center;\">\t\t\t\t247<\/td>\n<\/tr>\n<tr>\n<td>\n<div style=\"text-align: center;\">\t\t\t\t\t160\/36<\/div>\n<\/td>\n<td style=\"text-align: center;\">\t\t\t\t159<\/td>\n<td style=\"text-align: center;\">\t\t\t\t129<\/td>\n<td style=\"text-align: center;\">\t\t\t\t247<\/td>\n<\/tr>\n<tr>\n<td>\n<div style=\"text-align: center;\">\t\t\t\t\t160\/51<\/div>\n<\/td>\n<td style=\"text-align: center;\">\t\t\t\t159<\/td>\n<td style=\"text-align: center;\">\t\t\t\t129<\/td>\n<td style=\"text-align: center;\">\t\t\t\t247<\/td>\n<\/tr>\n<tr>\n<td>\n<div style=\"text-align: center;\">\t\t\t\t\t160\/60<\/div>\n<\/td>\n<td style=\"text-align: center;\">\t\t\t\t159<\/td>\n<td style=\"text-align: center;\">\t\t\t\t129<\/td>\n<td style=\"text-align: center;\">\t\t\t\t247<\/td>\n<\/tr>\n<tr>\n<td>\n<div style=\"text-align: center;\">\t\t\t\t\t200\/12<\/div>\n<\/td>\n<td style=\"text-align: center;\">\t\t\t\t199<\/td>\n<td style=\"text-align: center;\">\t\t\t\t129<\/td>\n<td style=\"text-align: center;\">\t\t\t\t287<\/td>\n<\/tr>\n<tr>\n<td>\n<div style=\"text-align: center;\">\t\t\t\t\t200\/24<\/div>\n<\/td>\n<td style=\"text-align: center;\">\t\t\t\t199<\/td>\n<td style=\"text-align: center;\">\t\t\t\t129<\/td>\n<td style=\"text-align: center;\">\t\t\t\t287<\/td>\n<\/tr>\n<tr>\n<td>\n<div style=\"text-align: center;\">\t\t\t\t\t200\/36<\/div>\n<\/td>\n<td style=\"text-align: center;\">\t\t\t\t199<\/td>\n<td style=\"text-align: center;\">\t\t\t\t129<\/td>\n<td style=\"text-align: center;\">\t\t\t\t287<\/td>\n<\/tr>\n<tr>\n<td>\n<div style=\"text-align: center;\">\t\t\t\t\t200\/51<\/div>\n<\/td>\n<td style=\"text-align: center;\">\t\t\t\t199<\/td>\n<td style=\"text-align: center;\">\t\t\t\t129<\/td>\n<td style=\"text-align: center;\">\t\t\t\t287<\/td>\n<\/tr>\n<tr>\n<td>\n<div style=\"text-align: center;\">\t\t\t\t\t200\/60<\/div>\n<\/td>\n<td style=\"text-align: center;\">\t\t\t\t199<\/td>\n<td style=\"text-align: center;\">\t\t\t\t129<\/td>\n<td style=\"text-align: center;\">\t\t\t\t287<\/td>\n<\/tr>\n<tr>\n<td>\n<div style=\"text-align: center;\">\t\t\t\t\t250\/12<\/div>\n<\/td>\n<td style=\"text-align: center;\">\t\t\t\t249<\/td>\n<td style=\"text-align: center;\">\t\t\t\t129<\/td>\n<td style=\"text-align: center;\">\t\t\t\t337<\/td>\n<\/tr>\n<tr>\n<td>\n<div style=\"text-align: center;\">\t\t\t\t\t250\/24<\/div>\n<\/td>\n<td style=\"text-align: center;\">\t\t\t\t249<\/td>\n<td style=\"text-align: center;\">\t\t\t\t129<\/td>\n<td style=\"text-align: center;\">\t\t\t\t337<\/td>\n<\/tr>\n<tr>\n<td>\n<div style=\"text-align: center;\">\t\t\t\t\t250\/36<\/div>\n<\/td>\n<td style=\"text-align: center;\">\t\t\t\t249<\/td>\n<td style=\"text-align: center;\">\t\t\t\t129<\/td>\n<td style=\"text-align: center;\">\t\t\t\t337<\/td>\n<\/tr>\n<tr>\n<td>\n<div style=\"text-align: center;\">\t\t\t\t\t250\/60<\/div>\n<\/td>\n<td style=\"text-align: center;\">\t\t\t\t249<\/td>\n<td style=\"text-align: center;\">\t\t\t\t129<\/td>\n<td style=\"text-align: center;\">\t\t\t\t337<\/td>\n<\/tr>\n<tr>\n<td>\n<div style=\"text-align: center;\">\t\t\t\t\t250\/90<\/div>\n<\/td>\n<td style=\"text-align: center;\">\t\t\t\t249<\/td>\n<td style=\"text-align: center;\">\t\t\t\t129<\/td>\n<td style=\"text-align: center;\">\t\t\t\t337<\/td>\n<\/tr>\n<tr>\n<td>\n<div style=\"text-align: center;\">\t\t\t\t\t315\/12<\/div>\n<\/td>\n<td style=\"text-align: center;\">\t\t\t\t313<\/td>\n<td style=\"text-align: center;\">\t\t\t\t129<\/td>\n<td style=\"text-align: center;\">\t\t\t\t401<\/td>\n<\/tr>\n<tr>\n<td>\n<div style=\"text-align: center;\">\t\t\t\t\t315\/24<\/div>\n<\/td>\n<td style=\"text-align: center;\">\t\t\t\t313<\/td>\n<td style=\"text-align: center;\">\t\t\t\t129<\/td>\n<td style=\"text-align: center;\">\t\t\t\t401<\/td>\n<\/tr>\n<tr>\n<td>\n<div style=\"text-align: center;\">\t\t\t\t\t315\/36<\/div>\n<\/td>\n<td style=\"text-align: center;\">\t\t\t\t313<\/td>\n<td style=\"text-align: center;\">\t\t\t\t129<\/td>\n<td style=\"text-align: center;\">\t\t\t\t401<\/td>\n<\/tr>\n<tr>\n<td>\n<div style=\"text-align: center;\">\t\t\t\t\t315\/60<\/div>\n<\/td>\n<td style=\"text-align: center;\">\t\t\t\t313<\/td>\n<td style=\"text-align: center;\">\t\t\t\t129<\/td>\n<td style=\"text-align: center;\">\t\t\t\t401<\/td>\n<\/tr>\n<tr>\n<td style=\"text-align: center;\">\t\t\t\t315\/90<\/td>\n<td style=\"text-align: center;\">\t\t\t\t313<\/td>\n<td style=\"text-align: center;\">\t\t\t\t129<\/td>\n<td style=\"text-align: center;\">\t\t\t\t401<\/td>\n<\/tr>\n<\/tbody>\n<\/table>\n<div style=\"text-align: center;\">\t<img decoding=\"async\" alt=\"\" src=\"\/wp-content\/uploads\/2024\/05\/2-20030914550BE.jpg\" style=\"width: 570px; height: 300px;\" \/><br \/>\t<img decoding=\"async\" alt=\"\" src=\"\/wp-content\/uploads\/2024\/05\/2-200309145533602.jpg\" style=\"width: 570px; height: 300px;\" \/><\/div>\n<\/div>","protected":false},"excerpt":{"rendered":"<p>Calefactores el\u00e9ctricos ESH-EP<\/p>","protected":false},"featured_media":11521,"comment_status":"closed","ping_status":"closed","template":"","meta":[],"etheme_brands":[],"product_brand":[],"product_cat":[53],"product_tag":[],"class_list":{"0":"post-11519","1":"product","2":"type-product","3":"status-publish","4":"has-post-thumbnail","6":"product_cat-duct-fitting","8":"first","9":"instock","10":"shipping-taxable","11":"product-type-simple"},"_links":{"self":[{"href":"https:\/\/chinafore.com\/es\/wp-json\/wp\/v2\/product\/11519","targetHints":{"allow":["GET"]}}],"collection":[{"href":"https:\/\/chinafore.com\/es\/wp-json\/wp\/v2\/product"}],"about":[{"href":"https:\/\/chinafore.com\/es\/wp-json\/wp\/v2\/types\/product"}],"replies":[{"embeddable":true,"href":"https:\/\/chinafore.com\/es\/wp-json\/wp\/v2\/comments?post=11519"}],"version-history":[{"count":1,"href":"https:\/\/chinafore.com\/es\/wp-json\/wp\/v2\/product\/11519\/revisions"}],"predecessor-version":[{"id":11520,"href":"https:\/\/chinafore.com\/es\/wp-json\/wp\/v2\/product\/11519\/revisions\/11520"}],"wp:featuredmedia":[{"embeddable":true,"href":"https:\/\/chinafore.com\/es\/wp-json\/wp\/v2\/media\/11521"}],"wp:attachment":[{"href":"https:\/\/chinafore.com\/es\/wp-json\/wp\/v2\/media?parent=11519"}],"wp:term":[{"taxonomy":"brand","embeddable":true,"href":"https:\/\/chinafore.com\/es\/wp-json\/wp\/v2\/etheme_brands?post=11519"},{"taxonomy":"product_brand","embeddable":true,"href":"https:\/\/chinafore.com\/es\/wp-json\/wp\/v2\/product_brand?post=11519"},{"taxonomy":"product_cat","embeddable":true,"href":"https:\/\/chinafore.com\/es\/wp-json\/wp\/v2\/product_cat?post=11519"},{"taxonomy":"product_tag","embeddable":true,"href":"https:\/\/chinafore.com\/es\/wp-json\/wp\/v2\/product_tag?post=11519"}],"curies":[{"name":"wp","href":"https:\/\/api.w.org\/{rel}","templated":true}]}}