{"id":11507,"date":"2024-05-30T12:26:00","date_gmt":"2024-05-30T12:26:00","guid":{"rendered":"https:\/\/green-giraffe-671934.hostingersite.com\/?post_type=product&#038;p=11507"},"modified":"2024-12-05T08:46:33","modified_gmt":"2024-12-05T08:46:33","slug":"flexible-silencer","status":"publish","type":"product","link":"https:\/\/chinafore.com\/es\/producto\/silenciador-flexible\/","title":{"rendered":"Silenciador flexible"},"content":{"rendered":"<div class=\"container-text\">\n<div style=\"text-align: center;\">\t<strong><span style=\"font-size:36px;\">Silenciador flexible<\/span><\/strong><\/p>\n<p>\t<strong><span style=\"font-size:26px;\">AFC-X<\/span><\/strong><\/p>\n<p>\t<img decoding=\"async\" alt=\"\" src=\"\/wp-content\/uploads\/2024\/05\/2-200309161532921.jpg\" \/><\/p>\n<p>\t<strong><span style=\"font-size:26px;\">AFC-S<\/span><\/strong><\/p>\n<p>\t<img decoding=\"async\" alt=\"\" src=\"\/wp-content\/uploads\/2024\/05\/2-200309161AR24.jpg\" \/><\/p>\n<table id=\"biaoge\" align=\"center\" border=\"1\" cellpadding=\"1\" cellspacing=\"1\">\n<tbody>\n<tr>\n<td>\t\t\t\t\t<strong><span style=\"font-size:14px;\">tipo<\/span><\/strong><\/td>\n<td>\t\t\t\t\t<strong><span style=\"font-size:14px;\">\u03a6D[mm]<\/span><\/strong><\/td>\n<td>\t\t\t\t\t<strong><span style=\"font-size:14px;\">e[mm]<\/span><\/strong><\/td>\n<td>\t\t\t\t\t<strong><span style=\"font-size:14px;\">L<\/span><\/strong><\/td>\n<\/tr>\n<tr>\n<td>\t\t\t\t\tAFC100 L=500<\/td>\n<td>\t\t\t\t\t99<\/td>\n<td>\t\t\t\t\t36<\/td>\n<td>\t\t\t\t\t500<\/td>\n<\/tr>\n<tr>\n<td>\t\t\t\t\tAFC100 L=750<\/td>\n<td>\t\t\t\t\t99<\/td>\n<td>\t\t\t\t\t36<\/td>\n<td>\t\t\t\t\t750<\/td>\n<\/tr>\n<tr>\n<td>\t\t\t\t\tAFC100 L=1000<\/td>\n<td>\t\t\t\t\t99<\/td>\n<td>\t\t\t\t\t36<\/td>\n<td>\t\t\t\t\t1000<\/td>\n<\/tr>\n<tr>\n<td>\t\t\t\t\tAFC100 L=1500<\/td>\n<td>\t\t\t\t\t99<\/td>\n<td>\t\t\t\t\t36<\/td>\n<td>\t\t\t\t\t1500<\/td>\n<\/tr>\n<tr>\n<td>\t\t\t\t\tAFC100 L=2000<\/td>\n<td>\t\t\t\t\t99<\/td>\n<td>\t\t\t\t\t36<\/td>\n<td>\t\t\t\t\t2000<\/td>\n<\/tr>\n<tr>\n<td>\t\t\t\t\tAFC125 L=500<\/td>\n<td>\t\t\t\t\t124<\/td>\n<td>\t\t\t\t\t36<\/td>\n<td>\t\t\t\t\t500<\/td>\n<\/tr>\n<tr>\n<td>\t\t\t\t\tAFC125 L=750<\/td>\n<td>\t\t\t\t\t124<\/td>\n<td>\t\t\t\t\t36<\/td>\n<td>\t\t\t\t\t750<\/td>\n<\/tr>\n<tr>\n<td>\t\t\t\t\tAFC125 L=1000<\/td>\n<td>\t\t\t\t\t124<\/td>\n<td>\t\t\t\t\t36<\/td>\n<td>\t\t\t\t\t1000<\/td>\n<\/tr>\n<tr>\n<td>\t\t\t\t\tAFC125 L=1500<\/td>\n<td>\t\t\t\t\t124<\/td>\n<td>\t\t\t\t\t36<\/td>\n<td>\t\t\t\t\t1500<\/td>\n<\/tr>\n<tr>\n<td>\t\t\t\t\tAFC125 L=2000<\/td>\n<td>\t\t\t\t\t124<\/td>\n<td>\t\t\t\t\t36<\/td>\n<td>\t\t\t\t\t2000<\/td>\n<\/tr>\n<tr>\n<td>\t\t\t\t\tAFC150 L=500<\/td>\n<td>\t\t\t\t\t148.9<\/td>\n<td>\t\t\t\t\t36<\/td>\n<td>\t\t\t\t\t500<\/td>\n<\/tr>\n<tr>\n<td>\t\t\t\t\tAFC150 L=750<\/td>\n<td>\t\t\t\t\t148.9<\/td>\n<td>\t\t\t\t\t36<\/td>\n<td>\t\t\t\t\t750<\/td>\n<\/tr>\n<tr>\n<td>\t\t\t\t\tAFC150 L=1000<\/td>\n<td>\t\t\t\t\t148.9<\/td>\n<td>\t\t\t\t\t36<\/td>\n<td>\t\t\t\t\t1000<\/td>\n<\/tr>\n<tr>\n<td>\t\t\t\t\tAFC150 L=1500<\/td>\n<td>\t\t\t\t\t148.9<\/td>\n<td>\t\t\t\t\t36<\/td>\n<td>\t\t\t\t\t1500<\/td>\n<\/tr>\n<tr>\n<td>\t\t\t\t\tAFC150 L=2000<\/td>\n<td>\t\t\t\t\t148.9<\/td>\n<td>\t\t\t\t\t36<\/td>\n<td>\t\t\t\t\t2000<\/td>\n<\/tr>\n<tr>\n<td>\t\t\t\t\tAFC160 L=500<\/td>\n<td>\t\t\t\t\t158.9<\/td>\n<td>\t\t\t\t\t36<\/td>\n<td>\t\t\t\t\t500<\/td>\n<\/tr>\n<tr>\n<td>\n<div>\t\t\t\t\t\tAFC160 L=750<\/div>\n<\/td>\n<td>\t\t\t\t\t158.9<\/td>\n<td>\t\t\t\t\t36<\/td>\n<td>\t\t\t\t\t750<\/td>\n<\/tr>\n<tr>\n<td>\t\t\t\t\tAFC160 L=1000<\/td>\n<td>\t\t\t\t\t158.9<\/td>\n<td>\t\t\t\t\t36<\/td>\n<td>\t\t\t\t\t1000<\/td>\n<\/tr>\n<tr>\n<td>\t\t\t\t\tAFC160 L=1500<\/td>\n<td>\t\t\t\t\t158.9<\/td>\n<td>\t\t\t\t\t36<\/td>\n<td>\t\t\t\t\t1500<\/td>\n<\/tr>\n<tr>\n<td>\t\t\t\t\tAFC160 L=2000<\/td>\n<td>\t\t\t\t\t158.9<\/td>\n<td>\t\t\t\t\t36<\/td>\n<td>\t\t\t\t\t2000<\/td>\n<\/tr>\n<tr>\n<td>\t\t\t\t\tAFC200 L=500<\/td>\n<td>\t\t\t\t\t198.9<\/td>\n<td>\t\t\t\t\t36<\/td>\n<td>\t\t\t\t\t500<\/td>\n<\/tr>\n<tr>\n<td>\t\t\t\t\tAFC200 L=750<\/td>\n<td>\t\t\t\t\t198.9<\/td>\n<td>\t\t\t\t\t36<\/td>\n<td>\t\t\t\t\t750<\/td>\n<\/tr>\n<tr>\n<td>\t\t\t\t\tAFC200 L=1000<\/td>\n<td>\t\t\t\t\t198.9<\/td>\n<td>\t\t\t\t\t36<\/td>\n<td>\t\t\t\t\t1000<\/td>\n<\/tr>\n<tr>\n<td>\t\t\t\t\tAFC200 L=1500<\/td>\n<td>\t\t\t\t\t198.9<\/td>\n<td>\t\t\t\t\t36<\/td>\n<td>\t\t\t\t\t1500<\/td>\n<\/tr>\n<tr>\n<td>\t\t\t\t\tAFC200 L=2000<\/td>\n<td>\t\t\t\t\t198.9<\/td>\n<td>\t\t\t\t\t36<\/td>\n<td>\t\t\t\t\t2000<\/td>\n<\/tr>\n<tr>\n<td>\t\t\t\t\tAFC250 L=500<\/td>\n<td>\t\t\t\t\t248.9<\/td>\n<td>\t\t\t\t\t36<\/td>\n<td>\t\t\t\t\t500<\/td>\n<\/tr>\n<tr>\n<td>\t\t\t\t\tAFC250 L=750<\/td>\n<td>\t\t\t\t\t248.9<\/td>\n<td>\t\t\t\t\t36<\/td>\n<td>\t\t\t\t\t750<\/td>\n<\/tr>\n<tr>\n<td>\t\t\t\t\tAFC250 L=1000<\/td>\n<td>\t\t\t\t\t248.9<\/td>\n<td>\t\t\t\t\t36<\/td>\n<td>\t\t\t\t\t1000<\/td>\n<\/tr>\n<tr>\n<td>\t\t\t\t\tAFC250 L=1500<\/td>\n<td>\t\t\t\t\t248.9<\/td>\n<td>\t\t\t\t\t36<\/td>\n<td>\t\t\t\t\t1500<\/td>\n<\/tr>\n<tr>\n<td>\t\t\t\t\tAFC250 L=2000<\/td>\n<td>\t\t\t\t\t248.9<\/td>\n<td>\t\t\t\t\t36<\/td>\n<td>\t\t\t\t\t2000<\/td>\n<\/tr>\n<\/tbody>\n<\/table>\n<\/div>\n<table id=\"biaoge\" align=\"center\" border=\"0\" cellpadding=\"1\" cellspacing=\"1\">\n<tbody>\n<tr>\n<td>\n<div>\t\t\t\t\t<span style=\"font-size:14px;\">El AFC es un conducto con aislamiento t\u00e9rmico y ac\u00fastico equipado con&nbsp;<\/span><span style=\"font-size: 14px;\">un conector hembra galvanizado para conductos en ambos extremos.<\/span><\/div>\n<div>\t\t\t\t\t<span style=\"font-size:16px;\"><strong>Aplicaci\u00f3n<\/strong><\/span><\/div>\n<div>\t\t\t\t\t<span style=\"font-size:14px;\">Los conductos flexibles AFC se utilizan en ventilaci\u00f3n, aire acondicionado y&nbsp;<\/span><span style=\"font-size: 14px;\">sistemas de tratamiento de aire donde la alta resistencia mec\u00e1nica, la temperatura,<\/span><span style=\"font-size: 14px;\">resistencia al fuego y cualidades de atenuaci\u00f3n t\u00e9rmica y ac\u00fastica.&nbsp;<\/span><span style=\"font-size: 14px;\">necesario.<\/span><\/div>\n<div>\t\t\t\t\t<strong><span style=\"font-size:16px;\">Composici\u00f3n<\/span><\/strong><\/div>\n<div>\t\t\t\t\t<span style=\"font-size:14px;\">Conducto interior corrugado pesado de m\u00faltiples capas microperforado&nbsp;<\/span><span style=\"font-size: 14px;\">Revestimiento exterior de aluminio\/poli\u00e9ster, reforzado con fibra de vidrio.<\/span><\/div>\n<div>\t\t\t\t\t<span style=\"font-size:14px;\">Aislamiento de lana de vidrio de espesor: 25 mm o 50 mm est\u00e1 disponible<\/span><\/div>\n<div>\t\t\t\t\t<span style=\"font-size:14px;\">Color: Aluminio<\/span><\/div>\n<div>\t\t\t\t\t<span style=\"font-size:14px;\">Conexi\u00f3n hembra galvanizada a ambos lados del conducto flexible<\/span><\/div>\n<div>\t\t\t\t\t<span style=\"font-size:14px;\"><strong><span style=\"font-size:16px;\">Especificaci\u00f3n<\/span><\/strong><\/span><\/div>\n<div>\t\t\t\t\t<span style=\"font-size:14px;\">Gama de temperaturas: De -30\u00b0C a +140\u00b0C<\/span><\/div>\n<div>\t\t\t\t\t<span style=\"font-size:14px;\">Sobrepresi\u00f3n de funcionamiento (m\u00e1x.) + 2000 Pa<\/span><\/div>\n<div>\t\t\t\t\t<span style=\"font-size:14px;\">P\u00e9rdida de presi\u00f3n: v\u00e9ase el diagrama<\/span>\t\t\t\t\t<\/p>\n<div>\t\t\t\t\t\t<span style=\"font-size:14px;\">Velocidad del aire recomendada (m\u00e1x.) 10 m\/s<\/span><\/div>\n<div>\t\t\t\t\t\t<span style=\"font-size:14px;\">Gama de di\u00e1metros: 80 mm - 250 mm (315 bajo pedido)<\/span><\/div>\n<div>\t\t\t\t\t\t<span style=\"font-size:14px;\"><strong><span style=\"font-size:16px;\">Resistencia qu\u00edmica<\/span><\/strong><\/span><\/div>\n<div>\t\t\t\t\t\t<span style=\"font-size:14px;\">Buena resistencia a muchos disolventes org\u00e1nicos<\/span><\/div>\n<div>\t\t\t\t\t\t<span style=\"font-size:14px;\">Resistencia moderada a \u00e1cidos y bases<\/span><\/div>\n<div>\t\t\t\t\t\t<span style=\"font-size:14px;\">No debe utilizarse para la descarga de gases de combusti\u00f3n procedentes de&nbsp;<\/span><span style=\"font-size: 14px;\">chimeneas o calderas de gas\u00f3leo<\/span><\/div>\n<div>\t\t\t\t\t\t<span style=\"font-size:14px;\"><strong><span style=\"font-size:16px;\">Propiedades est\u00e1ticas<\/span><\/strong><\/span><\/div>\n<div>\t\t\t\t\t\t<span style=\"font-size:14px;\">El AFC es adecuado para aplicaciones en las que la est\u00e1tica&nbsp;<\/span><span style=\"font-size: 14px;\">hay que evitar los vertidos<\/span><\/div>\n<div>\t\t\t\t\t\t<span style=\"font-size:14px;\"><strong><span style=\"font-size:16px;\">Accesorios<\/span><\/strong><\/span><\/div>\n<div>\t\t\t\t\t\t<span style=\"font-size:14px;\">Como el AFC tiene 2 conexiones hembra, una conexi\u00f3n macho&nbsp;<\/span><span style=\"font-size: 14px;\">puede obtenerse f\u00e1cilmente a\u00f1adiendo una conexi\u00f3n de conducto macho.<\/span><\/div>\n<div>\t\t\t\t\t\t<span style=\"font-size:14px;\">MGM a uno o ambos lados<\/span><\/div>\n<div>\t\t\t\t\t\t<span style=\"font-size:14px;\">Otros productos disponibles<\/span><\/div>\n<div>\t\t\t\t\t\t<span style=\"font-size:14px;\">Versi\u00f3n no tejida disponible bajo pedido<\/span><\/div>\n<\/p><\/div>\n<\/td>\n<\/tr>\n<\/tbody>\n<\/table>\n<p><\/p>\n<table id=\"biaoge\" align=\"center\" border=\"1\" cellpadding=\"1\" cellspacing=\"1\">\n<tbody>\n<tr>\n<td colspan=\"1\" rowspan=\"2\" style=\"text-align: center;\">\t\t\t\t<strong><span style=\"font-size:14px;\">tipo<\/span><\/strong><\/td>\n<td colspan=\"1\" rowspan=\"2\" style=\"text-align: center;\">\t\t\t\t<strong><span style=\"font-size:14px;\">Dn[mm]<\/span><\/strong><\/td>\n<td colspan=\"8\" rowspan=\"1\" style=\"text-align: center;\">\t\t\t\t<strong><span style=\"font-size:14px;\">Atenuaci\u00f3n, dB, -Media frecuencia, Hz<\/span><\/strong><\/td>\n<td colspan=\"1\" rowspan=\"2\" style=\"text-align: center;\">\t\t\t\t<strong><span style=\"font-size:14px;\">Di[dB]<\/span><\/strong><\/td>\n<\/tr>\n<tr>\n<td style=\"text-align: center;\">\t\t\t\t<strong><span style=\"font-size:14px;\">63<\/span><\/strong><\/td>\n<td style=\"text-align: center;\">\t\t\t\t<strong><span style=\"font-size:14px;\">125<\/span><\/strong><\/td>\n<td style=\"text-align: center;\">\t\t\t\t<strong><span style=\"font-size:14px;\">250<\/span><\/strong><\/td>\n<td style=\"text-align: center;\">\t\t\t\t<strong><span style=\"font-size:14px;\">500<\/span><\/strong><\/td>\n<td style=\"text-align: center;\">\t\t\t\t<strong><span style=\"font-size:14px;\">1000<\/span><\/strong><\/td>\n<td style=\"text-align: center;\">\t\t\t\t<strong><span style=\"font-size:14px;\">2000<\/span><\/strong><\/td>\n<td style=\"text-align: center;\">\t\t\t\t<strong><span style=\"font-size:14px;\">4000<\/span><\/strong><\/td>\n<td style=\"text-align: center;\">\t\t\t\t<strong><span style=\"font-size:14px;\">8000<\/span><\/strong><\/td>\n<\/tr>\n<tr>\n<td style=\"text-align: center;\">\t\t\t\tAFC-FF080<\/td>\n<td style=\"text-align: center;\">\t\t\t\t080<\/td>\n<td style=\"text-align: center;\">\t\t\t\t13.8<\/td>\n<td style=\"text-align: center;\">\t\t\t\t20.2<\/td>\n<td style=\"text-align: center;\">\t\t\t\t39.3<\/td>\n<td style=\"text-align: center;\">\t\t\t\t38.6<\/td>\n<td style=\"text-align: center;\">\t\t\t\t36<\/td>\n<td style=\"text-align: center;\">\t\t\t\t41.8<\/td>\n<td style=\"text-align: center;\">\t\t\t\t52.4<\/td>\n<td style=\"text-align: center;\">\t\t\t\t40.2<\/td>\n<td style=\"text-align: center;\">\t\t\t\t39<\/td>\n<\/tr>\n<tr>\n<td style=\"text-align: center;\">\t\t\t\tAFC-FF100<\/td>\n<td style=\"text-align: center;\">\t\t\t\t100<\/td>\n<td style=\"text-align: center;\">\t\t\t\t9.5<\/td>\n<td style=\"text-align: center;\">\n<div>\t\t\t\t\t14.5<\/div>\n<\/td>\n<td style=\"text-align: center;\">\t\t\t\t28.6<\/td>\n<td style=\"text-align: center;\">\t\t\t\t37.4<\/td>\n<td style=\"text-align: center;\">\t\t\t\t35.6<\/td>\n<td style=\"text-align: center;\">\t\t\t\t39.8<\/td>\n<td style=\"text-align: center;\">\t\t\t\t44.3<\/td>\n<td style=\"text-align: center;\">\t\t\t\t29.5<\/td>\n<td style=\"text-align: center;\">\t\t\t\t36<\/td>\n<\/tr>\n<tr>\n<td style=\"text-align: center;\">\t\t\t\tAFC-FF125<\/td>\n<td style=\"text-align: center;\">\t\t\t\t125<\/td>\n<td style=\"text-align: center;\">\t\t\t\t12.4<\/td>\n<td style=\"text-align: center;\">\t\t\t\t20.1<\/td>\n<td style=\"text-align: center;\">\t\t\t\t33.6<\/td>\n<td style=\"text-align: center;\">\t\t\t\t29.8<\/td>\n<td style=\"text-align: center;\">\t\t\t\t29.5<\/td>\n<td style=\"text-align: center;\">\t\t\t\t33.6<\/td>\n<td style=\"text-align: center;\">\t\t\t\t32.1<\/td>\n<td style=\"text-align: center;\">\t\t\t\t23.6<\/td>\n<td style=\"text-align: center;\">\t\t\t\t32<\/td>\n<\/tr>\n<tr>\n<td style=\"text-align: center;\">\t\t\t\tAFC-FF150<\/td>\n<td style=\"text-align: center;\">\t\t\t\t150<\/td>\n<td style=\"text-align: center;\">\t\t\t\t11.1<\/td>\n<td style=\"text-align: center;\">\t\t\t\t11.8<\/td>\n<td style=\"text-align: center;\">\t\t\t\t34.2<\/td>\n<td style=\"text-align: center;\">\t\t\t\t28.5<\/td>\n<td style=\"text-align: center;\">\t\t\t\t26.3<\/td>\n<td style=\"text-align: center;\">\t\t\t\t34.9<\/td>\n<td style=\"text-align: center;\">\t\t\t\t27.2<\/td>\n<td style=\"text-align: center;\">\t\t\t\t21.8<\/td>\n<td style=\"text-align: center;\">\t\t\t\t20<\/td>\n<\/tr>\n<tr>\n<td style=\"text-align: center;\">\t\t\t\tAFC-FF160<\/td>\n<td style=\"text-align: center;\">\t\t\t\t160<\/td>\n<td style=\"text-align: center;\">\t\t\t\t14.6<\/td>\n<td style=\"text-align: center;\">\t\t\t\t19.1<\/td>\n<td style=\"text-align: center;\">\t\t\t\t31.1<\/td>\n<td style=\"text-align: center;\">\t\t\t\t27<\/td>\n<td style=\"text-align: center;\">\t\t\t\t24.7<\/td>\n<td style=\"text-align: center;\">\t\t\t\t32.5<\/td>\n<td style=\"text-align: center;\">\t\t\t\t24<\/td>\n<td style=\"text-align: center;\">\t\t\t\t18.7<\/td>\n<td style=\"text-align: center;\">\t\t\t\t29<\/td>\n<\/tr>\n<tr>\n<td style=\"text-align: center;\">\t\t\t\tAFC-FF200<\/td>\n<td style=\"text-align: center;\">\t\t\t\t200<\/td>\n<td style=\"text-align: center;\">\t\t\t\t11.1<\/td>\n<td style=\"text-align: center;\">\t\t\t\t14.6<\/td>\n<td style=\"text-align: center;\">\t\t\t\t29.5<\/td>\n<td style=\"text-align: center;\">\t\t\t\t20.7<\/td>\n<td style=\"text-align: center;\">\t\t\t\t21<\/td>\n<td style=\"text-align: center;\">\t\t\t\t30<\/td>\n<td style=\"text-align: center;\">\t\t\t\t17.7<\/td>\n<td style=\"text-align: center;\">\t\t\t\t13.2<\/td>\n<td style=\"text-align: center;\">\t\t\t\t23<\/td>\n<\/tr>\n<tr>\n<td style=\"text-align: center;\">\t\t\t\tAFC-FF250<\/td>\n<td style=\"text-align: center;\">\t\t\t\t250<\/td>\n<td style=\"text-align: center;\">\t\t\t\t14.2<\/td>\n<td style=\"text-align: center;\">\t\t\t\t21.7<\/td>\n<td style=\"text-align: center;\">\t\t\t\t23.1<\/td>\n<td style=\"text-align: center;\">\t\t\t\t18.9<\/td>\n<td style=\"text-align: center;\">\t\t\t\t18.4<\/td>\n<td style=\"text-align: center;\">\t\t\t\t25.7<\/td>\n<td style=\"text-align: center;\">\t\t\t\t11.4<\/td>\n<td style=\"text-align: center;\">\t\t\t\t10.1<\/td>\n<td style=\"text-align: center;\">\t\t\t\t20<\/td>\n<\/tr>\n<\/tbody>\n<\/table>\n<p><\/p>\n<div style=\"text-align: center;\">\n<table id=\"biaoge\" align=\"center\" border=\"0\" cellpadding=\"1\" cellspacing=\"1\">\n<tbody>\n<tr>\n<td>\t\t\t\t\tAtenuaci\u00f3n ac\u00fastica para conducto de 1 m - Tolerancia +\/- 2 dB<\/td>\n<\/tr>\n<\/tbody>\n<\/table>\n<p>\t<img decoding=\"async\" alt=\"\" src=\"\/wp-content\/uploads\/2024\/05\/2-2003091A02NL.jpg\" style=\"width: 570px; height: 300px;\" \/><br \/>\t<img decoding=\"async\" alt=\"\" src=\"\/wp-content\/uploads\/2024\/05\/2-2003091A1123A.jpg\" style=\"width: 570px; height: 300px;\" \/><\/div>\n<p><\/div>","protected":false},"excerpt":{"rendered":"<p>Silenciador flexible<\/p>","protected":false},"featured_media":11509,"comment_status":"closed","ping_status":"closed","template":"","meta":[],"etheme_brands":[],"product_brand":[],"product_cat":[53],"product_tag":[],"class_list":{"0":"post-11507","1":"product","2":"type-product","3":"status-publish","4":"has-post-thumbnail","6":"product_cat-duct-fitting","8":"first","9":"instock","10":"shipping-taxable","11":"product-type-simple"},"_links":{"self":[{"href":"https:\/\/chinafore.com\/es\/wp-json\/wp\/v2\/product\/11507","targetHints":{"allow":["GET"]}}],"collection":[{"href":"https:\/\/chinafore.com\/es\/wp-json\/wp\/v2\/product"}],"about":[{"href":"https:\/\/chinafore.com\/es\/wp-json\/wp\/v2\/types\/product"}],"replies":[{"embeddable":true,"href":"https:\/\/chinafore.com\/es\/wp-json\/wp\/v2\/comments?post=11507"}],"version-history":[{"count":1,"href":"https:\/\/chinafore.com\/es\/wp-json\/wp\/v2\/product\/11507\/revisions"}],"predecessor-version":[{"id":11508,"href":"https:\/\/chinafore.com\/es\/wp-json\/wp\/v2\/product\/11507\/revisions\/11508"}],"wp:featuredmedia":[{"embeddable":true,"href":"https:\/\/chinafore.com\/es\/wp-json\/wp\/v2\/media\/11509"}],"wp:attachment":[{"href":"https:\/\/chinafore.com\/es\/wp-json\/wp\/v2\/media?parent=11507"}],"wp:term":[{"taxonomy":"brand","embeddable":true,"href":"https:\/\/chinafore.com\/es\/wp-json\/wp\/v2\/etheme_brands?post=11507"},{"taxonomy":"product_brand","embeddable":true,"href":"https:\/\/chinafore.com\/es\/wp-json\/wp\/v2\/product_brand?post=11507"},{"taxonomy":"product_cat","embeddable":true,"href":"https:\/\/chinafore.com\/es\/wp-json\/wp\/v2\/product_cat?post=11507"},{"taxonomy":"product_tag","embeddable":true,"href":"https:\/\/chinafore.com\/es\/wp-json\/wp\/v2\/product_tag?post=11507"}],"curies":[{"name":"wp","href":"https:\/\/api.w.org\/{rel}","templated":true}]}}