{"id":11407,"date":"2024-05-30T12:26:00","date_gmt":"2024-05-30T12:26:00","guid":{"rendered":"https:\/\/green-giraffe-671934.hostingersite.com\/?post_type=product&#038;p=11407"},"modified":"2024-12-05T08:46:19","modified_gmt":"2024-12-05T08:46:19","slug":"square-end-bearing-duct-hardware","status":"publish","type":"product","link":"https:\/\/chinafore.com\/es\/producto\/herrajes-para-conductos-de-rodamientos-de-extremo-cuadrado\/","title":{"rendered":"Herrajes para conductos con cojinete de extremo cuadrado"},"content":{"rendered":"<div class=\"container-text\">\n<div style=\"text-align: center;\">\t<strong><span style=\"font-size:36px;\">Regulador de dial 70<\/span><\/strong><\/p>\n<p>\t<img decoding=\"async\" alt=\"\" src=\"\/wp-content\/uploads\/2024\/05\/2-200313164HS20.jpg\" \/><\/p>\n<table id=\"biaoge\" align=\"center\" border=\"1\" cellpadding=\"1\" cellspacing=\"1\">\n<tbody>\n<tr>\n<td>\t\t\t\t\t<strong><span style=\"font-size:14px;\">Modelo<\/span><\/strong><\/td>\n<td>\t\t\t\t\t<strong><span style=\"font-size:14px;\">Descripci\u00f3n<\/span><\/strong><\/td>\n<\/tr>\n<tr>\n<td>\t\t\t\t\t70<\/td>\n<td>\t\t\t\t\tS\u00f3lo cuadrante 70<\/td>\n<\/tr>\n<tr>\n<td>\t\t\t\t\t70R<\/td>\n<td>\n<div>\t\t\t\t\t\t70 s\u00f3lo cuadrante, cojinete de extremo redondo, cojinete de extremo cuadrado<\/div>\n<\/td>\n<\/tr>\n<tr>\n<td>\t\t\t\t\t70RS<\/td>\n<td>\n<div>\t\t\t\t\t\t70 cuadrante, cojinete de fijaci\u00f3n de resorte, cojinete de extremo cuadrado<\/div>\n<\/td>\n<\/tr>\n<tr>\n<td>\t\t\t\t\t70RL<\/td>\n<td>\n<div>\t\t\t\t\t\t70 cuadrante, cojinete de fijaci\u00f3n de resorte, cojinete de extremo cuadrado largo<\/div>\n<\/td>\n<\/tr>\n<tr>\n<td>\t\t\t\t\t70RLL<\/td>\n<td>\n<div>\t\t\t\t\t\t70 cuadrante, cojinete de resorte largo, cojinete cuadrado largo<\/div>\n<\/td>\n<\/tr>\n<\/tbody>\n<\/table>\n<\/div>\n<table id=\"biaoge\" align=\"center\" border=\"0\" cellpadding=\"1\" cellspacing=\"1\">\n<tbody>\n<tr>\n<td>\n<div>\t\t\t\t\t<span style=\"font-size:14px;\">75 Quadrant set est\u00e1n dise\u00f1ados con excelentes&nbsp;<\/span><span style=\"font-size: 14px;\">acci\u00f3n manivela as\u00ed como tuerca de mariposa r\u00e1pida<\/span><\/div>\n<div>\t\t\t\t\t<span style=\"font-size:14px;\">ajuste y bloqueo del amortiguador. El sitio&nbsp;<\/span><span style=\"font-size: 14px;\">marco est\u00e1 marcado para mostrar la posici\u00f3n exacta<\/span><\/div>\n<div>\t\t\t\t\t<span style=\"font-size:14px;\">de la compuerta. Se puede utilizar en escuadras y&nbsp;<\/span><span style=\"font-size: 14px;\">conductos redondos.<\/span><\/div>\n<\/td>\n<\/tr>\n<\/tbody>\n<\/table>\n<p><\/div>","protected":false},"excerpt":{"rendered":"<p>Herrajes para conductos con cojinete de extremo cuadrado<\/p>","protected":false},"featured_media":11409,"comment_status":"closed","ping_status":"closed","template":"","meta":[],"etheme_brands":[],"product_brand":[],"product_cat":[53],"product_tag":[],"class_list":{"0":"post-11407","1":"product","2":"type-product","3":"status-publish","4":"has-post-thumbnail","6":"product_cat-duct-fitting","8":"first","9":"instock","10":"shipping-taxable","11":"product-type-simple"},"_links":{"self":[{"href":"https:\/\/chinafore.com\/es\/wp-json\/wp\/v2\/product\/11407","targetHints":{"allow":["GET"]}}],"collection":[{"href":"https:\/\/chinafore.com\/es\/wp-json\/wp\/v2\/product"}],"about":[{"href":"https:\/\/chinafore.com\/es\/wp-json\/wp\/v2\/types\/product"}],"replies":[{"embeddable":true,"href":"https:\/\/chinafore.com\/es\/wp-json\/wp\/v2\/comments?post=11407"}],"version-history":[{"count":1,"href":"https:\/\/chinafore.com\/es\/wp-json\/wp\/v2\/product\/11407\/revisions"}],"predecessor-version":[{"id":11408,"href":"https:\/\/chinafore.com\/es\/wp-json\/wp\/v2\/product\/11407\/revisions\/11408"}],"wp:featuredmedia":[{"embeddable":true,"href":"https:\/\/chinafore.com\/es\/wp-json\/wp\/v2\/media\/11409"}],"wp:attachment":[{"href":"https:\/\/chinafore.com\/es\/wp-json\/wp\/v2\/media?parent=11407"}],"wp:term":[{"taxonomy":"brand","embeddable":true,"href":"https:\/\/chinafore.com\/es\/wp-json\/wp\/v2\/etheme_brands?post=11407"},{"taxonomy":"product_brand","embeddable":true,"href":"https:\/\/chinafore.com\/es\/wp-json\/wp\/v2\/product_brand?post=11407"},{"taxonomy":"product_cat","embeddable":true,"href":"https:\/\/chinafore.com\/es\/wp-json\/wp\/v2\/product_cat?post=11407"},{"taxonomy":"product_tag","embeddable":true,"href":"https:\/\/chinafore.com\/es\/wp-json\/wp\/v2\/product_tag?post=11407"}],"curies":[{"name":"wp","href":"https:\/\/api.w.org\/{rel}","templated":true}]}}