{"id":11355,"date":"2024-05-30T12:26:00","date_gmt":"2024-05-30T12:26:00","guid":{"rendered":"https:\/\/green-giraffe-671934.hostingersite.com\/?post_type=product&#038;p=11355"},"modified":"2024-12-05T08:46:12","modified_gmt":"2024-12-05T08:46:12","slug":"fastener-u-bolt-adding-security-and-stability","status":"publish","type":"product","link":"https:\/\/chinafore.com\/es\/producto\/tornillo-en-u-que-anade-seguridad-y-estabilidad\/","title":{"rendered":"Tornillo en U de fijaci\u00f3n que a\u00f1ade seguridad y estabilidad"},"content":{"rendered":"<div class=\"container-text\">\n<div style=\"text-align: center;\">\t<strong><span style=\"font-size:36px;\">Perno en U<\/span><\/strong><\/p>\n<p>\t<img decoding=\"async\" alt=\"\" src=\"\/wp-content\/uploads\/2024\/05\/2-20031F94T21E.jpg\" \/><\/p>\n<table id=\"biaoge\" align=\"center\" border=\"1\" cellpadding=\"1\" cellspacing=\"1\">\n<tbody>\n<tr>\n<td>\t\t\t\t\t<strong><span style=\"font-size:14px;\">Talla<\/span><\/strong><\/td>\n<td>\t\t\t\t\t<strong><span style=\"font-size:14px;\">A<\/span><\/strong><\/td>\n<td>\t\t\t\t\t<strong><span style=\"font-size:14px;\">B<\/span><\/strong><\/td>\n<td>\t\t\t\t\t<strong><span style=\"font-size:14px;\">C<\/span><\/strong><\/td>\n<td>\t\t\t\t\t<strong><span style=\"font-size:14px;\">Talla<\/span><\/strong><\/td>\n<td>\t\t\t\t\t<strong><span style=\"font-size:14px;\">A<\/span><\/strong><\/td>\n<td>\t\t\t\t\t<strong><span style=\"font-size:14px;\">B<\/span><\/strong><\/td>\n<td>\t\t\t\t\t<strong><span style=\"font-size:14px;\">C<\/span><\/strong><\/td>\n<\/tr>\n<tr>\n<td>\t\t\t\t\tM6x1\/2<\/td>\n<td>\t\t\t\t\t22<\/td>\n<td>\t\t\t\t\t52<\/td>\n<td>\t\t\t\t\t22<\/td>\n<td>\t\t\t\t\tM10x5\/8\"<\/td>\n<td>\t\t\t\t\t25<\/td>\n<td>\t\t\t\t\t55<\/td>\n<td>\t\t\t\t\t30<\/td>\n<\/tr>\n<tr>\n<td>\t\t\t\t\tM6x5\/8\"<\/td>\n<td>\t\t\t\t\t25<\/td>\n<td>\t\t\t\t\t55<\/td>\n<td>\t\t\t\t\t30<\/td>\n<td>\t\t\t\t\tM10x3\/4<\/td>\n<td>\t\t\t\t\t28<\/td>\n<td>\t\t\t\t\t58<\/td>\n<td>\t\t\t\t\t30<\/td>\n<\/tr>\n<tr>\n<td>\t\t\t\t\tM6x3\/4\"<\/td>\n<td>\t\t\t\t\t28<\/td>\n<td>\t\t\t\t\t58<\/td>\n<td>\t\t\t\t\t30<\/td>\n<td>\t\t\t\t\tM10x1\"<\/td>\n<td>\t\t\t\t\t35<\/td>\n<td>\t\t\t\t\t65<\/td>\n<td>\t\t\t\t\t35<\/td>\n<\/tr>\n<tr>\n<td>\t\t\t\t\tM6x1<\/td>\n<td>\t\t\t\t\t35<\/td>\n<td>\t\t\t\t\t65<\/td>\n<td>\t\t\t\t\t35<\/td>\n<td>\t\t\t\t\tM10x1-1\/4<\/td>\n<td>\t\t\t\t\t43<\/td>\n<td>\t\t\t\t\t73<\/td>\n<td>\t\t\t\t\t45<\/td>\n<\/tr>\n<tr>\n<td>\t\t\t\t\tM6x1-1\/4<\/td>\n<td>\t\t\t\t\t43<\/td>\n<td>\t\t\t\t\t73<\/td>\n<td>\t\t\t\t\t45<\/td>\n<td>\t\t\t\t\tM10x1-1\/2\"<\/td>\n<td>\t\t\t\t\t50<\/td>\n<td>\t\t\t\t\t80<\/td>\n<td>\t\t\t\t\t50<\/td>\n<\/tr>\n<tr>\n<td>\t\t\t\t\tM6x1-1\/2<\/td>\n<td>\t\t\t\t\t50<\/td>\n<td>\t\t\t\t\t82<\/td>\n<td>\t\t\t\t\t50<\/td>\n<td>\t\t\t\t\tM10x2\"<\/td>\n<td>\t\t\t\t\t61<\/td>\n<td>\t\t\t\t\t95<\/td>\n<td>\t\t\t\t\t55<\/td>\n<\/tr>\n<tr>\n<td>\t\t\t\t\tM6x2\"<\/td>\n<td>\t\t\t\t\t61<\/td>\n<td>\t\t\t\t\t95<\/td>\n<td>\t\t\t\t\t55<\/td>\n<td>\t\t\t\t\tM10x2-1\/2\"<\/td>\n<td>\t\t\t\t\t78<\/td>\n<td>\t\t\t\t\t110<\/td>\n<td>\t\t\t\t\t60<\/td>\n<\/tr>\n<tr>\n<td>\t\t\t\t\tM6x2-1\/2\"<\/td>\n<td>\t\t\t\t\t78<\/td>\n<td>\t\t\t\t\t110<\/td>\n<td>\t\t\t\t\t60<\/td>\n<td>\t\t\t\t\tM10x3\"<\/td>\n<td>\t\t\t\t\t92<\/td>\n<td>\t\t\t\t\t125<\/td>\n<td>\t\t\t\t\t60<\/td>\n<\/tr>\n<tr>\n<td>\t\t\t\t\tM6x3\"<\/td>\n<td>\t\t\t\t\t92<\/td>\n<td>\t\t\t\t\t125<\/td>\n<td>\t\t\t\t\t60<\/td>\n<td>\t\t\t\t\tM10x4\"<\/td>\n<td>\t\t\t\t\t116<\/td>\n<td>\t\t\t\t\t115<\/td>\n<td>\t\t\t\t\t50<\/td>\n<\/tr>\n<tr>\n<td>\t\t\t\t\tM8x1\/2<\/td>\n<td>\t\t\t\t\t22<\/td>\n<td>\t\t\t\t\t52<\/td>\n<td>\t\t\t\t\t32<\/td>\n<td>\t\t\t\t\tM10x5\"<\/td>\n<td>\t\t\t\t\t142<\/td>\n<td>\t\t\t\t\t185<\/td>\n<td>\t\t\t\t\t50<\/td>\n<\/tr>\n<tr>\n<td>\t\t\t\t\tM8x5\/8\"<\/td>\n<td>\t\t\t\t\t25<\/td>\n<td>\t\t\t\t\t55<\/td>\n<td>\t\t\t\t\t30<\/td>\n<td>\t\t\t\t\tM10x6<\/td>\n<td>\t\t\t\t\t170<\/td>\n<td>\t\t\t\t\t215<\/td>\n<td>\t\t\t\t\t50<\/td>\n<\/tr>\n<tr>\n<td>\t\t\t\t\tM8x3\/4\"<\/td>\n<td>\t\t\t\t\t28<\/td>\n<td>\t\t\t\t\t58<\/td>\n<td>\t\t\t\t\t30<\/td>\n<td>\t\t\t\t\tM12x2<\/td>\n<td>\t\t\t\t\t61<\/td>\n<td>\t\t\t\t\t95<\/td>\n<td>\t\t\t\t\t55<\/td>\n<\/tr>\n<tr>\n<td>\t\t\t\t\tM8x1<\/td>\n<td>\t\t\t\t\t35<\/td>\n<td>\t\t\t\t\t65<\/td>\n<td>\t\t\t\t\t35<\/td>\n<td>\t\t\t\t\tM12x2-1\/2\"<\/td>\n<td>\t\t\t\t\t78<\/td>\n<td>\t\t\t\t\t110<\/td>\n<td>\t\t\t\t\t60<\/td>\n<\/tr>\n<tr>\n<td>\t\t\t\t\tM8x1-1\/4<\/td>\n<td>\t\t\t\t\t43<\/td>\n<td>\t\t\t\t\t73<\/td>\n<td>\t\t\t\t\t45<\/td>\n<td>\t\t\t\t\tM12x3<\/td>\n<td>\t\t\t\t\t92<\/td>\n<td>\t\t\t\t\t125<\/td>\n<td>\t\t\t\t\t60<\/td>\n<\/tr>\n<tr>\n<td>\t\t\t\t\tM8x1-1\/2\"<\/td>\n<td>\t\t\t\t\t50<\/td>\n<td>\t\t\t\t\t80<\/td>\n<td>\t\t\t\t\t50<\/td>\n<td>\t\t\t\t\tM12x4\"<\/td>\n<td>\t\t\t\t\t116<\/td>\n<td>\t\t\t\t\t155<\/td>\n<td>\t\t\t\t\t50<\/td>\n<\/tr>\n<tr>\n<td>\t\t\t\t\tM8x2\"<\/td>\n<td>\t\t\t\t\t61<\/td>\n<td>\t\t\t\t\t95<\/td>\n<td>\t\t\t\t\t55<\/td>\n<td>\t\t\t\t\tM12x5\"<\/td>\n<td>\t\t\t\t\t142<\/td>\n<td>\t\t\t\t\t185<\/td>\n<td>\t\t\t\t\t50<\/td>\n<\/tr>\n<tr>\n<td>\t\t\t\t\tM8x2-1\/2\"<\/td>\n<td>\t\t\t\t\t78<\/td>\n<td>\t\t\t\t\t110<\/td>\n<td>\t\t\t\t\t60<\/td>\n<td>\t\t\t\t\tM12x6<\/td>\n<td>\t\t\t\t\t170<\/td>\n<td>\t\t\t\t\t215<\/td>\n<td>\t\t\t\t\t50<\/td>\n<\/tr>\n<tr>\n<td>\t\t\t\t\tM8x3\"<\/td>\n<td>\t\t\t\t\t92<\/td>\n<td>\t\t\t\t\t125<\/td>\n<td>\t\t\t\t\t60<\/td>\n<td>\t\t\t\t\tM12x8<\/td>\n<td>\t\t\t\t\t222<\/td>\n<td>\t\t\t\t\t265<\/td>\n<td>\t\t\t\t\t50<\/td>\n<\/tr>\n<tr>\n<td>\t\t\t\t\tM8x4\"<\/td>\n<td>\t\t\t\t\t116<\/td>\n<td>\t\t\t\t\t155<\/td>\n<td>\t\t\t\t\t50<\/td>\n<td>\t\t\t\t\tM12x10\"<\/td>\n<td>\t\t\t\t\t275<\/td>\n<td>\t\t\t\t\t325<\/td>\n<td>\t\t\t\t\t50<\/td>\n<\/tr>\n<tr>\n<td>\t\t\t\t\tM10x1\/2\"<\/td>\n<td>\t\t\t\t\t22<\/td>\n<td>\t\t\t\t\t52<\/td>\n<td>\t\t\t\t\t22<\/td>\n<td>\t\t\t\t\tM12x12<\/td>\n<td>\t\t\t\t\t325<\/td>\n<td>\t\t\t\t\t390<\/td>\n<td>\t\t\t\t\t50<\/td>\n<\/tr>\n<\/tbody>\n<\/table>\n<p>\t<\/p>\n<table id=\"biaoge\" align=\"center\" border=\"0\" cellpadding=\"1\" cellspacing=\"1\">\n<tbody>\n<tr>\n<td>\n<div style=\"text-align: left;\">\t\t\t\t\t\t<span style=\"font-size:14px;\">Los pernos en U se pueden utilizar con un travesa\u00f1o que abarque ambos&nbsp;<\/span><span style=\"font-size: 14px;\">brazos roscados para hacerla m\u00e1s segura en entornos espec\u00edficos&nbsp;<\/span><span style=\"font-size: 14px;\">y usos.<\/span><\/div>\n<div style=\"text-align: left;\">\t\t\t\t\t\t<span style=\"font-size:14px;\">Los pernos en U tambi\u00e9n est\u00e1n dise\u00f1ados para insertarse a trav\u00e9s de orificios&nbsp;<\/span><span style=\"font-size: 14px;\">que han sido pretaladradas o perforadas o a mano&nbsp;<\/span><span style=\"font-size: 14px;\">objetos de tuber\u00edas o vigas.<\/span><\/div>\n<div style=\"text-align: left;\">\t\t\t\t\t\t<span style=\"font-size:14px;\">Se utiliza para el montaje de tuber\u00edas en las paredes (vertical\/horizontal).&nbsp;<\/span><span style=\"font-size: 14px;\">techos y suelos.<\/span><\/div>\n<div style=\"text-align: left;\">\t\t\t\t\t\t<span style=\"font-size:14px;\">Debe utilizarse un tap\u00f3n de pl\u00e1stico para la fijaci\u00f3n.<\/span><\/div>\n<div style=\"text-align: left;\">\t\t\t\t\t\t<span style=\"font-size:14px;\">Montaje f\u00e1cil y seguro mediante tornillos laterales Philips combi.<\/span><\/div>\n<div style=\"text-align: left;\">\t\t\t\t\t\t<span style=\"font-size:14px;\">Los tornillos laterales est\u00e1n protegidos contra la p\u00e9rdida durante el montaje&nbsp;<\/span><span style=\"font-size: 14px;\">con la ayuda de arandelas de pl\u00e1stico.<\/span><\/div>\n<\/td>\n<\/tr>\n<\/tbody>\n<\/table>\n<div>\t\t&nbsp;<\/div>\n<div style=\"text-align: left;\">\t\t&nbsp;<\/div>\n<div>\t\t<img decoding=\"async\" alt=\"\" src=\"\/wp-content\/uploads\/2024\/05\/2-20031G0250I38.jpg\" style=\"width: 570px; height: 300px;\" \/><\/div>\n<\/div>\n<div style=\"text-align: right;\">\t&nbsp;<\/div>\n<div style=\"text-align: center;\">\t<img decoding=\"async\" alt=\"\" src=\"\/wp-content\/uploads\/2024\/05\/2-20031G0340H94.jpg\" style=\"width: 570px; height: 300px;\" \/><\/div>\n<\/div>","protected":false},"excerpt":{"rendered":"<p>Tornillo en U de fijaci\u00f3n que a\u00f1ade seguridad y estabilidad<\/p>","protected":false},"featured_media":11357,"comment_status":"closed","ping_status":"closed","template":"","meta":[],"etheme_brands":[],"product_brand":[],"product_cat":[55],"product_tag":[],"class_list":{"0":"post-11355","1":"product","2":"type-product","3":"status-publish","4":"has-post-thumbnail","6":"product_cat-fasteners","8":"first","9":"instock","10":"shipping-taxable","11":"product-type-simple"},"_links":{"self":[{"href":"https:\/\/chinafore.com\/es\/wp-json\/wp\/v2\/product\/11355","targetHints":{"allow":["GET"]}}],"collection":[{"href":"https:\/\/chinafore.com\/es\/wp-json\/wp\/v2\/product"}],"about":[{"href":"https:\/\/chinafore.com\/es\/wp-json\/wp\/v2\/types\/product"}],"replies":[{"embeddable":true,"href":"https:\/\/chinafore.com\/es\/wp-json\/wp\/v2\/comments?post=11355"}],"version-history":[{"count":1,"href":"https:\/\/chinafore.com\/es\/wp-json\/wp\/v2\/product\/11355\/revisions"}],"predecessor-version":[{"id":11356,"href":"https:\/\/chinafore.com\/es\/wp-json\/wp\/v2\/product\/11355\/revisions\/11356"}],"wp:featuredmedia":[{"embeddable":true,"href":"https:\/\/chinafore.com\/es\/wp-json\/wp\/v2\/media\/11357"}],"wp:attachment":[{"href":"https:\/\/chinafore.com\/es\/wp-json\/wp\/v2\/media?parent=11355"}],"wp:term":[{"taxonomy":"brand","embeddable":true,"href":"https:\/\/chinafore.com\/es\/wp-json\/wp\/v2\/etheme_brands?post=11355"},{"taxonomy":"product_brand","embeddable":true,"href":"https:\/\/chinafore.com\/es\/wp-json\/wp\/v2\/product_brand?post=11355"},{"taxonomy":"product_cat","embeddable":true,"href":"https:\/\/chinafore.com\/es\/wp-json\/wp\/v2\/product_cat?post=11355"},{"taxonomy":"product_tag","embeddable":true,"href":"https:\/\/chinafore.com\/es\/wp-json\/wp\/v2\/product_tag?post=11355"}],"curies":[{"name":"wp","href":"https:\/\/api.w.org\/{rel}","templated":true}]}}