{"id":11319,"date":"2024-05-30T12:26:00","date_gmt":"2024-05-30T12:26:00","guid":{"rendered":"https:\/\/green-giraffe-671934.hostingersite.com\/?post_type=product&#038;p=11319"},"modified":"2024-12-05T08:46:07","modified_gmt":"2024-12-05T08:46:07","slug":"activated-adhesive-glass-fiber-insulation-aluminum-foil-tape","status":"publish","type":"product","link":"https:\/\/chinafore.com\/es\/producto\/adhesivo-activado-cinta-de-papel-de-aluminio-aislante-de-fibra-de-vidrio\/","title":{"rendered":"Adhesivo activado Cinta de papel de aluminio aislante de fibra de vidrio"},"content":{"rendered":"<div class=\"container-text\">\n<div style=\"text-align: center;\">\t<strong><span style=\"font-size:36px;\">Aluminio -Cinta de tela de vidrio<\/span><\/strong><\/p>\n<p>\t<img decoding=\"async\" alt=\"\" src=\"\/wp-content\/uploads\/2024\/05\/2-20031G62012620.jpg\" \/>\t<\/p>\n<div style=\"text-align: left;\">\t\t&nbsp;<\/div>\n<table id=\"biaoge\" align=\"center\" border=\"0\" cellpadding=\"1\" cellspacing=\"1\">\n<tbody>\n<tr>\n<td>\n<div style=\"text-align: left;\">\t\t\t\t\t\t<span style=\"font-size:14px;\">Los productos de cinta de papel de aluminio de tela de fibra de vidrio est\u00e1n hechos de un compuesto de tela de fibra de vidrio.<\/span><\/div>\n<div style=\"text-align: left;\">\t\t\t\t\t\t<span style=\"font-size:14px;\">chapas de papel de aluminio, recubiertas con disolvente de alto rendimiento \/ caucho sint\u00e9tico&nbsp;<\/span><span style=\"font-size: 14px;\">adhesivos sensibles a la presi\u00f3n, y papeles aislados de una cara compuestos<\/span><\/div>\n<div style=\"text-align: left;\">\t\t\t\t\t\t<span style=\"font-size:14px;\">polietileno y silicona.<\/span><\/div>\n<div style=\"text-align: left;\">\t\t\t\t\t\t<strong><span style=\"font-size:16px;\">Caracter\u00edsticas:<\/span><\/strong><\/div>\n<div style=\"text-align: left;\">\t\t\t\t\t\t<span style=\"font-size:14px;\">Excelente propiedad de barrera al vapor de agua, alta resistencia mec\u00e1nica y antioxidante&nbsp;<\/span><span style=\"font-size: 14px;\">cohesi\u00f3n, resistencia a la corrosi\u00f3n y resistencia a los \u00e1cidos d\u00e9biles y a la corrosi\u00f3n.&nbsp;<\/span><span style=\"font-size: 14px;\">\u00e1lcali.<\/span><\/div>\n<div style=\"text-align: left;\">\t\t\t\t\t\t<strong><span style=\"font-size:16px;\">Aplicaci\u00f3n:<\/span><\/strong><\/div>\n<div style=\"text-align: left;\">\t\t\t\t\t\t<span style=\"font-size:14px;\">Es adecuado para empalmar tuber\u00edas herm\u00e9ticamente, aislamiento t\u00e9rmico y barrera de vapor de agua.&nbsp;<\/span><span style=\"font-size: 14px;\">de conductos de aire HVAC, tuber\u00edas de agua caliente y fr\u00eda, especialmente para el sellado de tuber\u00edas en el&nbsp;<\/span><span style=\"font-size: 14px;\">industria naviera.<\/span><\/div>\n<div style=\"text-align: left;\">\t\t\t\t\t\t<span style=\"font-size:14px;\">Anchura: 48 mm, 50 mm, 63 mm, 73 mm, 75 mm, 98 mm, 100 mm<\/span><\/div>\n<div style=\"text-align: left;\">\t\t\t\t\t\t<span style=\"font-size:14px;\">Longitud:30m, 30Yds, 40Yds, 50Yds<\/span><\/div>\n<div style=\"text-align: left;\">\t\t\t\t\t\t<span style=\"font-size:14px;\">Rango de temperatura: -20\u2103~120\u2103<\/span><\/div>\n<\/td>\n<\/tr>\n<\/tbody>\n<\/table>\n<p>\t&nbsp;<\/p><\/div>\n<p><\/div>","protected":false},"excerpt":{"rendered":"<p>Adhesivo activado Cinta de papel de aluminio aislante de fibra de vidrio<\/p>","protected":false},"featured_media":11321,"comment_status":"closed","ping_status":"closed","template":"","meta":[],"etheme_brands":[],"product_brand":[],"product_cat":[57],"product_tag":[],"class_list":{"0":"post-11319","1":"product","2":"type-product","3":"status-publish","4":"has-post-thumbnail","6":"product_cat-hvac-tape","8":"first","9":"instock","10":"shipping-taxable","11":"product-type-simple"},"_links":{"self":[{"href":"https:\/\/chinafore.com\/es\/wp-json\/wp\/v2\/product\/11319","targetHints":{"allow":["GET"]}}],"collection":[{"href":"https:\/\/chinafore.com\/es\/wp-json\/wp\/v2\/product"}],"about":[{"href":"https:\/\/chinafore.com\/es\/wp-json\/wp\/v2\/types\/product"}],"replies":[{"embeddable":true,"href":"https:\/\/chinafore.com\/es\/wp-json\/wp\/v2\/comments?post=11319"}],"version-history":[{"count":1,"href":"https:\/\/chinafore.com\/es\/wp-json\/wp\/v2\/product\/11319\/revisions"}],"predecessor-version":[{"id":11320,"href":"https:\/\/chinafore.com\/es\/wp-json\/wp\/v2\/product\/11319\/revisions\/11320"}],"wp:featuredmedia":[{"embeddable":true,"href":"https:\/\/chinafore.com\/es\/wp-json\/wp\/v2\/media\/11321"}],"wp:attachment":[{"href":"https:\/\/chinafore.com\/es\/wp-json\/wp\/v2\/media?parent=11319"}],"wp:term":[{"taxonomy":"brand","embeddable":true,"href":"https:\/\/chinafore.com\/es\/wp-json\/wp\/v2\/etheme_brands?post=11319"},{"taxonomy":"product_brand","embeddable":true,"href":"https:\/\/chinafore.com\/es\/wp-json\/wp\/v2\/product_brand?post=11319"},{"taxonomy":"product_cat","embeddable":true,"href":"https:\/\/chinafore.com\/es\/wp-json\/wp\/v2\/product_cat?post=11319"},{"taxonomy":"product_tag","embeddable":true,"href":"https:\/\/chinafore.com\/es\/wp-json\/wp\/v2\/product_tag?post=11319"}],"curies":[{"name":"wp","href":"https:\/\/api.w.org\/{rel}","templated":true}]}}