{"id":11263,"date":"2024-05-30T12:26:00","date_gmt":"2024-05-30T12:26:00","guid":{"rendered":"https:\/\/green-giraffe-671934.hostingersite.com\/?post_type=product&#038;p=11263"},"modified":"2024-12-05T08:45:59","modified_gmt":"2024-12-05T08:45:59","slug":"profile-cfe","status":"publish","type":"product","link":"https:\/\/chinafore.com\/es\/producto\/perfil-cfe\/","title":{"rendered":"Perfil-CFE"},"content":{"rendered":"<div class=\"container-text\">\n<div style=\"text-align: center;\">\t<strong><span style=\"font-size:36px;\">Perfil-CFE<\/span><\/strong><\/p>\n<p>\t<img decoding=\"async\" alt=\"\" src=\"\/wp-content\/uploads\/2024\/05\/2-20031913540KI.jpg\" \/><\/p>\n<table id=\"biaoge\" align=\"center\" border=\"1\" cellpadding=\"1\" cellspacing=\"1\">\n<tbody>\n<tr>\n<td style=\"text-align: left;\">\t\t\t\t\t<strong><span style=\"font-size:14px;\">Datos t\u00e9cnicos:<\/span><\/strong><\/td>\n<\/tr>\n<tr>\n<td style=\"text-align: left;\">\t\t\t\t\tRevestimiento superficial: zincado<\/td>\n<\/tr>\n<\/tbody>\n<\/table>\n<p>\t<\/p>\n<table id=\"biaoge\" align=\"center\" border=\"1\" cellpadding=\"1\" cellspacing=\"1\">\n<tbody>\n<tr>\n<td>\t\t\t\t\t<strong><span style=\"font-size:14px;\">Nombre<\/span><\/strong><\/td>\n<td>\n<div>\t\t\t\t\t\t<strong><span style=\"font-size:14px;\">Longitud L (mm)<\/span><\/strong><\/div>\n<\/td>\n<td>\n<div>\t\t\t\t\t\t<strong><span style=\"font-size:14px;\">Tama\u00f1o A (mm)<\/span><\/strong><\/div>\n<\/td>\n<td>\n<div>\t\t\t\t\t\t<strong><span style=\"font-size:14px;\">Tama\u00f1o B (mm)<\/span><\/strong><\/div>\n<\/td>\n<td>\n<div>\t\t\t\t\t\t<strong><span style=\"font-size:14px;\">Tama\u00f1o C (mm)<\/span><\/strong><\/div>\n<\/td>\n<\/tr>\n<tr>\n<td>\t\t\t\t\tCFE 28\/30x400mm 1,75<\/td>\n<td>\t\t\t\t\t400<\/td>\n<td>\t\t\t\t\t30<\/td>\n<td>\t\t\t\t\t315<\/td>\n<td>\t\t\t\t\t100<\/td>\n<\/tr>\n<tr>\n<td>\t\t\t\t\tCFE 28\/30x600mm 1,75<\/td>\n<td>\t\t\t\t\t600<\/td>\n<td>\t\t\t\t\t30<\/td>\n<td>\t\t\t\t\t400<\/td>\n<td>\t\t\t\t\t100<\/td>\n<\/tr>\n<tr>\n<td>\t\t\t\t\tCFE 38\/40x400mm 2,00<\/td>\n<td>\t\t\t\t\t400<\/td>\n<td>\t\t\t\t\t40<\/td>\n<td>\t\t\t\t\t360<\/td>\n<td>\t\t\t\t\t55<\/td>\n<\/tr>\n<tr>\n<td>\t\t\t\t\tCFE 38\/40x600mm 2,00<\/td>\n<td>\t\t\t\t\t600<\/td>\n<td>\t\t\t\t\t40<\/td>\n<td>\t\t\t\t\t400<\/td>\n<td>\t\t\t\t\t55<\/td>\n<\/tr>\n<tr>\n<td>\t\t\t\t\tCFE 38\/40x770mm 2,00<\/td>\n<td>\t\t\t\t\t770<\/td>\n<td>\t\t\t\t\t40<\/td>\n<td>\t\t\t\t\t400<\/td>\n<td>\t\t\t\t\t55<\/td>\n<\/tr>\n<\/tbody>\n<\/table>\n<p>\t<\/p>\n<table id=\"biaoge\" align=\"center\" border=\"0\" cellpadding=\"1\" cellspacing=\"1\">\n<tbody>\n<tr>\n<td>\n<div style=\"text-align: left;\">\t\t\t\t\t\t<span style=\"font-size:14px;\">Para la fijaci\u00f3n a la pared se utilizan brazos en voladizo KLS. Un par de KLS&nbsp;<\/span><span style=\"font-size: 14px;\">Los brazos en voladizo tambi\u00e9n pueden utilizarse para la fijaci\u00f3n de diversos tipos de&nbsp;<\/span><span style=\"font-size: 14px;\">agregados, por ejemplo, aparatos de aire acondicionado, fuentes de energ\u00eda continua&nbsp;<\/span><span style=\"font-size: 14px;\">suministro, etc.<\/span><\/div>\n<div style=\"text-align: left;\">\t\t\t\t\t\t<span style=\"font-size:14px;\">Se pueden fabricar otras longitudes a petici\u00f3n de los clientes.<\/span><\/div>\n<div style=\"text-align: left;\">\t\t\t\t\t\t<span style=\"font-size:14px;\">Incluye un tap\u00f3n de pl\u00e1stico extra\u00edble.<\/span><\/div>\n<\/td>\n<\/tr>\n<\/tbody>\n<\/table>\n<p>\t<img decoding=\"async\" alt=\"\" src=\"\/wp-content\/uploads\/2024\/05\/2-2003191400111B.jpg\" style=\"width: 570px; height: 300px;\" \/><\/p>\n<\/div>","protected":false},"excerpt":{"rendered":"<p>Perfil-CFE<\/p>","protected":false},"featured_media":11265,"comment_status":"closed","ping_status":"closed","template":"","meta":[],"etheme_brands":[],"product_brand":[],"product_cat":[54],"product_tag":[],"class_list":{"0":"post-11263","1":"product","2":"type-product","3":"status-publish","4":"has-post-thumbnail","6":"product_cat-duct-hardware","8":"first","9":"instock","10":"shipping-taxable","11":"product-type-simple"},"_links":{"self":[{"href":"https:\/\/chinafore.com\/es\/wp-json\/wp\/v2\/product\/11263","targetHints":{"allow":["GET"]}}],"collection":[{"href":"https:\/\/chinafore.com\/es\/wp-json\/wp\/v2\/product"}],"about":[{"href":"https:\/\/chinafore.com\/es\/wp-json\/wp\/v2\/types\/product"}],"replies":[{"embeddable":true,"href":"https:\/\/chinafore.com\/es\/wp-json\/wp\/v2\/comments?post=11263"}],"version-history":[{"count":1,"href":"https:\/\/chinafore.com\/es\/wp-json\/wp\/v2\/product\/11263\/revisions"}],"predecessor-version":[{"id":11264,"href":"https:\/\/chinafore.com\/es\/wp-json\/wp\/v2\/product\/11263\/revisions\/11264"}],"wp:featuredmedia":[{"embeddable":true,"href":"https:\/\/chinafore.com\/es\/wp-json\/wp\/v2\/media\/11265"}],"wp:attachment":[{"href":"https:\/\/chinafore.com\/es\/wp-json\/wp\/v2\/media?parent=11263"}],"wp:term":[{"taxonomy":"brand","embeddable":true,"href":"https:\/\/chinafore.com\/es\/wp-json\/wp\/v2\/etheme_brands?post=11263"},{"taxonomy":"product_brand","embeddable":true,"href":"https:\/\/chinafore.com\/es\/wp-json\/wp\/v2\/product_brand?post=11263"},{"taxonomy":"product_cat","embeddable":true,"href":"https:\/\/chinafore.com\/es\/wp-json\/wp\/v2\/product_cat?post=11263"},{"taxonomy":"product_tag","embeddable":true,"href":"https:\/\/chinafore.com\/es\/wp-json\/wp\/v2\/product_tag?post=11263"}],"curies":[{"name":"wp","href":"https:\/\/api.w.org\/{rel}","templated":true}]}}