{"id":11166,"date":"2024-05-30T12:26:00","date_gmt":"2024-05-30T12:26:00","guid":{"rendered":"https:\/\/green-giraffe-671934.hostingersite.com\/?post_type=product&#038;p=11166"},"modified":"2024-12-05T08:45:45","modified_gmt":"2024-12-05T08:45:45","slug":"pvc-backdraught-shutters","status":"publish","type":"product","link":"https:\/\/chinafore.com\/es\/producto\/contraventanas-de-pvc\/","title":{"rendered":"Contraventanas de PVC"},"content":{"rendered":"<div class=\"container-text\">\n<div style=\"text-align: center;\">\t<strong><span style=\"font-size:36px;\">SMS-A<\/span><\/strong><\/p>\n<p>\t<img decoding=\"async\" alt=\"\" src=\"\/wp-content\/uploads\/2024\/05\/2-200330154332551.jpg\" \/><\/p>\n<table id=\"biaoge\" align=\"center\" border=\"1\" cellpadding=\"1\" cellspacing=\"1\">\n<tbody>\n<tr>\n<td>\t\t\t\t\t<strong><span style=\"font-size:14px;\">Tipo<\/span><\/strong><\/td>\n<td>\t\t\t\t\t<strong><span style=\"font-size:14px;\">A(mm)<\/span><\/strong><\/td>\n<td>\t\t\t\t\t<strong><span style=\"font-size:14px;\">B(mm)<\/span><\/strong><\/td>\n<\/tr>\n<tr>\n<td>\t\t\t\t\tSMS-A200<\/td>\n<td>\t\t\t\t\t242<\/td>\n<td>\t\t\t\t\t20<\/td>\n<\/tr>\n<tr>\n<td>\t\t\t\t\tSMS-A250<\/td>\n<td>\n<div>\t\t\t\t\t\t294<\/div>\n<\/td>\n<td>\t\t\t\t\t25<\/td>\n<\/tr>\n<tr>\n<td>\t\t\t\t\tSMS-A315<\/td>\n<td>\t\t\t\t\t357<\/td>\n<td>\t\t\t\t\t25<\/td>\n<\/tr>\n<tr>\n<td>\t\t\t\t\tSMS-A355<\/td>\n<td>\t\t\t\t\t405<\/td>\n<td>\t\t\t\t\t25<\/td>\n<\/tr>\n<\/tbody>\n<\/table>\n<p>\t<\/p>\n<table id=\"biaoge\" align=\"center\" border=\"0\" cellpadding=\"1\" cellspacing=\"1\">\n<tbody>\n<tr>\n<td>\n<div style=\"text-align: left;\">\t\t\t\t\t\t<span style=\"font-size:14px;\">- Aplicaci\u00f3n: Para extracci\u00f3n de aire en cualquier tipo de&nbsp;<\/span><span style=\"font-size: 14px;\">instalaci\u00f3n.<\/span><\/div>\n<div style=\"text-align: left;\">\t\t\t\t\t\t<span style=\"font-size:14px;\">- Las l\u00e1minas se abrir\u00e1n cuando la persiana est\u00e9&nbsp;<\/span><span style=\"font-size: 14px;\">expuesto a sobrepresi\u00f3n. Presi\u00f3n de 20 Pa<\/span><\/div>\n<div style=\"text-align: left;\">\t\t\t\t\t\t<span style=\"font-size:14px;\">para una velocidad del aire de 2 m\/s, 25 Pa para una velocidad del aire de&nbsp;<\/span><span style=\"font-size: 14px;\">3m\/s, y 30 Pa para una velocidad del aire de 4m\/s<\/span><\/div>\n<div style=\"text-align: left;\">\t\t\t\t\t\t<span style=\"font-size:14px;\">- Material: ABS<\/span><\/div>\n<div style=\"text-align: left;\">\t\t\t\t\t\t<span style=\"font-size:14px;\">- Composici\u00f3n: Armaz\u00f3n macizo de aluminio,<\/span><span style=\"font-size: 14px;\">terminado<\/span><\/div>\n<div style=\"text-align: left;\">\t\t\t\t\t\t<span style=\"font-size:14px;\">gris,<\/span><\/div>\n<div style=\"text-align: left;\">\t\t\t\t\t\t<span style=\"font-size:14px;\">RAL 7015 Gris<\/span><\/div>\n<div style=\"text-align: left;\">\t\t\t\t\t\t<span style=\"font-size:14px;\">Hojas de PVC<\/span><\/div>\n<\/td>\n<\/tr>\n<\/tbody>\n<\/table>\n<p>\t<img decoding=\"async\" alt=\"\" src=\"\/wp-content\/uploads\/2024\/05\/2-200330160222295.jpg\" \/><\/p>\n<\/div>","protected":false},"excerpt":{"rendered":"<p>Contraventanas de PVC<\/p>","protected":false},"featured_media":11168,"comment_status":"closed","ping_status":"closed","template":"","meta":[],"etheme_brands":[],"product_brand":[],"product_cat":[51],"product_tag":[],"class_list":{"0":"post-11166","1":"product","2":"type-product","3":"status-publish","4":"has-post-thumbnail","6":"product_cat-diffuser","8":"first","9":"instock","10":"shipping-taxable","11":"product-type-simple"},"_links":{"self":[{"href":"https:\/\/chinafore.com\/es\/wp-json\/wp\/v2\/product\/11166","targetHints":{"allow":["GET"]}}],"collection":[{"href":"https:\/\/chinafore.com\/es\/wp-json\/wp\/v2\/product"}],"about":[{"href":"https:\/\/chinafore.com\/es\/wp-json\/wp\/v2\/types\/product"}],"replies":[{"embeddable":true,"href":"https:\/\/chinafore.com\/es\/wp-json\/wp\/v2\/comments?post=11166"}],"version-history":[{"count":1,"href":"https:\/\/chinafore.com\/es\/wp-json\/wp\/v2\/product\/11166\/revisions"}],"predecessor-version":[{"id":11167,"href":"https:\/\/chinafore.com\/es\/wp-json\/wp\/v2\/product\/11166\/revisions\/11167"}],"wp:featuredmedia":[{"embeddable":true,"href":"https:\/\/chinafore.com\/es\/wp-json\/wp\/v2\/media\/11168"}],"wp:attachment":[{"href":"https:\/\/chinafore.com\/es\/wp-json\/wp\/v2\/media?parent=11166"}],"wp:term":[{"taxonomy":"brand","embeddable":true,"href":"https:\/\/chinafore.com\/es\/wp-json\/wp\/v2\/etheme_brands?post=11166"},{"taxonomy":"product_brand","embeddable":true,"href":"https:\/\/chinafore.com\/es\/wp-json\/wp\/v2\/product_brand?post=11166"},{"taxonomy":"product_cat","embeddable":true,"href":"https:\/\/chinafore.com\/es\/wp-json\/wp\/v2\/product_cat?post=11166"},{"taxonomy":"product_tag","embeddable":true,"href":"https:\/\/chinafore.com\/es\/wp-json\/wp\/v2\/product_tag?post=11166"}],"curies":[{"name":"wp","href":"https:\/\/api.w.org\/{rel}","templated":true}]}}