{"id":11138,"date":"2024-05-30T12:26:00","date_gmt":"2024-05-30T12:26:00","guid":{"rendered":"https:\/\/green-giraffe-671934.hostingersite.com\/?post_type=product&#038;p=11138"},"modified":"2024-12-05T08:45:42","modified_gmt":"2024-12-05T08:45:42","slug":"automotive-r-134a-3-in-1-vacuum-charge-recover-core-tool","status":"publish","type":"product","link":"https:\/\/chinafore.com\/es\/producto\/automotive-r-134a-3-en-1-vacuum-charge-recover-core-tool\/","title":{"rendered":"Herramienta de vac\u00edo\/recuperaci\u00f3n de n\u00facleos 3 en 1 para R-134a de automoci\u00f3n"},"content":{"rendered":"<div class=\"container-text\">\n<div style=\"text-align: center;\">\t<strong><span style=\"font-size:36px;\">Herramienta de vac\u00edo\/recuperaci\u00f3n de n\u00facleos 3 en 1 para R-134a de automoci\u00f3n<\/span><\/strong><\/p>\n<p>\t<img decoding=\"async\" alt=\"\" src=\"\/wp-content\/uploads\/2024\/05\/2-2004011343401A.jpg\" \/><\/p>\n<table id=\"biaoge\" align=\"center\" border=\"1\" cellpadding=\"1\" cellspacing=\"1\">\n<tbody>\n<tr>\n<td>\t\t\t\t\t<strong><span style=\"font-size:14px;\">PUNTO<\/span><\/strong><\/td>\n<td>\t\t\t\t\t<strong><span style=\"font-size:14px;\">Descripci\u00f3n<\/span><\/strong><\/td>\n<\/tr>\n<tr>\n<td>\t\t\t\t\tVC035A<\/td>\n<td>\t\t\t\t\tHerramienta de n\u00facleo de v\u00e1lvula autom\u00e1tica de R-134a de lado alto<\/td>\n<\/tr>\n<tr>\n<td>\t\t\t\t\tVC035B<\/td>\n<td>\t\t\t\t\tHerramienta de n\u00facleo de v\u00e1lvula autom\u00e1tica de lado bajo de R-134a<\/td>\n<\/tr>\n<tr>\n<td>\t\t\t\t\tVC038A<\/td>\n<td>\t\t\t\t\tHerramienta de n\u00facleo de v\u00e1lvula autom\u00e1tica de R-134a de lado alto con funci\u00f3n de carga<\/td>\n<\/tr>\n<tr>\n<td>\t\t\t\t\tVC038B<\/td>\n<td>\t\t\t\t\tHerramienta de n\u00facleo de v\u00e1lvula autom\u00e1tica de lado bajo de R-134a con funci\u00f3n de carga<\/td>\n<\/tr>\n<tr>\n<td>\t\t\t\t\t033C<\/td>\n<td>\t\t\t\t\t\"Kit de juntas t\u00f3ricas para VC035A Hi\/VC038A Hi.<\/td>\n<\/tr>\n<tr>\n<td>\t\t\t\t\t034C<\/td>\n<td>\t\t\t\t\t\"Kit de junta t\u00f3rica para VC035B Lo\/VC038B Lo.<\/td>\n<\/tr>\n<\/tbody>\n<\/table>\n<p>\t<\/p>\n<table id=\"biaoge\" align=\"center\" border=\"0\" cellpadding=\"1\" cellspacing=\"1\">\n<tbody>\n<tr>\n<td>\n<div style=\"text-align: left;\">\t\t\t\t\t\t<span style=\"font-size:14px;\">1. Extracci\u00f3n del n\u00facleo para vac\u00edo y&nbsp;<\/span><span style=\"font-size: 14px;\">cargos. Le permite evacuar&nbsp;<\/span><span style=\"font-size: 14px;\">y carga a trav\u00e9s de un<br \/>\t\t\t\t\t\t&nbsp; &nbsp; l\u00ednea no restringida&nbsp;<\/span><span style=\"font-size: 14px;\">para aumentar la velocidad&nbsp;<\/span><span style=\"font-size: 14px;\">y mayor vac\u00edo.<\/span><\/div>\n<div style=\"text-align: left;\">\t\t\t\t\t\t<span style=\"font-size:14px;\">2. Sustituci\u00f3n del n\u00facleo.<\/span><\/div>\n<div style=\"text-align: left;\">\t\t\t\t\t\t<span style=\"font-size:14px;\">3. V\u00e1lvula de recuperaci\u00f3n. La extracci\u00f3n del n\u00facleo permite&nbsp;<\/span><span style=\"font-size: 14px;\">unidad de recuperaci\u00f3n para trabajar en<\/span><\/div>\n<\/td>\n<\/tr>\n<\/tbody>\n<\/table>\n<p>\t<img decoding=\"async\" alt=\"\" src=\"\/wp-content\/uploads\/2024\/05\/2-20040113503bU.jpg\" style=\"width: 570px; height: 300px;\" \/><\/p>\n<\/div>","protected":false},"excerpt":{"rendered":"<p>Herramienta de vac\u00edo\/recuperaci\u00f3n de n\u00facleos 3 en 1 para R-134a de automoci\u00f3n<\/p>","protected":false},"featured_media":11140,"comment_status":"closed","ping_status":"closed","template":"","meta":[],"etheme_brands":[],"product_brand":[],"product_cat":[63],"product_tag":[],"class_list":{"0":"post-11138","1":"product","2":"type-product","3":"status-publish","4":"has-post-thumbnail","6":"product_cat-manifold","8":"first","9":"instock","10":"shipping-taxable","11":"product-type-simple"},"_links":{"self":[{"href":"https:\/\/chinafore.com\/es\/wp-json\/wp\/v2\/product\/11138","targetHints":{"allow":["GET"]}}],"collection":[{"href":"https:\/\/chinafore.com\/es\/wp-json\/wp\/v2\/product"}],"about":[{"href":"https:\/\/chinafore.com\/es\/wp-json\/wp\/v2\/types\/product"}],"replies":[{"embeddable":true,"href":"https:\/\/chinafore.com\/es\/wp-json\/wp\/v2\/comments?post=11138"}],"version-history":[{"count":1,"href":"https:\/\/chinafore.com\/es\/wp-json\/wp\/v2\/product\/11138\/revisions"}],"predecessor-version":[{"id":11139,"href":"https:\/\/chinafore.com\/es\/wp-json\/wp\/v2\/product\/11138\/revisions\/11139"}],"wp:featuredmedia":[{"embeddable":true,"href":"https:\/\/chinafore.com\/es\/wp-json\/wp\/v2\/media\/11140"}],"wp:attachment":[{"href":"https:\/\/chinafore.com\/es\/wp-json\/wp\/v2\/media?parent=11138"}],"wp:term":[{"taxonomy":"brand","embeddable":true,"href":"https:\/\/chinafore.com\/es\/wp-json\/wp\/v2\/etheme_brands?post=11138"},{"taxonomy":"product_brand","embeddable":true,"href":"https:\/\/chinafore.com\/es\/wp-json\/wp\/v2\/product_brand?post=11138"},{"taxonomy":"product_cat","embeddable":true,"href":"https:\/\/chinafore.com\/es\/wp-json\/wp\/v2\/product_cat?post=11138"},{"taxonomy":"product_tag","embeddable":true,"href":"https:\/\/chinafore.com\/es\/wp-json\/wp\/v2\/product_tag?post=11138"}],"curies":[{"name":"wp","href":"https:\/\/api.w.org\/{rel}","templated":true}]}}