{"id":11087,"date":"2024-05-30T12:26:00","date_gmt":"2024-05-30T12:26:00","guid":{"rendered":"https:\/\/green-giraffe-671934.hostingersite.com\/?post_type=product&#038;p=11087"},"modified":"2024-12-05T08:45:34","modified_gmt":"2024-12-05T08:45:34","slug":"large-3-1-8%ef%bc%82-dry-manifold-gauges-f-red-and-blue-with-1","status":"publish","type":"product","link":"https:\/\/chinafore.com\/es\/producto\/grande-3-1-8\uff02-manometros-de-colector-seco-f-rojo-y-azul-con-1\/","title":{"rendered":"Man\u00f3metros grandes de colector seco de 3-1\/8\" (\u00b0F) rojo y azul con 1%"},"content":{"rendered":"<div class=\"container-text\">\n<div style=\"text-align: center;\">\t<strong><span style=\"font-size:36px;\">Grandes man\u00f3metros de colector seco de 3-1\/8\" (\u00b0F) rojo y azul con precisi\u00f3n 1%<\/span><\/strong><\/div>\n<div style=\"text-align: center;\">\t<strong><span style=\"font-size:36px;\">(Clase 1) calibraci\u00f3n<\/span><\/strong><\/p>\n<p>\t<img decoding=\"async\" alt=\"\" src=\"\/wp-content\/uploads\/2024\/05\/2-2004021A15c33.jpg\" \/><\/p>\n<table id=\"biaoge\" align=\"center\" border=\"1\" cellpadding=\"1\" cellspacing=\"1\">\n<tbody>\n<tr>\n<td>\t\t\t\t\t<strong><span style=\"font-size:14px;\">PUNTO<\/span><\/strong><\/td>\n<td>\t\t\t\t\t<strong><span style=\"font-size:14px;\">Talla<\/span><\/strong><\/td>\n<td>\t\t\t\t\t<strong><span style=\"font-size:14px;\">Descripci\u00f3n<\/span><\/strong><\/td>\n<td>\t\t\t\t\t<strong><span style=\"font-size:14px;\">Pulse. Escala<\/span><\/strong><\/td>\n<td>\t\t\t\t\t<strong><span style=\"font-size:14px;\">Refrigerantes<\/span><\/strong><\/td>\n<\/tr>\n<tr>\n<td>\t\t\t\t\tCF4001A<\/td>\n<td>\t\t\t\t\t3-1\/8\"<\/td>\n<td>\t\t\t\t\tPresi\u00f3n roja<\/td>\n<td>\t\t\t\t\t0 - 500 psi<\/td>\n<td>\t\t\t\t\tR-12, 22, 502<\/td>\n<\/tr>\n<tr>\n<td>\t\t\t\t\tCF4001B<\/td>\n<td>\t\t\t\t\t3-1\/8\"<\/td>\n<td>\t\t\t\t\tCompuesto azul<\/td>\n<td>\t\t\t\t\t30\"-0-120** psi<\/td>\n<td>\t\t\t\t\tR-12, 22, 502<\/td>\n<\/tr>\n<tr>\n<td>\t\t\t\t\tCF4002A<\/td>\n<td>\t\t\t\t\t3-1\/8\"<\/td>\n<td>\t\t\t\t\tPresi\u00f3n roja<\/td>\n<td>\t\t\t\t\t0 - 500 psi<\/td>\n<td>\t\t\t\t\tR-12, 22, 134a<\/td>\n<\/tr>\n<tr>\n<td>\t\t\t\t\tCF4002B<\/td>\n<td>\t\t\t\t\t3-1\/8\"<\/td>\n<td>\t\t\t\t\tCompuesto azul<\/td>\n<td>\t\t\t\t\t30\"-0-120** psi<\/td>\n<td>\t\t\t\t\tR-12, 22, 134a<\/td>\n<\/tr>\n<tr>\n<td>\t\t\t\t\tCF4003A<\/td>\n<td>\t\t\t\t\t3-1\/8\"<\/td>\n<td>\t\t\t\t\tPresi\u00f3n roja<\/td>\n<td>\t\t\t\t\t0 - 500 psi<\/td>\n<td>\t\t\t\t\tR-22, 134a, 404A<\/td>\n<\/tr>\n<tr>\n<td>\t\t\t\t\tCF4003B<\/td>\n<td>\t\t\t\t\t3-1\/8\"<\/td>\n<td>\t\t\t\t\tCompuesto azul<\/td>\n<td>\t\t\t\t\t30\"-0-120** psi<\/td>\n<td>\t\t\t\t\tR-22, 134a, 404A<\/td>\n<\/tr>\n<tr>\n<td>\t\t\t\t\tCF4004A<\/td>\n<td>\t\t\t\t\t3-1\/8\"<\/td>\n<td>\t\t\t\t\tPresi\u00f3n roja<\/td>\n<td>\t\t\t\t\t0 - 800 bar\/psi<\/td>\n<td>\t\t\t\t\tR-410A<\/td>\n<\/tr>\n<tr>\n<td>\t\t\t\t\tCF4004B<\/td>\n<td>\t\t\t\t\t3-1\/8\"<\/td>\n<td>\t\t\t\t\tCompuesto azul<\/td>\n<td>\t\t\t\t\t30\"-0-300*** bar\/psi<\/td>\n<td>\t\t\t\t\tR-410A<\/td>\n<\/tr>\n<tr>\n<td>\t\t\t\t\tCF4005A<\/td>\n<td>\t\t\t\t\t3-1\/8\"<\/td>\n<td>\t\t\t\t\tPresi\u00f3n roja<\/td>\n<td>\t\t\t\t\t0 - 800 psi<\/td>\n<td>\t\t\t\t\tR-22, 404A, 410A<\/td>\n<\/tr>\n<tr>\n<td>\t\t\t\t\tCF4005B<\/td>\n<td>\t\t\t\t\t3-1\/8\"<\/td>\n<td>\t\t\t\t\tCompuesto azul<\/td>\n<td>\t\t\t\t\t30\"-0-350*** psi<\/td>\n<td>\t\t\t\t\tR-22, 404A, 410A<\/td>\n<\/tr>\n<tr>\n<td>\t\t\t\t\tCF4006A<\/td>\n<td>\t\t\t\t\t3-1\/8\"<\/td>\n<td>\t\t\t\t\tPresi\u00f3n roja<\/td>\n<td>\t\t\t\t\t0 - 500 psi<\/td>\n<td>\t\t\t\t\tR-134a, 404A, 407C<\/td>\n<\/tr>\n<tr>\n<td>\t\t\t\t\tCF4006B<\/td>\n<td>\t\t\t\t\t3-1\/8\"<\/td>\n<td>\t\t\t\t\tCompuesto azul<\/td>\n<td>\t\t\t\t\t30\"-0-120** psi<\/td>\n<td>\t\t\t\t\tR-134a, 404A, 407C<\/td>\n<\/tr>\n<\/tbody>\n<\/table>\n<p>\t<\/p>\n<table id=\"biaoge\" align=\"center\" border=\"0\" cellpadding=\"1\" cellspacing=\"1\">\n<tbody>\n<tr>\n<td>\n<div style=\"text-align: left;\">\t\t\t\t\t\t<span style=\"font-size:14px;\">Para un rendimiento y una durabilidad fiables, estos man\u00f3metros de 3-1\/8\" se alojan en una carcasa roja o azul<\/span><\/div>\n<div style=\"text-align: left;\">\t\t\t\t\t\t<span style=\"font-size:14px;\">Caja de acero con tornillo recalibrador frontal. Escalas de temperatura de colores de alta visibilidad&nbsp;<\/span><span style=\"font-size: 14px;\">f\u00e1cil de leer a trav\u00e9s del cristal de policarbonato de visi\u00f3n completa.<\/span><\/div>\n<div style=\"text-align: left;\">\t\t\t\t\t\t<span style=\"font-size:14px;\">Varias caracter\u00edsticas se combinan para mejorar la precisi\u00f3n:<\/span><\/div>\n<div style=\"text-align: left;\">\t\t\t\t\t\t<span style=\"font-size:14px;\">Tecnolog\u00eda con protector de sobretensi\u00f3n de lat\u00f3n para minimizar las pulsaciones del cuello;<\/span><\/div>\n<div style=\"text-align: left;\">\t\t\t\t\t\t<span style=\"font-size:14px;\">movimiento de calibre de lat\u00f3n y bourdon de aleaci\u00f3n de cobre&nbsp;<\/span><span style=\"font-size: 14px;\">tubo.<\/span><\/div>\n<div style=\"text-align: left;\">\t\t\t\t\t\t<span style=\"font-size:14px;\">\u25cf Conexi\u00f3n 1\/8\" NPT Macho.<\/span><\/div>\n<div style=\"text-align: left;\">\t\t\t\t\t\t<span style=\"font-size:14px;\">\u25cf Calibrado con una precisi\u00f3n de 1% en la planta.<\/span><\/div>\n<div style=\"text-align: left;\">\t\t\t\t\t\t<span style=\"font-size:14px;\">* Estos man\u00f3metros tienen \u00b0C y \u00b0F en el dial<\/span><\/div>\n<div style=\"text-align: left;\">\t\t\t\t\t\t<span style=\"font-size:14px;\">** Protecci\u00f3n contra retardo hasta 350 psi<\/span><\/div>\n<div style=\"text-align: left;\">\t\t\t\t\t\t<span style=\"font-size:14px;\">*** Presenta protecci\u00f3n retardada hasta 500 psi<\/span><\/div>\n<\/td>\n<\/tr>\n<\/tbody>\n<\/table>\n<\/div>\n<p><\/div>","protected":false},"excerpt":{"rendered":"<p>Man\u00f3metros grandes de colector seco de 3-1\/8\" (\u00b0F) rojo y azul con 1%<\/p>","protected":false},"featured_media":11089,"comment_status":"closed","ping_status":"closed","template":"","meta":[],"etheme_brands":[],"product_brand":[],"product_cat":[63],"product_tag":[],"class_list":{"0":"post-11087","1":"product","2":"type-product","3":"status-publish","4":"has-post-thumbnail","6":"product_cat-manifold","8":"first","9":"instock","10":"shipping-taxable","11":"product-type-simple"},"_links":{"self":[{"href":"https:\/\/chinafore.com\/es\/wp-json\/wp\/v2\/product\/11087","targetHints":{"allow":["GET"]}}],"collection":[{"href":"https:\/\/chinafore.com\/es\/wp-json\/wp\/v2\/product"}],"about":[{"href":"https:\/\/chinafore.com\/es\/wp-json\/wp\/v2\/types\/product"}],"replies":[{"embeddable":true,"href":"https:\/\/chinafore.com\/es\/wp-json\/wp\/v2\/comments?post=11087"}],"version-history":[{"count":1,"href":"https:\/\/chinafore.com\/es\/wp-json\/wp\/v2\/product\/11087\/revisions"}],"predecessor-version":[{"id":11088,"href":"https:\/\/chinafore.com\/es\/wp-json\/wp\/v2\/product\/11087\/revisions\/11088"}],"wp:featuredmedia":[{"embeddable":true,"href":"https:\/\/chinafore.com\/es\/wp-json\/wp\/v2\/media\/11089"}],"wp:attachment":[{"href":"https:\/\/chinafore.com\/es\/wp-json\/wp\/v2\/media?parent=11087"}],"wp:term":[{"taxonomy":"brand","embeddable":true,"href":"https:\/\/chinafore.com\/es\/wp-json\/wp\/v2\/etheme_brands?post=11087"},{"taxonomy":"product_brand","embeddable":true,"href":"https:\/\/chinafore.com\/es\/wp-json\/wp\/v2\/product_brand?post=11087"},{"taxonomy":"product_cat","embeddable":true,"href":"https:\/\/chinafore.com\/es\/wp-json\/wp\/v2\/product_cat?post=11087"},{"taxonomy":"product_tag","embeddable":true,"href":"https:\/\/chinafore.com\/es\/wp-json\/wp\/v2\/product_tag?post=11087"}],"curies":[{"name":"wp","href":"https:\/\/api.w.org\/{rel}","templated":true}]}}