{"id":11079,"date":"2024-05-30T12:26:00","date_gmt":"2024-05-30T12:26:00","guid":{"rendered":"https:\/\/green-giraffe-671934.hostingersite.com\/?post_type=product&#038;p=11079"},"modified":"2024-12-05T08:45:33","modified_gmt":"2024-12-05T08:45:33","slug":"9%ef%bc%82-and-low-loss-adapter-hoses","status":"publish","type":"product","link":"https:\/\/chinafore.com\/es\/producto\/9\uff02-y-mangueras-adaptadoras-de-baja-perdida\/","title":{"rendered":"9\" Y mangueras adaptadoras de baja p\u00e9rdida"},"content":{"rendered":"<div class=\"container-text\">\n<div style=\"text-align: center;\">\t<strong><span style=\"font-size:36px;\">9\" Y mangueras adaptadoras de baja p\u00e9rdida<\/span><\/strong><\/p>\n<p>\t<img decoding=\"async\" alt=\"\" src=\"\/wp-content\/uploads\/2024\/05\/2-2004030U524556.jpg\" \/><\/p>\n<table id=\"biaoge\" align=\"center\" border=\"1\" cellpadding=\"1\" cellspacing=\"1\">\n<caption>\t\t\t<strong><span style=\"font-size:16px;\">Conjuntos compactos de v\u00e1lvulas de bola<\/span><\/strong><\/caption>\n<tbody>\n<tr>\n<td>\t\t\t\t\t<strong><span style=\"font-size:14px;\">PUNTO<\/span><\/strong><\/td>\n<td>\t\t\t\t\t<strong><span style=\"font-size:14px;\">Descripci\u00f3n<\/span><\/strong><\/td>\n<\/tr>\n<tr>\n<td>\t\t\t\t\t312<\/td>\n<td>\t\t\t\t\t1\/4\" adaptador de v\u00e1lvula de bola amarilla<\/td>\n<\/tr>\n<tr>\n<td>\t\t\t\t\t313<\/td>\n<td>\t\t\t\t\t1\/4\" adaptador v\u00e1lvula de bola azul<\/td>\n<\/tr>\n<tr>\n<td>\t\t\t\t\t314<\/td>\n<td>\t\t\t\t\t1\/4\" adaptador de v\u00e1lvula de bola roja<\/td>\n<\/tr>\n<tr>\n<td>\t\t\t\t\t315<\/td>\n<td>\t\t\t\t\t3 - pak: 312, 313, 314<\/td>\n<\/tr>\n<tr>\n<td>\t\t\t\t\t316<\/td>\n<td>\t\t\t\t\tV\u00e1lvula de bola compacta 1\/4\" - 3 Pak<\/td>\n<\/tr>\n<tr>\n<td>\t\t\t\t\t317<\/td>\n<td>\t\t\t\t\tv\u00e1lvula de bola compacta 1\/4\" - 45\u00b0 - 1ud<\/td>\n<\/tr>\n<\/tbody>\n<\/table>\n<p>\t<\/p>\n<table id=\"biaoge\" align=\"center\" border=\"1\" cellpadding=\"1\" cellspacing=\"1\">\n<caption>\t\t\t<strong><span style=\"font-size:16px;\">Montajes<\/span><\/strong><\/caption>\n<tbody>\n<tr>\n<td>\t\t\t\t\t<strong><span style=\"font-size:14px;\">PUNTO<\/span><\/strong><\/td>\n<td>\t\t\t\t\t<strong><span style=\"font-size:14px;\">Descripci\u00f3n<\/span><\/strong><\/td>\n<\/tr>\n<tr>\n<td>\t\t\t\t\t322<\/td>\n<td>\t\t\t\t\tAdaptador 1\/4\" amarillo<\/td>\n<\/tr>\n<tr>\n<td>\t\t\t\t\t323<\/td>\n<td>\t\t\t\t\tAdaptador 1\/4\" azul<\/td>\n<\/tr>\n<tr>\n<td>\t\t\t\t\t324<\/td>\n<td>\t\t\t\t\tAdaptador 1\/4\" rojo<\/td>\n<\/tr>\n<tr>\n<td>\t\t\t\t\t325<\/td>\n<td>\t\t\t\t\tPaquete de 3: 322, 323, 324<\/td>\n<\/tr>\n<tr>\n<td>\t\t\t\t\t326<\/td>\n<td>\t\t\t\t\tAdaptador de 1\/4<\/td>\n<\/tr>\n<tr>\n<td>\t\t\t\t\t327<\/td>\n<td>\t\t\t\t\tAdaptador de alta resistencia de 3\/8<\/td>\n<\/tr>\n<tr>\n<td>\t\t\t\t\t328<\/td>\n<td>\t\t\t\t\tAdaptador \"B\" est\u00e1ndar amarillo<\/td>\n<\/tr>\n<tr>\n<td>\t\t\t\t\t329<\/td>\n<td>\t\t\t\t\tAdaptador Acme 1\/2\" amarillo<\/td>\n<\/tr>\n<tr>\n<td>\t\t\t\t\t330<\/td>\n<td>\t\t\t\t\tJuego de 2 asas y tornillos<\/td>\n<\/tr>\n<tr>\n<td>\t\t\t\t\t331<\/td>\n<td>\t\t\t\t\tV\u00e1lvula de bola de repuesto de 1\/4\" solamente<\/td>\n<\/tr>\n<tr>\n<td>\t\t\t\t\t332<\/td>\n<td>\t\t\t\t\tV\u00e1lvula de bola de repuesto de 3\/8\" solamente<\/td>\n<\/tr>\n<tr>\n<td>\t\t\t\t\t333<\/td>\n<td>\t\t\t\t\tS\u00f3lo manguera amarilla de recambio<\/td>\n<\/tr>\n<tr>\n<td>\t\t\t\t\t334<\/td>\n<td>\t\t\t\t\tManguera azul de recambio solamente<\/td>\n<\/tr>\n<tr>\n<td>\t\t\t\t\t335<\/td>\n<td>\t\t\t\t\tManguera roja de repuesto solamente<\/td>\n<\/tr>\n<\/tbody>\n<\/table>\n<p>\t<\/p>\n<table id=\"biaoge\" align=\"center\" border=\"0\" cellpadding=\"1\" cellspacing=\"1\">\n<tbody>\n<tr>\n<td>\n<div style=\"text-align: left;\">\t\t\t\t\t\t<span style=\"font-size:14px;\">F\u00e1cil adaptaci\u00f3n de las mangueras existentes con capacidad de v\u00e1lvula de bola. Manguera flexible entre la v\u00e1lvula y el accesorio para su manejo en zonas estrechas.<\/span><\/div>\n<div style=\"text-align: left;\">\t\t\t\t\t\t<span style=\"font-size:14px;\">Temperatura de funcionamiento -28,8\u00b0C a 82,2\u00b0C (-20\u00b0F a 180\u00b0F)<\/span><\/div>\n<\/td>\n<\/tr>\n<\/tbody>\n<\/table>\n<p><\/div>","protected":false},"excerpt":{"rendered":"<p>9\" Y mangueras adaptadoras de baja p\u00e9rdida<\/p>","protected":false},"featured_media":11081,"comment_status":"closed","ping_status":"closed","template":"","meta":[],"etheme_brands":[],"product_brand":[],"product_cat":[63],"product_tag":[],"class_list":{"0":"post-11079","1":"product","2":"type-product","3":"status-publish","4":"has-post-thumbnail","6":"product_cat-manifold","8":"first","9":"instock","10":"shipping-taxable","11":"product-type-simple"},"_links":{"self":[{"href":"https:\/\/chinafore.com\/es\/wp-json\/wp\/v2\/product\/11079","targetHints":{"allow":["GET"]}}],"collection":[{"href":"https:\/\/chinafore.com\/es\/wp-json\/wp\/v2\/product"}],"about":[{"href":"https:\/\/chinafore.com\/es\/wp-json\/wp\/v2\/types\/product"}],"replies":[{"embeddable":true,"href":"https:\/\/chinafore.com\/es\/wp-json\/wp\/v2\/comments?post=11079"}],"version-history":[{"count":1,"href":"https:\/\/chinafore.com\/es\/wp-json\/wp\/v2\/product\/11079\/revisions"}],"predecessor-version":[{"id":11080,"href":"https:\/\/chinafore.com\/es\/wp-json\/wp\/v2\/product\/11079\/revisions\/11080"}],"wp:featuredmedia":[{"embeddable":true,"href":"https:\/\/chinafore.com\/es\/wp-json\/wp\/v2\/media\/11081"}],"wp:attachment":[{"href":"https:\/\/chinafore.com\/es\/wp-json\/wp\/v2\/media?parent=11079"}],"wp:term":[{"taxonomy":"brand","embeddable":true,"href":"https:\/\/chinafore.com\/es\/wp-json\/wp\/v2\/etheme_brands?post=11079"},{"taxonomy":"product_brand","embeddable":true,"href":"https:\/\/chinafore.com\/es\/wp-json\/wp\/v2\/product_brand?post=11079"},{"taxonomy":"product_cat","embeddable":true,"href":"https:\/\/chinafore.com\/es\/wp-json\/wp\/v2\/product_cat?post=11079"},{"taxonomy":"product_tag","embeddable":true,"href":"https:\/\/chinafore.com\/es\/wp-json\/wp\/v2\/product_tag?post=11079"}],"curies":[{"name":"wp","href":"https:\/\/api.w.org\/{rel}","templated":true}]}}