{"id":11071,"date":"2024-05-30T12:26:00","date_gmt":"2024-05-30T12:26:00","guid":{"rendered":"https:\/\/green-giraffe-671934.hostingersite.com\/?post_type=product&#038;p=11071"},"modified":"2024-12-05T08:45:32","modified_gmt":"2024-12-05T08:45:32","slug":"1-2%ef%bc%82-and-5-8%ef%bc%82-heavy-duty-combination-charging-hi-vacuum-h","status":"publish","type":"product","link":"https:\/\/chinafore.com\/es\/producto\/1-2\uff02-y-5-8\uff02-combinacion-de-carga-pesada-hi-vacio-h\/","title":{"rendered":"1\/2\" y 5\/8\" combinaci\u00f3n de carga\/hi-vac\u00edo de alta resistencia h"},"content":{"rendered":"<div class=\"container-text\">\n<div style=\"text-align: center;\">\t<strong><span style=\"font-size:36px;\">Manguera combinada de carga\/hi-vac\u00edo de alta resistencia de 1\/2\" y 5\/8<\/span><\/strong><\/p>\n<p>\t<img decoding=\"async\" alt=\"\" src=\"\/wp-content\/uploads\/2024\/05\/2-200403110645943.jpg\" \/><\/p>\n<table id=\"biaoge\" align=\"center\" border=\"1\" cellpadding=\"1\" cellspacing=\"1\">\n<tbody>\n<tr>\n<td>\t\t\t\t\t<strong><span style=\"font-size:14px;\">PUNTO<\/span><\/strong><\/td>\n<td>\t\t\t\t\t<strong><span style=\"font-size:14px;\">Descripci\u00f3n<\/span><\/strong><\/td>\n<\/tr>\n<tr>\n<td>\t\t\t\t\t8452<\/td>\n<td>\t\t\t\t\t1\/2\" y 5\/8\" Juntas de recambio<\/td>\n<\/tr>\n<tr>\n<td>\t\t\t\t\t8443<\/td>\n<td>\t\t\t\t\t1\/4\" Junta de recambio<\/td>\n<\/tr>\n<tr>\n<td>\t\t\t\t\t8448<\/td>\n<td>\t\t\t\t\t3\/8\" Junta de recambio<\/td>\n<\/tr>\n<\/tbody>\n<\/table>\n<p>\t<\/p>\n<table id=\"biaoge\" align=\"center\" border=\"1\" cellpadding=\"1\" cellspacing=\"1\">\n<caption>\t\t\t<strong><span style=\"font-size:16px;\">Los m\u00e1s seleccionados<\/span><\/strong><\/caption>\n<tbody>\n<tr>\n<td>\t\t\t\t\t<strong><span style=\"font-size:14px;\">L.<\/span><\/strong><\/td>\n<td>\n<div>\t\t\t\t\t\t<strong><span style=\"font-size:14px;\">\"C\" 1\/2\" ft.<\/span><\/strong><\/div>\n<div>\t\t\t\t\t\t<strong><span style=\"font-size:14px;\">x 1\/2\" ft.<\/span><\/strong><\/div>\n<\/td>\n<td>\n<div>\t\t\t\t\t\t<strong><span style=\"font-size:14px;\">\"D\" 5\/8\" fl.<\/span><\/strong><\/div>\n<div>\t\t\t\t\t\t<strong><span style=\"font-size:14px;\">x 5\/8\" fl.<\/span><\/strong><\/div>\n<\/td>\n<\/tr>\n<tr>\n<td>\t\t\t\t\t36\"<\/td>\n<td>\t\t\t\t\t350 C-36\"<\/td>\n<td>\t\t\t\t\t350 D-36\"<\/td>\n<\/tr>\n<tr>\n<td>\t\t\t\t\t48\"<\/td>\n<td>\t\t\t\t\t350 C-48\"<\/td>\n<td>\t\t\t\t\t350 D-48\"<\/td>\n<\/tr>\n<tr>\n<td>\t\t\t\t\t60\"<\/td>\n<td>\t\t\t\t\t350 C-60\"<\/td>\n<td>\t\t\t\t\t350 D-60\"<\/td>\n<\/tr>\n<tr>\n<td>\t\t\t\t\t72\"<\/td>\n<td>\n<div>\t\t\t\t\t\t350 C-72\"<\/div>\n<\/td>\n<td>\n<div>\t\t\t\t\t\t350 D-72\"<\/div>\n<\/td>\n<\/tr>\n<tr>\n<td>\t\t\t\t\t96\"<\/td>\n<td>\t\t\t\t\t350 C-96\"<\/td>\n<td>\t\t\t\t\t350 D-96\"<\/td>\n<\/tr>\n<tr>\n<td>\t\t\t\t\t10&#39;<\/td>\n<td>\t\t\t\t\t350 C-120\"<\/td>\n<td>\t\t\t\t\t350 D-120\"<\/td>\n<\/tr>\n<tr>\n<td>\t\t\t\t\t12&#39;<\/td>\n<td>\t\t\t\t\t350 C-144\"<\/td>\n<td>\t\t\t\t\t350 D-144\"<\/td>\n<\/tr>\n<tr>\n<td>\t\t\t\t\t25&#39;<\/td>\n<td>\t\t\t\t\t350 C-300\"<\/td>\n<td>\t\t\t\t\t350 D-300\"<\/td>\n<\/tr>\n<tr>\n<td>\t\t\t\t\t50&#39;<\/td>\n<td>\t\t\t\t\t350 C-600\"<\/td>\n<td>\t\t\t\t\t350 D-600\"<\/td>\n<\/tr>\n<\/tbody>\n<\/table>\n<p>\t<\/p>\n<table id=\"biaoge\" align=\"center\" border=\"1\" cellpadding=\"1\" cellspacing=\"1\">\n<caption>\t\t\t<strong><span style=\"font-size:16px;\">Otras selecciones<\/span><\/strong><\/caption>\n<tbody>\n<tr>\n<td>\t\t\t\t\t<strong><span style=\"font-size:14px;\">L.<\/span><\/strong><\/td>\n<td>\n<div>\t\t\t\t\t\t<strong><span style=\"font-size:14px;\">\"CA\" 1\/4\"<\/span><\/strong><\/div>\n<div>\t\t\t\t\t\t<strong><span style=\"font-size:14px;\">extremo angular x 1\/2\" ft.<\/span><\/strong><\/div>\n<\/td>\n<td>\n<div>\t\t\t\t\t\t<strong><span style=\"font-size:14px;\">\"DA\" 1\/4\"<\/span><\/strong><\/div>\n<div>\t\t\t\t\t\t<strong><span style=\"font-size:14px;\">extremo angular x 5\/8\" fl.<\/span><\/strong><\/div>\n<\/td>\n<td>\n<div>\t\t\t\t\t\t<strong><span style=\"font-size:14px;\">1\/ 2\" fl.<\/span><\/strong><\/div>\n<div>\t\t\t\t\t\t<strong><span style=\"font-size:14px;\">x 3\/8\" fl.<\/span><\/strong><\/div>\n<\/td>\n<td>\n<div>\t\t\t\t\t\t<strong><span style=\"font-size:14px;\">3\/8\" fl<\/span><\/strong><\/div>\n<div>\t\t\t\t\t\t<strong><span style=\"font-size:14px;\">x 3\/8\" fl.<\/span><\/strong><\/div>\n<\/td>\n<\/tr>\n<tr>\n<td>\t\t\t\t\t36\"<\/td>\n<td>\t\t\t\t\t350 CA-36\"<\/td>\n<td>\t\t\t\t\t350 DA-36\"<\/td>\n<td>\t\t\t\t\t2320<\/td>\n<td>\t\t\t\t\t2329<\/td>\n<\/tr>\n<tr>\n<td>\t\t\t\t\t48\"<\/td>\n<td>\t\t\t\t\t350 CA-48\"<\/td>\n<td>\t\t\t\t\t350 DA-48\"<\/td>\n<td>\t\t\t\t\t2321<\/td>\n<td>\t\t\t\t\t2330<\/td>\n<\/tr>\n<tr>\n<td>\t\t\t\t\t60\"<\/td>\n<td>\t\t\t\t\t350 CA-60\"<\/td>\n<td>\t\t\t\t\t350 DA-60\"<\/td>\n<td>\t\t\t\t\t2322<\/td>\n<td>\t\t\t\t\t2331<\/td>\n<\/tr>\n<tr>\n<td>\t\t\t\t\t72\"<\/td>\n<td>\t\t\t\t\t350 CA-72\"<\/td>\n<td>\t\t\t\t\t350 DA-72\"<\/td>\n<td>\t\t\t\t\t2323<\/td>\n<td>\t\t\t\t\t2332<\/td>\n<\/tr>\n<tr>\n<td>\t\t\t\t\t96\"<\/td>\n<td>\t\t\t\t\t350 CA-96\"<\/td>\n<td>\t\t\t\t\t350 DA-96\"<\/td>\n<td>\t\t\t\t\t2324<\/td>\n<td>\t\t\t\t\t2333<\/td>\n<\/tr>\n<tr>\n<td>\t\t\t\t\t10&#39;<\/td>\n<td colspan=\"2\" rowspan=\"4\">\n<div>\t\t\t\t\t\tLa manguera de 36\" extraer\u00e1 hasta 25 micras<\/div>\n<div>\t\t\t\t\t\te inferior.<\/div>\n<div>\t\t\t\t\t\tMangueras de m\u00e1s de 8' no<\/div>\n<div>\t\t\t\t\t\trecomendado para evacuaci\u00f3n<\/div>\n<\/td>\n<td>\t\t\t\t\t2325<\/td>\n<td>\t\t\t\t\t2334<\/td>\n<\/tr>\n<tr>\n<td>\t\t\t\t\t12&#39;<\/td>\n<td>\t\t\t\t\t2326<\/td>\n<td>\t\t\t\t\t2335<\/td>\n<\/tr>\n<tr>\n<td>\n<div>\t\t\t\t\t\t25&#39;<\/div>\n<\/td>\n<td>\t\t\t\t\t2327<\/td>\n<td>\t\t\t\t\t2336<\/td>\n<\/tr>\n<tr>\n<td>\t\t\t\t\t50&#39;<\/td>\n<td>\t\t\t\t\t2328<\/td>\n<td>\t\t\t\t\t2337<\/td>\n<\/tr>\n<\/tbody>\n<\/table>\n<div style=\"text-align: left;\">\t\t&nbsp;<\/div>\n<table id=\"biaoge\" align=\"center\" border=\"0\" cellpadding=\"1\" cellspacing=\"1\">\n<tbody>\n<tr>\n<td>\n<div style=\"text-align: left;\">\t\t\t\t\t\t<span style=\"font-size:14px;\">Construcci\u00f3n resistente con tecnolog\u00eda de barrera para su uso con la mayor\u00eda de refrigerantes. Reduce<\/span><\/div>\n<div style=\"text-align: left;\">\t\t\t\t\t\t<span style=\"font-size:14px;\">permeabilidad y p\u00e9rdida de vac\u00edo.<\/span><\/div>\n<div style=\"text-align: left;\">\t\t\t\t\t\t<span style=\"font-size:14px;\">\u25cf El gran di\u00e1metro interior reduce sustancialmente el tiempo de vac\u00edo con respecto a las mangueras de 1\/4\" o 3\/8\".<\/span><\/div>\n<div style=\"text-align: left;\">\t\t\t\t\t\t<span style=\"font-size:14px;\">\u25cf Hacer un vac\u00edo m\u00e1s completo<\/span><\/div>\n<div style=\"text-align: left;\">\t\t\t\t\t\t<span style=\"font-size:14px;\">\u25cf Transferencia de refrigerante m\u00e1s r\u00e1pida<\/span><\/div>\n<div style=\"text-align: left;\">\t\t\t\t\t\t<span style=\"font-size:14px;\">\u25cf Carga m\u00e1s r\u00e1pida en sistemas grandes<\/span><\/div>\n<div style=\"text-align: left;\">\t\t\t\t\t\t<span style=\"font-size:14px;\">\u25cf 3000 psi (207 bar)lluvia, rotura, 600 psi (41 bar)m\u00e1x, presi\u00f3n de trabajo 1\/2\" y 5\/8\"<\/span><\/div>\n<div style=\"text-align: left;\">\t\t\t\t\t\t<span style=\"font-size:14px;\">&nbsp; &nbsp;montajes<\/span><\/div>\n<div style=\"text-align: left;\">\t\t\t\t\t\t<span style=\"font-size:14px;\">\u25cf Varios accesorios disponibles bajo pedido<\/span><\/div>\n<div style=\"text-align: left;\">\t\t\t\t\t\t<span style=\"font-size:14px;\">\u25cf Conexi\u00f3n de v\u00e1lvula de acceso de 1\/4\" est\u00e1ndar en un extremo de las mangueras CA y DA.<\/span><\/div>\n<div style=\"text-align: left;\">\t\t\t\t\t\t<span style=\"font-size:14px;\">\u25cf Temperatura de funcionamiento -28,8\u00b0C a 93,3\u00b0C (-20\u00b0F a 200\u00b0F).<\/span><\/div>\n<\/td>\n<\/tr>\n<\/tbody>\n<\/table>\n<p><\/div>","protected":false},"excerpt":{"rendered":"<p>1\/2\" y 5\/8\" combinaci\u00f3n de carga\/hi-vac\u00edo de alta resistencia h<\/p>","protected":false},"featured_media":11073,"comment_status":"closed","ping_status":"closed","template":"","meta":[],"etheme_brands":[],"product_brand":[],"product_cat":[63],"product_tag":[],"class_list":{"0":"post-11071","1":"product","2":"type-product","3":"status-publish","4":"has-post-thumbnail","6":"product_cat-manifold","8":"first","9":"instock","10":"shipping-taxable","11":"product-type-simple"},"_links":{"self":[{"href":"https:\/\/chinafore.com\/es\/wp-json\/wp\/v2\/product\/11071","targetHints":{"allow":["GET"]}}],"collection":[{"href":"https:\/\/chinafore.com\/es\/wp-json\/wp\/v2\/product"}],"about":[{"href":"https:\/\/chinafore.com\/es\/wp-json\/wp\/v2\/types\/product"}],"replies":[{"embeddable":true,"href":"https:\/\/chinafore.com\/es\/wp-json\/wp\/v2\/comments?post=11071"}],"version-history":[{"count":1,"href":"https:\/\/chinafore.com\/es\/wp-json\/wp\/v2\/product\/11071\/revisions"}],"predecessor-version":[{"id":11072,"href":"https:\/\/chinafore.com\/es\/wp-json\/wp\/v2\/product\/11071\/revisions\/11072"}],"wp:featuredmedia":[{"embeddable":true,"href":"https:\/\/chinafore.com\/es\/wp-json\/wp\/v2\/media\/11073"}],"wp:attachment":[{"href":"https:\/\/chinafore.com\/es\/wp-json\/wp\/v2\/media?parent=11071"}],"wp:term":[{"taxonomy":"brand","embeddable":true,"href":"https:\/\/chinafore.com\/es\/wp-json\/wp\/v2\/etheme_brands?post=11071"},{"taxonomy":"product_brand","embeddable":true,"href":"https:\/\/chinafore.com\/es\/wp-json\/wp\/v2\/product_brand?post=11071"},{"taxonomy":"product_cat","embeddable":true,"href":"https:\/\/chinafore.com\/es\/wp-json\/wp\/v2\/product_cat?post=11071"},{"taxonomy":"product_tag","embeddable":true,"href":"https:\/\/chinafore.com\/es\/wp-json\/wp\/v2\/product_tag?post=11071"}],"curies":[{"name":"wp","href":"https:\/\/api.w.org\/{rel}","templated":true}]}}