{"id":11067,"date":"2024-05-30T12:26:00","date_gmt":"2024-05-30T12:26:00","guid":{"rendered":"https:\/\/green-giraffe-671934.hostingersite.com\/?post_type=product&#038;p=11067"},"modified":"2024-12-05T08:45:32","modified_gmt":"2024-12-05T08:45:32","slug":"1-4%ef%bc%82-heavy-duty-charging-hose","status":"publish","type":"product","link":"https:\/\/chinafore.com\/es\/producto\/1-4\uff02-manguera-de-carga-de-alta-resistencia\/","title":{"rendered":"1\/4\" Manguera de carga de alta resistencia"},"content":{"rendered":"<div class=\"container-text\">\n<div style=\"text-align: center;\">\t<strong><span style=\"font-size:36px;\">1\/4\" Manguera de carga de alta resistencia<\/span><\/strong><\/p>\n<p>\t<img decoding=\"async\" alt=\"\" src=\"\/wp-content\/uploads\/2024\/05\/2-20040314031O37.jpg\" \/><\/p>\n<table id=\"biaoge\" align=\"center\" border=\"1\" cellpadding=\"1\" cellspacing=\"1\">\n<tbody>\n<tr>\n<td>\t\t\t\t\t<strong><span style=\"font-size:14px;\">PUNTO<\/span><\/strong><\/td>\n<td>\t\t\t\t\t<strong><span style=\"font-size:14px;\">Descripci\u00f3n<\/span><\/strong><\/td>\n<\/tr>\n<tr>\n<td>\t\t\t\t\t8443<\/td>\n<td>\t\t\t\t\tJunta de repuesto (paquete de 10)<\/td>\n<\/tr>\n<\/tbody>\n<\/table>\n<p>\t<\/p>\n<table id=\"biaoge\" align=\"center\" border=\"1\" cellpadding=\"1\" cellspacing=\"1\">\n<caption>\t\t\t<strong><span style=\"font-size:16px;\">Los m\u00e1s seleccionados<\/span><\/strong><\/caption>\n<tbody>\n<tr>\n<td>\t\t\t\t\t<strong><span style=\"font-size:14px;\">L.<\/span><\/strong><\/td>\n<td>\n<div>\t\t\t\t\t\t<strong><span style=\"font-size:14px;\">Manguera HCA<\/span><\/strong><\/div>\n<div>\t\t\t\t\t\t<strong><span style=\"font-size:14px;\">\u00c1ngulo str.x<\/span><\/strong><\/div>\n<\/td>\n<td>\n<div>\t\t\t\t\t\t<strong><span style=\"font-size:14px;\">Manguera con<\/span><\/strong><\/div>\n<div>\t\t\t\t\t\t<strong><span style=\"font-size:14px;\">FlexFlow<\/span><\/strong><\/div>\n<\/td>\n<td>\n<div>\t\t\t\t\t\t<strong><span style=\"font-size:14px;\">Manguera con<\/span><\/strong><\/div>\n<div>\t\t\t\t\t\t<strong><span style=\"font-size:14px;\">v\u00e1lvula de bola<\/span><\/strong><\/div>\n<\/td>\n<\/tr>\n<tr>\n<td>\t\t\t\t\t12\"<\/td>\n<td>\t\t\t\t\t348 HCA-12\"<\/td>\n<td>\t\t\t\t\t&#8211;<\/td>\n<td>\t\t\t\t\t&#8211;<\/td>\n<\/tr>\n<tr>\n<td>\t\t\t\t\t24\"<\/td>\n<td>\t\t\t\t\t348 HCA-24\"<\/td>\n<td>\t\t\t\t\t&#8211;<\/td>\n<td>\t\t\t\t\t&#8211;<\/td>\n<\/tr>\n<tr>\n<td>\t\t\t\t\t36\"<\/td>\n<td>\t\t\t\t\t348 HCA-36\"<\/td>\n<td>\t\t\t\t\t2254<\/td>\n<td>\t\t\t\t\t2265<\/td>\n<\/tr>\n<tr>\n<td>\t\t\t\t\t48\"<\/td>\n<td>\t\t\t\t\t348 HCA-48\"<\/td>\n<td>\t\t\t\t\t2255<\/td>\n<td>\t\t\t\t\t2266<\/td>\n<\/tr>\n<tr>\n<td>\t\t\t\t\t60\"<\/td>\n<td>\t\t\t\t\t348 HCA-60\"<\/td>\n<td>\n<div>\t\t\t\t\t\t2256<\/div>\n<\/td>\n<td>\t\t\t\t\t2267<\/td>\n<\/tr>\n<tr>\n<td>\t\t\t\t\t72\"<\/td>\n<td>\t\t\t\t\t348 HCA-72\"<\/td>\n<td>\t\t\t\t\t2257<\/td>\n<td>\t\t\t\t\t2268<\/td>\n<\/tr>\n<tr>\n<td>\t\t\t\t\t96\"<\/td>\n<td>\t\t\t\t\t348 HCA-96\"<\/td>\n<td>\t\t\t\t\t2258<\/td>\n<td>\t\t\t\t\t2269<\/td>\n<\/tr>\n<tr>\n<td>\t\t\t\t\t10&#39;<\/td>\n<td>\t\t\t\t\t348 HCA-120\"<\/td>\n<td>\t\t\t\t\t2259<\/td>\n<td>\t\t\t\t\t2270<\/td>\n<\/tr>\n<tr>\n<td>\t\t\t\t\t12&#39;<\/td>\n<td>\n<div>\t\t\t\t\t\t348 HCA-144\"<\/div>\n<\/td>\n<td>\t\t\t\t\t2260<\/td>\n<td>\t\t\t\t\t2271<\/td>\n<\/tr>\n<tr>\n<td>\t\t\t\t\t25&#39;<\/td>\n<td>\t\t\t\t\t348 HCA-300\"<\/td>\n<td>\n<div>\t\t\t\t\t\t2261<\/div>\n<\/td>\n<td>\t\t\t\t\t2272<\/td>\n<\/tr>\n<tr>\n<td>\t\t\t\t\t50&#39;<\/td>\n<td>\t\t\t\t\t348 HCA-600\"<\/td>\n<td>\t\t\t\t\t2262<\/td>\n<td>\t\t\t\t\t2273<\/td>\n<\/tr>\n<tr>\n<td>\t\t\t\t\t75&#39;<\/td>\n<td>\t\t\t\t\t348 HCA-900\"<\/td>\n<td>\t\t\t\t\t2263<\/td>\n<td>\t\t\t\t\t2274<\/td>\n<\/tr>\n<tr>\n<td>\t\t\t\t\t100&#39;<\/td>\n<td>\t\t\t\t\t348 HCA-1200\"<\/td>\n<td>\t\t\t\t\t2264<\/td>\n<td>\t\t\t\t\t2275<\/td>\n<\/tr>\n<\/tbody>\n<\/table>\n<p>\t<\/p>\n<table id=\"biaoge\" align=\"center\" border=\"1\" cellpadding=\"1\" cellspacing=\"1\">\n<caption>\t\t\t<strong><span style=\"font-size:16px;\">Otras selecciones<\/span><\/strong><\/caption>\n<tbody>\n<tr>\n<td>\t\t\t\t\t<strong><span style=\"font-size:14px;\">L.<\/span><\/strong><\/td>\n<td>\n<div>\t\t\t\t\t\t<strong><span style=\"font-size:14px;\">Manguera HCL<\/span><\/strong><\/div>\n<div>\t\t\t\t\t\t<strong><span style=\"font-size:14px;\">Str. x 90<\/span><\/strong><\/div>\n<\/td>\n<td>\n<div>\t\t\t\t\t\t<strong><span style=\"font-size:14px;\">Manguera HCS<\/span><\/strong><\/div>\n<div>\t\t\t\t\t\t<strong><span style=\"font-size:14px;\">Str. x Str.<\/span><\/strong><\/div>\n<\/td>\n<\/tr>\n<tr>\n<td>\t\t\t\t\t12\"<\/td>\n<td>\t\t\t\t\t348 HCL-12\"<\/td>\n<td>\t\t\t\t\t348 HCS-12\"<\/td>\n<\/tr>\n<tr>\n<td>\t\t\t\t\t24\"<\/td>\n<td>\t\t\t\t\t348 HCL-24\"<\/td>\n<td>\t\t\t\t\t348 HCS-24\"<\/td>\n<\/tr>\n<tr>\n<td>\n<div>\t\t\t\t\t\t36\"<\/div>\n<\/td>\n<td>\t\t\t\t\t348 HCL-36\"<\/td>\n<td>\t\t\t\t\t348 HCS-36\"<\/td>\n<\/tr>\n<tr>\n<td>\t\t\t\t\t48\"<\/td>\n<td>\t\t\t\t\t348 HCL-48\"<\/td>\n<td>\t\t\t\t\t348 HCS-48\"<\/td>\n<\/tr>\n<tr>\n<td>\t\t\t\t\t60\"<\/td>\n<td>\t\t\t\t\t348 HCL-60\"<\/td>\n<td>\t\t\t\t\t348 HCS-60\"<\/td>\n<\/tr>\n<tr>\n<td>\t\t\t\t\t72\"<\/td>\n<td>\t\t\t\t\t348 HCL-72\"<\/td>\n<td>\t\t\t\t\t348 HCS-72\"<\/td>\n<\/tr>\n<tr>\n<td>\t\t\t\t\t96\"<\/td>\n<td>\t\t\t\t\t348 HCL-96\"<\/td>\n<td>\t\t\t\t\t348 HCS-96\"<\/td>\n<\/tr>\n<tr>\n<td>\t\t\t\t\t10&#39;<\/td>\n<td colspan=\"2\" rowspan=\"6\">\n<div>\t\t\t\t\t\tS\u00f3lo en negro. Longitudes m\u00e1s largas disponibles.<\/div>\n<div>\t\t\t\t\t\tEspecif\u00edquelo.<\/div>\n<div>\t\t\t\t\t\tLa posici\u00f3n de la nueva v\u00e1lvula LAX le permite saber por<\/div>\n<div>\t\t\t\t\t\tAseg\u00farese de que est\u00e1 completamente abierta, bien cerrada o<\/div>\n<div>\t\t\t\t\t\ten cualquier lugar entre.<\/div>\n<\/td>\n<\/tr>\n<tr>\n<td>\t\t\t\t\t12&#39;<\/td>\n<\/tr>\n<tr>\n<td>\t\t\t\t\t25&#39;<\/td>\n<\/tr>\n<tr>\n<td>\t\t\t\t\t50&#39;<\/td>\n<\/tr>\n<tr>\n<td>\t\t\t\t\t75&#39;<\/td>\n<\/tr>\n<tr>\n<td>\t\t\t\t\t100&#39;<\/td>\n<\/tr>\n<\/tbody>\n<\/table>\n<p>\t<\/p>\n<table id=\"biaoge\" align=\"center\" border=\"0\" cellpadding=\"1\" cellspacing=\"1\">\n<tbody>\n<tr>\n<td>\n<div style=\"text-align: left;\">\t\t\t\t\t\t<span style=\"font-size:14px;\">Construcci\u00f3n resistente para una vida \u00fatil sustancialmente mayor.&nbsp;<\/span><br \/>\t\t\t\t\t\t<span style=\"font-size: 14px;\">La barrera reduce la permeabilidad Flexibilidad para una manipulaci\u00f3n f\u00e1cil en todas las condiciones meteorol\u00f3gicas.<\/span><\/div>\n<div style=\"text-align: left;\">\t\t\t\t\t\t<span style=\"font-size:14px;\">\u25cf 3500 psi (241 bar) ram. urst.900 psi (62 bar) max.working pressure<\/span><\/div>\n<div style=\"text-align: left;\">\t\t\t\t\t\t<span style=\"font-size:14px;\">\u25cf Temperatura de funcionamiento -28,8\u00b0C a 93,3\u00b0C (-20\u00b0F a 200\u00b0F).<\/span><\/div>\n<div style=\"text-align: left;\">\t\t\t\t\t\t<span style=\"font-size:14px;\">Aspira 75 micras o m\u00e1s con una manguera de 36\".<\/span><\/div>\n<\/td>\n<\/tr>\n<\/tbody>\n<\/table>\n<p><\/div>","protected":false},"excerpt":{"rendered":"<p>1\/4\" Manguera de carga de alta resistencia<\/p>","protected":false},"featured_media":11069,"comment_status":"closed","ping_status":"closed","template":"","meta":[],"etheme_brands":[],"product_brand":[],"product_cat":[63],"product_tag":[],"class_list":{"0":"post-11067","1":"product","2":"type-product","3":"status-publish","4":"has-post-thumbnail","6":"product_cat-manifold","8":"first","9":"instock","10":"shipping-taxable","11":"product-type-simple"},"_links":{"self":[{"href":"https:\/\/chinafore.com\/es\/wp-json\/wp\/v2\/product\/11067","targetHints":{"allow":["GET"]}}],"collection":[{"href":"https:\/\/chinafore.com\/es\/wp-json\/wp\/v2\/product"}],"about":[{"href":"https:\/\/chinafore.com\/es\/wp-json\/wp\/v2\/types\/product"}],"replies":[{"embeddable":true,"href":"https:\/\/chinafore.com\/es\/wp-json\/wp\/v2\/comments?post=11067"}],"version-history":[{"count":1,"href":"https:\/\/chinafore.com\/es\/wp-json\/wp\/v2\/product\/11067\/revisions"}],"predecessor-version":[{"id":11068,"href":"https:\/\/chinafore.com\/es\/wp-json\/wp\/v2\/product\/11067\/revisions\/11068"}],"wp:featuredmedia":[{"embeddable":true,"href":"https:\/\/chinafore.com\/es\/wp-json\/wp\/v2\/media\/11069"}],"wp:attachment":[{"href":"https:\/\/chinafore.com\/es\/wp-json\/wp\/v2\/media?parent=11067"}],"wp:term":[{"taxonomy":"brand","embeddable":true,"href":"https:\/\/chinafore.com\/es\/wp-json\/wp\/v2\/etheme_brands?post=11067"},{"taxonomy":"product_brand","embeddable":true,"href":"https:\/\/chinafore.com\/es\/wp-json\/wp\/v2\/product_brand?post=11067"},{"taxonomy":"product_cat","embeddable":true,"href":"https:\/\/chinafore.com\/es\/wp-json\/wp\/v2\/product_cat?post=11067"},{"taxonomy":"product_tag","embeddable":true,"href":"https:\/\/chinafore.com\/es\/wp-json\/wp\/v2\/product_tag?post=11067"}],"curies":[{"name":"wp","href":"https:\/\/api.w.org\/{rel}","templated":true}]}}