{"id":11063,"date":"2024-05-30T12:26:00","date_gmt":"2024-05-30T12:26:00","guid":{"rendered":"https:\/\/green-giraffe-671934.hostingersite.com\/?post_type=product&#038;p=11063"},"modified":"2024-12-05T08:45:31","modified_gmt":"2024-12-05T08:45:31","slug":"cylinder-valve-hoses-with-finger-tight-drum-fitting","status":"publish","type":"product","link":"https:\/\/chinafore.com\/es\/producto\/mangueras-de-valvula-de-cilindro-con-racor-de-tambor-estanco\/","title":{"rendered":"Mangueras de v\u00e1lvula de cilindro con racor de tambor apretado con los dedos"},"content":{"rendered":"<div class=\"container-text\">\n<div style=\"text-align: center;\">\t<strong><span style=\"font-size:36px;\">Mangueras de v\u00e1lvula de cilindro con racor de tambor apretado con los dedos<\/span><\/strong><\/p>\n<p>\t<img decoding=\"async\" alt=\"\" src=\"\/wp-content\/uploads\/2024\/05\/2-200403145345G1.jpg\" \/><\/p>\n<table id=\"biaoge\" align=\"center\" border=\"1\" cellpadding=\"1\" cellspacing=\"1\">\n<tbody>\n<tr>\n<td>\t\t\t\t\t<strong><span style=\"font-size:14px;\">PUNTO<\/span><\/strong><\/td>\n<td>\t\t\t\t\t<strong><span style=\"font-size:14px;\">Descripci\u00f3n<\/span><\/strong><\/td>\n<\/tr>\n<tr>\n<td>\t\t\t\t\t8450<\/td>\n<td>\t\t\t\t\tJunta de repuesto (paquete de 10)<\/td>\n<\/tr>\n<\/tbody>\n<\/table>\n<p>\t<\/p>\n<table id=\"biaoge\" align=\"center\" border=\"1\" cellpadding=\"1\" cellspacing=\"1\">\n<caption>\t\t\t<span style=\"font-size:16px;\"><strong>8\" desde el extremo del \u00e1ngulo<\/strong><\/span><\/caption>\n<tbody>\n<tr>\n<td>\t\t\t\t\t<strong><span style=\"font-size:14px;\">L.<\/span><\/strong><\/td>\n<td>\t\t\t\t\t<strong><span style=\"font-size:14px;\">PUNTO<\/span><\/strong><\/td>\n<td>\t\t\t\t\t<strong><span style=\"font-size:14px;\">Tipo<\/span><\/strong><\/td>\n<td>\t\t\t\t\t<strong><span style=\"font-size:14px;\">Accesorios<\/span><\/strong><\/td>\n<\/tr>\n<tr>\n<td>\t\t\t\t\t12\"<\/td>\n<td>\t\t\t\t\t343<\/td>\n<td>\t\t\t\t\t1\/4\" resistente<\/td>\n<td>\t\t\t\t\t1\/4\" abocardado macho x 3\/4\" NPS<\/td>\n<\/tr>\n<tr>\n<td>\t\t\t\t\t12\"<\/td>\n<td>\t\t\t\t\t344<\/td>\n<td>\t\t\t\t\t3\/8\" de alta resistencia<\/td>\n<td>\t\t\t\t\t3\/8\" abocardado macho x 3\/4\" NPS<\/td>\n<\/tr>\n<tr>\n<td>\t\t\t\t\t72\"<\/td>\n<td>\t\t\t\t\t345<\/td>\n<td>\t\t\t\t\t1\/4\" original<\/td>\n<td>\t\t\t\t\t1\/4\" Hembra abocardada x 3\/4\" NPS<\/td>\n<\/tr>\n<tr>\n<td>\t\t\t\t\t72\"<\/td>\n<td>\t\t\t\t\t346<\/td>\n<td>\t\t\t\t\t3\/8\" est\u00e1ndar<\/td>\n<td>\t\t\t\t\t3\/8\" Hembra abocardada x 3\/4\" NPS<\/td>\n<\/tr>\n<\/tbody>\n<\/table>\n<p>\t<\/p>\n<table id=\"biaoge\" align=\"center\" border=\"0\" cellpadding=\"1\" cellspacing=\"1\">\n<tbody>\n<tr>\n<td>\n<div style=\"text-align: left;\">\t\t\t\t\t\t<span style=\"font-size:14px;\">Dise\u00f1ado para un funcionamiento herm\u00e9tico a los dedos en cilindros de refrigerante de 125 lb. y 145 lb. Juntas<\/span><\/div>\n<div style=\"text-align: left;\">\t\t\t\t\t\t<span style=\"font-size:14px;\">sellado sin llaves.<\/span><\/div>\n<div style=\"text-align: left;\">\t\t\t\t\t\t<span style=\"font-size:14px;\">\u25cf Temperatura de funcionamiento -28,8\u00b0C a 93,3\u00b0C (-20\u00b0F a 200\u00b0F).<\/span><\/div>\n<div style=\"text-align: left;\">\t\t\t\t\t\t<span style=\"font-size:14px;\">\u25cf Manguera de 3\/8\" 3000 psi (207 bar) m\u00edn. de rotura, 600 psi (41 bar)m\u00e1x. presi\u00f3n de trabajo.<\/span><\/div>\n<div style=\"text-align: left;\">\t\t\t\t\t\t<span style=\"font-size:14px;\">\u25cf Manguera de alta resistencia de 1\/4\" 241 bar (3500 psi) m\u00edn. de ruptura, 62 bar (900 psi) m\u00e1x. de trabajo.<\/span><\/div>\n<div style=\"text-align: left;\">\t\t\t\t\t\t<span style=\"font-size:14px;\">presi\u00f3n<\/span><\/div>\n<\/td>\n<\/tr>\n<\/tbody>\n<\/table>\n<p><\/div>","protected":false},"excerpt":{"rendered":"<p>Mangueras de v\u00e1lvula de cilindro con racor de tambor apretado con los dedos<\/p>","protected":false},"featured_media":11065,"comment_status":"closed","ping_status":"closed","template":"","meta":[],"etheme_brands":[],"product_brand":[],"product_cat":[63],"product_tag":[],"class_list":{"0":"post-11063","1":"product","2":"type-product","3":"status-publish","4":"has-post-thumbnail","6":"product_cat-manifold","8":"first","9":"instock","10":"shipping-taxable","11":"product-type-simple"},"_links":{"self":[{"href":"https:\/\/chinafore.com\/es\/wp-json\/wp\/v2\/product\/11063","targetHints":{"allow":["GET"]}}],"collection":[{"href":"https:\/\/chinafore.com\/es\/wp-json\/wp\/v2\/product"}],"about":[{"href":"https:\/\/chinafore.com\/es\/wp-json\/wp\/v2\/types\/product"}],"replies":[{"embeddable":true,"href":"https:\/\/chinafore.com\/es\/wp-json\/wp\/v2\/comments?post=11063"}],"version-history":[{"count":1,"href":"https:\/\/chinafore.com\/es\/wp-json\/wp\/v2\/product\/11063\/revisions"}],"predecessor-version":[{"id":11064,"href":"https:\/\/chinafore.com\/es\/wp-json\/wp\/v2\/product\/11063\/revisions\/11064"}],"wp:featuredmedia":[{"embeddable":true,"href":"https:\/\/chinafore.com\/es\/wp-json\/wp\/v2\/media\/11065"}],"wp:attachment":[{"href":"https:\/\/chinafore.com\/es\/wp-json\/wp\/v2\/media?parent=11063"}],"wp:term":[{"taxonomy":"brand","embeddable":true,"href":"https:\/\/chinafore.com\/es\/wp-json\/wp\/v2\/etheme_brands?post=11063"},{"taxonomy":"product_brand","embeddable":true,"href":"https:\/\/chinafore.com\/es\/wp-json\/wp\/v2\/product_brand?post=11063"},{"taxonomy":"product_cat","embeddable":true,"href":"https:\/\/chinafore.com\/es\/wp-json\/wp\/v2\/product_cat?post=11063"},{"taxonomy":"product_tag","embeddable":true,"href":"https:\/\/chinafore.com\/es\/wp-json\/wp\/v2\/product_tag?post=11063"}],"curies":[{"name":"wp","href":"https:\/\/api.w.org\/{rel}","templated":true}]}}