{"id":11059,"date":"2024-05-30T12:26:00","date_gmt":"2024-05-30T12:26:00","guid":{"rendered":"https:\/\/green-giraffe-671934.hostingersite.com\/?post_type=product&#038;p=11059"},"modified":"2024-12-05T08:45:31","modified_gmt":"2024-12-05T08:45:31","slug":"1-4%ef%bc%82-hose-for-5-16%ef%bc%82-1-2-20-thread-service-ports-for-r","status":"publish","type":"product","link":"https:\/\/chinafore.com\/es\/producto\/1-4\uff02-manguera-para-5-16\uff02-1-2-puertos-de-servicio-de-rosca-20-para-r\/","title":{"rendered":"Manguera de 1\/4\" para conexiones de servicio de 5\/16\" (rosca 1\/2 - 20) para R"},"content":{"rendered":"<div class=\"container-text\">\n<div style=\"text-align: center;\">\t<strong><span style=\"font-size:36px;\">Manguera de 1\/4\" para conexiones de servicio de 5\/16\" (rosca 1\/2 - 20) para R-410A<\/span><\/strong><\/p>\n<p>\t<img decoding=\"async\" alt=\"\" src=\"\/wp-content\/uploads\/2024\/05\/2-20040315320S64.jpg\" \/><\/p>\n<table id=\"biaoge\" align=\"center\" border=\"1\" cellpadding=\"1\" cellspacing=\"1\">\n<caption style=\"text-align: left;\">\t\t\t<strong><span style=\"font-size:16px;\">Piezas de recambio<\/span><\/strong><\/caption>\n<tbody>\n<tr>\n<td>\t\t\t\t\t<strong><span style=\"font-size:14px;\">Talla<\/span><\/strong><\/td>\n<td>\t\t\t\t\t<strong><span style=\"font-size:14px;\">Junta Junta<\/span><\/strong><\/td>\n<td>\t\t\t\t\t<strong><span style=\"font-size:14px;\">Abridor Adjust-a-Valve<\/span><\/strong><\/td>\n<\/tr>\n<tr>\n<td>\t\t\t\t\t1\/4\" y 5\/16\"<\/td>\n<td>\t\t\t\t\t8443<\/td>\n<td>\t\t\t\t\t8444<\/td>\n<\/tr>\n<\/tbody>\n<\/table>\n<p>\t<\/p>\n<table id=\"biaoge\" align=\"center\" border=\"1\" cellpadding=\"1\" cellspacing=\"1\">\n<caption style=\"text-align: left;\">\t\t\t<span style=\"font-size:14px;\"><strong>Manguera con abocardado hembra de 1\/4\" (7\/16 - 20) en la conexi\u00f3n del colector y abocardado hembra de 5\/16\" (1\/2 - 20) acodado en el extremo de servicio Racor est\u00e1ndar sin v\u00e1lvula de bola<\/strong><\/span><\/caption>\n<tbody>\n<tr>\n<td>\t\t\t\t\t<strong><span style=\"font-size:14px;\">L.<\/span><\/strong><\/td>\n<td>\t\t\t\t\t<strong><span style=\"font-size:14px;\">Amarillo<\/span><\/strong><\/td>\n<td>\t\t\t\t\t<strong><span style=\"font-size:14px;\">Azul<\/span><\/strong><\/td>\n<td>\t\t\t\t\t<strong><span style=\"font-size:14px;\">Rojo<\/span><\/strong><\/td>\n<td>\t\t\t\t\t<strong><span style=\"font-size:14px;\">Paquete de 3<\/span><\/strong><\/td>\n<\/tr>\n<tr>\n<td>\t\t\t\t\t36\"<\/td>\n<td>\t\t\t\t\t342-36Y<\/td>\n<td>\t\t\t\t\t342-36B<\/td>\n<td>\t\t\t\t\t342-36R<\/td>\n<td>\n<div>\t\t\t\t\t\t2203<\/div>\n<\/td>\n<\/tr>\n<tr>\n<td>\t\t\t\t\t60\"<\/td>\n<td>\t\t\t\t\t342-60Y<\/td>\n<td>\n<div>\t\t\t\t\t\t342-60B<\/div>\n<\/td>\n<td>\t\t\t\t\t342-60R<\/td>\n<td>\t\t\t\t\t2204<\/td>\n<\/tr>\n<tr>\n<td>\t\t\t\t\t72\"<\/td>\n<td>\t\t\t\t\t342-72Y<\/td>\n<td>\t\t\t\t\t342-72B<\/td>\n<td>\t\t\t\t\t342-72R<\/td>\n<td>\t\t\t\t\t2205<\/td>\n<\/tr>\n<\/tbody>\n<\/table>\n<p>\t<\/p>\n<table id=\"biaoge\" align=\"center\" border=\"1\" cellpadding=\"1\" cellspacing=\"1\">\n<caption style=\"text-align: left;\">\t\t\t<strong><span style=\"font-size:14px;\">Manguera con abocardado hembra de 5\/16\" (1\/2 - 20) en la conexi\u00f3n del colector y abocardado hembra de 5\/16\" (1\/2 - 20) acodado en el extremo de servicio Racor est\u00e1ndar sin v\u00e1lvula de bola<\/span><\/strong><\/caption>\n<tbody>\n<tr>\n<td>\t\t\t\t\t<strong><span style=\"font-size: 14px;\">L.<\/span><\/strong><\/td>\n<td>\t\t\t\t\t<strong><span style=\"font-size: 14px;\">Amarillo<\/span><\/strong><\/td>\n<td>\t\t\t\t\t<strong><span style=\"font-size: 14px;\">Azul<\/span><\/strong><\/td>\n<td>\t\t\t\t\t<strong><span style=\"font-size: 14px;\">Rojo<\/span><\/strong><\/td>\n<td>\t\t\t\t\t<strong><span style=\"font-size: 14px;\">Paquete de 3<\/span><\/strong><\/td>\n<\/tr>\n<tr>\n<td>\t\t\t\t\t36\"<\/td>\n<td>\t\t\t\t\t344-36Y<\/td>\n<td>\t\t\t\t\t344-36B<\/td>\n<td>\t\t\t\t\t344-36R<\/td>\n<td>\t\t\t\t\t2209<\/td>\n<\/tr>\n<tr>\n<td>\t\t\t\t\t60\"<\/td>\n<td>\t\t\t\t\t344-60Y<\/td>\n<td>\t\t\t\t\t344-60B<\/td>\n<td>\t\t\t\t\t344-60R<\/td>\n<td>\n<div>\t\t\t\t\t\t2210<\/div>\n<\/td>\n<\/tr>\n<tr>\n<td>\t\t\t\t\t72\"<\/td>\n<td>\t\t\t\t\t344-72Y<\/td>\n<td>\t\t\t\t\t344-72B<\/td>\n<td>\t\t\t\t\t344-72R<\/td>\n<td>\t\t\t\t\t2211<\/td>\n<\/tr>\n<\/tbody>\n<\/table>\n<p>\t<\/p>\n<table id=\"biaoge\" align=\"center\" border=\"1\" cellpadding=\"1\" cellspacing=\"1\">\n<caption style=\"text-align: left;\">\t\t\t<strong><span style=\"font-size:14px;\">V\u00e1lvula de bola compacta (R&amp;B 1\/4\" x 5\/16\" BV) (Y 1\/4\" x 1\/4\" BV)<\/span><\/strong><\/caption>\n<tbody>\n<tr>\n<td>\t\t\t\t\t<strong><span style=\"font-size: 14px;\">L.<\/span><\/strong><\/td>\n<td>\t\t\t\t\t<strong><span style=\"font-size: 14px;\">Amarillo<\/span><\/strong><\/td>\n<td>\t\t\t\t\t<strong><span style=\"font-size: 14px;\">Azul<\/span><\/strong><\/td>\n<td>\t\t\t\t\t<strong><span style=\"font-size: 14px;\">Rojo<\/span><\/strong><\/td>\n<td>\t\t\t\t\t<strong><span style=\"font-size: 14px;\">Paquete de 3<\/span><\/strong><\/td>\n<\/tr>\n<tr>\n<td>\t\t\t\t\t36\"<\/td>\n<td>\t\t\t\t\t343-36Y<\/td>\n<td>\t\t\t\t\t343-36B<\/td>\n<td>\t\t\t\t\t343-36R<\/td>\n<td>\t\t\t\t\t2206<\/td>\n<\/tr>\n<tr>\n<td>\t\t\t\t\t60\"<\/td>\n<td>\t\t\t\t\t343-60Y<\/td>\n<td>\t\t\t\t\t343-60B<\/td>\n<td>\t\t\t\t\t343-60R<\/td>\n<td>\t\t\t\t\t2207<\/td>\n<\/tr>\n<tr>\n<td>\t\t\t\t\t72\"<\/td>\n<td>\t\t\t\t\t343-72Y<\/td>\n<td>\t\t\t\t\t343-72B<\/td>\n<td>\t\t\t\t\t343-72R<\/td>\n<td>\t\t\t\t\t2208<\/td>\n<\/tr>\n<\/tbody>\n<\/table>\n<p>\t<\/p>\n<table id=\"biaoge\" align=\"center\" border=\"1\" cellpadding=\"1\" cellspacing=\"1\">\n<caption style=\"text-align: left;\">\t\t\t<strong><span style=\"font-size:14px;\">V\u00e1lvula de bola compacta (R&amp;B 5\/16\" x 5\/16\" BV) (Y 5\/16 \"x 5\/16\" BV)<\/span><\/strong><\/caption>\n<tbody>\n<tr>\n<td>\t\t\t\t\t<strong><span style=\"font-size: 14px;\">L.<\/span><\/strong><\/td>\n<td>\t\t\t\t\t<strong><span style=\"font-size: 14px;\">Amarillo<\/span><\/strong><\/td>\n<td>\t\t\t\t\t<strong><span style=\"font-size: 14px;\">Azul<\/span><\/strong><\/td>\n<td>\t\t\t\t\t<strong><span style=\"font-size: 14px;\">Rojo<\/span><\/strong><\/td>\n<td>\t\t\t\t\t<strong><span style=\"font-size: 14px;\">Paquete de 3<\/span><\/strong><\/td>\n<\/tr>\n<tr>\n<td>\t\t\t\t\t36\"<\/td>\n<td>\t\t\t\t\t345-36Y<\/td>\n<td>\t\t\t\t\t345-36B<\/td>\n<td>\t\t\t\t\t345-36R<\/td>\n<td>\t\t\t\t\t2212<\/td>\n<\/tr>\n<tr>\n<td>\t\t\t\t\t60\"<\/td>\n<td>\t\t\t\t\t345-60Y<\/td>\n<td>\t\t\t\t\t345-60B<\/td>\n<td>\t\t\t\t\t345-60R<\/td>\n<td>\t\t\t\t\t2213<\/td>\n<\/tr>\n<tr>\n<td>\t\t\t\t\t72\"<\/td>\n<td>\t\t\t\t\t345-72Y<\/td>\n<td>\t\t\t\t\t345-72B<\/td>\n<td>\t\t\t\t\t345-72R<\/td>\n<td>\t\t\t\t\t2214<\/td>\n<\/tr>\n<\/tbody>\n<\/table>\n<p>\t<\/p>\n<table id=\"biaoge\" align=\"center\" border=\"0\" cellpadding=\"1\" cellspacing=\"1\">\n<tbody>\n<tr>\n<td>\n<div style=\"text-align: left;\">\t\t\t\t\t\t<span style=\"font-size:14px;\">\u25cf Disponible con racores est\u00e1ndar o v\u00e1lvula de bola compacta.<\/span><\/div>\n<div style=\"text-align: left;\">\t\t\t\t\t\t<span style=\"font-size:14px;\">\u25cf 4000 psi (276 bar) de r\u00e1faga en lluvia y 800 psi (55 bar) de presi\u00f3n m\u00e1xima de trabajo.<\/span><\/div>\n<div style=\"text-align: left;\">\t\t\t\t\t\t<span style=\"font-size:14px;\">\u25cf La barrera contra la humedad proporciona la m\u00e1xima resistencia a la migraci\u00f3n de humedad que&nbsp;<\/span><span style=\"font-size: 14px;\">contamina<br \/>\t\t\t\t\t\t&nbsp; &nbsp;refrigerantes caros<\/span><\/div>\n<div style=\"text-align: left;\">\t\t\t\t\t\t<span style=\"font-size:14px;\">\u25cf Temperatura de funcionamiento -28,8\u00b0C a 82,2\u00b0C (-20\u00b0F a 180\u00b0F)<\/span><\/div>\n<\/td>\n<\/tr>\n<\/tbody>\n<\/table>\n<p>\t&nbsp;<\/div>\n<p><\/div>","protected":false},"excerpt":{"rendered":"<p>Manguera de 1\/4\" para conexiones de servicio de 5\/16\" (rosca 1\/2 - 20) para R<\/p>","protected":false},"featured_media":11061,"comment_status":"closed","ping_status":"closed","template":"","meta":[],"etheme_brands":[],"product_brand":[],"product_cat":[63],"product_tag":[],"class_list":{"0":"post-11059","1":"product","2":"type-product","3":"status-publish","4":"has-post-thumbnail","6":"product_cat-manifold","8":"first","9":"instock","10":"shipping-taxable","11":"product-type-simple"},"_links":{"self":[{"href":"https:\/\/chinafore.com\/es\/wp-json\/wp\/v2\/product\/11059","targetHints":{"allow":["GET"]}}],"collection":[{"href":"https:\/\/chinafore.com\/es\/wp-json\/wp\/v2\/product"}],"about":[{"href":"https:\/\/chinafore.com\/es\/wp-json\/wp\/v2\/types\/product"}],"replies":[{"embeddable":true,"href":"https:\/\/chinafore.com\/es\/wp-json\/wp\/v2\/comments?post=11059"}],"version-history":[{"count":1,"href":"https:\/\/chinafore.com\/es\/wp-json\/wp\/v2\/product\/11059\/revisions"}],"predecessor-version":[{"id":11060,"href":"https:\/\/chinafore.com\/es\/wp-json\/wp\/v2\/product\/11059\/revisions\/11060"}],"wp:featuredmedia":[{"embeddable":true,"href":"https:\/\/chinafore.com\/es\/wp-json\/wp\/v2\/media\/11061"}],"wp:attachment":[{"href":"https:\/\/chinafore.com\/es\/wp-json\/wp\/v2\/media?parent=11059"}],"wp:term":[{"taxonomy":"brand","embeddable":true,"href":"https:\/\/chinafore.com\/es\/wp-json\/wp\/v2\/etheme_brands?post=11059"},{"taxonomy":"product_brand","embeddable":true,"href":"https:\/\/chinafore.com\/es\/wp-json\/wp\/v2\/product_brand?post=11059"},{"taxonomy":"product_cat","embeddable":true,"href":"https:\/\/chinafore.com\/es\/wp-json\/wp\/v2\/product_cat?post=11059"},{"taxonomy":"product_tag","embeddable":true,"href":"https:\/\/chinafore.com\/es\/wp-json\/wp\/v2\/product_tag?post=11059"}],"curies":[{"name":"wp","href":"https:\/\/api.w.org\/{rel}","templated":true}]}}