{"id":11048,"date":"2024-05-30T12:26:00","date_gmt":"2024-05-30T12:26:00","guid":{"rendered":"https:\/\/green-giraffe-671934.hostingersite.com\/?post_type=product&#038;p=11048"},"modified":"2024-12-05T08:45:29","modified_gmt":"2024-12-05T08:45:29","slug":"1-4%ef%bc%82-charging-hoses-with-double-barrier-protection","status":"publish","type":"product","link":"https:\/\/chinafore.com\/es\/producto\/1-4\uff02-mangueras-de-carga-con-proteccion-de-doble-barrera\/","title":{"rendered":"Mangueras de carga de 1\/4\" con doble barrera de protecci\u00f3n"},"content":{"rendered":"<div class=\"container-text\">\n<div style=\"text-align: center;\">\t<span style=\"font-size:36px;\">Mangueras de carga de 1\/4\" con doble barrera de protecci\u00f3n<\/span><\/p>\n<p>\t<img decoding=\"async\" alt=\"\" src=\"\/wp-content\/uploads\/2024\/05\/2-20040G4555X54.jpg\" \/>\t<\/p>\n<div style=\"text-align: left;\">\t\t&nbsp;<\/div>\n<table id=\"biaoge\" align=\"center\" border=\"1\" cellpadding=\"1\" cellspacing=\"1\">\n<caption style=\"text-align: left;\">\t\t\t<span style=\"font-size:16px;\"><strong>Temperatura de funcionamiento -20\u00b0 a 180\u00b0F<\/strong><\/span><\/caption>\n<tbody>\n<tr>\n<td>\t\t\t\t\t<strong><span style=\"font-size:14px;\">L.<\/span><\/strong><\/td>\n<td>\t\t\t\t\t<strong><span style=\"font-size:14px;\">Amarillo<\/span><\/strong><\/td>\n<td>\t\t\t\t\t<strong><span style=\"font-size:14px;\">Azul<\/span><\/strong><\/td>\n<td>\t\t\t\t\t<strong><span style=\"font-size:14px;\">Rojo<\/span><\/strong><\/td>\n<td>\t\t\t\t\t<strong><span style=\"font-size:14px;\">Paquete de 3<\/span><\/strong><\/td>\n<\/tr>\n<tr>\n<td>\t\t\t\t\t12\"<\/td>\n<td>\t\t\t\t\t351-12Y<\/td>\n<td>\t\t\t\t\t351-12B<\/td>\n<td>\t\t\t\t\t351-12R<\/td>\n<td>\t\t\t\t\t&#8211;<\/td>\n<\/tr>\n<tr>\n<td>\t\t\t\t\t24\"<\/td>\n<td>\t\t\t\t\t351-24Y<\/td>\n<td>\t\t\t\t\t351-24B<\/td>\n<td>\t\t\t\t\t351-24R<\/td>\n<td>\t\t\t\t\t&#8211;<\/td>\n<\/tr>\n<tr>\n<td>\t\t\t\t\t36\"<\/td>\n<td>\t\t\t\t\t351-36Y<\/td>\n<td>\t\t\t\t\t351-36B<\/td>\n<td>\t\t\t\t\t351-36R<\/td>\n<td>\t\t\t\t\t2338<\/td>\n<\/tr>\n<tr>\n<td>\t\t\t\t\t48\"<\/td>\n<td>\t\t\t\t\t351-48Y<\/td>\n<td>\t\t\t\t\t351-48B<\/td>\n<td>\t\t\t\t\t351-48R<\/td>\n<td>\t\t\t\t\t2339<\/td>\n<\/tr>\n<tr>\n<td>\t\t\t\t\t60\"<\/td>\n<td>\t\t\t\t\t351-60Y<\/td>\n<td>\t\t\t\t\t351-60B<\/td>\n<td>\t\t\t\t\t351-60R<\/td>\n<td>\t\t\t\t\t2340<\/td>\n<\/tr>\n<tr>\n<td>\t\t\t\t\t72\"<\/td>\n<td>\t\t\t\t\t351-72Y<\/td>\n<td>\t\t\t\t\t351-72B<\/td>\n<td>\t\t\t\t\t351-72R<\/td>\n<td>\t\t\t\t\t2341<\/td>\n<\/tr>\n<tr>\n<td>\t\t\t\t\t96\"<\/td>\n<td>\t\t\t\t\t351-96Y<\/td>\n<td>\t\t\t\t\t351-96B<\/td>\n<td>\t\t\t\t\t351-96R<\/td>\n<td>\t\t\t\t\t2342<\/td>\n<\/tr>\n<tr>\n<td>\t\t\t\t\t10&#39;<\/td>\n<td>\t\t\t\t\t351-120Y<\/td>\n<td>\t\t\t\t\t351-120B<\/td>\n<td>\t\t\t\t\t351-120R<\/td>\n<td>\t\t\t\t\t&#8211;<\/td>\n<\/tr>\n<tr>\n<td>\t\t\t\t\t12&#39;<\/td>\n<td>\t\t\t\t\t351-144Y<\/td>\n<td>\t\t\t\t\t351-144B<\/td>\n<td>\t\t\t\t\t351-144R<\/td>\n<td>\t\t\t\t\t&#8211;<\/td>\n<\/tr>\n<tr>\n<td>\t\t\t\t\t25&#39;<\/td>\n<td>\t\t\t\t\t351-300Y<\/td>\n<td>\t\t\t\t\t351-300B<\/td>\n<td>\t\t\t\t\t351-300R<\/td>\n<td>\t\t\t\t\t&#8211;<\/td>\n<\/tr>\n<tr>\n<td>\t\t\t\t\t50&#39;<\/td>\n<td>\t\t\t\t\t351-600Y<\/td>\n<td>\t\t\t\t\t351-600B<\/td>\n<td>\t\t\t\t\t351-600R<\/td>\n<td>\t\t\t\t\t&#8211;<\/td>\n<\/tr>\n<tr>\n<td>\t\t\t\t\t75&#39;<\/td>\n<td>\t\t\t\t\t351-900Y<\/td>\n<td>\t\t\t\t\t351-900B<\/td>\n<td>\t\t\t\t\t351-900R<\/td>\n<td>\t\t\t\t\t&#8211;<\/td>\n<\/tr>\n<tr>\n<td>\t\t\t\t\t100&#39;<\/td>\n<td>\t\t\t\t\t351-1200Y<\/td>\n<td>\t\t\t\t\t351-1200B<\/td>\n<td>\t\t\t\t\t351-1200R<\/td>\n<td>\t\t\t\t\t&#8211;<\/td>\n<\/tr>\n<\/tbody>\n<\/table>\n<p>\t<\/p>\n<table id=\"biaoge\" align=\"center\" border=\"0\" cellpadding=\"1\" cellspacing=\"1\">\n<tbody>\n<tr>\n<td>\n<div style=\"text-align: left;\">\t\t\t\t\t\t<span style=\"font-size:14px;\"><strong>La barrera contra la humedad proporciona<\/strong> mayor resistencia a la migraci\u00f3n de humedad que contamina&nbsp;<\/span><span style=\"font-size: 14px;\">refrigerante caro.<\/span><\/div>\n<div style=\"text-align: left;\">\t\t\t\t\t\t<span style=\"font-size:14px;\"><strong>Otras caracter\u00edsticas<\/strong> incluyen una presi\u00f3n m\u00ednima de rotura de 4000 psi y una presi\u00f3n m\u00e1xima de trabajo de 800 psi para&nbsp;<\/span><span style=\"font-size: 14px;\">un factor de seguridad de 5 a 1 factor de seguridad.<\/span><\/div>\n<div style=\"text-align: left;\">\t\t\t\t\t\t<strong><span style=\"font-size:14px;\">3 paquetes codificados por colores<\/span><\/strong><\/div>\n<div style=\"text-align: left;\">\t\t\t\t\t\t<span style=\"font-size:14px;\">Racor est\u00e1ndar de 1\/4\" o 45\u00b0 con racor en un extremo.<\/span><\/div>\n<div style=\"text-align: left;\">\t\t\t\t\t\t<span style=\"font-size:14px;\">Las mangueras tienen las ventajas de rendimiento demostradas de la l\u00ednea original, adem\u00e1s de una doble barrera de protecci\u00f3n&nbsp;<\/span><span style=\"font-size: 14px;\">para CFC, HCFC y HFC (R134A, R404A, R407C, R410A, R507, etc.).<\/span><\/div>\n<\/td>\n<\/tr>\n<\/tbody>\n<\/table>\n<p><\/div>","protected":false},"excerpt":{"rendered":"<p>Mangueras de carga de 1\/4\" con doble barrera de protecci\u00f3n<\/p>","protected":false},"featured_media":11050,"comment_status":"closed","ping_status":"closed","template":"","meta":[],"etheme_brands":[],"product_brand":[],"product_cat":[63],"product_tag":[],"class_list":{"0":"post-11048","1":"product","2":"type-product","3":"status-publish","4":"has-post-thumbnail","6":"product_cat-manifold","8":"first","9":"instock","10":"shipping-taxable","11":"product-type-simple"},"_links":{"self":[{"href":"https:\/\/chinafore.com\/es\/wp-json\/wp\/v2\/product\/11048","targetHints":{"allow":["GET"]}}],"collection":[{"href":"https:\/\/chinafore.com\/es\/wp-json\/wp\/v2\/product"}],"about":[{"href":"https:\/\/chinafore.com\/es\/wp-json\/wp\/v2\/types\/product"}],"replies":[{"embeddable":true,"href":"https:\/\/chinafore.com\/es\/wp-json\/wp\/v2\/comments?post=11048"}],"version-history":[{"count":1,"href":"https:\/\/chinafore.com\/es\/wp-json\/wp\/v2\/product\/11048\/revisions"}],"predecessor-version":[{"id":11049,"href":"https:\/\/chinafore.com\/es\/wp-json\/wp\/v2\/product\/11048\/revisions\/11049"}],"wp:featuredmedia":[{"embeddable":true,"href":"https:\/\/chinafore.com\/es\/wp-json\/wp\/v2\/media\/11050"}],"wp:attachment":[{"href":"https:\/\/chinafore.com\/es\/wp-json\/wp\/v2\/media?parent=11048"}],"wp:term":[{"taxonomy":"brand","embeddable":true,"href":"https:\/\/chinafore.com\/es\/wp-json\/wp\/v2\/etheme_brands?post=11048"},{"taxonomy":"product_brand","embeddable":true,"href":"https:\/\/chinafore.com\/es\/wp-json\/wp\/v2\/product_brand?post=11048"},{"taxonomy":"product_cat","embeddable":true,"href":"https:\/\/chinafore.com\/es\/wp-json\/wp\/v2\/product_cat?post=11048"},{"taxonomy":"product_tag","embeddable":true,"href":"https:\/\/chinafore.com\/es\/wp-json\/wp\/v2\/product_tag?post=11048"}],"curies":[{"name":"wp","href":"https:\/\/api.w.org\/{rel}","templated":true}]}}