{"id":11036,"date":"2024-05-30T12:26:00","date_gmt":"2024-05-30T12:26:00","guid":{"rendered":"https:\/\/green-giraffe-671934.hostingersite.com\/?post_type=product&#038;p=11036"},"modified":"2024-12-05T08:45:27","modified_gmt":"2024-12-05T08:45:27","slug":"single-test-gauges","status":"publish","type":"product","link":"https:\/\/chinafore.com\/es\/producto\/medidores-de-prueba-simples\/","title":{"rendered":"Calibradores de una sola prueba"},"content":{"rendered":"<div class=\"container-text\">\n<div style=\"text-align: center;\">\t<strong><span style=\"font-size:36px;\">Calibradores de una sola prueba<\/span><\/strong><\/p>\n<p>\t<img decoding=\"async\" alt=\"\" src=\"\/wp-content\/uploads\/2024\/05\/2-20040G6263G43.jpg\" \/><\/p>\n<table id=\"biaoge\" align=\"center\" border=\"1\" cellpadding=\"1\" cellspacing=\"1\">\n<tbody>\n<tr>\n<td>\t\t\t\t\t<strong><span style=\"font-size:14px;\">PUNTO<\/span><\/strong><\/td>\n<td>\t\t\t\t\t<strong><span style=\"font-size:14px;\">Descripci\u00f3n<\/span><\/strong><\/td>\n<\/tr>\n<tr>\n<td>\t\t\t\t\tMan\u00f3metro con QC y manguera de 12\" - \u00e1ngulo CPLG<\/td>\n<td>\t\t\t\t\t&nbsp;<\/td>\n<\/tr>\n<tr>\n<td>\t\t\t\t\t3201<\/td>\n<td>\t\t\t\t\tPresi\u00f3n roja \u00b0F\/\u00b0C<\/td>\n<\/tr>\n<tr>\n<td>\t\t\t\t\t3202<\/td>\n<td>\t\t\t\t\tCompuesto azul \u00b0F\/\u00b0C<\/td>\n<\/tr>\n<tr>\n<td>\t\t\t\t\t3203<\/td>\n<td>\t\t\t\t\t12\" manguera roja1\/4\" M. fl x 45\u00b0QC<\/td>\n<\/tr>\n<tr>\n<td>\t\t\t\t\tMan\u00f3metro con acoplamiento r\u00e1pido 3206 para comprobar la presi\u00f3n del dep\u00f3sito de recuperaci\u00f3n.<\/td>\n<td>\t\t\t\t\t&nbsp;<\/td>\n<\/tr>\n<tr>\n<td>\t\t\t\t\t3204<\/td>\n<td>\t\t\t\t\tPresi\u00f3n roja<\/td>\n<\/tr>\n<tr>\n<td>\t\t\t\t\t3205<\/td>\n<td>\t\t\t\t\tCompuesto azul<\/td>\n<\/tr>\n<tr>\n<td>\t\t\t\t\t3206<\/td>\n<td>\t\t\t\t\tS\u00f3lo acoplador r\u00e1pido<\/td>\n<\/tr>\n<tr>\n<td>\t\t\t\t\t3207<\/td>\n<td>\t\t\t\t\t12\" manguera azul 1\/4\" M. fl x 45\u00b0QC<\/td>\n<\/tr>\n<\/tbody>\n<\/table>\n<p>\t<\/p>\n<table id=\"biaoge\" align=\"center\" border=\"0\" cellpadding=\"1\" cellspacing=\"1\">\n<tbody>\n<tr>\n<td>\n<div style=\"text-align: left;\">\t\t\t\t\t\t<span style=\"font-size:14px;\">Comprobaci\u00f3n r\u00e1pida de la presi\u00f3n: utilice un man\u00f3metro de presi\u00f3n baja o alta con&nbsp;<\/span><span style=\"font-size: 14px;\">Enchufe r\u00e1pido para conectar directamente al sistema o a los dep\u00f3sitos.<\/span><\/div>\n<\/td>\n<\/tr>\n<\/tbody>\n<\/table>\n<\/div>\n<p><\/div>","protected":false},"excerpt":{"rendered":"<p>Calibradores de una sola prueba<\/p>","protected":false},"featured_media":11038,"comment_status":"closed","ping_status":"closed","template":"","meta":[],"etheme_brands":[],"product_brand":[],"product_cat":[63],"product_tag":[],"class_list":{"0":"post-11036","1":"product","2":"type-product","3":"status-publish","4":"has-post-thumbnail","6":"product_cat-manifold","8":"first","9":"instock","10":"shipping-taxable","11":"product-type-simple"},"_links":{"self":[{"href":"https:\/\/chinafore.com\/es\/wp-json\/wp\/v2\/product\/11036","targetHints":{"allow":["GET"]}}],"collection":[{"href":"https:\/\/chinafore.com\/es\/wp-json\/wp\/v2\/product"}],"about":[{"href":"https:\/\/chinafore.com\/es\/wp-json\/wp\/v2\/types\/product"}],"replies":[{"embeddable":true,"href":"https:\/\/chinafore.com\/es\/wp-json\/wp\/v2\/comments?post=11036"}],"version-history":[{"count":1,"href":"https:\/\/chinafore.com\/es\/wp-json\/wp\/v2\/product\/11036\/revisions"}],"predecessor-version":[{"id":11037,"href":"https:\/\/chinafore.com\/es\/wp-json\/wp\/v2\/product\/11036\/revisions\/11037"}],"wp:featuredmedia":[{"embeddable":true,"href":"https:\/\/chinafore.com\/es\/wp-json\/wp\/v2\/media\/11038"}],"wp:attachment":[{"href":"https:\/\/chinafore.com\/es\/wp-json\/wp\/v2\/media?parent=11036"}],"wp:term":[{"taxonomy":"brand","embeddable":true,"href":"https:\/\/chinafore.com\/es\/wp-json\/wp\/v2\/etheme_brands?post=11036"},{"taxonomy":"product_brand","embeddable":true,"href":"https:\/\/chinafore.com\/es\/wp-json\/wp\/v2\/product_brand?post=11036"},{"taxonomy":"product_cat","embeddable":true,"href":"https:\/\/chinafore.com\/es\/wp-json\/wp\/v2\/product_cat?post=11036"},{"taxonomy":"product_tag","embeddable":true,"href":"https:\/\/chinafore.com\/es\/wp-json\/wp\/v2\/product_tag?post=11036"}],"curies":[{"name":"wp","href":"https:\/\/api.w.org\/{rel}","templated":true}]}}